{"id":129,"date":"2026-01-16T19:13:15","date_gmt":"2026-01-16T18:13:15","guid":{"rendered":"https:\/\/ezoco.eu\/aarvizion\/?page_id=129"},"modified":"2026-02-20T15:59:05","modified_gmt":"2026-02-20T14:59:05","slug":"servicios","status":"publish","type":"page","link":"https:\/\/ezoco.eu\/aarvizion\/servicios\/","title":{"rendered":"Contacto"},"content":{"rendered":"\t\t<div data-elementor-type=\"wp-page\" data-elementor-id=\"129\" class=\"elementor elementor-129\" data-elementor-post-type=\"page\">\n\t\t\t\t<div class=\"elementor-element elementor-element-d96a702 e-flex e-con-boxed e-con e-parent\" data-id=\"d96a702\" data-element_type=\"container\" data-e-type=\"container\">\n\t\t\t\t\t<div class=\"e-con-inner\">\n\t\t\t\t<div class=\"elementor-element elementor-element-d72cd54 elementor-nav-menu__align-end elementor-nav-menu--dropdown-tablet elementor-nav-menu__text-align-aside elementor-nav-menu--toggle elementor-nav-menu--burger elementor-widget elementor-widget-nav-menu\" data-id=\"d72cd54\" data-element_type=\"widget\" data-e-type=\"widget\" data-settings=\"{&quot;layout&quot;:&quot;horizontal&quot;,&quot;submenu_icon&quot;:{&quot;value&quot;:&quot;&lt;svg aria-hidden=\\&quot;true\\&quot; class=\\&quot;e-font-icon-svg e-fas-caret-down\\&quot; viewBox=\\&quot;0 0 320 512\\&quot; xmlns=\\&quot;http:\\\/\\\/www.w3.org\\\/2000\\\/svg\\&quot;&gt;&lt;path d=\\&quot;M31.3 192h257.3c17.8 0 26.7 21.5 14.1 34.1L174.1 354.8c-7.8 7.8-20.5 7.8-28.3 0L17.2 226.1C4.6 213.5 13.5 192 31.3 192z\\&quot;&gt;&lt;\\\/path&gt;&lt;\\\/svg&gt;&quot;,&quot;library&quot;:&quot;fa-solid&quot;},&quot;toggle&quot;:&quot;burger&quot;}\" data-widget_type=\"nav-menu.default\">\n\t\t\t\t\t\t\t\t<nav aria-label=\"Menu\" class=\"elementor-nav-menu--main elementor-nav-menu__container elementor-nav-menu--layout-horizontal e--pointer-underline e--animation-fade\">\n\t\t\t\t<ul id=\"menu-1-d72cd54\" class=\"elementor-nav-menu\"><li class=\"aar-carousel menu-item menu-item-type-post_type menu-item-object-page menu-item-home menu-item-155\"><a class=\"elementor-item\" href=\"https:\/\/ezoco.eu\/aarvizion\/\">Inicio<\/a><\/li>\n<li class=\"menu-item menu-item-type-post_type menu-item-object-page menu-item-99\"><a class=\"elementor-item\" href=\"https:\/\/ezoco.eu\/aarvizion\/quiensoy\/\">Empresa<\/a><\/li>\n<li class=\"menu-item menu-item-type-post_type menu-item-object-page menu-item-326\"><a class=\"elementor-item\" href=\"https:\/\/ezoco.eu\/aarvizion\/servicios-2\/\">Servicios<\/a><\/li>\n<li class=\"menu-item menu-item-type-post_type menu-item-object-page menu-item-131\"><a class=\"elementor-item\" href=\"https:\/\/ezoco.eu\/aarvizion\/servicios\/\">Contacto<\/a><\/li>\n<li class=\"menu-item menu-item-type-post_type menu-item-object-page current_page_parent menu-item-has-children menu-item-132\"><a class=\"elementor-item\" href=\"https:\/\/ezoco.eu\/aarvizion\/blog\/\">Blog<\/a>\n<ul class=\"sub-menu elementor-nav-menu--dropdown\">\n\t<li class=\"menu-item menu-item-type-taxonomy menu-item-object-category menu-item-97\"><a class=\"elementor-sub-item\" href=\"https:\/\/ezoco.eu\/aarvizion\/category\/edicionvideo\/\">Edici\u00f3n de V\u00eddeo<\/a><\/li>\n\t<li class=\"menu-item menu-item-type-post_type menu-item-object-post menu-item-593\"><a class=\"elementor-sub-item\" href=\"https:\/\/ezoco.eu\/aarvizion\/apps-de-edicion\/\">Apps de Edici\u00f3n<\/a><\/li>\n<\/ul>\n<\/li>\n<\/ul>\t\t\t<\/nav>\n\t\t\t\t\t<div class=\"elementor-menu-toggle\" role=\"button\" tabindex=\"0\" aria-label=\"Menu Toggle\" aria-expanded=\"false\">\n\t\t\t<svg aria-hidden=\"true\" role=\"presentation\" class=\"elementor-menu-toggle__icon--open e-font-icon-svg e-eicon-menu-bar\" viewBox=\"0 0 1000 1000\" xmlns=\"http:\/\/www.w3.org\/2000\/svg\"><path d=\"M104 333H896C929 333 958 304 958 271S929 208 896 208H104C71 208 42 237 42 271S71 333 104 333ZM104 583H896C929 583 958 554 958 521S929 458 896 458H104C71 458 42 487 42 521S71 583 104 583ZM104 833H896C929 833 958 804 958 771S929 708 896 708H104C71 708 42 737 42 771S71 833 104 833Z\"><\/path><\/svg><svg aria-hidden=\"true\" role=\"presentation\" class=\"elementor-menu-toggle__icon--close e-font-icon-svg e-eicon-close\" viewBox=\"0 0 1000 1000\" xmlns=\"http:\/\/www.w3.org\/2000\/svg\"><path d=\"M742 167L500 408 258 167C246 154 233 150 217 150 196 150 179 158 167 167 154 179 150 196 150 212 150 229 154 242 171 254L408 500 167 742C138 771 138 800 167 829 196 858 225 858 254 829L496 587 738 829C750 842 767 846 783 846 800 846 817 842 829 829 842 817 846 804 846 783 846 767 842 750 829 737L588 500 833 258C863 229 863 200 833 171 804 137 775 137 742 167Z\"><\/path><\/svg>\t\t<\/div>\n\t\t\t\t\t<nav class=\"elementor-nav-menu--dropdown elementor-nav-menu__container\" aria-hidden=\"true\">\n\t\t\t\t<ul id=\"menu-2-d72cd54\" class=\"elementor-nav-menu\"><li class=\"aar-carousel menu-item menu-item-type-post_type menu-item-object-page menu-item-home menu-item-155\"><a class=\"elementor-item\" href=\"https:\/\/ezoco.eu\/aarvizion\/\" tabindex=\"-1\">Inicio<\/a><\/li>\n<li class=\"menu-item menu-item-type-post_type menu-item-object-page menu-item-99\"><a class=\"elementor-item\" href=\"https:\/\/ezoco.eu\/aarvizion\/quiensoy\/\" tabindex=\"-1\">Empresa<\/a><\/li>\n<li class=\"menu-item menu-item-type-post_type menu-item-object-page menu-item-326\"><a class=\"elementor-item\" href=\"https:\/\/ezoco.eu\/aarvizion\/servicios-2\/\" tabindex=\"-1\">Servicios<\/a><\/li>\n<li class=\"menu-item menu-item-type-post_type menu-item-object-page menu-item-131\"><a class=\"elementor-item\" href=\"https:\/\/ezoco.eu\/aarvizion\/servicios\/\" tabindex=\"-1\">Contacto<\/a><\/li>\n<li class=\"menu-item menu-item-type-post_type menu-item-object-page current_page_parent menu-item-has-children menu-item-132\"><a class=\"elementor-item\" href=\"https:\/\/ezoco.eu\/aarvizion\/blog\/\" tabindex=\"-1\">Blog<\/a>\n<ul class=\"sub-menu elementor-nav-menu--dropdown\">\n\t<li class=\"menu-item menu-item-type-taxonomy menu-item-object-category menu-item-97\"><a class=\"elementor-sub-item\" href=\"https:\/\/ezoco.eu\/aarvizion\/category\/edicionvideo\/\" tabindex=\"-1\">Edici\u00f3n de V\u00eddeo<\/a><\/li>\n\t<li class=\"menu-item menu-item-type-post_type menu-item-object-post menu-item-593\"><a class=\"elementor-sub-item\" href=\"https:\/\/ezoco.eu\/aarvizion\/apps-de-edicion\/\" tabindex=\"-1\">Apps de Edici\u00f3n<\/a><\/li>\n<\/ul>\n<\/li>\n<\/ul>\t\t\t<\/nav>\n\t\t\t\t\t\t<\/div>\n\t\t\t\t\t<\/div>\n\t\t\t\t<\/div>\n\t\t<div class=\"elementor-element elementor-element-dd37b71 e-flex e-con-boxed e-con e-parent\" data-id=\"dd37b71\" data-element_type=\"container\" data-e-type=\"container\" data-settings=\"{&quot;background_background&quot;:&quot;classic&quot;}\">\n\t\t\t\t\t<div class=\"e-con-inner\">\n\t\t\t\t<div class=\"elementor-element elementor-element-706661b elementor-widget elementor-widget-html\" data-id=\"706661b\" data-element_type=\"widget\" data-e-type=\"widget\" data-widget_type=\"html.default\">\n\t\t\t\t\t<div class=\"pre-form-container\">\r\n    <span class=\"pre-form-tag\">Contacto &amp; Presupuesto<\/span>\r\n    <h2>Hagamos que tu proyecto destaque.<\/h2>\r\n    <p>\r\n        Cada edici\u00f3n es personalizada seg\u00fan tus objetivos. Ya sea que necesites un presupuesto detallado para una serie de v\u00eddeos o simplemente resolver algunas dudas, estoy aqu\u00ed para ayudarte a elevar tu marca visual.\r\n    <\/p>\r\n    <div class=\"pre-form-divider\"><\/div>\r\n<\/div>\t\t\t\t<\/div>\n\t\t\t\t\t<\/div>\n\t\t\t\t<\/div>\n\t\t<div class=\"elementor-element elementor-element-a3b33c1 e-flex e-con-boxed e-con e-parent\" data-id=\"a3b33c1\" data-element_type=\"container\" data-e-type=\"container\">\n\t\t\t\t\t<div class=\"e-con-inner\">\n\t\t\t\t<div class=\"elementor-element elementor-element-d8a6178 elementor-widget elementor-widget-html\" data-id=\"d8a6178\" data-element_type=\"widget\" data-e-type=\"widget\" data-widget_type=\"html.default\">\n\t\t\t\t\t<div class=\"aarvizion-container\">\r\n    <div class=\"form-box\">\r\n        <div class=\"glow-effect\"><\/div>\r\n        <h2>\u00daNETE A LA \u00c9LITE<\/h2>\r\n        <p>Accede a mi comunidad de narrativa visual. Registro gratuito para transformar tu contenido hoy mismo <strong><br>\r\n    <br>    \r\n            Y disfruta de un 20% de descuento en tu primer edit<\/strong>.<\/p>\r\n        \r\n        <a href=\"https:\/\/docs.google.com\/forms\/d\/e\/1FAIpQLScxIyEb8K4KFPm7bArabhEz1wt6fvLh9q6E-smvTeg3P6Hwnw\/viewform?usp=header\" target=\"_blank\" class=\"cta-button\">\r\n            REGISTRARME AHORA\r\n        <\/a>\r\n    <\/div>\r\n<\/div>\t\t\t\t<\/div>\n\t\t\t\t\t<\/div>\n\t\t\t\t<\/div>\n\t\t<div class=\"elementor-element elementor-element-82b4662 e-flex e-con-boxed e-con e-parent\" data-id=\"82b4662\" data-element_type=\"container\" data-e-type=\"container\">\n\t\t\t\t\t<div class=\"e-con-inner\">\n\t\t\t\t<div class=\"elementor-element elementor-element-fa07998 elementor-widget elementor-widget-heading\" data-id=\"fa07998\" data-element_type=\"widget\" data-e-type=\"widget\" data-widget_type=\"heading.default\">\n\t\t\t\t\t<h2 class=\"elementor-heading-title elementor-size-default\">\u00bfTIENES PRISA? CONT\u00c1CTAME AHORA<\/h2>\t\t\t\t<\/div>\n\t\t\t\t\t<\/div>\n\t\t\t\t<\/div>\n\t\t<div class=\"elementor-element elementor-element-4ce483f e-grid animated-fast e-con-boxed elementor-invisible e-con e-parent\" data-id=\"4ce483f\" data-element_type=\"container\" data-e-type=\"container\" data-settings=\"{&quot;motion_fx_motion_fx_mouse&quot;:&quot;yes&quot;,&quot;animation&quot;:&quot;fadeInUp&quot;}\">\n\t\t\t\t\t<div class=\"e-con-inner\">\n\t\t\t\t<div class=\"elementor-element elementor-element-2b1f963 elementor-view-stacked elementor-shape-circle elementor-position-block-start elementor-mobile-position-block-start elementor-widget elementor-widget-icon-box\" data-id=\"2b1f963\" data-element_type=\"widget\" data-e-type=\"widget\" data-widget_type=\"icon-box.default\">\n\t\t\t\t\t\t\t<div class=\"elementor-icon-box-wrapper\">\n\n\t\t\t\t\t\t<div class=\"elementor-icon-box-icon\">\n\t\t\t\t<a href=\"https:\/\/www.instagram.com\/aarvizion\/\" class=\"elementor-icon\" tabindex=\"-1\" aria-label=\"INSTAGRAM\">\n\t\t\t\t<svg aria-hidden=\"true\" class=\"e-font-icon-svg e-fab-instagram\" viewBox=\"0 0 448 512\" xmlns=\"http:\/\/www.w3.org\/2000\/svg\"><path d=\"M224.1 141c-63.6 0-114.9 51.3-114.9 114.9s51.3 114.9 114.9 114.9S339 319.5 339 255.9 287.7 141 224.1 141zm0 189.6c-41.1 0-74.7-33.5-74.7-74.7s33.5-74.7 74.7-74.7 74.7 33.5 74.7 74.7-33.6 74.7-74.7 74.7zm146.4-194.3c0 14.9-12 26.8-26.8 26.8-14.9 0-26.8-12-26.8-26.8s12-26.8 26.8-26.8 26.8 12 26.8 26.8zm76.1 27.2c-1.7-35.9-9.9-67.7-36.2-93.9-26.2-26.2-58-34.4-93.9-36.2-37-2.1-147.9-2.1-184.9 0-35.8 1.7-67.6 9.9-93.9 36.1s-34.4 58-36.2 93.9c-2.1 37-2.1 147.9 0 184.9 1.7 35.9 9.9 67.7 36.2 93.9s58 34.4 93.9 36.2c37 2.1 147.9 2.1 184.9 0 35.9-1.7 67.7-9.9 93.9-36.2 26.2-26.2 34.4-58 36.2-93.9 2.1-37 2.1-147.8 0-184.8zM398.8 388c-7.8 19.6-22.9 34.7-42.6 42.6-29.5 11.7-99.5 9-132.1 9s-102.7 2.6-132.1-9c-19.6-7.8-34.7-22.9-42.6-42.6-11.7-29.5-9-99.5-9-132.1s-2.6-102.7 9-132.1c7.8-19.6 22.9-34.7 42.6-42.6 29.5-11.7 99.5-9 132.1-9s102.7-2.6 132.1 9c19.6 7.8 34.7 22.9 42.6 42.6 11.7 29.5 9 99.5 9 132.1s2.7 102.7-9 132.1z\"><\/path><\/svg>\t\t\t\t<\/a>\n\t\t\t<\/div>\n\t\t\t\n\t\t\t\t\t\t<div class=\"elementor-icon-box-content\">\n\n\t\t\t\t\t\t\t\t\t<h3 class=\"elementor-icon-box-title\">\n\t\t\t\t\t\t<a href=\"https:\/\/www.instagram.com\/aarvizion\/\" >\n\t\t\t\t\t\t\tINSTAGRAM\t\t\t\t\t\t<\/a>\n\t\t\t\t\t<\/h3>\n\t\t\t\t\n\t\t\t\t\t\t\t\t\t<p class=\"elementor-icon-box-description\">\n\t\t\t\t\t\tEcha un vistazo a mis \u00faltimos trabajos y hablemos por DM\t\t\t\t\t<\/p>\n\t\t\t\t\n\t\t\t<\/div>\n\t\t\t\n\t\t<\/div>\n\t\t\t\t\t\t<\/div>\n\t\t\t\t<div class=\"elementor-element elementor-element-52a5fb4 elementor-view-stacked elementor-shape-circle elementor-position-block-start elementor-mobile-position-block-start elementor-widget elementor-widget-icon-box\" data-id=\"52a5fb4\" data-element_type=\"widget\" data-e-type=\"widget\" data-widget_type=\"icon-box.default\">\n\t\t\t\t\t\t\t<div class=\"elementor-icon-box-wrapper\">\n\n\t\t\t\t\t\t<div class=\"elementor-icon-box-icon\">\n\t\t\t\t<a href=\"https:\/\/discord.gg\/eUPTKhD4E\" class=\"elementor-icon\" tabindex=\"-1\" aria-label=\"DISCORD\">\n\t\t\t\t<svg aria-hidden=\"true\" class=\"e-font-icon-svg e-fab-discord\" viewBox=\"0 0 448 512\" xmlns=\"http:\/\/www.w3.org\/2000\/svg\"><path d=\"M297.216 243.2c0 15.616-11.52 28.416-26.112 28.416-14.336 0-26.112-12.8-26.112-28.416s11.52-28.416 26.112-28.416c14.592 0 26.112 12.8 26.112 28.416zm-119.552-28.416c-14.592 0-26.112 12.8-26.112 28.416s11.776 28.416 26.112 28.416c14.592 0 26.112-12.8 26.112-28.416.256-15.616-11.52-28.416-26.112-28.416zM448 52.736V512c-64.494-56.994-43.868-38.128-118.784-107.776l13.568 47.36H52.48C23.552 451.584 0 428.032 0 398.848V52.736C0 23.552 23.552 0 52.48 0h343.04C424.448 0 448 23.552 448 52.736zm-72.96 242.688c0-82.432-36.864-149.248-36.864-149.248-36.864-27.648-71.936-26.88-71.936-26.88l-3.584 4.096c43.52 13.312 63.744 32.512 63.744 32.512-60.811-33.329-132.244-33.335-191.232-7.424-9.472 4.352-15.104 7.424-15.104 7.424s21.248-20.224 67.328-33.536l-2.56-3.072s-35.072-.768-71.936 26.88c0 0-36.864 66.816-36.864 149.248 0 0 21.504 37.12 78.08 38.912 0 0 9.472-11.52 17.152-21.248-32.512-9.728-44.8-30.208-44.8-30.208 3.766 2.636 9.976 6.053 10.496 6.4 43.21 24.198 104.588 32.126 159.744 8.96 8.96-3.328 18.944-8.192 29.44-15.104 0 0-12.8 20.992-46.336 30.464 7.68 9.728 16.896 20.736 16.896 20.736 56.576-1.792 78.336-38.912 78.336-38.912z\"><\/path><\/svg>\t\t\t\t<\/a>\n\t\t\t<\/div>\n\t\t\t\n\t\t\t\t\t\t<div class=\"elementor-icon-box-content\">\n\n\t\t\t\t\t\t\t\t\t<h3 class=\"elementor-icon-box-title\">\n\t\t\t\t\t\t<a href=\"https:\/\/discord.gg\/eUPTKhD4E\" >\n\t\t\t\t\t\t\tDISCORD\t\t\t\t\t\t<\/a>\n\t\t\t\t\t<\/h3>\n\t\t\t\t\n\t\t\t\t\t\t\t\t\t<p class=\"elementor-icon-box-description\">\n\t\t\t\t\t\t\u00danete a mi servidor para revisi\u00f3n de archivos y feedback en vivo\t\t\t\t\t<\/p>\n\t\t\t\t\n\t\t\t<\/div>\n\t\t\t\n\t\t<\/div>\n\t\t\t\t\t\t<\/div>\n\t\t\t\t<div class=\"elementor-element elementor-element-10eec04 elementor-view-stacked elementor-shape-circle elementor-position-block-start elementor-mobile-position-block-start elementor-widget elementor-widget-icon-box\" data-id=\"10eec04\" data-element_type=\"widget\" data-e-type=\"widget\" data-widget_type=\"icon-box.default\">\n\t\t\t\t\t\t\t<div class=\"elementor-icon-box-wrapper\">\n\n\t\t\t\t\t\t<div class=\"elementor-icon-box-icon\">\n\t\t\t\t<a href=\"https:\/\/www.tiktok.com\/@aarvizion\" class=\"elementor-icon\" tabindex=\"-1\" aria-label=\"TIKTOK\">\n\t\t\t\t<svg aria-hidden=\"true\" class=\"e-font-icon-svg e-fab-tiktok\" viewBox=\"0 0 448 512\" xmlns=\"http:\/\/www.w3.org\/2000\/svg\"><path d=\"M448,209.91a210.06,210.06,0,0,1-122.77-39.25V349.38A162.55,162.55,0,1,1,185,188.31V278.2a74.62,74.62,0,1,0,52.23,71.18V0l88,0a121.18,121.18,0,0,0,1.86,22.17h0A122.18,122.18,0,0,0,381,102.39a121.43,121.43,0,0,0,67,20.14Z\"><\/path><\/svg>\t\t\t\t<\/a>\n\t\t\t<\/div>\n\t\t\t\n\t\t\t\t\t\t<div class=\"elementor-icon-box-content\">\n\n\t\t\t\t\t\t\t\t\t<h3 class=\"elementor-icon-box-title\">\n\t\t\t\t\t\t<a href=\"https:\/\/www.tiktok.com\/@aarvizion\" >\n\t\t\t\t\t\t\tTIKTOK\t\t\t\t\t\t<\/a>\n\t\t\t\t\t<\/h3>\n\t\t\t\t\n\t\t\t\t\t\t\t\t\t<p class=\"elementor-icon-box-description\">\n\t\t\t\t\t\tRespuesta inmediata para dudas urgentes\t\t\t\t\t<\/p>\n\t\t\t\t\n\t\t\t<\/div>\n\t\t\t\n\t\t<\/div>\n\t\t\t\t\t\t<\/div>\n\t\t\t\t\t<\/div>\n\t\t\t\t<\/div>\n\t\t\t\t<\/div>\n\t\t","protected":false},"excerpt":{"rendered":"<p>Contacto &amp; Presupuesto Hagamos que tu proyecto destaque. Cada edici\u00f3n es personalizada seg\u00fan tus objetivos. Ya sea que necesites un presupuesto detallado para una serie de v\u00eddeos o simplemente resolver algunas dudas, estoy aqu\u00ed para ayudarte a elevar tu marca visual. \u00daNETE A LA \u00c9LITE Accede a mi comunidad de narrativa visual. Registro gratuito para [&hellip;]<\/p>\n","protected":false},"author":238,"featured_media":0,"parent":0,"menu_order":0,"comment_status":"closed","ping_status":"closed","template":"elementor_canvas","meta":{"_acf_changed":false,"inline_featured_image":false,"_genesis_hide_title":false,"_genesis_hide_breadcrumbs":false,"_genesis_hide_singular_image":false,"_genesis_hide_footer_widgets":false,"_genesis_custom_body_class":"","_genesis_custom_post_class":"","_genesis_layout":"","footnotes":""},"class_list":{"0":"post-129","1":"page","2":"type-page","3":"status-publish","5":"entry"},"yoast_head":"<!-- This site is optimized with the Yoast SEO plugin v27.5 - https:\/\/yoast.com\/product\/yoast-seo-wordpress\/ -->\n<title>Contacto - AARVIZION<\/title>\n<meta name=\"robots\" content=\"index, follow, max-snippet:-1, max-image-preview:large, max-video-preview:-1\" \/>\n<link rel=\"canonical\" href=\"https:\/\/ezoco.eu\/aarvizion\/servicios\/\" \/>\n<meta property=\"og:locale\" content=\"es_ES\" \/>\n<meta property=\"og:type\" content=\"article\" \/>\n<meta property=\"og:title\" content=\"Contacto - AARVIZION\" \/>\n<meta property=\"og:description\" content=\"Contacto &amp; Presupuesto Hagamos que tu proyecto destaque. Cada edici\u00f3n es personalizada seg\u00fan tus objetivos. Ya sea que necesites un presupuesto detallado para una serie de v\u00eddeos o simplemente resolver algunas dudas, estoy aqu\u00ed para ayudarte a elevar tu marca visual. \u00daNETE A LA \u00c9LITE Accede a mi comunidad de narrativa visual. Registro gratuito para [&hellip;]\" \/>\n<meta property=\"og:url\" content=\"https:\/\/ezoco.eu\/aarvizion\/servicios\/\" \/>\n<meta property=\"og:site_name\" content=\"AARVIZION\" \/>\n<meta property=\"article:modified_time\" content=\"2026-02-20T14:59:05+00:00\" \/>\n<meta name=\"twitter:card\" content=\"summary_large_image\" \/>\n<meta name=\"twitter:label1\" content=\"Tiempo de lectura\" \/>\n\t<meta name=\"twitter:data1\" content=\"1 minuto\" \/>\n<script type=\"application\/ld+json\" class=\"yoast-schema-graph\">{\"@context\":\"https:\\\/\\\/schema.org\",\"@graph\":[{\"@type\":\"WebPage\",\"@id\":\"https:\\\/\\\/ezoco.eu\\\/aarvizion\\\/servicios\\\/\",\"url\":\"https:\\\/\\\/ezoco.eu\\\/aarvizion\\\/servicios\\\/\",\"name\":\"Contacto - AARVIZION\",\"isPartOf\":{\"@id\":\"https:\\\/\\\/ezoco.eu\\\/aarvizion\\\/#website\"},\"datePublished\":\"2026-01-16T18:13:15+00:00\",\"dateModified\":\"2026-02-20T14:59:05+00:00\",\"breadcrumb\":{\"@id\":\"https:\\\/\\\/ezoco.eu\\\/aarvizion\\\/servicios\\\/#breadcrumb\"},\"inLanguage\":\"es\",\"potentialAction\":[{\"@type\":\"ReadAction\",\"target\":[\"https:\\\/\\\/ezoco.eu\\\/aarvizion\\\/servicios\\\/\"]}]},{\"@type\":\"BreadcrumbList\",\"@id\":\"https:\\\/\\\/ezoco.eu\\\/aarvizion\\\/servicios\\\/#breadcrumb\",\"itemListElement\":[{\"@type\":\"ListItem\",\"position\":1,\"name\":\"Portada\",\"item\":\"https:\\\/\\\/ezoco.eu\\\/aarvizion\\\/\"},{\"@type\":\"ListItem\",\"position\":2,\"name\":\"Contacto\"}]},{\"@type\":\"WebSite\",\"@id\":\"https:\\\/\\\/ezoco.eu\\\/aarvizion\\\/#website\",\"url\":\"https:\\\/\\\/ezoco.eu\\\/aarvizion\\\/\",\"name\":\"AARVIZION\",\"description\":\"EDITOR DE V\u00cdDEO PROFESIONAL\",\"publisher\":{\"@id\":\"https:\\\/\\\/ezoco.eu\\\/aarvizion\\\/#organization\"},\"potentialAction\":[{\"@type\":\"SearchAction\",\"target\":{\"@type\":\"EntryPoint\",\"urlTemplate\":\"https:\\\/\\\/ezoco.eu\\\/aarvizion\\\/?s={search_term_string}\"},\"query-input\":{\"@type\":\"PropertyValueSpecification\",\"valueRequired\":true,\"valueName\":\"search_term_string\"}}],\"inLanguage\":\"es\"},{\"@type\":\"Organization\",\"@id\":\"https:\\\/\\\/ezoco.eu\\\/aarvizion\\\/#organization\",\"name\":\"AARVIZION\",\"url\":\"https:\\\/\\\/ezoco.eu\\\/aarvizion\\\/\",\"logo\":{\"@type\":\"ImageObject\",\"inLanguage\":\"es\",\"@id\":\"https:\\\/\\\/ezoco.eu\\\/aarvizion\\\/#\\\/schema\\\/logo\\\/image\\\/\",\"url\":\"https:\\\/\\\/ezoco.eu\\\/aarvizion\\\/wp-content\\\/uploads\\\/sites\\\/204\\\/2025\\\/11\\\/cropped-AARVIZION-1-1.png\",\"contentUrl\":\"https:\\\/\\\/ezoco.eu\\\/aarvizion\\\/wp-content\\\/uploads\\\/sites\\\/204\\\/2025\\\/11\\\/cropped-AARVIZION-1-1.png\",\"width\":326,\"height\":268,\"caption\":\"AARVIZION\"},\"image\":{\"@id\":\"https:\\\/\\\/ezoco.eu\\\/aarvizion\\\/#\\\/schema\\\/logo\\\/image\\\/\"}}]}<\/script>\n<!-- \/ Yoast SEO plugin. -->","yoast_head_json":{"title":"Contacto - AARVIZION","robots":{"index":"index","follow":"follow","max-snippet":"max-snippet:-1","max-image-preview":"max-image-preview:large","max-video-preview":"max-video-preview:-1"},"canonical":"https:\/\/ezoco.eu\/aarvizion\/servicios\/","og_locale":"es_ES","og_type":"article","og_title":"Contacto - AARVIZION","og_description":"Contacto &amp; Presupuesto Hagamos que tu proyecto destaque. Cada edici\u00f3n es personalizada seg\u00fan tus objetivos. Ya sea que necesites un presupuesto detallado para una serie de v\u00eddeos o simplemente resolver algunas dudas, estoy aqu\u00ed para ayudarte a elevar tu marca visual. \u00daNETE A LA \u00c9LITE Accede a mi comunidad de narrativa visual. Registro gratuito para [&hellip;]","og_url":"https:\/\/ezoco.eu\/aarvizion\/servicios\/","og_site_name":"AARVIZION","article_modified_time":"2026-02-20T14:59:05+00:00","twitter_card":"summary_large_image","twitter_misc":{"Tiempo de lectura":"1 minuto"},"schema":{"@context":"https:\/\/schema.org","@graph":[{"@type":"WebPage","@id":"https:\/\/ezoco.eu\/aarvizion\/servicios\/","url":"https:\/\/ezoco.eu\/aarvizion\/servicios\/","name":"Contacto - AARVIZION","isPartOf":{"@id":"https:\/\/ezoco.eu\/aarvizion\/#website"},"datePublished":"2026-01-16T18:13:15+00:00","dateModified":"2026-02-20T14:59:05+00:00","breadcrumb":{"@id":"https:\/\/ezoco.eu\/aarvizion\/servicios\/#breadcrumb"},"inLanguage":"es","potentialAction":[{"@type":"ReadAction","target":["https:\/\/ezoco.eu\/aarvizion\/servicios\/"]}]},{"@type":"BreadcrumbList","@id":"https:\/\/ezoco.eu\/aarvizion\/servicios\/#breadcrumb","itemListElement":[{"@type":"ListItem","position":1,"name":"Portada","item":"https:\/\/ezoco.eu\/aarvizion\/"},{"@type":"ListItem","position":2,"name":"Contacto"}]},{"@type":"WebSite","@id":"https:\/\/ezoco.eu\/aarvizion\/#website","url":"https:\/\/ezoco.eu\/aarvizion\/","name":"AARVIZION","description":"EDITOR DE V\u00cdDEO PROFESIONAL","publisher":{"@id":"https:\/\/ezoco.eu\/aarvizion\/#organization"},"potentialAction":[{"@type":"SearchAction","target":{"@type":"EntryPoint","urlTemplate":"https:\/\/ezoco.eu\/aarvizion\/?s={search_term_string}"},"query-input":{"@type":"PropertyValueSpecification","valueRequired":true,"valueName":"search_term_string"}}],"inLanguage":"es"},{"@type":"Organization","@id":"https:\/\/ezoco.eu\/aarvizion\/#organization","name":"AARVIZION","url":"https:\/\/ezoco.eu\/aarvizion\/","logo":{"@type":"ImageObject","inLanguage":"es","@id":"https:\/\/ezoco.eu\/aarvizion\/#\/schema\/logo\/image\/","url":"https:\/\/ezoco.eu\/aarvizion\/wp-content\/uploads\/sites\/204\/2025\/11\/cropped-AARVIZION-1-1.png","contentUrl":"https:\/\/ezoco.eu\/aarvizion\/wp-content\/uploads\/sites\/204\/2025\/11\/cropped-AARVIZION-1-1.png","width":326,"height":268,"caption":"AARVIZION"},"image":{"@id":"https:\/\/ezoco.eu\/aarvizion\/#\/schema\/logo\/image\/"}}]}},"acf":[],"_links":{"self":[{"href":"https:\/\/ezoco.eu\/aarvizion\/wp-json\/wp\/v2\/pages\/129","targetHints":{"allow":["GET"]}}],"collection":[{"href":"https:\/\/ezoco.eu\/aarvizion\/wp-json\/wp\/v2\/pages"}],"about":[{"href":"https:\/\/ezoco.eu\/aarvizion\/wp-json\/wp\/v2\/types\/page"}],"author":[{"embeddable":true,"href":"https:\/\/ezoco.eu\/aarvizion\/wp-json\/wp\/v2\/users\/238"}],"replies":[{"embeddable":true,"href":"https:\/\/ezoco.eu\/aarvizion\/wp-json\/wp\/v2\/comments?post=129"}],"version-history":[{"count":125,"href":"https:\/\/ezoco.eu\/aarvizion\/wp-json\/wp\/v2\/pages\/129\/revisions"}],"predecessor-version":[{"id":953,"href":"https:\/\/ezoco.eu\/aarvizion\/wp-json\/wp\/v2\/pages\/129\/revisions\/953"}],"wp:attachment":[{"href":"https:\/\/ezoco.eu\/aarvizion\/wp-json\/wp\/v2\/media?parent=129"}],"curies":[{"name":"wp","href":"https:\/\/api.w.org\/{rel}","templated":true}]}}