{"id":2,"date":"2025-11-14T19:27:16","date_gmt":"2025-11-14T18:27:16","guid":{"rendered":"https:\/\/ezoco.eu\/aarvizion\/?page_id=2"},"modified":"2026-01-30T03:00:44","modified_gmt":"2026-01-30T02:00:44","slug":"quiensoy","status":"publish","type":"page","link":"https:\/\/ezoco.eu\/aarvizion\/quiensoy\/","title":{"rendered":"Empresa"},"content":{"rendered":"\t\t<div data-elementor-type=\"wp-page\" data-elementor-id=\"2\" class=\"elementor elementor-2\" data-elementor-post-type=\"page\">\n\t\t\t\t<div class=\"elementor-element elementor-element-ad259dc e-flex e-con-boxed e-con e-parent\" data-id=\"ad259dc\" data-element_type=\"container\" data-e-type=\"container\" data-settings=\"{&quot;background_background&quot;:&quot;classic&quot;}\">\n\t\t\t\t\t<div class=\"e-con-inner\">\n\t\t\t\t<div class=\"elementor-element elementor-element-d6f28e8 elementor-nav-menu__align-end elementor-nav-menu--dropdown-tablet elementor-nav-menu__text-align-aside elementor-nav-menu--toggle elementor-nav-menu--burger elementor-widget elementor-widget-nav-menu\" data-id=\"d6f28e8\" data-element_type=\"widget\" data-e-type=\"widget\" data-settings=\"{&quot;layout&quot;:&quot;horizontal&quot;,&quot;submenu_icon&quot;:{&quot;value&quot;:&quot;&lt;svg aria-hidden=\\&quot;true\\&quot; class=\\&quot;e-font-icon-svg e-fas-caret-down\\&quot; viewBox=\\&quot;0 0 320 512\\&quot; xmlns=\\&quot;http:\\\/\\\/www.w3.org\\\/2000\\\/svg\\&quot;&gt;&lt;path d=\\&quot;M31.3 192h257.3c17.8 0 26.7 21.5 14.1 34.1L174.1 354.8c-7.8 7.8-20.5 7.8-28.3 0L17.2 226.1C4.6 213.5 13.5 192 31.3 192z\\&quot;&gt;&lt;\\\/path&gt;&lt;\\\/svg&gt;&quot;,&quot;library&quot;:&quot;fa-solid&quot;},&quot;toggle&quot;:&quot;burger&quot;}\" data-widget_type=\"nav-menu.default\">\n\t\t\t\t\t\t\t\t<nav aria-label=\"Menu\" class=\"elementor-nav-menu--main elementor-nav-menu__container elementor-nav-menu--layout-horizontal e--pointer-underline e--animation-fade\">\n\t\t\t\t<ul id=\"menu-1-d6f28e8\" class=\"elementor-nav-menu\"><li class=\"aar-carousel menu-item menu-item-type-post_type menu-item-object-page menu-item-home menu-item-155\"><a class=\"elementor-item\" href=\"https:\/\/ezoco.eu\/aarvizion\/\">Inicio<\/a><\/li>\n<li class=\"menu-item menu-item-type-post_type menu-item-object-page menu-item-99\"><a class=\"elementor-item\" href=\"https:\/\/ezoco.eu\/aarvizion\/quiensoy\/\">Empresa<\/a><\/li>\n<li class=\"menu-item menu-item-type-post_type menu-item-object-page menu-item-326\"><a class=\"elementor-item\" href=\"https:\/\/ezoco.eu\/aarvizion\/servicios-2\/\">Servicios<\/a><\/li>\n<li class=\"menu-item menu-item-type-post_type menu-item-object-page menu-item-131\"><a class=\"elementor-item\" href=\"https:\/\/ezoco.eu\/aarvizion\/servicios\/\">Contacto<\/a><\/li>\n<li class=\"menu-item menu-item-type-post_type menu-item-object-page current_page_parent menu-item-has-children menu-item-132\"><a class=\"elementor-item\" href=\"https:\/\/ezoco.eu\/aarvizion\/blog\/\">Blog<\/a>\n<ul class=\"sub-menu elementor-nav-menu--dropdown\">\n\t<li class=\"menu-item menu-item-type-taxonomy menu-item-object-category menu-item-97\"><a class=\"elementor-sub-item\" href=\"https:\/\/ezoco.eu\/aarvizion\/category\/edicionvideo\/\">Edici\u00f3n de V\u00eddeo<\/a><\/li>\n\t<li class=\"menu-item menu-item-type-post_type menu-item-object-post menu-item-593\"><a class=\"elementor-sub-item\" href=\"https:\/\/ezoco.eu\/aarvizion\/apps-de-edicion\/\">Apps de Edici\u00f3n<\/a><\/li>\n<\/ul>\n<\/li>\n<\/ul>\t\t\t<\/nav>\n\t\t\t\t\t<div class=\"elementor-menu-toggle\" role=\"button\" tabindex=\"0\" aria-label=\"Menu Toggle\" aria-expanded=\"false\">\n\t\t\t<svg aria-hidden=\"true\" role=\"presentation\" class=\"elementor-menu-toggle__icon--open e-font-icon-svg e-eicon-menu-bar\" viewBox=\"0 0 1000 1000\" xmlns=\"http:\/\/www.w3.org\/2000\/svg\"><path d=\"M104 333H896C929 333 958 304 958 271S929 208 896 208H104C71 208 42 237 42 271S71 333 104 333ZM104 583H896C929 583 958 554 958 521S929 458 896 458H104C71 458 42 487 42 521S71 583 104 583ZM104 833H896C929 833 958 804 958 771S929 708 896 708H104C71 708 42 737 42 771S71 833 104 833Z\"><\/path><\/svg><svg aria-hidden=\"true\" role=\"presentation\" class=\"elementor-menu-toggle__icon--close e-font-icon-svg e-eicon-close\" viewBox=\"0 0 1000 1000\" xmlns=\"http:\/\/www.w3.org\/2000\/svg\"><path d=\"M742 167L500 408 258 167C246 154 233 150 217 150 196 150 179 158 167 167 154 179 150 196 150 212 150 229 154 242 171 254L408 500 167 742C138 771 138 800 167 829 196 858 225 858 254 829L496 587 738 829C750 842 767 846 783 846 800 846 817 842 829 829 842 817 846 804 846 783 846 767 842 750 829 737L588 500 833 258C863 229 863 200 833 171 804 137 775 137 742 167Z\"><\/path><\/svg>\t\t<\/div>\n\t\t\t\t\t<nav class=\"elementor-nav-menu--dropdown elementor-nav-menu__container\" aria-hidden=\"true\">\n\t\t\t\t<ul id=\"menu-2-d6f28e8\" class=\"elementor-nav-menu\"><li class=\"aar-carousel menu-item menu-item-type-post_type menu-item-object-page menu-item-home menu-item-155\"><a class=\"elementor-item\" href=\"https:\/\/ezoco.eu\/aarvizion\/\" tabindex=\"-1\">Inicio<\/a><\/li>\n<li class=\"menu-item menu-item-type-post_type menu-item-object-page menu-item-99\"><a class=\"elementor-item\" href=\"https:\/\/ezoco.eu\/aarvizion\/quiensoy\/\" tabindex=\"-1\">Empresa<\/a><\/li>\n<li class=\"menu-item menu-item-type-post_type menu-item-object-page menu-item-326\"><a class=\"elementor-item\" href=\"https:\/\/ezoco.eu\/aarvizion\/servicios-2\/\" tabindex=\"-1\">Servicios<\/a><\/li>\n<li class=\"menu-item menu-item-type-post_type menu-item-object-page menu-item-131\"><a class=\"elementor-item\" href=\"https:\/\/ezoco.eu\/aarvizion\/servicios\/\" tabindex=\"-1\">Contacto<\/a><\/li>\n<li class=\"menu-item menu-item-type-post_type menu-item-object-page current_page_parent menu-item-has-children menu-item-132\"><a class=\"elementor-item\" href=\"https:\/\/ezoco.eu\/aarvizion\/blog\/\" tabindex=\"-1\">Blog<\/a>\n<ul class=\"sub-menu elementor-nav-menu--dropdown\">\n\t<li class=\"menu-item menu-item-type-taxonomy menu-item-object-category menu-item-97\"><a class=\"elementor-sub-item\" href=\"https:\/\/ezoco.eu\/aarvizion\/category\/edicionvideo\/\" tabindex=\"-1\">Edici\u00f3n de V\u00eddeo<\/a><\/li>\n\t<li class=\"menu-item menu-item-type-post_type menu-item-object-post menu-item-593\"><a class=\"elementor-sub-item\" href=\"https:\/\/ezoco.eu\/aarvizion\/apps-de-edicion\/\" tabindex=\"-1\">Apps de Edici\u00f3n<\/a><\/li>\n<\/ul>\n<\/li>\n<\/ul>\t\t\t<\/nav>\n\t\t\t\t\t\t<\/div>\n\t\t\t\t\t<\/div>\n\t\t\t\t<\/div>\n\t\t<div class=\"elementor-element elementor-element-1afa3b5 e-flex e-con-boxed e-con e-parent\" data-id=\"1afa3b5\" data-element_type=\"container\" data-e-type=\"container\">\n\t\t\t\t\t<div class=\"e-con-inner\">\n\t\t\t\t<div class=\"elementor-element elementor-element-feaf310 elementor-widget elementor-widget-html\" data-id=\"feaf310\" data-element_type=\"widget\" data-e-type=\"widget\" data-widget_type=\"html.default\">\n\t\t\t\t\t<section class=\"quien-soy-premium\">\r\n    <div class=\"story-container\">\r\n        <div class=\"story-left\">\r\n            <span class=\"story-badge\">EL ADN DE AARVIZION<\/span>\r\n            <h1 class=\"story-title\">M\u00c1S QUE EDICI\u00d3N, <span class=\"purple\">NARRATIVA<\/span> DE \u00c9LITE<\/h1>\r\n            \r\n            <div class=\"story-body\">\r\n                <div class=\"story-segment\">\r\n                    <h3>EL ORIGEN<\/h3>\r\n                    <p>Aarvizion no naci\u00f3 en una oficina, sino de una obsesi\u00f3n profunda por entender el lenguaje visual. Lo que empez\u00f3 como una simple curiosidad t\u00e9cnica por los programas de edici\u00f3n, pronto se convirti\u00f3 en un laboratorio personal de postproducci\u00f3n. Pas\u00e9 a\u00f1os analizando por qu\u00e9 ciertos v\u00eddeos dominan la atenci\u00f3n mientras otros pasan desapercibidos en el scroll infinito.<\/p>\r\n                <\/div>\r\n\r\n                <div class=\"story-segment\">\r\n                    <h3>LA EVOLUCI\u00d3N<\/h3>\r\n                    <p>Con el tiempo, comprend\u00ed que editar no es solo cortar clips; es gestionar la psicolog\u00eda de la audiencia. Me especialic\u00e9 en la retenci\u00f3n y en el ritmo cinematogr\u00e1fico, aplicando t\u00e9cnicas de color grading y dise\u00f1o sonoro que antes solo se ve\u00edan en grandes producciones. Mi misi\u00f3n pas\u00f3 de \"hacer v\u00eddeos bonitos\" a construir identidades visuales que conviertan a espectadores en comunidades fieles.<\/p>\r\n                <\/div>\r\n\r\n                <div class=\"story-segment\">\r\n                    <h3>EL PRESENTE<\/h3>\r\n                    <p>Hoy, Aarvizion es el aliado estrat\u00e9gico para creadores y marcas que han decidido dejar de ser invisibles. Trato cada proyecto como si fuera mi propio canal, porque s\u00e9 que detr\u00e1s de cada frame hay un objetivo. No sigo tendencias; las adapto para que t\u00fa seas quien las marque. Estoy aqu\u00ed para llevar tu contenido al est\u00e1ndar m\u00e1s alto posible.<\/p>\r\n                <\/div>\r\n            <\/div>\r\n        <\/div>\r\n\r\n        <div class=\"story-right\">\r\n            <div class=\"image-wrapper\">\r\n                <img decoding=\"async\" src=\"https:\/\/images.unsplash.com\/photo-1587620962725-abab7fe55159?q=80&amp;w=1000&amp;auto=format&amp;fit=crop\" alt=\"Aarvizion Setup\">\r\n                <div class=\"floating-label\">EDICI\u00d3N 24\/7<\/div>\r\n            <\/div>\r\n        <\/div>\r\n    <\/div>\r\n<\/section>\t\t\t\t<\/div>\n\t\t\t\t\t<\/div>\n\t\t\t\t<\/div>\n\t\t<div class=\"elementor-element elementor-element-4a011da e-flex e-con-boxed e-con e-parent\" data-id=\"4a011da\" data-element_type=\"container\" data-e-type=\"container\">\n\t\t\t\t\t<div class=\"e-con-inner\">\n\t\t\t\t<div class=\"elementor-element elementor-element-a6882f3 elementor-widget elementor-widget-html\" data-id=\"a6882f3\" data-element_type=\"widget\" data-e-type=\"widget\" data-widget_type=\"html.default\">\n\t\t\t\t\t<section class=\"pilares-aarvizion\">\r\n    <div class=\"pilares-grid\">\r\n        <div class=\"pilar-card\">\r\n            <div class=\"pilar-icon\">01<\/div>\r\n            <h3>MISI\u00d3N<\/h3>\r\n            <p>Elevar el est\u00e1ndar visual de mis clientes mediante una edici\u00f3n que no solo decora, sino que comunica y convierte.<\/p>\r\n        <\/div>\r\n\r\n        <div class=\"pilar-card featured\">\r\n            <div class=\"pilar-icon\">02<\/div>\r\n            <h3>VISI\u00d3N<\/h3>\r\n            <p>Convertirme en el aliado estrat\u00e9gico de referencia para creadores que buscan liderar su nicho a trav\u00e9s de una identidad visual cinematogr\u00e1fica y profesional.<\/p>\r\n        <\/div>\r\n\r\n        <div class=\"pilar-card\">\r\n            <div class=\"pilar-icon\">03<\/div>\r\n            <h3>VALORES<\/h3>\r\n            <p>Cada frame tiene un porqu\u00e9, no sigo tendencias las adapto para que t\u00fa destaques y trato cada proyecto como si fuera mi propio canal.<\/p>\r\n        <\/div>\r\n    <\/div>\r\n<\/section>\t\t\t\t<\/div>\n\t\t\t\t\t<\/div>\n\t\t\t\t<\/div>\n\t\t<div class=\"elementor-element elementor-element-ddcbed2 e-flex e-con-boxed e-con e-parent\" data-id=\"ddcbed2\" data-element_type=\"container\" data-e-type=\"container\">\n\t\t\t\t\t<div class=\"e-con-inner\">\n\t\t\t\t<div class=\"elementor-element elementor-element-154f17e elementor-widget-divider--view-line elementor-widget elementor-widget-divider\" data-id=\"154f17e\" data-element_type=\"widget\" data-e-type=\"widget\" data-widget_type=\"divider.default\">\n\t\t\t\t\t\t\t<div class=\"elementor-divider\">\n\t\t\t<span class=\"elementor-divider-separator\">\n\t\t\t\t\t\t<\/span>\n\t\t<\/div>\n\t\t\t\t\t\t<\/div>\n\t\t\t\t\t<\/div>\n\t\t\t\t<\/div>\n\t\t<div class=\"elementor-element elementor-element-532f782 e-con-full e-flex e-con e-parent\" data-id=\"532f782\" data-element_type=\"container\" data-e-type=\"container\">\n\t\t\t\t<div class=\"elementor-element elementor-element-9cf59bb elementor-widget elementor-widget-html\" data-id=\"9cf59bb\" data-element_type=\"widget\" data-e-type=\"widget\" data-widget_type=\"html.default\">\n\t\t\t\t\t<div class=\"comparison-container\">\r\n    <h2 class=\"comp-title\">\u00bfPOR QU\u00c9 <span class=\"purple\">AARVIZION<\/span>?<\/h2>\r\n    \r\n    <div class=\"comp-table\">\r\n        <div class=\"comp-column standard\">\r\n            <div class=\"col-header\">EDICI\u00d3N EST\u00c1NDAR<\/div>\r\n            <ul>\r\n                <li><span>\u2715<\/span> Edici\u00f3n gen\u00e9rica de plantilla<\/li>\r\n                <li><span>\u2715<\/span> Cortes sin ritmo ni intenci\u00f3n<\/li>\r\n                <li><span>\u2715<\/span> Gasto sin retorno real<\/li>\r\n                <li><span>\u2715<\/span> Sin gancho (baja retenci\u00f3n)<\/li>\r\n                <li><span>\u2715<\/span> Comunicaci\u00f3n lenta y fr\u00eda<\/li>\r\n            <\/ul>\r\n        <\/div>\r\n\r\n        <div class=\"comp-column premium\">\r\n            <div class=\"col-header\">M\u00c9TODO AARVIZION<\/div>\r\n            <ul>\r\n                <li><span>\u2713<\/span> Psicolog\u00eda de la atenci\u00f3n<\/li>\r\n                <li><span>\u2713<\/span> Color Grading cinematogr\u00e1fico<\/li>\r\n                <li><span>\u2713<\/span> Narrativa de alto impacto<\/li>\r\n                <li><span>\u2713<\/span> Contenido que convierte<\/li>\r\n                <li><span>\u2713<\/span> Atenci\u00f3n 1 a 1 personalizada<\/li>\r\n            <\/ul>\r\n            <div class=\"col-badge\">LA ELECCI\u00d3N DE \u00c9LITE<\/div>\r\n        <\/div>\r\n    <\/div>\r\n<\/div>\t\t\t\t<\/div>\n\t\t\t\t<\/div>\n\t\t<div class=\"elementor-element elementor-element-8c963dc e-con-full e-flex e-con e-parent\" data-id=\"8c963dc\" data-element_type=\"container\" data-e-type=\"container\">\n\t\t\t\t<div class=\"elementor-element elementor-element-b07323c elementor-widget elementor-widget-html\" data-id=\"b07323c\" data-element_type=\"widget\" data-e-type=\"widget\" data-widget_type=\"html.default\">\n\t\t\t\t\t<div class=\"software-arsenal-container\">\r\n    <h2 class=\"arsenal-title\">MI <span class=\"purple-text\">WORKFLOW<\/span> PRO<\/h2>\r\n    \r\n    <div class=\"arsenal-grid\">\r\n        <div class=\"arsenal-card\">\r\n            <div class=\"card-glow\"><\/div>\r\n            <div class=\"software-tag\">POST-PRO<\/div>\r\n            <div class=\"software-initials\">DV<\/div>\r\n            <h3>DAVINCI RESOLVE<\/h3>\r\n            <p>El est\u00e1ndar de la industria para correcci\u00f3n de color y acabado cinematogr\u00e1fico.<\/p>\r\n        <\/div>\r\n\r\n        <div class=\"arsenal-card\">\r\n            <div class=\"card-glow\"><\/div>\r\n            <div class=\"software-tag\">STORYTELLING<\/div>\r\n            <div class=\"software-initials\">WF<\/div>\r\n            <h3>FILMORA PRO<\/h3>\r\n            <p>Versatilidad y agilidad para narrativas din\u00e1micas de alto impacto visual.<\/p>\r\n        <\/div>\r\n\r\n        <div class=\"arsenal-card\">\r\n            <div class=\"card-glow\"><\/div>\r\n            <div class=\"software-tag\">RETENCI\u00d3N<\/div>\r\n            <div class=\"software-initials\">CP<\/div>\r\n            <h3>CAPCUT DESKTOP<\/h3>\r\n            <p>Edici\u00f3n nativa para redes sociales enfocada en m\u00e1xima retenci\u00f3n de audiencia.<\/p>\r\n        <\/div>\r\n    <\/div>\r\n<\/div>\t\t\t\t<\/div>\n\t\t\t\t<\/div>\n\t\t<div class=\"elementor-element elementor-element-ec91f02 e-flex e-con-boxed e-con e-parent\" data-id=\"ec91f02\" data-element_type=\"container\" data-e-type=\"container\">\n\t\t\t\t\t<div class=\"e-con-inner\">\n\t\t\t\t<div class=\"elementor-element elementor-element-e0c71d1 elementor-widget elementor-widget-html\" data-id=\"e0c71d1\" data-element_type=\"widget\" data-e-type=\"widget\" data-widget_type=\"html.default\">\n\t\t\t\t\t<section class=\"cta-full-width\">\r\n    <div class=\"cta-content-wrap\">\r\n        <h2>\u00bfListo para elevar tu contenido?<\/h2>\r\n        <p>\r\n            Transformemos tus ideas en piezas visuales de alto impacto que enganchen a tu audiencia desde el primer segundo.\r\n        <\/p>\r\n        <a href=\"https:\/\/ezoco.eu\/aarvizion\/servicios\/\" class=\"cta-button-final\">\r\n            Empieza tu proyecto hoy\r\n        <\/a>\r\n    <\/div>\r\n<\/section>\t\t\t\t<\/div>\n\t\t\t\t\t<\/div>\n\t\t\t\t<\/div>\n\t\t<div class=\"elementor-element elementor-element-a5f2e64 e-con-full e-flex e-con e-parent\" data-id=\"a5f2e64\" data-element_type=\"container\" data-e-type=\"container\">\n\t\t\t\t<div class=\"elementor-element elementor-element-b16082f elementor-widget elementor-widget-google_maps\" data-id=\"b16082f\" data-element_type=\"widget\" data-e-type=\"widget\" data-widget_type=\"google_maps.default\">\n\t\t\t\t\t\t\t<div class=\"elementor-custom-embed\">\n\t\t\t<iframe loading=\"lazy\"\n\t\t\t\t\tsrc=\"https:\/\/maps.google.com\/maps?q=El%20Jau&#038;t=m&#038;z=10&#038;output=embed&#038;iwloc=near\"\n\t\t\t\t\ttitle=\"El Jau\"\n\t\t\t\t\taria-label=\"El Jau\"\n\t\t\t><\/iframe>\n\t\t<\/div>\n\t\t\t\t\t\t<\/div>\n\t\t\t\t<\/div>\n\t\t\t\t<\/div>\n\t\t","protected":false},"excerpt":{"rendered":"<p>EL ADN DE AARVIZION M\u00c1S QUE EDICI\u00d3N, NARRATIVA DE \u00c9LITE EL ORIGEN Aarvizion no naci\u00f3 en una oficina, sino de una obsesi\u00f3n profunda por entender el lenguaje visual. Lo que empez\u00f3 como una simple curiosidad t\u00e9cnica por los programas de edici\u00f3n, pronto se convirti\u00f3 en un laboratorio personal de postproducci\u00f3n. Pas\u00e9 a\u00f1os analizando por qu\u00e9 [&hellip;]<\/p>\n","protected":false},"author":238,"featured_media":0,"parent":0,"menu_order":0,"comment_status":"closed","ping_status":"open","template":"elementor_canvas","meta":{"_acf_changed":false,"inline_featured_image":false,"_genesis_hide_title":false,"_genesis_hide_breadcrumbs":false,"_genesis_hide_singular_image":false,"_genesis_hide_footer_widgets":false,"_genesis_custom_body_class":"","_genesis_custom_post_class":"","_genesis_layout":"","footnotes":""},"class_list":{"0":"post-2","1":"page","2":"type-page","3":"status-publish","5":"entry"},"yoast_head":"<!-- This site is optimized with the Yoast SEO plugin v27.5 - https:\/\/yoast.com\/product\/yoast-seo-wordpress\/ -->\n<title>Empresa - AARVIZION<\/title>\n<meta name=\"robots\" content=\"index, follow, max-snippet:-1, max-image-preview:large, max-video-preview:-1\" \/>\n<link rel=\"canonical\" href=\"https:\/\/ezoco.eu\/aarvizion\/quiensoy\/\" \/>\n<meta property=\"og:locale\" content=\"es_ES\" \/>\n<meta property=\"og:type\" content=\"article\" \/>\n<meta property=\"og:title\" content=\"Empresa - AARVIZION\" \/>\n<meta property=\"og:description\" content=\"EL ADN DE AARVIZION M\u00c1S QUE EDICI\u00d3N, NARRATIVA DE \u00c9LITE EL ORIGEN Aarvizion no naci\u00f3 en una oficina, sino de una obsesi\u00f3n profunda por entender el lenguaje visual. Lo que empez\u00f3 como una simple curiosidad t\u00e9cnica por los programas de edici\u00f3n, pronto se convirti\u00f3 en un laboratorio personal de postproducci\u00f3n. Pas\u00e9 a\u00f1os analizando por qu\u00e9 [&hellip;]\" \/>\n<meta property=\"og:url\" content=\"https:\/\/ezoco.eu\/aarvizion\/quiensoy\/\" \/>\n<meta property=\"og:site_name\" content=\"AARVIZION\" \/>\n<meta property=\"article:modified_time\" content=\"2026-01-30T02:00:44+00:00\" \/>\n<meta property=\"og:image\" content=\"https:\/\/images.unsplash.com\/photo-1587620962725-abab7fe55159?q=80&amp;w=1000&amp;auto=format&amp;fit=crop\" \/>\n<meta name=\"twitter:card\" content=\"summary_large_image\" \/>\n<meta name=\"twitter:label1\" content=\"Tiempo de lectura\" \/>\n\t<meta name=\"twitter:data1\" content=\"3 minutos\" \/>\n<script type=\"application\/ld+json\" class=\"yoast-schema-graph\">{\"@context\":\"https:\\\/\\\/schema.org\",\"@graph\":[{\"@type\":\"WebPage\",\"@id\":\"https:\\\/\\\/ezoco.eu\\\/aarvizion\\\/quiensoy\\\/\",\"url\":\"https:\\\/\\\/ezoco.eu\\\/aarvizion\\\/quiensoy\\\/\",\"name\":\"Empresa - AARVIZION\",\"isPartOf\":{\"@id\":\"https:\\\/\\\/ezoco.eu\\\/aarvizion\\\/#website\"},\"primaryImageOfPage\":{\"@id\":\"https:\\\/\\\/ezoco.eu\\\/aarvizion\\\/quiensoy\\\/#primaryimage\"},\"image\":{\"@id\":\"https:\\\/\\\/ezoco.eu\\\/aarvizion\\\/quiensoy\\\/#primaryimage\"},\"thumbnailUrl\":\"https:\\\/\\\/images.unsplash.com\\\/photo-1587620962725-abab7fe55159?q=80&amp;w=1000&amp;auto=format&amp;fit=crop\",\"datePublished\":\"2025-11-14T18:27:16+00:00\",\"dateModified\":\"2026-01-30T02:00:44+00:00\",\"breadcrumb\":{\"@id\":\"https:\\\/\\\/ezoco.eu\\\/aarvizion\\\/quiensoy\\\/#breadcrumb\"},\"inLanguage\":\"es\",\"potentialAction\":[{\"@type\":\"ReadAction\",\"target\":[\"https:\\\/\\\/ezoco.eu\\\/aarvizion\\\/quiensoy\\\/\"]}]},{\"@type\":\"ImageObject\",\"inLanguage\":\"es\",\"@id\":\"https:\\\/\\\/ezoco.eu\\\/aarvizion\\\/quiensoy\\\/#primaryimage\",\"url\":\"https:\\\/\\\/images.unsplash.com\\\/photo-1587620962725-abab7fe55159?q=80&amp;w=1000&amp;auto=format&amp;fit=crop\",\"contentUrl\":\"https:\\\/\\\/images.unsplash.com\\\/photo-1587620962725-abab7fe55159?q=80&amp;w=1000&amp;auto=format&amp;fit=crop\"},{\"@type\":\"BreadcrumbList\",\"@id\":\"https:\\\/\\\/ezoco.eu\\\/aarvizion\\\/quiensoy\\\/#breadcrumb\",\"itemListElement\":[{\"@type\":\"ListItem\",\"position\":1,\"name\":\"Portada\",\"item\":\"https:\\\/\\\/ezoco.eu\\\/aarvizion\\\/\"},{\"@type\":\"ListItem\",\"position\":2,\"name\":\"Empresa\"}]},{\"@type\":\"WebSite\",\"@id\":\"https:\\\/\\\/ezoco.eu\\\/aarvizion\\\/#website\",\"url\":\"https:\\\/\\\/ezoco.eu\\\/aarvizion\\\/\",\"name\":\"AARVIZION\",\"description\":\"EDITOR DE V\u00cdDEO PROFESIONAL\",\"publisher\":{\"@id\":\"https:\\\/\\\/ezoco.eu\\\/aarvizion\\\/#organization\"},\"potentialAction\":[{\"@type\":\"SearchAction\",\"target\":{\"@type\":\"EntryPoint\",\"urlTemplate\":\"https:\\\/\\\/ezoco.eu\\\/aarvizion\\\/?s={search_term_string}\"},\"query-input\":{\"@type\":\"PropertyValueSpecification\",\"valueRequired\":true,\"valueName\":\"search_term_string\"}}],\"inLanguage\":\"es\"},{\"@type\":\"Organization\",\"@id\":\"https:\\\/\\\/ezoco.eu\\\/aarvizion\\\/#organization\",\"name\":\"AARVIZION\",\"url\":\"https:\\\/\\\/ezoco.eu\\\/aarvizion\\\/\",\"logo\":{\"@type\":\"ImageObject\",\"inLanguage\":\"es\",\"@id\":\"https:\\\/\\\/ezoco.eu\\\/aarvizion\\\/#\\\/schema\\\/logo\\\/image\\\/\",\"url\":\"https:\\\/\\\/ezoco.eu\\\/aarvizion\\\/wp-content\\\/uploads\\\/sites\\\/204\\\/2025\\\/11\\\/cropped-AARVIZION-1-1.png\",\"contentUrl\":\"https:\\\/\\\/ezoco.eu\\\/aarvizion\\\/wp-content\\\/uploads\\\/sites\\\/204\\\/2025\\\/11\\\/cropped-AARVIZION-1-1.png\",\"width\":326,\"height\":268,\"caption\":\"AARVIZION\"},\"image\":{\"@id\":\"https:\\\/\\\/ezoco.eu\\\/aarvizion\\\/#\\\/schema\\\/logo\\\/image\\\/\"}}]}<\/script>\n<!-- \/ Yoast SEO plugin. -->","yoast_head_json":{"title":"Empresa - AARVIZION","robots":{"index":"index","follow":"follow","max-snippet":"max-snippet:-1","max-image-preview":"max-image-preview:large","max-video-preview":"max-video-preview:-1"},"canonical":"https:\/\/ezoco.eu\/aarvizion\/quiensoy\/","og_locale":"es_ES","og_type":"article","og_title":"Empresa - AARVIZION","og_description":"EL ADN DE AARVIZION M\u00c1S QUE EDICI\u00d3N, NARRATIVA DE \u00c9LITE EL ORIGEN Aarvizion no naci\u00f3 en una oficina, sino de una obsesi\u00f3n profunda por entender el lenguaje visual. Lo que empez\u00f3 como una simple curiosidad t\u00e9cnica por los programas de edici\u00f3n, pronto se convirti\u00f3 en un laboratorio personal de postproducci\u00f3n. Pas\u00e9 a\u00f1os analizando por qu\u00e9 [&hellip;]","og_url":"https:\/\/ezoco.eu\/aarvizion\/quiensoy\/","og_site_name":"AARVIZION","article_modified_time":"2026-01-30T02:00:44+00:00","og_image":[{"url":"https:\/\/images.unsplash.com\/photo-1587620962725-abab7fe55159?q=80&amp;w=1000&amp;auto=format&amp;fit=crop","type":"","width":"","height":""}],"twitter_card":"summary_large_image","twitter_misc":{"Tiempo de lectura":"3 minutos"},"schema":{"@context":"https:\/\/schema.org","@graph":[{"@type":"WebPage","@id":"https:\/\/ezoco.eu\/aarvizion\/quiensoy\/","url":"https:\/\/ezoco.eu\/aarvizion\/quiensoy\/","name":"Empresa - AARVIZION","isPartOf":{"@id":"https:\/\/ezoco.eu\/aarvizion\/#website"},"primaryImageOfPage":{"@id":"https:\/\/ezoco.eu\/aarvizion\/quiensoy\/#primaryimage"},"image":{"@id":"https:\/\/ezoco.eu\/aarvizion\/quiensoy\/#primaryimage"},"thumbnailUrl":"https:\/\/images.unsplash.com\/photo-1587620962725-abab7fe55159?q=80&amp;w=1000&amp;auto=format&amp;fit=crop","datePublished":"2025-11-14T18:27:16+00:00","dateModified":"2026-01-30T02:00:44+00:00","breadcrumb":{"@id":"https:\/\/ezoco.eu\/aarvizion\/quiensoy\/#breadcrumb"},"inLanguage":"es","potentialAction":[{"@type":"ReadAction","target":["https:\/\/ezoco.eu\/aarvizion\/quiensoy\/"]}]},{"@type":"ImageObject","inLanguage":"es","@id":"https:\/\/ezoco.eu\/aarvizion\/quiensoy\/#primaryimage","url":"https:\/\/images.unsplash.com\/photo-1587620962725-abab7fe55159?q=80&amp;w=1000&amp;auto=format&amp;fit=crop","contentUrl":"https:\/\/images.unsplash.com\/photo-1587620962725-abab7fe55159?q=80&amp;w=1000&amp;auto=format&amp;fit=crop"},{"@type":"BreadcrumbList","@id":"https:\/\/ezoco.eu\/aarvizion\/quiensoy\/#breadcrumb","itemListElement":[{"@type":"ListItem","position":1,"name":"Portada","item":"https:\/\/ezoco.eu\/aarvizion\/"},{"@type":"ListItem","position":2,"name":"Empresa"}]},{"@type":"WebSite","@id":"https:\/\/ezoco.eu\/aarvizion\/#website","url":"https:\/\/ezoco.eu\/aarvizion\/","name":"AARVIZION","description":"EDITOR DE V\u00cdDEO PROFESIONAL","publisher":{"@id":"https:\/\/ezoco.eu\/aarvizion\/#organization"},"potentialAction":[{"@type":"SearchAction","target":{"@type":"EntryPoint","urlTemplate":"https:\/\/ezoco.eu\/aarvizion\/?s={search_term_string}"},"query-input":{"@type":"PropertyValueSpecification","valueRequired":true,"valueName":"search_term_string"}}],"inLanguage":"es"},{"@type":"Organization","@id":"https:\/\/ezoco.eu\/aarvizion\/#organization","name":"AARVIZION","url":"https:\/\/ezoco.eu\/aarvizion\/","logo":{"@type":"ImageObject","inLanguage":"es","@id":"https:\/\/ezoco.eu\/aarvizion\/#\/schema\/logo\/image\/","url":"https:\/\/ezoco.eu\/aarvizion\/wp-content\/uploads\/sites\/204\/2025\/11\/cropped-AARVIZION-1-1.png","contentUrl":"https:\/\/ezoco.eu\/aarvizion\/wp-content\/uploads\/sites\/204\/2025\/11\/cropped-AARVIZION-1-1.png","width":326,"height":268,"caption":"AARVIZION"},"image":{"@id":"https:\/\/ezoco.eu\/aarvizion\/#\/schema\/logo\/image\/"}}]}},"acf":[],"_links":{"self":[{"href":"https:\/\/ezoco.eu\/aarvizion\/wp-json\/wp\/v2\/pages\/2","targetHints":{"allow":["GET"]}}],"collection":[{"href":"https:\/\/ezoco.eu\/aarvizion\/wp-json\/wp\/v2\/pages"}],"about":[{"href":"https:\/\/ezoco.eu\/aarvizion\/wp-json\/wp\/v2\/types\/page"}],"author":[{"embeddable":true,"href":"https:\/\/ezoco.eu\/aarvizion\/wp-json\/wp\/v2\/users\/238"}],"replies":[{"embeddable":true,"href":"https:\/\/ezoco.eu\/aarvizion\/wp-json\/wp\/v2\/comments?post=2"}],"version-history":[{"count":146,"href":"https:\/\/ezoco.eu\/aarvizion\/wp-json\/wp\/v2\/pages\/2\/revisions"}],"predecessor-version":[{"id":917,"href":"https:\/\/ezoco.eu\/aarvizion\/wp-json\/wp\/v2\/pages\/2\/revisions\/917"}],"wp:attachment":[{"href":"https:\/\/ezoco.eu\/aarvizion\/wp-json\/wp\/v2\/media?parent=2"}],"curies":[{"name":"wp","href":"https:\/\/api.w.org\/{rel}","templated":true}]}}