{"id":324,"date":"2026-01-24T01:54:32","date_gmt":"2026-01-24T00:54:32","guid":{"rendered":"https:\/\/ezoco.eu\/aarvizion\/?page_id=324"},"modified":"2026-01-30T01:56:10","modified_gmt":"2026-01-30T00:56:10","slug":"servicios-2","status":"publish","type":"page","link":"https:\/\/ezoco.eu\/aarvizion\/servicios-2\/","title":{"rendered":"Servicios"},"content":{"rendered":"\t\t<div data-elementor-type=\"wp-page\" data-elementor-id=\"324\" class=\"elementor elementor-324\" data-elementor-post-type=\"page\">\n\t\t\t\t<div class=\"elementor-element elementor-element-b708717 e-flex e-con-boxed e-con e-parent\" data-id=\"b708717\" data-element_type=\"container\" data-e-type=\"container\">\n\t\t\t\t\t<div class=\"e-con-inner\">\n\t\t\t\t<div class=\"elementor-element elementor-element-5ba3667 elementor-nav-menu__align-end elementor-nav-menu--dropdown-tablet elementor-nav-menu__text-align-aside elementor-nav-menu--toggle elementor-nav-menu--burger elementor-widget elementor-widget-nav-menu\" data-id=\"5ba3667\" data-element_type=\"widget\" data-e-type=\"widget\" data-settings=\"{&quot;layout&quot;:&quot;horizontal&quot;,&quot;submenu_icon&quot;:{&quot;value&quot;:&quot;&lt;svg aria-hidden=\\&quot;true\\&quot; class=\\&quot;e-font-icon-svg e-fas-caret-down\\&quot; viewBox=\\&quot;0 0 320 512\\&quot; xmlns=\\&quot;http:\\\/\\\/www.w3.org\\\/2000\\\/svg\\&quot;&gt;&lt;path d=\\&quot;M31.3 192h257.3c17.8 0 26.7 21.5 14.1 34.1L174.1 354.8c-7.8 7.8-20.5 7.8-28.3 0L17.2 226.1C4.6 213.5 13.5 192 31.3 192z\\&quot;&gt;&lt;\\\/path&gt;&lt;\\\/svg&gt;&quot;,&quot;library&quot;:&quot;fa-solid&quot;},&quot;toggle&quot;:&quot;burger&quot;}\" data-widget_type=\"nav-menu.default\">\n\t\t\t\t\t\t\t\t<nav aria-label=\"Menu\" class=\"elementor-nav-menu--main elementor-nav-menu__container elementor-nav-menu--layout-horizontal e--pointer-underline e--animation-fade\">\n\t\t\t\t<ul id=\"menu-1-5ba3667\" class=\"elementor-nav-menu\"><li class=\"aar-carousel menu-item menu-item-type-post_type menu-item-object-page menu-item-home menu-item-155\"><a class=\"elementor-item\" href=\"https:\/\/ezoco.eu\/aarvizion\/\">Inicio<\/a><\/li>\n<li class=\"menu-item menu-item-type-post_type menu-item-object-page menu-item-99\"><a class=\"elementor-item\" href=\"https:\/\/ezoco.eu\/aarvizion\/quiensoy\/\">Empresa<\/a><\/li>\n<li class=\"menu-item menu-item-type-post_type menu-item-object-page menu-item-326\"><a class=\"elementor-item\" href=\"https:\/\/ezoco.eu\/aarvizion\/servicios-2\/\">Servicios<\/a><\/li>\n<li class=\"menu-item menu-item-type-post_type menu-item-object-page menu-item-131\"><a class=\"elementor-item\" href=\"https:\/\/ezoco.eu\/aarvizion\/servicios\/\">Contacto<\/a><\/li>\n<li class=\"menu-item menu-item-type-post_type menu-item-object-page current_page_parent menu-item-has-children menu-item-132\"><a class=\"elementor-item\" href=\"https:\/\/ezoco.eu\/aarvizion\/blog\/\">Blog<\/a>\n<ul class=\"sub-menu elementor-nav-menu--dropdown\">\n\t<li class=\"menu-item menu-item-type-taxonomy menu-item-object-category menu-item-97\"><a class=\"elementor-sub-item\" href=\"https:\/\/ezoco.eu\/aarvizion\/category\/edicionvideo\/\">Edici\u00f3n de V\u00eddeo<\/a><\/li>\n\t<li class=\"menu-item menu-item-type-post_type menu-item-object-post menu-item-593\"><a class=\"elementor-sub-item\" href=\"https:\/\/ezoco.eu\/aarvizion\/apps-de-edicion\/\">Apps de Edici\u00f3n<\/a><\/li>\n<\/ul>\n<\/li>\n<\/ul>\t\t\t<\/nav>\n\t\t\t\t\t<div class=\"elementor-menu-toggle\" role=\"button\" tabindex=\"0\" aria-label=\"Menu Toggle\" aria-expanded=\"false\">\n\t\t\t<svg aria-hidden=\"true\" role=\"presentation\" class=\"elementor-menu-toggle__icon--open e-font-icon-svg e-eicon-menu-bar\" viewBox=\"0 0 1000 1000\" xmlns=\"http:\/\/www.w3.org\/2000\/svg\"><path d=\"M104 333H896C929 333 958 304 958 271S929 208 896 208H104C71 208 42 237 42 271S71 333 104 333ZM104 583H896C929 583 958 554 958 521S929 458 896 458H104C71 458 42 487 42 521S71 583 104 583ZM104 833H896C929 833 958 804 958 771S929 708 896 708H104C71 708 42 737 42 771S71 833 104 833Z\"><\/path><\/svg><svg aria-hidden=\"true\" role=\"presentation\" class=\"elementor-menu-toggle__icon--close e-font-icon-svg e-eicon-close\" viewBox=\"0 0 1000 1000\" xmlns=\"http:\/\/www.w3.org\/2000\/svg\"><path d=\"M742 167L500 408 258 167C246 154 233 150 217 150 196 150 179 158 167 167 154 179 150 196 150 212 150 229 154 242 171 254L408 500 167 742C138 771 138 800 167 829 196 858 225 858 254 829L496 587 738 829C750 842 767 846 783 846 800 846 817 842 829 829 842 817 846 804 846 783 846 767 842 750 829 737L588 500 833 258C863 229 863 200 833 171 804 137 775 137 742 167Z\"><\/path><\/svg>\t\t<\/div>\n\t\t\t\t\t<nav class=\"elementor-nav-menu--dropdown elementor-nav-menu__container\" aria-hidden=\"true\">\n\t\t\t\t<ul id=\"menu-2-5ba3667\" class=\"elementor-nav-menu\"><li class=\"aar-carousel menu-item menu-item-type-post_type menu-item-object-page menu-item-home menu-item-155\"><a class=\"elementor-item\" href=\"https:\/\/ezoco.eu\/aarvizion\/\" tabindex=\"-1\">Inicio<\/a><\/li>\n<li class=\"menu-item menu-item-type-post_type menu-item-object-page menu-item-99\"><a class=\"elementor-item\" href=\"https:\/\/ezoco.eu\/aarvizion\/quiensoy\/\" tabindex=\"-1\">Empresa<\/a><\/li>\n<li class=\"menu-item menu-item-type-post_type menu-item-object-page menu-item-326\"><a class=\"elementor-item\" href=\"https:\/\/ezoco.eu\/aarvizion\/servicios-2\/\" tabindex=\"-1\">Servicios<\/a><\/li>\n<li class=\"menu-item menu-item-type-post_type menu-item-object-page menu-item-131\"><a class=\"elementor-item\" href=\"https:\/\/ezoco.eu\/aarvizion\/servicios\/\" tabindex=\"-1\">Contacto<\/a><\/li>\n<li class=\"menu-item menu-item-type-post_type menu-item-object-page current_page_parent menu-item-has-children menu-item-132\"><a class=\"elementor-item\" href=\"https:\/\/ezoco.eu\/aarvizion\/blog\/\" tabindex=\"-1\">Blog<\/a>\n<ul class=\"sub-menu elementor-nav-menu--dropdown\">\n\t<li class=\"menu-item menu-item-type-taxonomy menu-item-object-category menu-item-97\"><a class=\"elementor-sub-item\" href=\"https:\/\/ezoco.eu\/aarvizion\/category\/edicionvideo\/\" tabindex=\"-1\">Edici\u00f3n de V\u00eddeo<\/a><\/li>\n\t<li class=\"menu-item menu-item-type-post_type menu-item-object-post menu-item-593\"><a class=\"elementor-sub-item\" href=\"https:\/\/ezoco.eu\/aarvizion\/apps-de-edicion\/\" tabindex=\"-1\">Apps de Edici\u00f3n<\/a><\/li>\n<\/ul>\n<\/li>\n<\/ul>\t\t\t<\/nav>\n\t\t\t\t\t\t<\/div>\n\t\t\t\t\t<\/div>\n\t\t\t\t<\/div>\n\t\t<div class=\"elementor-element elementor-element-ebbd04e e-flex e-con-boxed e-con e-parent\" data-id=\"ebbd04e\" data-element_type=\"container\" data-e-type=\"container\">\n\t\t\t\t\t<div class=\"e-con-inner\">\n\t\t\t\t<div class=\"elementor-element elementor-element-ef8f185 elementor-widget elementor-widget-heading\" data-id=\"ef8f185\" data-element_type=\"widget\" data-e-type=\"widget\" data-widget_type=\"heading.default\">\n\t\t\t\t\t<h2 class=\"elementor-heading-title elementor-size-default\">Mis Servicios<\/h2>\t\t\t\t<\/div>\n\t\t\t\t\t<\/div>\n\t\t\t\t<\/div>\n\t\t<div class=\"elementor-element elementor-element-5326467 e-flex e-con-boxed e-con e-parent\" data-id=\"5326467\" data-element_type=\"container\" data-e-type=\"container\">\n\t\t\t\t\t<div class=\"e-con-inner\">\n\t\t\t\t<div class=\"elementor-element elementor-element-011680c elementor-widget elementor-widget-html\" data-id=\"011680c\" data-element_type=\"widget\" data-e-type=\"widget\" data-widget_type=\"html.default\">\n\t\t\t\t\t<div class=\"servicios-wrapper\">\r\n    <section class=\"servicio-row\">\r\n        <div class=\"servicio-texto\">\r\n            <span class=\"servicio-num\">01<\/span>\r\n            <h2>SOCIAL MEDIA IMPACT<\/h2>\r\n            <p>En un mundo de scroll infinito, la retenci\u00f3n lo es todo. Transformo tus grabaciones en contenido din\u00e1mico dise\u00f1ado espec\u00edficamente para algoritmos de video vertical.<\/p>\r\n        <\/div>\r\n        <div class=\"servicio-imagen\">\r\n            <img decoding=\"async\" src=\"https:\/\/ezoco.eu\/aarvizion\/wp-content\/uploads\/sites\/204\/2026\/01\/3-davinci-resolve-15.jpg\" alt=\"Social Media\">\r\n        <\/div>\r\n    <\/section>\r\n\r\n    <section class=\"servicio-row reverse\">\r\n        <div class=\"servicio-texto\">\r\n            <span class=\"servicio-num\">02<\/span>\r\n            <h2>IDENTIDAD CORPORATIVA<\/h2>\r\n            <p>Tu empresa merece una narrativa visual que proyecte confianza. Me encargo de la postproducci\u00f3n de tus entrevistas y presentaciones con un acabado cinematogr\u00e1fico.<\/p>\r\n        <\/div>\r\n        <div class=\"servicio-imagen\">\r\n            <img decoding=\"async\" src=\"https:\/\/ezoco.eu\/aarvizion\/wp-content\/uploads\/sites\/204\/2026\/01\/que-es-edicion-de-video.jpg\" alt=\"Corporativo\">\r\n        <\/div>\r\n    <\/section>\r\n\r\n    <section class=\"servicio-row\">\r\n        <div class=\"servicio-texto\">\r\n            <span class=\"servicio-num\">03<\/span>\r\n            <h2>POSTPRODUCCI\u00d3N AVANZADA<\/h2>\r\n            <p>Servicios de edici\u00f3n t\u00e9cnica donde la precisi\u00f3n es lo m\u00e1s importante. Desde correcci\u00f3n de color profesional hasta dise\u00f1o de sonido inmersivo.<\/p>\r\n        <\/div>\r\n        <div class=\"servicio-imagen\">\r\n            <img decoding=\"async\" src=\"https:\/\/ezoco.eu\/aarvizion\/wp-content\/uploads\/sites\/204\/2026\/01\/davinci-requerimientos-pc.jpg\" alt=\"Postproducci\u00f3n\">\r\n        <\/div>\r\n    <\/section>\r\n<\/div>\t\t\t\t<\/div>\n\t\t\t\t\t<\/div>\n\t\t\t\t<\/div>\n\t\t<div class=\"elementor-element elementor-element-e1ee3df e-flex e-con-boxed e-con e-parent\" data-id=\"e1ee3df\" data-element_type=\"container\" data-e-type=\"container\">\n\t\t\t\t\t<div class=\"e-con-inner\">\n\t\t\t\t<div class=\"elementor-element elementor-element-bda8db0 elementor-widget elementor-widget-heading\" data-id=\"bda8db0\" data-element_type=\"widget\" data-e-type=\"widget\" data-widget_type=\"heading.default\">\n\t\t\t\t\t<h2 class=\"elementor-heading-title elementor-size-default\">\u00bfTIENES DUDAS?<\/h2>\t\t\t\t<\/div>\n\t\t\t\t\t<\/div>\n\t\t\t\t<\/div>\n\t\t<div class=\"elementor-element elementor-element-41ff2e5 e-con-full e-flex e-con e-parent\" data-id=\"41ff2e5\" data-element_type=\"container\" data-e-type=\"container\">\n\t\t<div class=\"elementor-element elementor-element-846dcd8 e-con-full e-flex e-con e-child\" data-id=\"846dcd8\" data-element_type=\"container\" data-e-type=\"container\">\n\t\t\t\t<div class=\"elementor-element elementor-element-0c01a63 elementor-widget elementor-widget-html\" data-id=\"0c01a63\" data-element_type=\"widget\" data-e-type=\"widget\" data-widget_type=\"html.default\">\n\t\t\t\t\t<div class=\"premium-quote-section\">\r\n    <div class=\"glass-card\">\r\n        <div class=\"card-header\">\r\n            <span class=\"subtitle\">Aarvizion Exclusive<\/span>\r\n            <h2 class=\"title\">Tu visi\u00f3n no tiene un precio fijo<\/h2>\r\n        <\/div>\r\n        \r\n        <p class=\"description\">\r\n            Cada frame cuenta una historia diferente. Por eso, dise\u00f1o presupuestos exclusivos basados en la complejidad, el estilo y la ambici\u00f3n de tu proyecto.\r\n        <\/p>\r\n\r\n        <div class=\"value-points\">\r\n            <div class=\"point\">\r\n                <span class=\"dot\"><\/span>\r\n                <p>An\u00e1lisis de material bruto<\/p>\r\n            <\/div>\r\n            <div class=\"point\">\r\n                <span class=\"dot\"><\/span>\r\n                <p>Estilo visual personalizado<\/p>\r\n            <\/div>\r\n            <div class=\"point\">\r\n                <span class=\"dot\"><\/span>\r\n                <p>Revisiones ilimitadas hasta el \u00e9xito<\/p>\r\n            <\/div>\r\n        <\/div>\r\n\r\n        <div class=\"cta-wrapper\">\r\n            <a href=\"https:\/\/ezoco.eu\/aarvizion\/servicios\/\" class=\"btn-glow\">\r\n                Solicitar Propuesta Personalizada\r\n            <\/a>\r\n        <\/div>\r\n    <\/div>\r\n<\/div>\t\t\t\t<\/div>\n\t\t\t\t<\/div>\n\t\t<div class=\"elementor-element elementor-element-96a7955 e-con-full e-flex e-con e-child\" data-id=\"96a7955\" data-element_type=\"container\" data-e-type=\"container\">\n\t\t\t\t<div class=\"elementor-element elementor-element-0056e75 elementor-widget elementor-widget-html\" data-id=\"0056e75\" data-element_type=\"widget\" data-e-type=\"widget\" dowload=\"\" data-widget_type=\"html.default\">\n\t\t\t\t\t<div class=\"dossier-container\">\r\n    <div class=\"dossier-card\">\r\n        <div class=\"pdf-preview\">\r\n            <div class=\"pdf-icon\">PDF<\/div>\r\n        <\/div>\r\n        \r\n        <div class=\"dossier-content\">\r\n            <span class=\"dossier-tag\">Recurso Exclusivo<\/span>\r\n            <h2>Dosier Informativo 2026<\/h2>\r\n            <p>Descubre nuestra metodolog\u00eda de edici\u00f3n y tarifas actualizadas.<\/p>\r\n            \r\n            <a href=\"http:\/\/ezoco.eu\/aarvizion\/wp-content\/uploads\/sites\/204\/2026\/01\/Black-and-White-Modern-Video-Editing-Service-Promotion-Instagram-Post-1.pdf\" id=\"force-download\" class=\"download-btn\">\r\n                DESCARGAR DOSIER \r\n                <span class=\"btn-size\">(2.4 MB)<\/span>\r\n            <\/a>\r\n        <\/div>\r\n    <\/div>\r\n<\/div>\r\n\t\t\t\t<\/div>\n\t\t\t\t<div class=\"elementor-element elementor-element-c5ce3db elementor-widget elementor-widget-html\" data-id=\"c5ce3db\" data-element_type=\"widget\" data-e-type=\"widget\" data-widget_type=\"html.default\">\n\t\t\t\t\t<div class=\"identidad-aarvizion\">\r\n    <div class=\"marquee-text\">\r\n        <span>  IMPACTO VISUAL <\/span>\r\n        <span aria-hidden=\"true\"> <\/span>\r\n    <\/div>\r\n    \r\n    <div class=\"stats-wrapper\">\r\n        <div class=\"stat-box\">\r\n            <span class=\"stat-number\">+20K<\/span>\r\n            <span class=\"stat-label\">Views generadas<\/span>\r\n        <\/div>\r\n        <div class=\"stat-box\">\r\n            <span class=\"stat-number\">4K<\/span>\r\n            <span class=\"stat-label\">Calidad de exportaci\u00f3n<\/span>\r\n        <\/div>\r\n        <div class=\"stat-box\">\r\n            <span class=\"stat-number\">24\/7<\/span>\r\n            <span class=\"stat-label\">Soporte creativo<\/span>\r\n        <\/div>\r\n    <\/div>\r\n<\/div>\t\t\t\t<\/div>\n\t\t\t\t<\/div>\n\t\t\t\t<\/div>\n\t\t<div class=\"elementor-element elementor-element-e534349 e-con-full e-flex e-con e-parent\" data-id=\"e534349\" data-element_type=\"container\" data-e-type=\"container\">\n\t\t\t\t<div class=\"elementor-element elementor-element-2efa2c0 elementor-widget elementor-widget-html\" data-id=\"2efa2c0\" data-element_type=\"widget\" data-e-type=\"widget\" data-widget_type=\"html.default\">\n\t\t\t\t\t<div class=\"marquee-container\">\r\n    <div class=\"marquee-content\">\r\n        <span>STORYTELLING \u2022 RETENCI\u00d3N \u2022 POSTPRODUCCI\u00d3N \u2022 IMPACTO VISUAL \u2022 <\/span>\r\n        <span>STORYTELLING \u2022 RETENCI\u00d3N \u2022 POSTPRODUCCI\u00d3N \u2022 IMPACTO VISUAL \u2022 <\/span>\r\n        <span>STORYTELLING \u2022 RETENCI\u00d3N \u2022 POSTPRODUCCI\u00d3N \u2022 IMPACTO VISUAL \u2022 <\/span>\r\n        <span>STORYTELLING \u2022 RETENCI\u00d3N \u2022 POSTPRODUCCI\u00d3N \u2022 IMPACTO VISUAL \u2022 <\/span>\r\n    <\/div>\r\n<\/div>\t\t\t\t<\/div>\n\t\t\t\t<\/div>\n\t\t<div class=\"elementor-element elementor-element-ae10393 e-flex e-con-boxed e-con e-parent\" data-id=\"ae10393\" data-element_type=\"container\" data-e-type=\"container\">\n\t\t\t\t\t<div class=\"e-con-inner\">\n\t\t\t\t<div class=\"elementor-element elementor-element-a0592c8 elementor-widget__width-inherit elementor-widget elementor-widget-html\" data-id=\"a0592c8\" data-element_type=\"widget\" data-e-type=\"widget\" data-widget_type=\"html.default\">\n\t\t\t\t\t<div class=\"final-cta-section\">\r\n    <div class=\"cta-content\">\r\n        <span class=\"cta-subtitle\">\u00bfListo para el siguiente nivel?<\/span>\r\n        <h2 class=\"cta-title\">Hagamos que tu contenido sea <span class=\"highlight\">imposible de ignorar<\/span>.<\/h2>\r\n        <p class=\"cta-text\">Las plazas para edici\u00f3n mensual son limitadas para garantizar la m\u00e1xima calidad. Reserva tu consultor\u00eda gratuita hoy mismo.<\/p>\r\n        \r\n        <div class=\"cta-buttons\">\r\n            <a href=\"https:\/\/ezoco.eu\/aarvizion\/servicios\/\" class=\"btn-primary\">Empezar Proyecto<\/a>\r\n            <a href=\"https:\/\/discord.gg\/eUPTKhD4E\" class=\"btn-secondary\">Unirse al Discord<\/a>\r\n        <\/div>\r\n    <\/div>\r\n<\/div>\t\t\t\t<\/div>\n\t\t\t\t\t<\/div>\n\t\t\t\t<\/div>\n\t\t<div class=\"elementor-element elementor-element-e7865b1 e-flex e-con-boxed e-con e-parent\" data-id=\"e7865b1\" data-element_type=\"container\" data-e-type=\"container\">\n\t\t\t\t\t<div class=\"e-con-inner\">\n\t\t\t\t\t<\/div>\n\t\t\t\t<\/div>\n\t\t\t\t<\/div>\n\t\t","protected":false},"excerpt":{"rendered":"<p>Mis Servicios 01 SOCIAL MEDIA IMPACT En un mundo de scroll infinito, la retenci\u00f3n lo es todo. Transformo tus grabaciones en contenido din\u00e1mico dise\u00f1ado espec\u00edficamente para algoritmos de video vertical. 02 IDENTIDAD CORPORATIVA Tu empresa merece una narrativa visual que proyecte confianza. Me encargo de la postproducci\u00f3n de tus entrevistas y presentaciones con un acabado [&hellip;]<\/p>\n","protected":false},"author":238,"featured_media":0,"parent":0,"menu_order":0,"comment_status":"closed","ping_status":"closed","template":"elementor_canvas","meta":{"_acf_changed":false,"inline_featured_image":false,"_genesis_hide_title":false,"_genesis_hide_breadcrumbs":false,"_genesis_hide_singular_image":false,"_genesis_hide_footer_widgets":false,"_genesis_custom_body_class":"","_genesis_custom_post_class":"","_genesis_layout":"","footnotes":""},"class_list":{"0":"post-324","1":"page","2":"type-page","3":"status-publish","5":"entry","6":"has-post-thumbnail"},"yoast_head":"<!-- This site is optimized with the Yoast SEO plugin v27.5 - https:\/\/yoast.com\/product\/yoast-seo-wordpress\/ -->\n<title>Servicios - AARVIZION<\/title>\n<meta name=\"robots\" content=\"index, follow, max-snippet:-1, max-image-preview:large, max-video-preview:-1\" \/>\n<link rel=\"canonical\" href=\"https:\/\/ezoco.eu\/aarvizion\/servicios-2\/\" \/>\n<meta property=\"og:locale\" content=\"es_ES\" \/>\n<meta property=\"og:type\" content=\"article\" \/>\n<meta property=\"og:title\" content=\"Servicios - AARVIZION\" \/>\n<meta property=\"og:description\" content=\"Mis Servicios 01 SOCIAL MEDIA IMPACT En un mundo de scroll infinito, la retenci\u00f3n lo es todo. Transformo tus grabaciones en contenido din\u00e1mico dise\u00f1ado espec\u00edficamente para algoritmos de video vertical. 02 IDENTIDAD CORPORATIVA Tu empresa merece una narrativa visual que proyecte confianza. Me encargo de la postproducci\u00f3n de tus entrevistas y presentaciones con un acabado [&hellip;]\" \/>\n<meta property=\"og:url\" content=\"https:\/\/ezoco.eu\/aarvizion\/servicios-2\/\" \/>\n<meta property=\"og:site_name\" content=\"AARVIZION\" \/>\n<meta property=\"article:modified_time\" content=\"2026-01-30T00:56:10+00:00\" \/>\n<meta property=\"og:image\" content=\"https:\/\/ezoco.eu\/aarvizion\/wp-content\/uploads\/sites\/204\/2026\/01\/3-davinci-resolve-15.jpg\" \/>\n<meta name=\"twitter:card\" content=\"summary_large_image\" \/>\n<meta name=\"twitter:label1\" content=\"Tiempo de lectura\" \/>\n\t<meta name=\"twitter:data1\" content=\"2 minutos\" \/>\n<script type=\"application\/ld+json\" class=\"yoast-schema-graph\">{\"@context\":\"https:\\\/\\\/schema.org\",\"@graph\":[{\"@type\":\"WebPage\",\"@id\":\"https:\\\/\\\/ezoco.eu\\\/aarvizion\\\/servicios-2\\\/\",\"url\":\"https:\\\/\\\/ezoco.eu\\\/aarvizion\\\/servicios-2\\\/\",\"name\":\"Servicios - AARVIZION\",\"isPartOf\":{\"@id\":\"https:\\\/\\\/ezoco.eu\\\/aarvizion\\\/#website\"},\"primaryImageOfPage\":{\"@id\":\"https:\\\/\\\/ezoco.eu\\\/aarvizion\\\/servicios-2\\\/#primaryimage\"},\"image\":{\"@id\":\"https:\\\/\\\/ezoco.eu\\\/aarvizion\\\/servicios-2\\\/#primaryimage\"},\"thumbnailUrl\":\"https:\\\/\\\/ezoco.eu\\\/aarvizion\\\/wp-content\\\/uploads\\\/sites\\\/204\\\/2026\\\/01\\\/3-davinci-resolve-15.jpg\",\"datePublished\":\"2026-01-24T00:54:32+00:00\",\"dateModified\":\"2026-01-30T00:56:10+00:00\",\"breadcrumb\":{\"@id\":\"https:\\\/\\\/ezoco.eu\\\/aarvizion\\\/servicios-2\\\/#breadcrumb\"},\"inLanguage\":\"es\",\"potentialAction\":[{\"@type\":\"ReadAction\",\"target\":[\"https:\\\/\\\/ezoco.eu\\\/aarvizion\\\/servicios-2\\\/\"]}]},{\"@type\":\"ImageObject\",\"inLanguage\":\"es\",\"@id\":\"https:\\\/\\\/ezoco.eu\\\/aarvizion\\\/servicios-2\\\/#primaryimage\",\"url\":\"https:\\\/\\\/ezoco.eu\\\/aarvizion\\\/wp-content\\\/uploads\\\/sites\\\/204\\\/2026\\\/01\\\/3-davinci-resolve-15.jpg\",\"contentUrl\":\"https:\\\/\\\/ezoco.eu\\\/aarvizion\\\/wp-content\\\/uploads\\\/sites\\\/204\\\/2026\\\/01\\\/3-davinci-resolve-15.jpg\",\"width\":1000,\"height\":547},{\"@type\":\"BreadcrumbList\",\"@id\":\"https:\\\/\\\/ezoco.eu\\\/aarvizion\\\/servicios-2\\\/#breadcrumb\",\"itemListElement\":[{\"@type\":\"ListItem\",\"position\":1,\"name\":\"Portada\",\"item\":\"https:\\\/\\\/ezoco.eu\\\/aarvizion\\\/\"},{\"@type\":\"ListItem\",\"position\":2,\"name\":\"Servicios\"}]},{\"@type\":\"WebSite\",\"@id\":\"https:\\\/\\\/ezoco.eu\\\/aarvizion\\\/#website\",\"url\":\"https:\\\/\\\/ezoco.eu\\\/aarvizion\\\/\",\"name\":\"AARVIZION\",\"description\":\"EDITOR DE V\u00cdDEO PROFESIONAL\",\"publisher\":{\"@id\":\"https:\\\/\\\/ezoco.eu\\\/aarvizion\\\/#organization\"},\"potentialAction\":[{\"@type\":\"SearchAction\",\"target\":{\"@type\":\"EntryPoint\",\"urlTemplate\":\"https:\\\/\\\/ezoco.eu\\\/aarvizion\\\/?s={search_term_string}\"},\"query-input\":{\"@type\":\"PropertyValueSpecification\",\"valueRequired\":true,\"valueName\":\"search_term_string\"}}],\"inLanguage\":\"es\"},{\"@type\":\"Organization\",\"@id\":\"https:\\\/\\\/ezoco.eu\\\/aarvizion\\\/#organization\",\"name\":\"AARVIZION\",\"url\":\"https:\\\/\\\/ezoco.eu\\\/aarvizion\\\/\",\"logo\":{\"@type\":\"ImageObject\",\"inLanguage\":\"es\",\"@id\":\"https:\\\/\\\/ezoco.eu\\\/aarvizion\\\/#\\\/schema\\\/logo\\\/image\\\/\",\"url\":\"https:\\\/\\\/ezoco.eu\\\/aarvizion\\\/wp-content\\\/uploads\\\/sites\\\/204\\\/2025\\\/11\\\/cropped-AARVIZION-1-1.png\",\"contentUrl\":\"https:\\\/\\\/ezoco.eu\\\/aarvizion\\\/wp-content\\\/uploads\\\/sites\\\/204\\\/2025\\\/11\\\/cropped-AARVIZION-1-1.png\",\"width\":326,\"height\":268,\"caption\":\"AARVIZION\"},\"image\":{\"@id\":\"https:\\\/\\\/ezoco.eu\\\/aarvizion\\\/#\\\/schema\\\/logo\\\/image\\\/\"}}]}<\/script>\n<!-- \/ Yoast SEO plugin. -->","yoast_head_json":{"title":"Servicios - AARVIZION","robots":{"index":"index","follow":"follow","max-snippet":"max-snippet:-1","max-image-preview":"max-image-preview:large","max-video-preview":"max-video-preview:-1"},"canonical":"https:\/\/ezoco.eu\/aarvizion\/servicios-2\/","og_locale":"es_ES","og_type":"article","og_title":"Servicios - AARVIZION","og_description":"Mis Servicios 01 SOCIAL MEDIA IMPACT En un mundo de scroll infinito, la retenci\u00f3n lo es todo. Transformo tus grabaciones en contenido din\u00e1mico dise\u00f1ado espec\u00edficamente para algoritmos de video vertical. 02 IDENTIDAD CORPORATIVA Tu empresa merece una narrativa visual que proyecte confianza. Me encargo de la postproducci\u00f3n de tus entrevistas y presentaciones con un acabado [&hellip;]","og_url":"https:\/\/ezoco.eu\/aarvizion\/servicios-2\/","og_site_name":"AARVIZION","article_modified_time":"2026-01-30T00:56:10+00:00","og_image":[{"url":"https:\/\/ezoco.eu\/aarvizion\/wp-content\/uploads\/sites\/204\/2026\/01\/3-davinci-resolve-15.jpg","type":"","width":"","height":""}],"twitter_card":"summary_large_image","twitter_misc":{"Tiempo de lectura":"2 minutos"},"schema":{"@context":"https:\/\/schema.org","@graph":[{"@type":"WebPage","@id":"https:\/\/ezoco.eu\/aarvizion\/servicios-2\/","url":"https:\/\/ezoco.eu\/aarvizion\/servicios-2\/","name":"Servicios - AARVIZION","isPartOf":{"@id":"https:\/\/ezoco.eu\/aarvizion\/#website"},"primaryImageOfPage":{"@id":"https:\/\/ezoco.eu\/aarvizion\/servicios-2\/#primaryimage"},"image":{"@id":"https:\/\/ezoco.eu\/aarvizion\/servicios-2\/#primaryimage"},"thumbnailUrl":"https:\/\/ezoco.eu\/aarvizion\/wp-content\/uploads\/sites\/204\/2026\/01\/3-davinci-resolve-15.jpg","datePublished":"2026-01-24T00:54:32+00:00","dateModified":"2026-01-30T00:56:10+00:00","breadcrumb":{"@id":"https:\/\/ezoco.eu\/aarvizion\/servicios-2\/#breadcrumb"},"inLanguage":"es","potentialAction":[{"@type":"ReadAction","target":["https:\/\/ezoco.eu\/aarvizion\/servicios-2\/"]}]},{"@type":"ImageObject","inLanguage":"es","@id":"https:\/\/ezoco.eu\/aarvizion\/servicios-2\/#primaryimage","url":"https:\/\/ezoco.eu\/aarvizion\/wp-content\/uploads\/sites\/204\/2026\/01\/3-davinci-resolve-15.jpg","contentUrl":"https:\/\/ezoco.eu\/aarvizion\/wp-content\/uploads\/sites\/204\/2026\/01\/3-davinci-resolve-15.jpg","width":1000,"height":547},{"@type":"BreadcrumbList","@id":"https:\/\/ezoco.eu\/aarvizion\/servicios-2\/#breadcrumb","itemListElement":[{"@type":"ListItem","position":1,"name":"Portada","item":"https:\/\/ezoco.eu\/aarvizion\/"},{"@type":"ListItem","position":2,"name":"Servicios"}]},{"@type":"WebSite","@id":"https:\/\/ezoco.eu\/aarvizion\/#website","url":"https:\/\/ezoco.eu\/aarvizion\/","name":"AARVIZION","description":"EDITOR DE V\u00cdDEO PROFESIONAL","publisher":{"@id":"https:\/\/ezoco.eu\/aarvizion\/#organization"},"potentialAction":[{"@type":"SearchAction","target":{"@type":"EntryPoint","urlTemplate":"https:\/\/ezoco.eu\/aarvizion\/?s={search_term_string}"},"query-input":{"@type":"PropertyValueSpecification","valueRequired":true,"valueName":"search_term_string"}}],"inLanguage":"es"},{"@type":"Organization","@id":"https:\/\/ezoco.eu\/aarvizion\/#organization","name":"AARVIZION","url":"https:\/\/ezoco.eu\/aarvizion\/","logo":{"@type":"ImageObject","inLanguage":"es","@id":"https:\/\/ezoco.eu\/aarvizion\/#\/schema\/logo\/image\/","url":"https:\/\/ezoco.eu\/aarvizion\/wp-content\/uploads\/sites\/204\/2025\/11\/cropped-AARVIZION-1-1.png","contentUrl":"https:\/\/ezoco.eu\/aarvizion\/wp-content\/uploads\/sites\/204\/2025\/11\/cropped-AARVIZION-1-1.png","width":326,"height":268,"caption":"AARVIZION"},"image":{"@id":"https:\/\/ezoco.eu\/aarvizion\/#\/schema\/logo\/image\/"}}]}},"acf":[],"_links":{"self":[{"href":"https:\/\/ezoco.eu\/aarvizion\/wp-json\/wp\/v2\/pages\/324","targetHints":{"allow":["GET"]}}],"collection":[{"href":"https:\/\/ezoco.eu\/aarvizion\/wp-json\/wp\/v2\/pages"}],"about":[{"href":"https:\/\/ezoco.eu\/aarvizion\/wp-json\/wp\/v2\/types\/page"}],"author":[{"embeddable":true,"href":"https:\/\/ezoco.eu\/aarvizion\/wp-json\/wp\/v2\/users\/238"}],"replies":[{"embeddable":true,"href":"https:\/\/ezoco.eu\/aarvizion\/wp-json\/wp\/v2\/comments?post=324"}],"version-history":[{"count":166,"href":"https:\/\/ezoco.eu\/aarvizion\/wp-json\/wp\/v2\/pages\/324\/revisions"}],"predecessor-version":[{"id":826,"href":"https:\/\/ezoco.eu\/aarvizion\/wp-json\/wp\/v2\/pages\/324\/revisions\/826"}],"wp:attachment":[{"href":"https:\/\/ezoco.eu\/aarvizion\/wp-json\/wp\/v2\/media?parent=324"}],"curies":[{"name":"wp","href":"https:\/\/api.w.org\/{rel}","templated":true}]}}