{"id":628,"date":"2026-01-25T02:32:25","date_gmt":"2026-01-25T01:32:25","guid":{"rendered":"https:\/\/ezoco.eu\/aarvizion\/?page_id=628"},"modified":"2026-01-25T02:32:26","modified_gmt":"2026-01-25T01:32:26","slug":"politica-de-privacidad","status":"publish","type":"page","link":"https:\/\/ezoco.eu\/aarvizion\/politica-de-privacidad\/","title":{"rendered":"Pol\u00edtica de Privacidad"},"content":{"rendered":"\n<p><strong>1. Protecci\u00f3n de Datos<\/strong> Aarvizion cumple con las directrices de la normativa vigente en materia de protecci\u00f3n de datos de car\u00e1cter personal. Al utilizar nuestro sitio web o contactarnos por correo electr\u00f3nico, usted acepta el tratamiento de sus datos seg\u00fan esta pol\u00edtica.<\/p>\n\n\n\n<p><strong>2. Finalidad del Tratamiento<\/strong> Los datos personales que se recogen a trav\u00e9s de los medios de contacto disponibles son utilizados con las siguientes finalidades:<\/p>\n\n\n\n<ul class=\"wp-block-list\">\n<li>Atender solicitudes de informaci\u00f3n y presupuestos de edici\u00f3n de video.<\/li>\n\n\n\n<li>Gestionar la relaci\u00f3n profesional y la prestaci\u00f3n de servicios contratados.<\/li>\n\n\n\n<li>Env\u00edo de comunicaciones relacionadas con el proyecto de edici\u00f3n del cliente.<\/li>\n\n\n\n<li>Mejorar la experiencia de usuario a trav\u00e9s del chatbot integrado y an\u00e1lisis de tr\u00e1fico.<\/li>\n<\/ul>\n\n\n\n<p><strong>3. Legitimaci\u00f3n<\/strong> La base legal para el tratamiento de sus datos es el consentimiento del interesado al ponerse en contacto con nosotros o al navegar por nuestra web, as\u00ed como la ejecuci\u00f3n de un contrato de prestaci\u00f3n de servicios en caso de contrataci\u00f3n formal.<\/p>\n\n\n\n<p><strong>4. Conservaci\u00f3n de Datos<\/strong> Los datos personales proporcionados se conservar\u00e1n mientras se mantenga la relaci\u00f3n comercial o durante los a\u00f1os necesarios para cumplir con las obligaciones legales. En el caso de consultas que no lleguen a contrataci\u00f3n, los datos se eliminar\u00e1n en un plazo m\u00e1ximo de 12 meses.<\/p>\n\n\n\n<p><strong>5. Derechos del Usuario<\/strong> Cualquier persona tiene derecho a obtener confirmaci\u00f3n sobre si en Aarvizion estamos tratando sus datos personales. Las personas interesadas tienen derecho a:<\/p>\n\n\n\n<ul class=\"wp-block-list\">\n<li>Acceder a sus datos personales.<\/li>\n\n\n\n<li>Solicitar la rectificaci\u00f3n de datos inexactos.<\/li>\n\n\n\n<li>Solicitar la supresi\u00f3n cuando, entre otros motivos, los datos ya no sean necesarios para los fines que fueron recogidos. Para ejercer estos derechos, debe enviar una solicitud a <strong>aarvizion@gmail.com<\/strong>.<\/li>\n<\/ul>\n","protected":false},"excerpt":{"rendered":"<p>1. Protecci\u00f3n de Datos Aarvizion cumple con las directrices de la normativa vigente en materia de protecci\u00f3n de datos de car\u00e1cter personal. Al utilizar nuestro sitio web o contactarnos por correo electr\u00f3nico, usted acepta el tratamiento de sus datos seg\u00fan esta pol\u00edtica. 2. Finalidad del Tratamiento Los datos personales que se recogen a trav\u00e9s de [&hellip;]<\/p>\n","protected":false},"author":238,"featured_media":0,"parent":0,"menu_order":0,"comment_status":"closed","ping_status":"closed","template":"","meta":{"_acf_changed":false,"inline_featured_image":false,"_genesis_hide_title":false,"_genesis_hide_breadcrumbs":false,"_genesis_hide_singular_image":false,"_genesis_hide_footer_widgets":false,"_genesis_custom_body_class":"","_genesis_custom_post_class":"","_genesis_layout":"","footnotes":""},"class_list":{"0":"post-628","1":"page","2":"type-page","3":"status-publish","5":"entry"},"yoast_head":"<!-- This site is optimized with the Yoast SEO plugin v27.5 - https:\/\/yoast.com\/product\/yoast-seo-wordpress\/ -->\n<title>Pol\u00edtica de Privacidad - AARVIZION<\/title>\n<meta name=\"robots\" content=\"index, follow, max-snippet:-1, max-image-preview:large, max-video-preview:-1\" \/>\n<link rel=\"canonical\" href=\"https:\/\/ezoco.eu\/aarvizion\/politica-de-privacidad\/\" \/>\n<meta property=\"og:locale\" content=\"es_ES\" \/>\n<meta property=\"og:type\" content=\"article\" \/>\n<meta property=\"og:title\" content=\"Pol\u00edtica de Privacidad - AARVIZION\" \/>\n<meta property=\"og:description\" content=\"1. Protecci\u00f3n de Datos Aarvizion cumple con las directrices de la normativa vigente en materia de protecci\u00f3n de datos de car\u00e1cter personal. Al utilizar nuestro sitio web o contactarnos por correo electr\u00f3nico, usted acepta el tratamiento de sus datos seg\u00fan esta pol\u00edtica. 2. Finalidad del Tratamiento Los datos personales que se recogen a trav\u00e9s de [&hellip;]\" \/>\n<meta property=\"og:url\" content=\"https:\/\/ezoco.eu\/aarvizion\/politica-de-privacidad\/\" \/>\n<meta property=\"og:site_name\" content=\"AARVIZION\" \/>\n<meta property=\"article:modified_time\" content=\"2026-01-25T01:32:26+00:00\" \/>\n<meta name=\"twitter:card\" content=\"summary_large_image\" \/>\n<meta name=\"twitter:label1\" content=\"Tiempo de lectura\" \/>\n\t<meta name=\"twitter:data1\" content=\"2 minutos\" \/>\n<script type=\"application\/ld+json\" class=\"yoast-schema-graph\">{\"@context\":\"https:\\\/\\\/schema.org\",\"@graph\":[{\"@type\":\"WebPage\",\"@id\":\"https:\\\/\\\/ezoco.eu\\\/aarvizion\\\/politica-de-privacidad\\\/\",\"url\":\"https:\\\/\\\/ezoco.eu\\\/aarvizion\\\/politica-de-privacidad\\\/\",\"name\":\"Pol\u00edtica de Privacidad - AARVIZION\",\"isPartOf\":{\"@id\":\"https:\\\/\\\/ezoco.eu\\\/aarvizion\\\/#website\"},\"datePublished\":\"2026-01-25T01:32:25+00:00\",\"dateModified\":\"2026-01-25T01:32:26+00:00\",\"breadcrumb\":{\"@id\":\"https:\\\/\\\/ezoco.eu\\\/aarvizion\\\/politica-de-privacidad\\\/#breadcrumb\"},\"inLanguage\":\"es\",\"potentialAction\":[{\"@type\":\"ReadAction\",\"target\":[\"https:\\\/\\\/ezoco.eu\\\/aarvizion\\\/politica-de-privacidad\\\/\"]}]},{\"@type\":\"BreadcrumbList\",\"@id\":\"https:\\\/\\\/ezoco.eu\\\/aarvizion\\\/politica-de-privacidad\\\/#breadcrumb\",\"itemListElement\":[{\"@type\":\"ListItem\",\"position\":1,\"name\":\"Portada\",\"item\":\"https:\\\/\\\/ezoco.eu\\\/aarvizion\\\/\"},{\"@type\":\"ListItem\",\"position\":2,\"name\":\"Pol\u00edtica de Privacidad\"}]},{\"@type\":\"WebSite\",\"@id\":\"https:\\\/\\\/ezoco.eu\\\/aarvizion\\\/#website\",\"url\":\"https:\\\/\\\/ezoco.eu\\\/aarvizion\\\/\",\"name\":\"AARVIZION\",\"description\":\"EDITOR DE V\u00cdDEO PROFESIONAL\",\"publisher\":{\"@id\":\"https:\\\/\\\/ezoco.eu\\\/aarvizion\\\/#organization\"},\"potentialAction\":[{\"@type\":\"SearchAction\",\"target\":{\"@type\":\"EntryPoint\",\"urlTemplate\":\"https:\\\/\\\/ezoco.eu\\\/aarvizion\\\/?s={search_term_string}\"},\"query-input\":{\"@type\":\"PropertyValueSpecification\",\"valueRequired\":true,\"valueName\":\"search_term_string\"}}],\"inLanguage\":\"es\"},{\"@type\":\"Organization\",\"@id\":\"https:\\\/\\\/ezoco.eu\\\/aarvizion\\\/#organization\",\"name\":\"AARVIZION\",\"url\":\"https:\\\/\\\/ezoco.eu\\\/aarvizion\\\/\",\"logo\":{\"@type\":\"ImageObject\",\"inLanguage\":\"es\",\"@id\":\"https:\\\/\\\/ezoco.eu\\\/aarvizion\\\/#\\\/schema\\\/logo\\\/image\\\/\",\"url\":\"https:\\\/\\\/ezoco.eu\\\/aarvizion\\\/wp-content\\\/uploads\\\/sites\\\/204\\\/2025\\\/11\\\/cropped-AARVIZION-1-1.png\",\"contentUrl\":\"https:\\\/\\\/ezoco.eu\\\/aarvizion\\\/wp-content\\\/uploads\\\/sites\\\/204\\\/2025\\\/11\\\/cropped-AARVIZION-1-1.png\",\"width\":326,\"height\":268,\"caption\":\"AARVIZION\"},\"image\":{\"@id\":\"https:\\\/\\\/ezoco.eu\\\/aarvizion\\\/#\\\/schema\\\/logo\\\/image\\\/\"}}]}<\/script>\n<!-- \/ Yoast SEO plugin. -->","yoast_head_json":{"title":"Pol\u00edtica de Privacidad - AARVIZION","robots":{"index":"index","follow":"follow","max-snippet":"max-snippet:-1","max-image-preview":"max-image-preview:large","max-video-preview":"max-video-preview:-1"},"canonical":"https:\/\/ezoco.eu\/aarvizion\/politica-de-privacidad\/","og_locale":"es_ES","og_type":"article","og_title":"Pol\u00edtica de Privacidad - AARVIZION","og_description":"1. Protecci\u00f3n de Datos Aarvizion cumple con las directrices de la normativa vigente en materia de protecci\u00f3n de datos de car\u00e1cter personal. Al utilizar nuestro sitio web o contactarnos por correo electr\u00f3nico, usted acepta el tratamiento de sus datos seg\u00fan esta pol\u00edtica. 2. Finalidad del Tratamiento Los datos personales que se recogen a trav\u00e9s de [&hellip;]","og_url":"https:\/\/ezoco.eu\/aarvizion\/politica-de-privacidad\/","og_site_name":"AARVIZION","article_modified_time":"2026-01-25T01:32:26+00:00","twitter_card":"summary_large_image","twitter_misc":{"Tiempo de lectura":"2 minutos"},"schema":{"@context":"https:\/\/schema.org","@graph":[{"@type":"WebPage","@id":"https:\/\/ezoco.eu\/aarvizion\/politica-de-privacidad\/","url":"https:\/\/ezoco.eu\/aarvizion\/politica-de-privacidad\/","name":"Pol\u00edtica de Privacidad - AARVIZION","isPartOf":{"@id":"https:\/\/ezoco.eu\/aarvizion\/#website"},"datePublished":"2026-01-25T01:32:25+00:00","dateModified":"2026-01-25T01:32:26+00:00","breadcrumb":{"@id":"https:\/\/ezoco.eu\/aarvizion\/politica-de-privacidad\/#breadcrumb"},"inLanguage":"es","potentialAction":[{"@type":"ReadAction","target":["https:\/\/ezoco.eu\/aarvizion\/politica-de-privacidad\/"]}]},{"@type":"BreadcrumbList","@id":"https:\/\/ezoco.eu\/aarvizion\/politica-de-privacidad\/#breadcrumb","itemListElement":[{"@type":"ListItem","position":1,"name":"Portada","item":"https:\/\/ezoco.eu\/aarvizion\/"},{"@type":"ListItem","position":2,"name":"Pol\u00edtica de Privacidad"}]},{"@type":"WebSite","@id":"https:\/\/ezoco.eu\/aarvizion\/#website","url":"https:\/\/ezoco.eu\/aarvizion\/","name":"AARVIZION","description":"EDITOR DE V\u00cdDEO PROFESIONAL","publisher":{"@id":"https:\/\/ezoco.eu\/aarvizion\/#organization"},"potentialAction":[{"@type":"SearchAction","target":{"@type":"EntryPoint","urlTemplate":"https:\/\/ezoco.eu\/aarvizion\/?s={search_term_string}"},"query-input":{"@type":"PropertyValueSpecification","valueRequired":true,"valueName":"search_term_string"}}],"inLanguage":"es"},{"@type":"Organization","@id":"https:\/\/ezoco.eu\/aarvizion\/#organization","name":"AARVIZION","url":"https:\/\/ezoco.eu\/aarvizion\/","logo":{"@type":"ImageObject","inLanguage":"es","@id":"https:\/\/ezoco.eu\/aarvizion\/#\/schema\/logo\/image\/","url":"https:\/\/ezoco.eu\/aarvizion\/wp-content\/uploads\/sites\/204\/2025\/11\/cropped-AARVIZION-1-1.png","contentUrl":"https:\/\/ezoco.eu\/aarvizion\/wp-content\/uploads\/sites\/204\/2025\/11\/cropped-AARVIZION-1-1.png","width":326,"height":268,"caption":"AARVIZION"},"image":{"@id":"https:\/\/ezoco.eu\/aarvizion\/#\/schema\/logo\/image\/"}}]}},"acf":[],"_links":{"self":[{"href":"https:\/\/ezoco.eu\/aarvizion\/wp-json\/wp\/v2\/pages\/628","targetHints":{"allow":["GET"]}}],"collection":[{"href":"https:\/\/ezoco.eu\/aarvizion\/wp-json\/wp\/v2\/pages"}],"about":[{"href":"https:\/\/ezoco.eu\/aarvizion\/wp-json\/wp\/v2\/types\/page"}],"author":[{"embeddable":true,"href":"https:\/\/ezoco.eu\/aarvizion\/wp-json\/wp\/v2\/users\/238"}],"replies":[{"embeddable":true,"href":"https:\/\/ezoco.eu\/aarvizion\/wp-json\/wp\/v2\/comments?post=628"}],"version-history":[{"count":1,"href":"https:\/\/ezoco.eu\/aarvizion\/wp-json\/wp\/v2\/pages\/628\/revisions"}],"predecessor-version":[{"id":629,"href":"https:\/\/ezoco.eu\/aarvizion\/wp-json\/wp\/v2\/pages\/628\/revisions\/629"}],"wp:attachment":[{"href":"https:\/\/ezoco.eu\/aarvizion\/wp-json\/wp\/v2\/media?parent=628"}],"curies":[{"name":"wp","href":"https:\/\/api.w.org\/{rel}","templated":true}]}}