{"id":632,"date":"2026-01-25T02:35:10","date_gmt":"2026-01-25T01:35:10","guid":{"rendered":"https:\/\/ezoco.eu\/aarvizion\/?page_id=632"},"modified":"2026-01-25T02:35:10","modified_gmt":"2026-01-25T01:35:10","slug":"aviso-legal","status":"publish","type":"page","link":"https:\/\/ezoco.eu\/aarvizion\/aviso-legal\/","title":{"rendered":"AVISO LEGAL"},"content":{"rendered":"\n<p><strong>1. Informaci\u00f3n Identificativa<\/strong> En cumplimiento con el deber de informaci\u00f3n general, se hace constar que el sitio web <code>ezoco.eu\/aarvizion\/<\/code> es gestionado por <strong>Aarvizion<\/strong>, con correo electr\u00f3nico de contacto <strong>aarvizion@gmail.com<\/strong>. La actividad principal del sitio es la prestaci\u00f3n de servicios profesionales de postproducci\u00f3n y edici\u00f3n de video.<\/p>\n\n\n\n<p><strong>2. Propiedad Intelectual e Industrial<\/strong> Aarvizion es titular de todos los derechos de propiedad intelectual e industrial de su p\u00e1gina web, as\u00ed como de los elementos contenidos en la misma (a t\u00edtulo enunciativo: im\u00e1genes, sonido, audio, v\u00eddeo, software o textos; marcas o logotipos, combinaciones de colores, estructura y dise\u00f1o). Quedan expresamente prohibidas la reproducci\u00f3n, la distribuci\u00f3n y la comunicaci\u00f3n p\u00fablica, incluida su modalidad de puesta a disposici\u00f3n, de la totalidad o parte de los contenidos de esta p\u00e1gina web con fines comerciales, en cualquier soporte y por cualquier medio t\u00e9cnico, sin la autorizaci\u00f3n de Aarvizion. El usuario se compromete a respetar los derechos de Propiedad Intelectual e Industrial titularidad de Aarvizion.<\/p>\n\n\n\n<p><strong>3. Condiciones de Uso y Responsabilidad<\/strong> El usuario que accede a esta web acepta las condiciones aqu\u00ed expuestas. El uso del sitio web se realiza bajo la propia responsabilidad del usuario. Aarvizion no se hace responsable, en ning\u00fan caso, de los da\u00f1os y perjuicios de cualquier naturaleza que pudieran ocasionar, a t\u00edtulo enunciativo: errores u omisiones en los contenidos, falta de disponibilidad del portal o la transmisi\u00f3n de virus o programas maliciosos o lesivos en los contenidos, a pesar de haber adoptado todas las medidas tecnol\u00f3gicas necesarias para evitarlo.<\/p>\n\n\n\n<p><strong>4. Modificaciones y Enlaces<\/strong> Aarvizion se reserva el derecho de efectuar sin previo aviso las modificaciones que considere oportunas en su portal, pudiendo cambiar, suprimir o a\u00f1adir tanto los contenidos y servicios que se presten a trav\u00e9s de la misma como la forma en la que \u00e9stos aparezcan presentados o localizados en su portal. En el caso de que se dispusiesen enlaces hacia sitios de terceros, Aarvizion no ejercer\u00e1 ning\u00fan tipo de control sobre dichos sitios y contenidos.<\/p>\n","protected":false},"excerpt":{"rendered":"<p>1. Informaci\u00f3n Identificativa En cumplimiento con el deber de informaci\u00f3n general, se hace constar que el sitio web ezoco.eu\/aarvizion\/ es gestionado por Aarvizion, con correo electr\u00f3nico de contacto aarvizion@gmail.com. La actividad principal del sitio es la prestaci\u00f3n de servicios profesionales de postproducci\u00f3n y edici\u00f3n de video. 2. Propiedad Intelectual e Industrial Aarvizion es titular de [&hellip;]<\/p>\n","protected":false},"author":238,"featured_media":0,"parent":0,"menu_order":0,"comment_status":"closed","ping_status":"closed","template":"","meta":{"_acf_changed":false,"inline_featured_image":false,"_genesis_hide_title":false,"_genesis_hide_breadcrumbs":false,"_genesis_hide_singular_image":false,"_genesis_hide_footer_widgets":false,"_genesis_custom_body_class":"","_genesis_custom_post_class":"","_genesis_layout":"","footnotes":""},"class_list":{"0":"post-632","1":"page","2":"type-page","3":"status-publish","5":"entry"},"yoast_head":"<!-- This site is optimized with the Yoast SEO plugin v27.5 - https:\/\/yoast.com\/product\/yoast-seo-wordpress\/ -->\n<title>AVISO LEGAL - AARVIZION<\/title>\n<meta name=\"robots\" content=\"index, follow, max-snippet:-1, max-image-preview:large, max-video-preview:-1\" \/>\n<link rel=\"canonical\" href=\"https:\/\/ezoco.eu\/aarvizion\/aviso-legal\/\" \/>\n<meta property=\"og:locale\" content=\"es_ES\" \/>\n<meta property=\"og:type\" content=\"article\" \/>\n<meta property=\"og:title\" content=\"AVISO LEGAL - AARVIZION\" \/>\n<meta property=\"og:description\" content=\"1. Informaci\u00f3n Identificativa En cumplimiento con el deber de informaci\u00f3n general, se hace constar que el sitio web ezoco.eu\/aarvizion\/ es gestionado por Aarvizion, con correo electr\u00f3nico de contacto aarvizion@gmail.com. La actividad principal del sitio es la prestaci\u00f3n de servicios profesionales de postproducci\u00f3n y edici\u00f3n de video. 2. Propiedad Intelectual e Industrial Aarvizion es titular de [&hellip;]\" \/>\n<meta property=\"og:url\" content=\"https:\/\/ezoco.eu\/aarvizion\/aviso-legal\/\" \/>\n<meta property=\"og:site_name\" content=\"AARVIZION\" \/>\n<meta name=\"twitter:card\" content=\"summary_large_image\" \/>\n<meta name=\"twitter:label1\" content=\"Tiempo de lectura\" \/>\n\t<meta name=\"twitter:data1\" content=\"2 minutos\" \/>\n<script type=\"application\/ld+json\" class=\"yoast-schema-graph\">{\"@context\":\"https:\\\/\\\/schema.org\",\"@graph\":[{\"@type\":\"WebPage\",\"@id\":\"https:\\\/\\\/ezoco.eu\\\/aarvizion\\\/aviso-legal\\\/\",\"url\":\"https:\\\/\\\/ezoco.eu\\\/aarvizion\\\/aviso-legal\\\/\",\"name\":\"AVISO LEGAL - AARVIZION\",\"isPartOf\":{\"@id\":\"https:\\\/\\\/ezoco.eu\\\/aarvizion\\\/#website\"},\"datePublished\":\"2026-01-25T01:35:10+00:00\",\"breadcrumb\":{\"@id\":\"https:\\\/\\\/ezoco.eu\\\/aarvizion\\\/aviso-legal\\\/#breadcrumb\"},\"inLanguage\":\"es\",\"potentialAction\":[{\"@type\":\"ReadAction\",\"target\":[\"https:\\\/\\\/ezoco.eu\\\/aarvizion\\\/aviso-legal\\\/\"]}]},{\"@type\":\"BreadcrumbList\",\"@id\":\"https:\\\/\\\/ezoco.eu\\\/aarvizion\\\/aviso-legal\\\/#breadcrumb\",\"itemListElement\":[{\"@type\":\"ListItem\",\"position\":1,\"name\":\"Portada\",\"item\":\"https:\\\/\\\/ezoco.eu\\\/aarvizion\\\/\"},{\"@type\":\"ListItem\",\"position\":2,\"name\":\"AVISO LEGAL\"}]},{\"@type\":\"WebSite\",\"@id\":\"https:\\\/\\\/ezoco.eu\\\/aarvizion\\\/#website\",\"url\":\"https:\\\/\\\/ezoco.eu\\\/aarvizion\\\/\",\"name\":\"AARVIZION\",\"description\":\"EDITOR DE V\u00cdDEO PROFESIONAL\",\"publisher\":{\"@id\":\"https:\\\/\\\/ezoco.eu\\\/aarvizion\\\/#organization\"},\"potentialAction\":[{\"@type\":\"SearchAction\",\"target\":{\"@type\":\"EntryPoint\",\"urlTemplate\":\"https:\\\/\\\/ezoco.eu\\\/aarvizion\\\/?s={search_term_string}\"},\"query-input\":{\"@type\":\"PropertyValueSpecification\",\"valueRequired\":true,\"valueName\":\"search_term_string\"}}],\"inLanguage\":\"es\"},{\"@type\":\"Organization\",\"@id\":\"https:\\\/\\\/ezoco.eu\\\/aarvizion\\\/#organization\",\"name\":\"AARVIZION\",\"url\":\"https:\\\/\\\/ezoco.eu\\\/aarvizion\\\/\",\"logo\":{\"@type\":\"ImageObject\",\"inLanguage\":\"es\",\"@id\":\"https:\\\/\\\/ezoco.eu\\\/aarvizion\\\/#\\\/schema\\\/logo\\\/image\\\/\",\"url\":\"https:\\\/\\\/ezoco.eu\\\/aarvizion\\\/wp-content\\\/uploads\\\/sites\\\/204\\\/2025\\\/11\\\/cropped-AARVIZION-1-1.png\",\"contentUrl\":\"https:\\\/\\\/ezoco.eu\\\/aarvizion\\\/wp-content\\\/uploads\\\/sites\\\/204\\\/2025\\\/11\\\/cropped-AARVIZION-1-1.png\",\"width\":326,\"height\":268,\"caption\":\"AARVIZION\"},\"image\":{\"@id\":\"https:\\\/\\\/ezoco.eu\\\/aarvizion\\\/#\\\/schema\\\/logo\\\/image\\\/\"}}]}<\/script>\n<!-- \/ Yoast SEO plugin. -->","yoast_head_json":{"title":"AVISO LEGAL - AARVIZION","robots":{"index":"index","follow":"follow","max-snippet":"max-snippet:-1","max-image-preview":"max-image-preview:large","max-video-preview":"max-video-preview:-1"},"canonical":"https:\/\/ezoco.eu\/aarvizion\/aviso-legal\/","og_locale":"es_ES","og_type":"article","og_title":"AVISO LEGAL - AARVIZION","og_description":"1. Informaci\u00f3n Identificativa En cumplimiento con el deber de informaci\u00f3n general, se hace constar que el sitio web ezoco.eu\/aarvizion\/ es gestionado por Aarvizion, con correo electr\u00f3nico de contacto aarvizion@gmail.com. La actividad principal del sitio es la prestaci\u00f3n de servicios profesionales de postproducci\u00f3n y edici\u00f3n de video. 2. Propiedad Intelectual e Industrial Aarvizion es titular de [&hellip;]","og_url":"https:\/\/ezoco.eu\/aarvizion\/aviso-legal\/","og_site_name":"AARVIZION","twitter_card":"summary_large_image","twitter_misc":{"Tiempo de lectura":"2 minutos"},"schema":{"@context":"https:\/\/schema.org","@graph":[{"@type":"WebPage","@id":"https:\/\/ezoco.eu\/aarvizion\/aviso-legal\/","url":"https:\/\/ezoco.eu\/aarvizion\/aviso-legal\/","name":"AVISO LEGAL - AARVIZION","isPartOf":{"@id":"https:\/\/ezoco.eu\/aarvizion\/#website"},"datePublished":"2026-01-25T01:35:10+00:00","breadcrumb":{"@id":"https:\/\/ezoco.eu\/aarvizion\/aviso-legal\/#breadcrumb"},"inLanguage":"es","potentialAction":[{"@type":"ReadAction","target":["https:\/\/ezoco.eu\/aarvizion\/aviso-legal\/"]}]},{"@type":"BreadcrumbList","@id":"https:\/\/ezoco.eu\/aarvizion\/aviso-legal\/#breadcrumb","itemListElement":[{"@type":"ListItem","position":1,"name":"Portada","item":"https:\/\/ezoco.eu\/aarvizion\/"},{"@type":"ListItem","position":2,"name":"AVISO LEGAL"}]},{"@type":"WebSite","@id":"https:\/\/ezoco.eu\/aarvizion\/#website","url":"https:\/\/ezoco.eu\/aarvizion\/","name":"AARVIZION","description":"EDITOR DE V\u00cdDEO PROFESIONAL","publisher":{"@id":"https:\/\/ezoco.eu\/aarvizion\/#organization"},"potentialAction":[{"@type":"SearchAction","target":{"@type":"EntryPoint","urlTemplate":"https:\/\/ezoco.eu\/aarvizion\/?s={search_term_string}"},"query-input":{"@type":"PropertyValueSpecification","valueRequired":true,"valueName":"search_term_string"}}],"inLanguage":"es"},{"@type":"Organization","@id":"https:\/\/ezoco.eu\/aarvizion\/#organization","name":"AARVIZION","url":"https:\/\/ezoco.eu\/aarvizion\/","logo":{"@type":"ImageObject","inLanguage":"es","@id":"https:\/\/ezoco.eu\/aarvizion\/#\/schema\/logo\/image\/","url":"https:\/\/ezoco.eu\/aarvizion\/wp-content\/uploads\/sites\/204\/2025\/11\/cropped-AARVIZION-1-1.png","contentUrl":"https:\/\/ezoco.eu\/aarvizion\/wp-content\/uploads\/sites\/204\/2025\/11\/cropped-AARVIZION-1-1.png","width":326,"height":268,"caption":"AARVIZION"},"image":{"@id":"https:\/\/ezoco.eu\/aarvizion\/#\/schema\/logo\/image\/"}}]}},"acf":[],"_links":{"self":[{"href":"https:\/\/ezoco.eu\/aarvizion\/wp-json\/wp\/v2\/pages\/632","targetHints":{"allow":["GET"]}}],"collection":[{"href":"https:\/\/ezoco.eu\/aarvizion\/wp-json\/wp\/v2\/pages"}],"about":[{"href":"https:\/\/ezoco.eu\/aarvizion\/wp-json\/wp\/v2\/types\/page"}],"author":[{"embeddable":true,"href":"https:\/\/ezoco.eu\/aarvizion\/wp-json\/wp\/v2\/users\/238"}],"replies":[{"embeddable":true,"href":"https:\/\/ezoco.eu\/aarvizion\/wp-json\/wp\/v2\/comments?post=632"}],"version-history":[{"count":1,"href":"https:\/\/ezoco.eu\/aarvizion\/wp-json\/wp\/v2\/pages\/632\/revisions"}],"predecessor-version":[{"id":633,"href":"https:\/\/ezoco.eu\/aarvizion\/wp-json\/wp\/v2\/pages\/632\/revisions\/633"}],"wp:attachment":[{"href":"https:\/\/ezoco.eu\/aarvizion\/wp-json\/wp\/v2\/media?parent=632"}],"curies":[{"name":"wp","href":"https:\/\/api.w.org\/{rel}","templated":true}]}}