{"id":204,"date":"2026-01-26T19:39:52","date_gmt":"2026-01-26T18:39:52","guid":{"rendered":"https:\/\/ezoco.eu\/beaaafitt\/?page_id=204"},"modified":"2026-02-01T23:35:14","modified_gmt":"2026-02-01T22:35:14","slug":"quienes-somos-beaaafitt","status":"publish","type":"page","link":"https:\/\/ezoco.eu\/beaaafitt\/quienes-somos-beaaafitt\/","title":{"rendered":"Qui\u00e9nes somos"},"content":{"rendered":"\t\t<div data-elementor-type=\"wp-page\" data-elementor-id=\"204\" class=\"elementor elementor-204\" data-elementor-post-type=\"page\">\n\t\t\t\t<div class=\"elementor-element elementor-element-94e03d1 e-flex e-con-boxed e-con e-parent\" data-id=\"94e03d1\" data-element_type=\"container\" data-e-type=\"container\">\n\t\t\t\t\t<div class=\"e-con-inner\">\n\t\t\t\t<div class=\"elementor-element elementor-element-57e2d7a elementor-nav-menu__align-end elementor-nav-menu--dropdown-tablet elementor-nav-menu__text-align-aside elementor-nav-menu--toggle elementor-nav-menu--burger elementor-widget elementor-widget-nav-menu\" data-id=\"57e2d7a\" data-element_type=\"widget\" data-e-type=\"widget\" data-settings=\"{&quot;layout&quot;:&quot;horizontal&quot;,&quot;submenu_icon&quot;:{&quot;value&quot;:&quot;&lt;svg aria-hidden=\\&quot;true\\&quot; class=\\&quot;e-font-icon-svg e-fas-caret-down\\&quot; viewBox=\\&quot;0 0 320 512\\&quot; xmlns=\\&quot;http:\\\/\\\/www.w3.org\\\/2000\\\/svg\\&quot;&gt;&lt;path d=\\&quot;M31.3 192h257.3c17.8 0 26.7 21.5 14.1 34.1L174.1 354.8c-7.8 7.8-20.5 7.8-28.3 0L17.2 226.1C4.6 213.5 13.5 192 31.3 192z\\&quot;&gt;&lt;\\\/path&gt;&lt;\\\/svg&gt;&quot;,&quot;library&quot;:&quot;fa-solid&quot;},&quot;toggle&quot;:&quot;burger&quot;}\" data-widget_type=\"nav-menu.default\">\n\t\t\t\t\t\t\t\t<nav aria-label=\"Menu\" class=\"elementor-nav-menu--main elementor-nav-menu__container elementor-nav-menu--layout-horizontal e--pointer-underline e--animation-fade\">\n\t\t\t\t<ul id=\"menu-1-57e2d7a\" class=\"elementor-nav-menu\"><li class=\"menu-item menu-item-type-post_type menu-item-object-page menu-item-home menu-item-81\"><a class=\"elementor-item\" href=\"https:\/\/ezoco.eu\/beaaafitt\/\">Inicio<\/a><\/li>\n<li class=\"menu-item menu-item-type-post_type menu-item-object-page menu-item-416\"><a class=\"elementor-item\" href=\"https:\/\/ezoco.eu\/beaaafitt\/quienes-somos-beaaafitt\/\">Qui\u00e9nes somos<\/a><\/li>\n<li class=\"menu-item menu-item-type-post_type menu-item-object-page menu-item-452\"><a class=\"elementor-item\" href=\"https:\/\/ezoco.eu\/beaaafitt\/servicio-beaaafitt\/\">Servicio<\/a><\/li>\n<li class=\"menu-item menu-item-type-post_type menu-item-object-page menu-item-462\"><a class=\"elementor-item\" href=\"https:\/\/ezoco.eu\/beaaafitt\/propuesta-de-valor-beaaafitt\/\">Propuesta de valor<\/a><\/li>\n<li class=\"menu-item menu-item-type-post_type menu-item-object-page menu-item-has-children menu-item-678\"><a class=\"elementor-item\" href=\"https:\/\/ezoco.eu\/beaaafitt\/propuesta-de-valor-beaaafitt-2\/\">Blog<\/a>\n<ul class=\"sub-menu elementor-nav-menu--dropdown\">\n\t<li class=\"menu-item menu-item-type-taxonomy menu-item-object-category menu-item-679\"><a class=\"elementor-sub-item\" href=\"https:\/\/ezoco.eu\/beaaafitt\/category\/entrenamiento-y-nutricion\/\">Entrenamiento y nutrici\u00f3n<\/a><\/li>\n<\/ul>\n<\/li>\n<li class=\"menu-item menu-item-type-post_type menu-item-object-page menu-item-181\"><a class=\"elementor-item\" href=\"https:\/\/ezoco.eu\/beaaafitt\/contacto-beaaafitt\/\">Contacto<\/a><\/li>\n<\/ul>\t\t\t<\/nav>\n\t\t\t\t\t<div class=\"elementor-menu-toggle\" role=\"button\" tabindex=\"0\" aria-label=\"Menu Toggle\" aria-expanded=\"false\">\n\t\t\t<svg aria-hidden=\"true\" role=\"presentation\" class=\"elementor-menu-toggle__icon--open e-font-icon-svg e-eicon-menu-bar\" viewBox=\"0 0 1000 1000\" xmlns=\"http:\/\/www.w3.org\/2000\/svg\"><path d=\"M104 333H896C929 333 958 304 958 271S929 208 896 208H104C71 208 42 237 42 271S71 333 104 333ZM104 583H896C929 583 958 554 958 521S929 458 896 458H104C71 458 42 487 42 521S71 583 104 583ZM104 833H896C929 833 958 804 958 771S929 708 896 708H104C71 708 42 737 42 771S71 833 104 833Z\"><\/path><\/svg><svg aria-hidden=\"true\" role=\"presentation\" class=\"elementor-menu-toggle__icon--close e-font-icon-svg e-eicon-close\" viewBox=\"0 0 1000 1000\" xmlns=\"http:\/\/www.w3.org\/2000\/svg\"><path d=\"M742 167L500 408 258 167C246 154 233 150 217 150 196 150 179 158 167 167 154 179 150 196 150 212 150 229 154 242 171 254L408 500 167 742C138 771 138 800 167 829 196 858 225 858 254 829L496 587 738 829C750 842 767 846 783 846 800 846 817 842 829 829 842 817 846 804 846 783 846 767 842 750 829 737L588 500 833 258C863 229 863 200 833 171 804 137 775 137 742 167Z\"><\/path><\/svg>\t\t<\/div>\n\t\t\t\t\t<nav class=\"elementor-nav-menu--dropdown elementor-nav-menu__container\" aria-hidden=\"true\">\n\t\t\t\t<ul id=\"menu-2-57e2d7a\" class=\"elementor-nav-menu\"><li class=\"menu-item menu-item-type-post_type menu-item-object-page menu-item-home menu-item-81\"><a class=\"elementor-item\" href=\"https:\/\/ezoco.eu\/beaaafitt\/\" tabindex=\"-1\">Inicio<\/a><\/li>\n<li class=\"menu-item menu-item-type-post_type menu-item-object-page menu-item-416\"><a class=\"elementor-item\" href=\"https:\/\/ezoco.eu\/beaaafitt\/quienes-somos-beaaafitt\/\" tabindex=\"-1\">Qui\u00e9nes somos<\/a><\/li>\n<li class=\"menu-item menu-item-type-post_type menu-item-object-page menu-item-452\"><a class=\"elementor-item\" href=\"https:\/\/ezoco.eu\/beaaafitt\/servicio-beaaafitt\/\" tabindex=\"-1\">Servicio<\/a><\/li>\n<li class=\"menu-item menu-item-type-post_type menu-item-object-page menu-item-462\"><a class=\"elementor-item\" href=\"https:\/\/ezoco.eu\/beaaafitt\/propuesta-de-valor-beaaafitt\/\" tabindex=\"-1\">Propuesta de valor<\/a><\/li>\n<li class=\"menu-item menu-item-type-post_type menu-item-object-page menu-item-has-children menu-item-678\"><a class=\"elementor-item\" href=\"https:\/\/ezoco.eu\/beaaafitt\/propuesta-de-valor-beaaafitt-2\/\" tabindex=\"-1\">Blog<\/a>\n<ul class=\"sub-menu elementor-nav-menu--dropdown\">\n\t<li class=\"menu-item menu-item-type-taxonomy menu-item-object-category menu-item-679\"><a class=\"elementor-sub-item\" href=\"https:\/\/ezoco.eu\/beaaafitt\/category\/entrenamiento-y-nutricion\/\" tabindex=\"-1\">Entrenamiento y nutrici\u00f3n<\/a><\/li>\n<\/ul>\n<\/li>\n<li class=\"menu-item menu-item-type-post_type menu-item-object-page menu-item-181\"><a class=\"elementor-item\" href=\"https:\/\/ezoco.eu\/beaaafitt\/contacto-beaaafitt\/\" tabindex=\"-1\">Contacto<\/a><\/li>\n<\/ul>\t\t\t<\/nav>\n\t\t\t\t\t\t<\/div>\n\t\t\t\t\t<\/div>\n\t\t\t\t<\/div>\n\t\t<div class=\"elementor-element elementor-element-531e6cd e-flex e-con-boxed e-con e-parent\" data-id=\"531e6cd\" data-element_type=\"container\" data-e-type=\"container\">\n\t\t\t\t\t<div class=\"e-con-inner\">\n\t\t\t\t<div class=\"elementor-element elementor-element-e22473e elementor-widget elementor-widget-html\" data-id=\"e22473e\" data-element_type=\"widget\" data-e-type=\"widget\" data-widget_type=\"html.default\">\n\t\t\t\t\t<section class=\"bf-about\" id=\"quienes-somos\">\r\n  <div class=\"bf-wrap\">\r\n\r\n    <!-- HERO -->\r\n    <header class=\"bf-hero\">\r\n      <div class=\"bf-hero__text\">\r\n        <p class=\"bf-kicker\">Beaaafitt<\/p>\r\n        <h1 class=\"bf-title\">Qui\u00e9nes somos<\/h1>\r\n        <p class=\"bf-lead\">\r\n          Beaaafitt es un servicio que une entrenamiento + nutrici\u00f3n online con un m\u00e9todo realista, flexible y adaptado a tu vida.\r\n          Aqu\u00ed no hay dietas milagro ni rutinas imposibles, hay h\u00e1bitos que funcionan.\r\n        <\/p>\r\n\r\n        <div class=\"bf-hero__cta\">\r\n          <a class=\"bf-btn\" href=\"https:\/\/ezoco.eu\/beaaafitt\/contacto\/\">Contactar<\/a>\r\n          <a class=\"bf-btn bf-btn--ghost\" href=\"https:\/\/docs.google.com\/forms\/d\/e\/1FAIpQLSeQ7J5BiJHafOoOgUpR_8_Mjf7vnDvU006P72YHjY_SZGSXFw\/viewform?usp=sharing&amp;ouid=117211630053430822708\" target=\"_blank\" rel=\"noopener\">\r\n            Rellenar formulario\r\n          <\/a>\r\n        <\/div>\r\n      <\/div>\r\n\r\n      <div class=\"bf-hero__media\">\r\n        <div class=\"bf-hero__photo\">\r\n          <img decoding=\"async\" src=\"https:\/\/images.unsplash.com\/photo-1517836357463-d25dfeac3438?w=1600&amp;q=80\" alt=\"Beaaafitt entrenamiento\" loading=\"lazy\">\r\n        <\/div>\r\n      <\/div>\r\n    <\/header>\r\n\r\n    <!-- QU\u00c9 ES BEA.FIT -->\r\n    <section class=\"bf-section bf-what\">\r\n      <div class=\"bf-section__head\">\r\n        <h2>\u00bfQu\u00e9 es Bea.fit?<\/h2>\r\n        <p>Un servicio online de entrenamiento y alimentaci\u00f3n personalizado, con acompa\u00f1amiento y ajustes.<\/p>\r\n      <\/div>\r\n\r\n      <div class=\"bf-what__grid\">\r\n        <article class=\"bf-info\">\r\n          <div class=\"bf-info__icon\">\ud83d\udc69\u200d\ud83d\udcbb<\/div>\r\n          <h3>100% online<\/h3>\r\n          <p>Entrenas desde casa o gimnasio y recibes el plan adaptado a tu tiempo y nivel.<\/p>\r\n        <\/article>\r\n\r\n        <article class=\"bf-info\">\r\n          <div class=\"bf-info__icon\">\ud83e\udd57<\/div>\r\n          <h3>Nutrici\u00f3n pr\u00e1ctica<\/h3>\r\n          <p>Gu\u00edas y recomendaciones realistas para comer mejor sin complicarte.<\/p>\r\n        <\/article>\r\n\r\n        <article class=\"bf-info\">\r\n          <div class=\"bf-info__icon\">\ud83d\udcc8<\/div>\r\n          <h3>Seguimiento<\/h3>\r\n          <p>Revisamos progreso y ajustamos el plan para que avances de forma constante.<\/p>\r\n        <\/article>\r\n      <\/div>\r\n\r\n      <div class=\"bf-what__photoRow\">\r\n        <div class=\"bf-photoCard\">\r\n          <img decoding=\"async\" src=\"https:\/\/images.unsplash.com\/photo-1576678927484-cc907957088c?w=1600&amp;q=80\" alt=\"Planificaci\u00f3n\" loading=\"lazy\">\r\n          <div class=\"bf-photoCard__overlay\">Planificaci\u00f3n realista<\/div>\r\n        <\/div>\r\n        <div class=\"bf-photoCard\">\r\n          <img decoding=\"async\" src=\"https:\/\/images.unsplash.com\/photo-1549576490-b0b4831ef60a?w=1600&amp;q=80\" alt=\"Entrenamiento\" loading=\"lazy\">\r\n          <div class=\"bf-photoCard__overlay\">Entrenamiento adaptado<\/div>\r\n        <\/div>\r\n        <div class=\"bf-photoCard\">\r\n          <img decoding=\"async\" src=\"https:\/\/images.unsplash.com\/photo-1543362906-acfc16c67564?w=1600&amp;q=80\" alt=\"H\u00e1bitos\" loading=\"lazy\">\r\n          <div class=\"bf-photoCard__overlay\">H\u00e1bitos sostenibles<\/div>\r\n        <\/div>\r\n      <\/div>\r\n    <\/section>\r\n\r\n    <!-- MISI\u00d3N Y VISI\u00d3N -->\r\n    <section class=\"bf-section bf-mv\">\r\n      <div class=\"bf-section__head bf-center\">\r\n        <h2>Misi\u00f3n y Visi\u00f3n<\/h2>\r\n        <p>Lo que nos mueve y hacia d\u00f3nde vamos.<\/p>\r\n      <\/div>\r\n\r\n      <div class=\"bf-mv__grid\">\r\n        <article class=\"bf-mvCard bf-mvCard--solid\">\r\n          <div class=\"bf-mvCard__top\">\r\n            <div class=\"bf-mvCard__badge\">Misi\u00f3n<\/div>\r\n          <\/div>\r\n          <p>\r\n            Ayudarte a mejorar tu f\u00edsico y tu salud con planes de entrenamiento y nutrici\u00f3n\r\n            claros, personalizados y sostenibles, para que consigas resultados reales sin dejarte la vida.\r\n          <\/p>\r\n        <\/article>\r\n\r\n        <article class=\"bf-mvCard\">\r\n          <div class=\"bf-mvCard__top\">\r\n            <div class=\"bf-mvCard__badge bf-mvCard__badge--outline\">Visi\u00f3n<\/div>\r\n          <\/div>\r\n          <p>\r\n            Ser una referencia por la cercan\u00eda y el m\u00e9todo realista: que cualquier persona, con su ritmo de vida,\r\n            pueda sentirse fuerte, sana y constante. Evolucionar hacia una comunidad a\u00fan m\u00e1s completa.\r\n          <\/p>\r\n        <\/article>\r\n      <\/div>\r\n    <\/section>\r\n\r\n    <!-- VALORES -->\r\n    <section class=\"bf-section bf-values\">\r\n      <div class=\"bf-section__head\">\r\n        <h2>Valores<\/h2>\r\n        <p>La forma en la que trabajamos contigo, siempre.<\/p>\r\n      <\/div>\r\n\r\n      <div class=\"bf-values__grid\">\r\n        <article class=\"bf-value\">\r\n          <h3>Motivaci\u00f3n<\/h3>\r\n          <p>Te damos claridad y empuje para no abandonar a la primera.<\/p>\r\n        <\/article>\r\n        <article class=\"bf-value\">\r\n          <h3>Cercan\u00eda<\/h3>\r\n          <p>Acompa\u00f1amiento humano, sin postureo y con soluciones reales.<\/p>\r\n        <\/article>\r\n        <article class=\"bf-value\">\r\n          <h3>Naturalidad<\/h3>\r\n          <p>H\u00e1bitos sencillos, aplicables y sin extremos.<\/p>\r\n        <\/article>\r\n        <article class=\"bf-value\">\r\n          <h3>Equilibrio<\/h3>\r\n          <p>Mejorar sin obsesi\u00f3n: constancia &gt; perfecci\u00f3n.<\/p>\r\n        <\/article>\r\n        <article class=\"bf-value\">\r\n          <h3>Superaci\u00f3n<\/h3>\r\n          <p>Progreso medible: ajustes, avances y confianza.<\/p>\r\n        <\/article>\r\n        <article class=\"bf-value\">\r\n          <h3>Realismo<\/h3>\r\n          <p>Un plan que encaja en tu agenda y tu energ\u00eda.<\/p>\r\n        <\/article>\r\n      <\/div>\r\n    <\/section>\r\n\r\n    <!-- C\u00d3MO TRABAJAMOS -->\r\n    <section class=\"bf-section bf-how\">\r\n      <div class=\"bf-section__head bf-center\">\r\n        <h2>C\u00f3mo trabajamos<\/h2>\r\n        <p>Un proceso simple para que avances semana a semana.<\/p>\r\n      <\/div>\r\n\r\n      <div class=\"bf-how__grid\">\r\n        <article class=\"bf-step\">\r\n          <div class=\"bf-step__icon\">\ud83d\udcdd<\/div>\r\n          <h3><span class=\"bf-num\">1)<\/span> Cuestionario<\/h3>\r\n          <p>Objetivo, h\u00e1bitos, tiempo disponible y preferencias. Base real para personalizar.<\/p>\r\n        <\/article>\r\n\r\n        <article class=\"bf-step\">\r\n          <div class=\"bf-step__icon\">\ud83d\udce9<\/div>\r\n          <h3><span class=\"bf-num\">2)<\/span> Entrega del plan<\/h3>\r\n          <p>Recibes tu plan en menos de 48 h por correo o WhatsApp (seg\u00fan prefieras).<\/p>\r\n        <\/article>\r\n\r\n        <article class=\"bf-step\">\r\n          <div class=\"bf-step__icon\">\u2705<\/div>\r\n          <h3><span class=\"bf-num\">3)<\/span> Seguimiento<\/h3>\r\n          <p>Ajustes y soporte para que no lo dejes a la primera semana.<\/p>\r\n        <\/article>\r\n      <\/div>\r\n\r\n<br>\r\n      <div class=\"bf-how__media\">\r\n        <div class=\"bf-how__img\">\r\n          <img decoding=\"async\" src=\"https:\/\/images.unsplash.com\/photo-1554284126-aa88f22d8b74?w=1600&amp;q=80\" alt=\"Seguimiento y progreso\" loading=\"lazy\">\r\n        <\/div>\r\n        <div class=\"bf-how__text\">\r\n          <h3>Tu progreso, guiado<\/h3>\r\n          <p>\r\n            Revisamos lo que funciona y lo que no. Si algo se te hace cuesta arriba, lo adaptamos.\r\n            El objetivo es que avances con constancia y te sientas bien durante el proceso.\r\n          <\/p>\r\n\r\n          <a class=\"bf-btn\" href=\"https:\/\/mailchi.mp\/4862181e4e58\/descargable-beaaafitt\" target=\"_blank\" rel=\"noopener\">\r\n            Descargar dossier gratis\r\n          <\/a>\r\n        <\/div>\r\n      <\/div>\r\n    <\/section>\r\n\r\n  <\/div>\r\n<\/section>\r\n\t\t\t\t<\/div>\n\t\t\t\t\t<\/div>\n\t\t\t\t<\/div>\n\t\t\t\t<\/div>\n\t\t","protected":false},"excerpt":{"rendered":"<p>Beaaafitt Qui\u00e9nes somos Beaaafitt es un servicio que une entrenamiento + nutrici\u00f3n online con un m\u00e9todo realista, flexible y adaptado a tu vida. Aqu\u00ed no hay dietas milagro ni rutinas imposibles, hay h\u00e1bitos que funcionan. Contactar Rellenar formulario \u00bfQu\u00e9 es Bea.fit? Un servicio online de entrenamiento y alimentaci\u00f3n personalizado, con acompa\u00f1amiento y ajustes. \ud83d\udc69\u200d\ud83d\udcbb 100% [&hellip;]<\/p>\n","protected":false},"author":373,"featured_media":0,"parent":0,"menu_order":0,"comment_status":"closed","ping_status":"closed","template":"elementor_canvas","meta":{"inline_featured_image":false,"_genesis_hide_title":false,"_genesis_hide_breadcrumbs":false,"_genesis_hide_singular_image":false,"_genesis_hide_footer_widgets":false,"_genesis_custom_body_class":"","_genesis_custom_post_class":"","_genesis_layout":"","footnotes":""},"class_list":{"0":"post-204","1":"page","2":"type-page","3":"status-publish","5":"entry","6":"has-post-thumbnail"},"yoast_head":"<!-- This site is optimized with the Yoast SEO plugin v27.2 - https:\/\/yoast.com\/product\/yoast-seo-wordpress\/ -->\n<title>Qui\u00e9nes somos - Beaaafitt<\/title>\n<meta name=\"robots\" content=\"index, follow, max-snippet:-1, max-image-preview:large, max-video-preview:-1\" \/>\n<link rel=\"canonical\" href=\"https:\/\/ezoco.eu\/beaaafitt\/quienes-somos-beaaafitt\/\" \/>\n<meta property=\"og:locale\" content=\"es_ES\" \/>\n<meta property=\"og:type\" content=\"article\" \/>\n<meta property=\"og:title\" content=\"Qui\u00e9nes somos - Beaaafitt\" \/>\n<meta property=\"og:description\" content=\"Beaaafitt Qui\u00e9nes somos Beaaafitt es un servicio que une entrenamiento + nutrici\u00f3n online con un m\u00e9todo realista, flexible y adaptado a tu vida. Aqu\u00ed no hay dietas milagro ni rutinas imposibles, hay h\u00e1bitos que funcionan. Contactar Rellenar formulario \u00bfQu\u00e9 es Bea.fit? Un servicio online de entrenamiento y alimentaci\u00f3n personalizado, con acompa\u00f1amiento y ajustes. \ud83d\udc69\u200d\ud83d\udcbb 100% [&hellip;]\" \/>\n<meta property=\"og:url\" content=\"https:\/\/ezoco.eu\/beaaafitt\/quienes-somos-beaaafitt\/\" \/>\n<meta property=\"og:site_name\" content=\"Beaaafitt\" \/>\n<meta property=\"article:modified_time\" content=\"2026-02-01T22:35:14+00:00\" \/>\n<meta property=\"og:image\" content=\"https:\/\/images.unsplash.com\/photo-1517836357463-d25dfeac3438?w=1600&amp;q=80\" \/>\n<meta name=\"twitter:card\" content=\"summary_large_image\" \/>\n<meta name=\"twitter:label1\" content=\"Tiempo de lectura\" \/>\n\t<meta name=\"twitter:data1\" content=\"3 minutos\" \/>\n<script type=\"application\/ld+json\" class=\"yoast-schema-graph\">{\"@context\":\"https:\/\/schema.org\",\"@graph\":[{\"@type\":\"WebPage\",\"@id\":\"https:\/\/ezoco.eu\/beaaafitt\/quienes-somos-beaaafitt\/\",\"url\":\"https:\/\/ezoco.eu\/beaaafitt\/quienes-somos-beaaafitt\/\",\"name\":\"Qui\u00e9nes somos - Beaaafitt\",\"isPartOf\":{\"@id\":\"https:\/\/ezoco.eu\/beaaafitt\/#website\"},\"primaryImageOfPage\":{\"@id\":\"https:\/\/ezoco.eu\/beaaafitt\/quienes-somos-beaaafitt\/#primaryimage\"},\"image\":{\"@id\":\"https:\/\/ezoco.eu\/beaaafitt\/quienes-somos-beaaafitt\/#primaryimage\"},\"thumbnailUrl\":\"https:\/\/images.unsplash.com\/photo-1517836357463-d25dfeac3438?w=1600&amp;q=80\",\"datePublished\":\"2026-01-26T18:39:52+00:00\",\"dateModified\":\"2026-02-01T22:35:14+00:00\",\"breadcrumb\":{\"@id\":\"https:\/\/ezoco.eu\/beaaafitt\/quienes-somos-beaaafitt\/#breadcrumb\"},\"inLanguage\":\"es\",\"potentialAction\":[{\"@type\":\"ReadAction\",\"target\":[\"https:\/\/ezoco.eu\/beaaafitt\/quienes-somos-beaaafitt\/\"]}]},{\"@type\":\"ImageObject\",\"inLanguage\":\"es\",\"@id\":\"https:\/\/ezoco.eu\/beaaafitt\/quienes-somos-beaaafitt\/#primaryimage\",\"url\":\"https:\/\/images.unsplash.com\/photo-1517836357463-d25dfeac3438?w=1600&amp;q=80\",\"contentUrl\":\"https:\/\/images.unsplash.com\/photo-1517836357463-d25dfeac3438?w=1600&amp;q=80\"},{\"@type\":\"BreadcrumbList\",\"@id\":\"https:\/\/ezoco.eu\/beaaafitt\/quienes-somos-beaaafitt\/#breadcrumb\",\"itemListElement\":[{\"@type\":\"ListItem\",\"position\":1,\"name\":\"Portada\",\"item\":\"https:\/\/ezoco.eu\/beaaafitt\/\"},{\"@type\":\"ListItem\",\"position\":2,\"name\":\"Qui\u00e9nes somos\"}]},{\"@type\":\"WebSite\",\"@id\":\"https:\/\/ezoco.eu\/beaaafitt\/#website\",\"url\":\"https:\/\/ezoco.eu\/beaaafitt\/\",\"name\":\"Beaaafitt\",\"description\":\"\",\"potentialAction\":[{\"@type\":\"SearchAction\",\"target\":{\"@type\":\"EntryPoint\",\"urlTemplate\":\"https:\/\/ezoco.eu\/beaaafitt\/?s={search_term_string}\"},\"query-input\":{\"@type\":\"PropertyValueSpecification\",\"valueRequired\":true,\"valueName\":\"search_term_string\"}}],\"inLanguage\":\"es\"}]}<\/script>\n<!-- \/ Yoast SEO plugin. -->","yoast_head_json":{"title":"Qui\u00e9nes somos - Beaaafitt","robots":{"index":"index","follow":"follow","max-snippet":"max-snippet:-1","max-image-preview":"max-image-preview:large","max-video-preview":"max-video-preview:-1"},"canonical":"https:\/\/ezoco.eu\/beaaafitt\/quienes-somos-beaaafitt\/","og_locale":"es_ES","og_type":"article","og_title":"Qui\u00e9nes somos - Beaaafitt","og_description":"Beaaafitt Qui\u00e9nes somos Beaaafitt es un servicio que une entrenamiento + nutrici\u00f3n online con un m\u00e9todo realista, flexible y adaptado a tu vida. Aqu\u00ed no hay dietas milagro ni rutinas imposibles, hay h\u00e1bitos que funcionan. Contactar Rellenar formulario \u00bfQu\u00e9 es Bea.fit? Un servicio online de entrenamiento y alimentaci\u00f3n personalizado, con acompa\u00f1amiento y ajustes. \ud83d\udc69\u200d\ud83d\udcbb 100% [&hellip;]","og_url":"https:\/\/ezoco.eu\/beaaafitt\/quienes-somos-beaaafitt\/","og_site_name":"Beaaafitt","article_modified_time":"2026-02-01T22:35:14+00:00","og_image":[{"url":"https:\/\/images.unsplash.com\/photo-1517836357463-d25dfeac3438?w=1600&amp;q=80","type":"","width":"","height":""}],"twitter_card":"summary_large_image","twitter_misc":{"Tiempo de lectura":"3 minutos"},"schema":{"@context":"https:\/\/schema.org","@graph":[{"@type":"WebPage","@id":"https:\/\/ezoco.eu\/beaaafitt\/quienes-somos-beaaafitt\/","url":"https:\/\/ezoco.eu\/beaaafitt\/quienes-somos-beaaafitt\/","name":"Qui\u00e9nes somos - Beaaafitt","isPartOf":{"@id":"https:\/\/ezoco.eu\/beaaafitt\/#website"},"primaryImageOfPage":{"@id":"https:\/\/ezoco.eu\/beaaafitt\/quienes-somos-beaaafitt\/#primaryimage"},"image":{"@id":"https:\/\/ezoco.eu\/beaaafitt\/quienes-somos-beaaafitt\/#primaryimage"},"thumbnailUrl":"https:\/\/images.unsplash.com\/photo-1517836357463-d25dfeac3438?w=1600&amp;q=80","datePublished":"2026-01-26T18:39:52+00:00","dateModified":"2026-02-01T22:35:14+00:00","breadcrumb":{"@id":"https:\/\/ezoco.eu\/beaaafitt\/quienes-somos-beaaafitt\/#breadcrumb"},"inLanguage":"es","potentialAction":[{"@type":"ReadAction","target":["https:\/\/ezoco.eu\/beaaafitt\/quienes-somos-beaaafitt\/"]}]},{"@type":"ImageObject","inLanguage":"es","@id":"https:\/\/ezoco.eu\/beaaafitt\/quienes-somos-beaaafitt\/#primaryimage","url":"https:\/\/images.unsplash.com\/photo-1517836357463-d25dfeac3438?w=1600&amp;q=80","contentUrl":"https:\/\/images.unsplash.com\/photo-1517836357463-d25dfeac3438?w=1600&amp;q=80"},{"@type":"BreadcrumbList","@id":"https:\/\/ezoco.eu\/beaaafitt\/quienes-somos-beaaafitt\/#breadcrumb","itemListElement":[{"@type":"ListItem","position":1,"name":"Portada","item":"https:\/\/ezoco.eu\/beaaafitt\/"},{"@type":"ListItem","position":2,"name":"Qui\u00e9nes somos"}]},{"@type":"WebSite","@id":"https:\/\/ezoco.eu\/beaaafitt\/#website","url":"https:\/\/ezoco.eu\/beaaafitt\/","name":"Beaaafitt","description":"","potentialAction":[{"@type":"SearchAction","target":{"@type":"EntryPoint","urlTemplate":"https:\/\/ezoco.eu\/beaaafitt\/?s={search_term_string}"},"query-input":{"@type":"PropertyValueSpecification","valueRequired":true,"valueName":"search_term_string"}}],"inLanguage":"es"}]}},"_links":{"self":[{"href":"https:\/\/ezoco.eu\/beaaafitt\/wp-json\/wp\/v2\/pages\/204","targetHints":{"allow":["GET"]}}],"collection":[{"href":"https:\/\/ezoco.eu\/beaaafitt\/wp-json\/wp\/v2\/pages"}],"about":[{"href":"https:\/\/ezoco.eu\/beaaafitt\/wp-json\/wp\/v2\/types\/page"}],"author":[{"embeddable":true,"href":"https:\/\/ezoco.eu\/beaaafitt\/wp-json\/wp\/v2\/users\/373"}],"replies":[{"embeddable":true,"href":"https:\/\/ezoco.eu\/beaaafitt\/wp-json\/wp\/v2\/comments?post=204"}],"version-history":[{"count":25,"href":"https:\/\/ezoco.eu\/beaaafitt\/wp-json\/wp\/v2\/pages\/204\/revisions"}],"predecessor-version":[{"id":778,"href":"https:\/\/ezoco.eu\/beaaafitt\/wp-json\/wp\/v2\/pages\/204\/revisions\/778"}],"wp:attachment":[{"href":"https:\/\/ezoco.eu\/beaaafitt\/wp-json\/wp\/v2\/media?parent=204"}],"curies":[{"name":"wp","href":"https:\/\/api.w.org\/{rel}","templated":true}]}}