{"id":668,"date":"2026-02-01T15:12:20","date_gmt":"2026-02-01T14:12:20","guid":{"rendered":"https:\/\/ezoco.eu\/beaaafitt\/?page_id=668"},"modified":"2026-02-01T22:15:41","modified_gmt":"2026-02-01T21:15:41","slug":"propuesta-de-valor-beaaafitt-2","status":"publish","type":"page","link":"https:\/\/ezoco.eu\/beaaafitt\/propuesta-de-valor-beaaafitt-2\/","title":{"rendered":"Blog"},"content":{"rendered":"\t\t<div data-elementor-type=\"wp-page\" data-elementor-id=\"668\" class=\"elementor elementor-668\" data-elementor-post-type=\"page\">\n\t\t\t\t<div class=\"elementor-element elementor-element-c5ffb43 e-flex e-con-boxed e-con e-parent\" data-id=\"c5ffb43\" data-element_type=\"container\" data-e-type=\"container\">\n\t\t\t\t\t<div class=\"e-con-inner\">\n\t\t\t\t<div class=\"elementor-element elementor-element-e9d3bc5 elementor-nav-menu--dropdown-tablet elementor-nav-menu__text-align-aside elementor-nav-menu--toggle elementor-nav-menu--burger elementor-widget elementor-widget-nav-menu\" data-id=\"e9d3bc5\" data-element_type=\"widget\" data-e-type=\"widget\" data-settings=\"{&quot;layout&quot;:&quot;horizontal&quot;,&quot;submenu_icon&quot;:{&quot;value&quot;:&quot;&lt;svg aria-hidden=\\&quot;true\\&quot; class=\\&quot;e-font-icon-svg e-fas-caret-down\\&quot; viewBox=\\&quot;0 0 320 512\\&quot; xmlns=\\&quot;http:\\\/\\\/www.w3.org\\\/2000\\\/svg\\&quot;&gt;&lt;path d=\\&quot;M31.3 192h257.3c17.8 0 26.7 21.5 14.1 34.1L174.1 354.8c-7.8 7.8-20.5 7.8-28.3 0L17.2 226.1C4.6 213.5 13.5 192 31.3 192z\\&quot;&gt;&lt;\\\/path&gt;&lt;\\\/svg&gt;&quot;,&quot;library&quot;:&quot;fa-solid&quot;},&quot;toggle&quot;:&quot;burger&quot;}\" data-widget_type=\"nav-menu.default\">\n\t\t\t\t\t\t\t\t<nav aria-label=\"Menu\" class=\"elementor-nav-menu--main elementor-nav-menu__container elementor-nav-menu--layout-horizontal e--pointer-underline e--animation-fade\">\n\t\t\t\t<ul id=\"menu-1-e9d3bc5\" class=\"elementor-nav-menu\"><li class=\"menu-item menu-item-type-post_type menu-item-object-page menu-item-home menu-item-81\"><a class=\"elementor-item\" href=\"https:\/\/ezoco.eu\/beaaafitt\/\">Inicio<\/a><\/li>\n<li class=\"menu-item menu-item-type-post_type menu-item-object-page menu-item-416\"><a class=\"elementor-item\" href=\"https:\/\/ezoco.eu\/beaaafitt\/quienes-somos-beaaafitt\/\">Qui\u00e9nes somos<\/a><\/li>\n<li class=\"menu-item menu-item-type-post_type menu-item-object-page menu-item-452\"><a class=\"elementor-item\" href=\"https:\/\/ezoco.eu\/beaaafitt\/servicio-beaaafitt\/\">Servicio<\/a><\/li>\n<li class=\"menu-item menu-item-type-post_type menu-item-object-page menu-item-462\"><a class=\"elementor-item\" href=\"https:\/\/ezoco.eu\/beaaafitt\/propuesta-de-valor-beaaafitt\/\">Propuesta de valor<\/a><\/li>\n<li class=\"menu-item menu-item-type-post_type menu-item-object-page menu-item-has-children menu-item-678\"><a class=\"elementor-item\" href=\"https:\/\/ezoco.eu\/beaaafitt\/propuesta-de-valor-beaaafitt-2\/\">Blog<\/a>\n<ul class=\"sub-menu elementor-nav-menu--dropdown\">\n\t<li class=\"menu-item menu-item-type-taxonomy menu-item-object-category menu-item-679\"><a class=\"elementor-sub-item\" href=\"https:\/\/ezoco.eu\/beaaafitt\/category\/entrenamiento-y-nutricion\/\">Entrenamiento y nutrici\u00f3n<\/a><\/li>\n<\/ul>\n<\/li>\n<li class=\"menu-item menu-item-type-post_type menu-item-object-page menu-item-181\"><a class=\"elementor-item\" href=\"https:\/\/ezoco.eu\/beaaafitt\/contacto-beaaafitt\/\">Contacto<\/a><\/li>\n<\/ul>\t\t\t<\/nav>\n\t\t\t\t\t<div class=\"elementor-menu-toggle\" role=\"button\" tabindex=\"0\" aria-label=\"Menu Toggle\" aria-expanded=\"false\">\n\t\t\t<svg aria-hidden=\"true\" role=\"presentation\" class=\"elementor-menu-toggle__icon--open e-font-icon-svg e-eicon-menu-bar\" viewBox=\"0 0 1000 1000\" xmlns=\"http:\/\/www.w3.org\/2000\/svg\"><path d=\"M104 333H896C929 333 958 304 958 271S929 208 896 208H104C71 208 42 237 42 271S71 333 104 333ZM104 583H896C929 583 958 554 958 521S929 458 896 458H104C71 458 42 487 42 521S71 583 104 583ZM104 833H896C929 833 958 804 958 771S929 708 896 708H104C71 708 42 737 42 771S71 833 104 833Z\"><\/path><\/svg><svg aria-hidden=\"true\" role=\"presentation\" class=\"elementor-menu-toggle__icon--close e-font-icon-svg e-eicon-close\" viewBox=\"0 0 1000 1000\" xmlns=\"http:\/\/www.w3.org\/2000\/svg\"><path d=\"M742 167L500 408 258 167C246 154 233 150 217 150 196 150 179 158 167 167 154 179 150 196 150 212 150 229 154 242 171 254L408 500 167 742C138 771 138 800 167 829 196 858 225 858 254 829L496 587 738 829C750 842 767 846 783 846 800 846 817 842 829 829 842 817 846 804 846 783 846 767 842 750 829 737L588 500 833 258C863 229 863 200 833 171 804 137 775 137 742 167Z\"><\/path><\/svg>\t\t<\/div>\n\t\t\t\t\t<nav class=\"elementor-nav-menu--dropdown elementor-nav-menu__container\" aria-hidden=\"true\">\n\t\t\t\t<ul id=\"menu-2-e9d3bc5\" class=\"elementor-nav-menu\"><li class=\"menu-item menu-item-type-post_type menu-item-object-page menu-item-home menu-item-81\"><a class=\"elementor-item\" href=\"https:\/\/ezoco.eu\/beaaafitt\/\" tabindex=\"-1\">Inicio<\/a><\/li>\n<li class=\"menu-item menu-item-type-post_type menu-item-object-page menu-item-416\"><a class=\"elementor-item\" href=\"https:\/\/ezoco.eu\/beaaafitt\/quienes-somos-beaaafitt\/\" tabindex=\"-1\">Qui\u00e9nes somos<\/a><\/li>\n<li class=\"menu-item menu-item-type-post_type menu-item-object-page menu-item-452\"><a class=\"elementor-item\" href=\"https:\/\/ezoco.eu\/beaaafitt\/servicio-beaaafitt\/\" tabindex=\"-1\">Servicio<\/a><\/li>\n<li class=\"menu-item menu-item-type-post_type menu-item-object-page menu-item-462\"><a class=\"elementor-item\" href=\"https:\/\/ezoco.eu\/beaaafitt\/propuesta-de-valor-beaaafitt\/\" tabindex=\"-1\">Propuesta de valor<\/a><\/li>\n<li class=\"menu-item menu-item-type-post_type menu-item-object-page menu-item-has-children menu-item-678\"><a class=\"elementor-item\" href=\"https:\/\/ezoco.eu\/beaaafitt\/propuesta-de-valor-beaaafitt-2\/\" tabindex=\"-1\">Blog<\/a>\n<ul class=\"sub-menu elementor-nav-menu--dropdown\">\n\t<li class=\"menu-item menu-item-type-taxonomy menu-item-object-category menu-item-679\"><a class=\"elementor-sub-item\" href=\"https:\/\/ezoco.eu\/beaaafitt\/category\/entrenamiento-y-nutricion\/\" tabindex=\"-1\">Entrenamiento y nutrici\u00f3n<\/a><\/li>\n<\/ul>\n<\/li>\n<li class=\"menu-item menu-item-type-post_type menu-item-object-page menu-item-181\"><a class=\"elementor-item\" href=\"https:\/\/ezoco.eu\/beaaafitt\/contacto-beaaafitt\/\" tabindex=\"-1\">Contacto<\/a><\/li>\n<\/ul>\t\t\t<\/nav>\n\t\t\t\t\t\t<\/div>\n\t\t\t\t\t<\/div>\n\t\t\t\t<\/div>\n\t\t<div class=\"elementor-element elementor-element-9fdb125 e-flex e-con-boxed e-con e-parent\" data-id=\"9fdb125\" data-element_type=\"container\" data-e-type=\"container\">\n\t\t\t\t\t<div class=\"e-con-inner\">\n\t\t\t\t<div class=\"elementor-element elementor-element-413d7ea elementor-widget elementor-widget-html\" data-id=\"413d7ea\" data-element_type=\"widget\" data-e-type=\"widget\" data-widget_type=\"html.default\">\n\t\t\t\t\t<section class=\"page-header\">\r\n  <span class=\"brand-mini\">BEAAAFITT<\/span>\r\n  <h1 class=\"page-title\">Blog<\/h1>\r\n<\/section>\r\n\t\t\t\t<\/div>\n\t\t\t\t\t<\/div>\n\t\t\t\t<\/div>\n\t\t<div class=\"elementor-element elementor-element-4a48d13 e-flex e-con-boxed e-con e-parent\" data-id=\"4a48d13\" data-element_type=\"container\" data-e-type=\"container\">\n\t\t\t\t\t<div class=\"e-con-inner\">\n\t\t\t\t<div class=\"elementor-element elementor-element-afebf05 elementor-grid-2 elementor-grid-tablet-2 elementor-grid-mobile-1 elementor-posts--thumbnail-top elementor-posts--show-avatar elementor-card-shadow-yes elementor-posts__hover-gradient elementor-widget elementor-widget-posts\" data-id=\"afebf05\" data-element_type=\"widget\" data-e-type=\"widget\" data-settings=\"{&quot;cards_columns&quot;:&quot;2&quot;,&quot;cards_columns_tablet&quot;:&quot;2&quot;,&quot;cards_columns_mobile&quot;:&quot;1&quot;,&quot;cards_row_gap&quot;:{&quot;unit&quot;:&quot;px&quot;,&quot;size&quot;:35,&quot;sizes&quot;:[]},&quot;cards_row_gap_tablet&quot;:{&quot;unit&quot;:&quot;px&quot;,&quot;size&quot;:&quot;&quot;,&quot;sizes&quot;:[]},&quot;cards_row_gap_mobile&quot;:{&quot;unit&quot;:&quot;px&quot;,&quot;size&quot;:&quot;&quot;,&quot;sizes&quot;:[]}}\" data-widget_type=\"posts.cards\">\n\t\t\t\t<div class=\"elementor-widget-container\">\n\t\t\t\t\t\t\t<div class=\"elementor-posts-container elementor-posts elementor-posts--skin-cards elementor-grid\" role=\"list\">\n\t\t\t\t<article class=\"elementor-post elementor-grid-item post-666 post type-post status-publish format-standard category-entrenamiento-y-nutricion category-sin-categoria entry\" role=\"listitem\">\n\t\t\t<div class=\"elementor-post__card\">\n\t\t\t\t<div class=\"elementor-post__text\">\n\t\t\t\t<h3 class=\"elementor-post__title\">\n\t\t\t<a href=\"https:\/\/ezoco.eu\/beaaafitt\/nutricion-con-beaaafitt-2\/\" >\n\t\t\t\tEntrenamiento en el gimnasio: c\u00f3mo lograr resultados reales con un plan bien estructurado\t\t\t<\/a>\n\t\t<\/h3>\n\t\t\t\t<div class=\"elementor-post__excerpt\">\n\t\t\t<p>Entrenar en el gimnasio no solo trata de levantar pesas. Para obtener resultados reales es necesario seguir una planificaci\u00f3n adecuada, entender c\u00f3mo funciona el cuerpo<\/p>\n\t\t<\/div>\n\t\t\n\t\t<a class=\"elementor-post__read-more\" href=\"https:\/\/ezoco.eu\/beaaafitt\/nutricion-con-beaaafitt-2\/\" aria-label=\"Read more about Entrenamiento en el gimnasio: c\u00f3mo lograr resultados reales con un plan bien estructurado\" tabindex=\"-1\" >\n\t\t\tLeer m\u00e1s \u00bb\t\t<\/a>\n\n\t\t\t\t<\/div>\n\t\t\t\t<div class=\"elementor-post__meta-data\">\n\t\t\t\t\t<span class=\"elementor-post-date\">\n\t\t\t1 de febrero de 2026\t\t<\/span>\n\t\t\t\t<span class=\"elementor-post-avatar\">\n\t\t\tNo hay comentarios\t\t<\/span>\n\t\t\t\t<\/div>\n\t\t\t\t\t<\/div>\n\t\t<\/article>\n\t\t\t\t<article class=\"elementor-post elementor-grid-item post-664 post type-post status-publish format-standard category-entrenamiento-y-nutricion category-sin-categoria entry\" role=\"listitem\">\n\t\t\t<div class=\"elementor-post__card\">\n\t\t\t\t<div class=\"elementor-post__text\">\n\t\t\t\t<h3 class=\"elementor-post__title\">\n\t\t\t<a href=\"https:\/\/ezoco.eu\/beaaafitt\/nutricion-con-beaaafitt\/\" >\n\t\t\t\tNutrici\u00f3n para el gimnasio: la gu\u00eda completa para entrenar mejor y ver resultados reales\t\t\t<\/a>\n\t\t<\/h3>\n\t\t\t\t<div class=\"elementor-post__excerpt\">\n\t\t\t<p>La nutrici\u00f3n es un pilar esencial para conseguir resultados en el gimnasio. Muchas personas entrenan duro varias veces por semana, pero no logran avanzar como<\/p>\n\t\t<\/div>\n\t\t\n\t\t<a class=\"elementor-post__read-more\" href=\"https:\/\/ezoco.eu\/beaaafitt\/nutricion-con-beaaafitt\/\" aria-label=\"Read more about Nutrici\u00f3n para el gimnasio: la gu\u00eda completa para entrenar mejor y ver resultados reales\" tabindex=\"-1\" >\n\t\t\tLeer m\u00e1s \u00bb\t\t<\/a>\n\n\t\t\t\t<\/div>\n\t\t\t\t<div class=\"elementor-post__meta-data\">\n\t\t\t\t\t<span class=\"elementor-post-date\">\n\t\t\t1 de febrero de 2026\t\t<\/span>\n\t\t\t\t<span class=\"elementor-post-avatar\">\n\t\t\tNo hay comentarios\t\t<\/span>\n\t\t\t\t<\/div>\n\t\t\t\t\t<\/div>\n\t\t<\/article>\n\t\t\t\t<\/div>\n\t\t\n\t\t\t\t\t\t<\/div>\n\t\t\t\t<\/div>\n\t\t\t\t\t<\/div>\n\t\t\t\t<\/div>\n\t\t<div class=\"elementor-element elementor-element-c0ad003 e-flex e-con-boxed e-con e-parent\" data-id=\"c0ad003\" data-element_type=\"container\" data-e-type=\"container\">\n\t\t\t\t\t<div class=\"e-con-inner\">\n\t\t<div class=\"elementor-element elementor-element-ada7aea e-con-full e-flex e-con e-child\" data-id=\"ada7aea\" data-element_type=\"container\" data-e-type=\"container\">\n\t\t\t\t<div class=\"elementor-element elementor-element-2dfab92 elementor-widget elementor-widget-html\" data-id=\"2dfab92\" data-element_type=\"widget\" data-e-type=\"widget\" data-widget_type=\"html.default\">\n\t\t\t\t\t<section class=\"bf-news\">\r\n\r\n  <header class=\"bf-news__header\">\r\n    <div class=\"bf-news__tag\">NOTICIAS<\/div>\r\n\r\n    <h2 class=\"bf-news__title\">\r\n      Tu mundo de <em>fitness<\/em><br \/>siempre actualizado\r\n    <\/h2>\r\n\r\n    <p class=\"bf-news__sub\">\r\n      Las \u00faltimas tendencias en entrenamiento, nutrici\u00f3n y bienestar.\r\n    <\/p>\r\n  <\/header>\r\n\r\n  <nav class=\"bf-news__filters\" aria-label=\"Filtros\">\r\n    <span class=\"bf-news__pill bf-news__pill--active\">Todas<\/span>\r\n    <span class=\"bf-news__pill\">Entrenamiento<\/span>\r\n    <span class=\"bf-news__pill\">Nutrici\u00f3n<\/span>\r\n    <span class=\"bf-news__pill\">Recuperaci\u00f3n<\/span>\r\n  <\/nav>\r\n\r\n  <div class=\"bf-news__grid\">\r\n\r\n    <a class=\"bf-news__card\" href=\"https:\/\/acsm.org\/top-fitness-trends-2026\/\" target=\"_blank\" rel=\"noopener noreferrer\">\r\n      <div class=\"bf-news__icon\" aria-hidden=\"true\"><span>\ud83c\udfcb\ufe0f\u200d\u2640\ufe0f<\/span><\/div>\r\n      <div class=\"bf-news__top\">\r\n        <span class=\"bf-news__badge\">ENTRENAMIENTO<\/span>\r\n        <span class=\"bf-news__num\">#01<\/span>\r\n      <\/div>\r\n      <h3 class=\"bf-news__cardtitle\">Entrenamiento funcional: moverte mejor cada d\u00eda<\/h3>\r\n      <p class=\"bf-news__desc\">Sentadillas, estocadas y acarreos funcionales mejoran el rendimiento en actividades cotidianas. Un b\u00e1sico para ganar fuerza \u00fatil y prevenir lesiones.<\/p>\r\n      <div class=\"bf-news__meta\">\r\n        <span>Hace 3 d\u00edas<\/span><span class=\"bf-news__dot\"><\/span><span>1 min lectura<\/span>\r\n        <span class=\"bf-news__cta\" aria-hidden=\"true\">\u2192<\/span>\r\n      <\/div>\r\n    <\/a>\r\n\r\n    <a class=\"bf-news__card\" href=\"https:\/\/www.theglobeandmail.com\/life\/health-and-fitness\/article-four-nutrition-trends-to-watch-in-2026\/\" target=\"_blank\" rel=\"noopener noreferrer\">\r\n      <div class=\"bf-news__icon\" aria-hidden=\"true\"><span>\ud83e\udd57<\/span><\/div>\r\n      <div class=\"bf-news__top\">\r\n        <span class=\"bf-news__badge\">NUTRICI\u00d3N<\/span>\r\n        <span class=\"bf-news__num\">#02<\/span>\r\n      <\/div>\r\n      <h3 class=\"bf-news__cardtitle\">Prote\u00edna y fibra: pilares nutricionales<\/h3>\r\n      <p class=\"bf-news__desc\">Aumentar prote\u00edna ayuda a mantener m\u00fasculo y saciedad. La fibra mejora digesti\u00f3n y regula el apetito. La combinaci\u00f3n es clave para recomposici\u00f3n corporal.<\/p>\r\n      <div class=\"bf-news__meta\">\r\n        <span>Hace 5 horas<\/span><span class=\"bf-news__dot\"><\/span><span>1 min lectura<\/span>\r\n        <span class=\"bf-news__cta\" aria-hidden=\"true\">\u2192<\/span>\r\n      <\/div>\r\n    <\/a>\r\n\r\n    <a class=\"bf-news__card\" href=\"https:\/\/www.cosmopolitan.com\/uk\/body\/health\/a69878186\/health-fitness-wellness-trends-2026\/\" target=\"_blank\" rel=\"noopener noreferrer\">\r\n      <div class=\"bf-news__icon\" aria-hidden=\"true\"><span>\ud83d\udc6f\u200d\u2640\ufe0f<\/span><\/div>\r\n      <div class=\"bf-news__top\">\r\n        <span class=\"bf-news__badge\">RECUPERACI\u00d3N<\/span>\r\n        <span class=\"bf-news__num\">#03<\/span>\r\n      <\/div>\r\n      <h3 class=\"bf-news__cardtitle\">Fitness social: entrenar en comunidad<\/h3>\r\n      <p class=\"bf-news__desc\">Entrenar con gente aumenta adherencia y motivaci\u00f3n. Clases en grupo y retos amistosos refuerzan la constancia y el bienestar emocional.<\/p>\r\n      <div class=\"bf-news__meta\">\r\n        <span>Hace 2 d\u00edas<\/span><span class=\"bf-news__dot\"><\/span><span>1 min lectura<\/span>\r\n        <span class=\"bf-news__cta\" aria-hidden=\"true\">\u2192<\/span>\r\n      <\/div>\r\n    <\/a>\r\n\r\n    <a class=\"bf-news__card\" href=\"https:\/\/premiummedicalcircle.com\/en\/artikel\/5-fitness-trends-for-2026-the-revolution-of-training-is-approaching\" target=\"_blank\" rel=\"noopener noreferrer\">\r\n      <div class=\"bf-news__icon\" aria-hidden=\"true\"><span>\u23f1\ufe0f<\/span><\/div>\r\n      <div class=\"bf-news__top\">\r\n        <span class=\"bf-news__badge\">ENTRENAMIENTO<\/span>\r\n        <span class=\"bf-news__num\">#04<\/span>\r\n      <\/div>\r\n      <h3 class=\"bf-news__cardtitle\">Micro-entrenamientos de 5 a 15 minutos<\/h3>\r\n      <p class=\"bf-news__desc\">Sesiones cortas, optimizadas y con intenci\u00f3n. Perfectas para agendas apretadas sin renunciar a mejorar fuerza, movilidad y condici\u00f3n.<\/p>\r\n      <div class=\"bf-news__meta\">\r\n        <span>Hace 1 d\u00eda<\/span><span class=\"bf-news__dot\"><\/span><span>1 min lectura<\/span>\r\n        <span class=\"bf-news__cta\" aria-hidden=\"true\">\u2192<\/span>\r\n      <\/div>\r\n    <\/a>\r\n\r\n    <a class=\"bf-news__card\" href=\"https:\/\/meetglimpse.com\/trends\/fitness-trends\/\" target=\"_blank\" rel=\"noopener noreferrer\">\r\n      <div class=\"bf-news__icon\" aria-hidden=\"true\"><span>\ud83c\udf6b<\/span><\/div>\r\n      <div class=\"bf-news__top\">\r\n        <span class=\"bf-news__badge\">NUTRICI\u00d3N<\/span>\r\n        <span class=\"bf-news__num\">#05<\/span>\r\n      <\/div>\r\n      <h3 class=\"bf-news__cardtitle\">High-protein snacks: aperitivos saludables<\/h3>\r\n      <p class=\"bf-news__desc\">Elige opciones con buena prote\u00edna y pocos az\u00facares. \u00dasalos como apoyo entre comidas, pero prioriza siempre comida real y h\u00e1bitos.<\/p>\r\n      <div class=\"bf-news__meta\">\r\n        <span>Hace 4 d\u00edas<\/span><span class=\"bf-news__dot\"><\/span><span>1 min lectura<\/span>\r\n        <span class=\"bf-news__cta\" aria-hidden=\"true\">\u2192<\/span>\r\n      <\/div>\r\n    <\/a>\r\n\r\n    <a class=\"bf-news__card\" href=\"https:\/\/www.goldsgym.com\/blog\/2026-fitness-trends\/\" target=\"_blank\" rel=\"noopener noreferrer\">\r\n      <div class=\"bf-news__icon\" aria-hidden=\"true\"><span>\ud83e\uddca<\/span><\/div>\r\n      <div class=\"bf-news__top\">\r\n        <span class=\"bf-news__badge\">RECUPERACI\u00d3N<\/span>\r\n        <span class=\"bf-news__num\">#06<\/span>\r\n      <\/div>\r\n      <h3 class=\"bf-news__cardtitle\">Recuperaci\u00f3n activa: el entrenamiento invisible<\/h3>\r\n      <p class=\"bf-news__desc\">Dormir, movilidad y descanso planificado mejoran rendimiento. La recuperaci\u00f3n se planifica: es lo que te permite progresar de verdad.<\/p>\r\n      <div class=\"bf-news__meta\">\r\n        <span>Hace 2 horas<\/span><span class=\"bf-news__dot\"><\/span><span>1 min lectura<\/span>\r\n        <span class=\"bf-news__cta\" aria-hidden=\"true\">\u2192<\/span>\r\n      <\/div>\r\n    <\/a>\r\n\r\n  <\/div>\r\n\r\n  <div class=\"bf-news__live\">\r\n    <span class=\"bf-news__pulse\"><\/span>\r\n    <span class=\"bf-news__livetext\">Noticias seleccionadas<\/span>\r\n  <\/div>\r\n\r\n<\/section>\r\n\t\t\t\t<\/div>\n\t\t\t\t<\/div>\n\t\t\t\t\t<\/div>\n\t\t\t\t<\/div>\n\t\t\t\t<\/div>\n\t\t","protected":false},"excerpt":{"rendered":"<p>BEAAAFITT Blog NOTICIAS Tu mundo de fitnesssiempre actualizado Las \u00faltimas tendencias en entrenamiento, nutrici\u00f3n y bienestar. Todas Entrenamiento Nutrici\u00f3n Recuperaci\u00f3n \ud83c\udfcb\ufe0f\u200d\u2640\ufe0f ENTRENAMIENTO #01 Entrenamiento funcional: moverte mejor cada d\u00eda Sentadillas, estocadas y acarreos funcionales mejoran el rendimiento en actividades cotidianas. Un b\u00e1sico para ganar fuerza \u00fatil y prevenir lesiones. Hace 3 d\u00edas1 min lectura \u2192 [&hellip;]<\/p>\n","protected":false},"author":373,"featured_media":0,"parent":0,"menu_order":0,"comment_status":"closed","ping_status":"closed","template":"elementor_canvas","meta":{"inline_featured_image":false,"_genesis_hide_title":false,"_genesis_hide_breadcrumbs":false,"_genesis_hide_singular_image":false,"_genesis_hide_footer_widgets":false,"_genesis_custom_body_class":"","_genesis_custom_post_class":"","_genesis_layout":"","footnotes":""},"class_list":{"0":"post-668","1":"page","2":"type-page","3":"status-publish","5":"entry"},"yoast_head":"<!-- This site is optimized with the Yoast SEO plugin v27.2 - https:\/\/yoast.com\/product\/yoast-seo-wordpress\/ -->\n<title>Propuesta de valor Beaaafitt<\/title>\n<meta name=\"robots\" content=\"index, follow, max-snippet:-1, max-image-preview:large, max-video-preview:-1\" \/>\n<link rel=\"canonical\" href=\"https:\/\/ezoco.eu\/beaaafitt\/propuesta-de-valor-beaaafitt-2\/\" \/>\n<meta property=\"og:locale\" content=\"es_ES\" \/>\n<meta property=\"og:type\" content=\"article\" \/>\n<meta property=\"og:title\" content=\"Propuesta de valor Beaaafitt\" \/>\n<meta property=\"og:description\" content=\"BEAAAFITT Blog NOTICIAS Tu mundo de fitnesssiempre actualizado Las \u00faltimas tendencias en entrenamiento, nutrici\u00f3n y bienestar. Todas Entrenamiento Nutrici\u00f3n Recuperaci\u00f3n \ud83c\udfcb\ufe0f\u200d\u2640\ufe0f ENTRENAMIENTO #01 Entrenamiento funcional: moverte mejor cada d\u00eda Sentadillas, estocadas y acarreos funcionales mejoran el rendimiento en actividades cotidianas. Un b\u00e1sico para ganar fuerza \u00fatil y prevenir lesiones. Hace 3 d\u00edas1 min lectura \u2192 [&hellip;]\" \/>\n<meta property=\"og:url\" content=\"https:\/\/ezoco.eu\/beaaafitt\/propuesta-de-valor-beaaafitt-2\/\" \/>\n<meta property=\"og:site_name\" content=\"Beaaafitt\" \/>\n<meta property=\"article:modified_time\" content=\"2026-02-01T21:15:41+00:00\" \/>\n<meta name=\"twitter:card\" content=\"summary_large_image\" \/>\n<meta name=\"twitter:label1\" content=\"Tiempo de lectura\" \/>\n\t<meta name=\"twitter:data1\" content=\"2 minutos\" \/>\n<script type=\"application\/ld+json\" class=\"yoast-schema-graph\">{\"@context\":\"https:\/\/schema.org\",\"@graph\":[{\"@type\":\"WebPage\",\"@id\":\"https:\/\/ezoco.eu\/beaaafitt\/propuesta-de-valor-beaaafitt-2\/\",\"url\":\"https:\/\/ezoco.eu\/beaaafitt\/propuesta-de-valor-beaaafitt-2\/\",\"name\":\"Propuesta de valor Beaaafitt\",\"isPartOf\":{\"@id\":\"https:\/\/ezoco.eu\/beaaafitt\/#website\"},\"datePublished\":\"2026-02-01T14:12:20+00:00\",\"dateModified\":\"2026-02-01T21:15:41+00:00\",\"breadcrumb\":{\"@id\":\"https:\/\/ezoco.eu\/beaaafitt\/propuesta-de-valor-beaaafitt-2\/#breadcrumb\"},\"inLanguage\":\"es\",\"potentialAction\":[{\"@type\":\"ReadAction\",\"target\":[\"https:\/\/ezoco.eu\/beaaafitt\/propuesta-de-valor-beaaafitt-2\/\"]}]},{\"@type\":\"BreadcrumbList\",\"@id\":\"https:\/\/ezoco.eu\/beaaafitt\/propuesta-de-valor-beaaafitt-2\/#breadcrumb\",\"itemListElement\":[{\"@type\":\"ListItem\",\"position\":1,\"name\":\"Portada\",\"item\":\"https:\/\/ezoco.eu\/beaaafitt\/\"},{\"@type\":\"ListItem\",\"position\":2,\"name\":\"Blog\"}]},{\"@type\":\"WebSite\",\"@id\":\"https:\/\/ezoco.eu\/beaaafitt\/#website\",\"url\":\"https:\/\/ezoco.eu\/beaaafitt\/\",\"name\":\"Beaaafitt\",\"description\":\"\",\"potentialAction\":[{\"@type\":\"SearchAction\",\"target\":{\"@type\":\"EntryPoint\",\"urlTemplate\":\"https:\/\/ezoco.eu\/beaaafitt\/?s={search_term_string}\"},\"query-input\":{\"@type\":\"PropertyValueSpecification\",\"valueRequired\":true,\"valueName\":\"search_term_string\"}}],\"inLanguage\":\"es\"}]}<\/script>\n<!-- \/ Yoast SEO plugin. -->","yoast_head_json":{"title":"Propuesta de valor Beaaafitt","robots":{"index":"index","follow":"follow","max-snippet":"max-snippet:-1","max-image-preview":"max-image-preview:large","max-video-preview":"max-video-preview:-1"},"canonical":"https:\/\/ezoco.eu\/beaaafitt\/propuesta-de-valor-beaaafitt-2\/","og_locale":"es_ES","og_type":"article","og_title":"Propuesta de valor Beaaafitt","og_description":"BEAAAFITT Blog NOTICIAS Tu mundo de fitnesssiempre actualizado Las \u00faltimas tendencias en entrenamiento, nutrici\u00f3n y bienestar. Todas Entrenamiento Nutrici\u00f3n Recuperaci\u00f3n \ud83c\udfcb\ufe0f\u200d\u2640\ufe0f ENTRENAMIENTO #01 Entrenamiento funcional: moverte mejor cada d\u00eda Sentadillas, estocadas y acarreos funcionales mejoran el rendimiento en actividades cotidianas. Un b\u00e1sico para ganar fuerza \u00fatil y prevenir lesiones. Hace 3 d\u00edas1 min lectura \u2192 [&hellip;]","og_url":"https:\/\/ezoco.eu\/beaaafitt\/propuesta-de-valor-beaaafitt-2\/","og_site_name":"Beaaafitt","article_modified_time":"2026-02-01T21:15:41+00:00","twitter_card":"summary_large_image","twitter_misc":{"Tiempo de lectura":"2 minutos"},"schema":{"@context":"https:\/\/schema.org","@graph":[{"@type":"WebPage","@id":"https:\/\/ezoco.eu\/beaaafitt\/propuesta-de-valor-beaaafitt-2\/","url":"https:\/\/ezoco.eu\/beaaafitt\/propuesta-de-valor-beaaafitt-2\/","name":"Propuesta de valor Beaaafitt","isPartOf":{"@id":"https:\/\/ezoco.eu\/beaaafitt\/#website"},"datePublished":"2026-02-01T14:12:20+00:00","dateModified":"2026-02-01T21:15:41+00:00","breadcrumb":{"@id":"https:\/\/ezoco.eu\/beaaafitt\/propuesta-de-valor-beaaafitt-2\/#breadcrumb"},"inLanguage":"es","potentialAction":[{"@type":"ReadAction","target":["https:\/\/ezoco.eu\/beaaafitt\/propuesta-de-valor-beaaafitt-2\/"]}]},{"@type":"BreadcrumbList","@id":"https:\/\/ezoco.eu\/beaaafitt\/propuesta-de-valor-beaaafitt-2\/#breadcrumb","itemListElement":[{"@type":"ListItem","position":1,"name":"Portada","item":"https:\/\/ezoco.eu\/beaaafitt\/"},{"@type":"ListItem","position":2,"name":"Blog"}]},{"@type":"WebSite","@id":"https:\/\/ezoco.eu\/beaaafitt\/#website","url":"https:\/\/ezoco.eu\/beaaafitt\/","name":"Beaaafitt","description":"","potentialAction":[{"@type":"SearchAction","target":{"@type":"EntryPoint","urlTemplate":"https:\/\/ezoco.eu\/beaaafitt\/?s={search_term_string}"},"query-input":{"@type":"PropertyValueSpecification","valueRequired":true,"valueName":"search_term_string"}}],"inLanguage":"es"}]}},"_links":{"self":[{"href":"https:\/\/ezoco.eu\/beaaafitt\/wp-json\/wp\/v2\/pages\/668","targetHints":{"allow":["GET"]}}],"collection":[{"href":"https:\/\/ezoco.eu\/beaaafitt\/wp-json\/wp\/v2\/pages"}],"about":[{"href":"https:\/\/ezoco.eu\/beaaafitt\/wp-json\/wp\/v2\/types\/page"}],"author":[{"embeddable":true,"href":"https:\/\/ezoco.eu\/beaaafitt\/wp-json\/wp\/v2\/users\/373"}],"replies":[{"embeddable":true,"href":"https:\/\/ezoco.eu\/beaaafitt\/wp-json\/wp\/v2\/comments?post=668"}],"version-history":[{"count":67,"href":"https:\/\/ezoco.eu\/beaaafitt\/wp-json\/wp\/v2\/pages\/668\/revisions"}],"predecessor-version":[{"id":744,"href":"https:\/\/ezoco.eu\/beaaafitt\/wp-json\/wp\/v2\/pages\/668\/revisions\/744"}],"wp:attachment":[{"href":"https:\/\/ezoco.eu\/beaaafitt\/wp-json\/wp\/v2\/media?parent=668"}],"curies":[{"name":"wp","href":"https:\/\/api.w.org\/{rel}","templated":true}]}}