{"id":88,"date":"2026-01-19T19:30:36","date_gmt":"2026-01-19T18:30:36","guid":{"rendered":"https:\/\/ezoco.eu\/beaaafitt\/?page_id=88"},"modified":"2026-02-06T23:52:20","modified_gmt":"2026-02-06T22:52:20","slug":"contacto-beaaafitt","status":"publish","type":"page","link":"https:\/\/ezoco.eu\/beaaafitt\/contacto-beaaafitt\/","title":{"rendered":"Contacto"},"content":{"rendered":"\t\t<div data-elementor-type=\"wp-page\" data-elementor-id=\"88\" class=\"elementor elementor-88\" data-elementor-post-type=\"page\">\n\t\t\t\t<div class=\"elementor-element elementor-element-7570525 e-flex e-con-boxed e-con e-parent\" data-id=\"7570525\" data-element_type=\"container\" data-e-type=\"container\">\n\t\t\t\t\t<div class=\"e-con-inner\">\n\t\t\t\t<div class=\"elementor-element elementor-element-b055961 elementor-nav-menu--dropdown-tablet elementor-nav-menu__text-align-aside elementor-nav-menu--toggle elementor-nav-menu--burger elementor-widget elementor-widget-nav-menu\" data-id=\"b055961\" data-element_type=\"widget\" data-e-type=\"widget\" data-settings=\"{&quot;layout&quot;:&quot;horizontal&quot;,&quot;submenu_icon&quot;:{&quot;value&quot;:&quot;&lt;svg aria-hidden=\\&quot;true\\&quot; class=\\&quot;e-font-icon-svg e-fas-caret-down\\&quot; viewBox=\\&quot;0 0 320 512\\&quot; xmlns=\\&quot;http:\\\/\\\/www.w3.org\\\/2000\\\/svg\\&quot;&gt;&lt;path d=\\&quot;M31.3 192h257.3c17.8 0 26.7 21.5 14.1 34.1L174.1 354.8c-7.8 7.8-20.5 7.8-28.3 0L17.2 226.1C4.6 213.5 13.5 192 31.3 192z\\&quot;&gt;&lt;\\\/path&gt;&lt;\\\/svg&gt;&quot;,&quot;library&quot;:&quot;fa-solid&quot;},&quot;toggle&quot;:&quot;burger&quot;}\" data-widget_type=\"nav-menu.default\">\n\t\t\t\t\t\t\t\t<nav aria-label=\"Menu\" class=\"elementor-nav-menu--main elementor-nav-menu__container elementor-nav-menu--layout-horizontal e--pointer-underline e--animation-fade\">\n\t\t\t\t<ul id=\"menu-1-b055961\" class=\"elementor-nav-menu\"><li class=\"menu-item menu-item-type-post_type menu-item-object-page menu-item-home menu-item-81\"><a class=\"elementor-item\" href=\"https:\/\/ezoco.eu\/beaaafitt\/\">Inicio<\/a><\/li>\n<li class=\"menu-item menu-item-type-post_type menu-item-object-page menu-item-416\"><a class=\"elementor-item\" href=\"https:\/\/ezoco.eu\/beaaafitt\/quienes-somos-beaaafitt\/\">Qui\u00e9nes somos<\/a><\/li>\n<li class=\"menu-item menu-item-type-post_type menu-item-object-page menu-item-452\"><a class=\"elementor-item\" href=\"https:\/\/ezoco.eu\/beaaafitt\/servicio-beaaafitt\/\">Servicio<\/a><\/li>\n<li class=\"menu-item menu-item-type-post_type menu-item-object-page menu-item-462\"><a class=\"elementor-item\" href=\"https:\/\/ezoco.eu\/beaaafitt\/propuesta-de-valor-beaaafitt\/\">Propuesta de valor<\/a><\/li>\n<li class=\"menu-item menu-item-type-post_type menu-item-object-page menu-item-has-children menu-item-678\"><a class=\"elementor-item\" href=\"https:\/\/ezoco.eu\/beaaafitt\/propuesta-de-valor-beaaafitt-2\/\">Blog<\/a>\n<ul class=\"sub-menu elementor-nav-menu--dropdown\">\n\t<li class=\"menu-item menu-item-type-taxonomy menu-item-object-category menu-item-679\"><a class=\"elementor-sub-item\" href=\"https:\/\/ezoco.eu\/beaaafitt\/category\/entrenamiento-y-nutricion\/\">Entrenamiento y nutrici\u00f3n<\/a><\/li>\n<\/ul>\n<\/li>\n<li class=\"menu-item menu-item-type-post_type menu-item-object-page menu-item-181\"><a class=\"elementor-item\" href=\"https:\/\/ezoco.eu\/beaaafitt\/contacto-beaaafitt\/\">Contacto<\/a><\/li>\n<\/ul>\t\t\t<\/nav>\n\t\t\t\t\t<div class=\"elementor-menu-toggle\" role=\"button\" tabindex=\"0\" aria-label=\"Menu Toggle\" aria-expanded=\"false\">\n\t\t\t<svg aria-hidden=\"true\" role=\"presentation\" class=\"elementor-menu-toggle__icon--open e-font-icon-svg e-eicon-menu-bar\" viewBox=\"0 0 1000 1000\" xmlns=\"http:\/\/www.w3.org\/2000\/svg\"><path d=\"M104 333H896C929 333 958 304 958 271S929 208 896 208H104C71 208 42 237 42 271S71 333 104 333ZM104 583H896C929 583 958 554 958 521S929 458 896 458H104C71 458 42 487 42 521S71 583 104 583ZM104 833H896C929 833 958 804 958 771S929 708 896 708H104C71 708 42 737 42 771S71 833 104 833Z\"><\/path><\/svg><svg aria-hidden=\"true\" role=\"presentation\" class=\"elementor-menu-toggle__icon--close e-font-icon-svg e-eicon-close\" viewBox=\"0 0 1000 1000\" xmlns=\"http:\/\/www.w3.org\/2000\/svg\"><path d=\"M742 167L500 408 258 167C246 154 233 150 217 150 196 150 179 158 167 167 154 179 150 196 150 212 150 229 154 242 171 254L408 500 167 742C138 771 138 800 167 829 196 858 225 858 254 829L496 587 738 829C750 842 767 846 783 846 800 846 817 842 829 829 842 817 846 804 846 783 846 767 842 750 829 737L588 500 833 258C863 229 863 200 833 171 804 137 775 137 742 167Z\"><\/path><\/svg>\t\t<\/div>\n\t\t\t\t\t<nav class=\"elementor-nav-menu--dropdown elementor-nav-menu__container\" aria-hidden=\"true\">\n\t\t\t\t<ul id=\"menu-2-b055961\" class=\"elementor-nav-menu\"><li class=\"menu-item menu-item-type-post_type menu-item-object-page menu-item-home menu-item-81\"><a class=\"elementor-item\" href=\"https:\/\/ezoco.eu\/beaaafitt\/\" tabindex=\"-1\">Inicio<\/a><\/li>\n<li class=\"menu-item menu-item-type-post_type menu-item-object-page menu-item-416\"><a class=\"elementor-item\" href=\"https:\/\/ezoco.eu\/beaaafitt\/quienes-somos-beaaafitt\/\" tabindex=\"-1\">Qui\u00e9nes somos<\/a><\/li>\n<li class=\"menu-item menu-item-type-post_type menu-item-object-page menu-item-452\"><a class=\"elementor-item\" href=\"https:\/\/ezoco.eu\/beaaafitt\/servicio-beaaafitt\/\" tabindex=\"-1\">Servicio<\/a><\/li>\n<li class=\"menu-item menu-item-type-post_type menu-item-object-page menu-item-462\"><a class=\"elementor-item\" href=\"https:\/\/ezoco.eu\/beaaafitt\/propuesta-de-valor-beaaafitt\/\" tabindex=\"-1\">Propuesta de valor<\/a><\/li>\n<li class=\"menu-item menu-item-type-post_type menu-item-object-page menu-item-has-children menu-item-678\"><a class=\"elementor-item\" href=\"https:\/\/ezoco.eu\/beaaafitt\/propuesta-de-valor-beaaafitt-2\/\" tabindex=\"-1\">Blog<\/a>\n<ul class=\"sub-menu elementor-nav-menu--dropdown\">\n\t<li class=\"menu-item menu-item-type-taxonomy menu-item-object-category menu-item-679\"><a class=\"elementor-sub-item\" href=\"https:\/\/ezoco.eu\/beaaafitt\/category\/entrenamiento-y-nutricion\/\" tabindex=\"-1\">Entrenamiento y nutrici\u00f3n<\/a><\/li>\n<\/ul>\n<\/li>\n<li class=\"menu-item menu-item-type-post_type menu-item-object-page menu-item-181\"><a class=\"elementor-item\" href=\"https:\/\/ezoco.eu\/beaaafitt\/contacto-beaaafitt\/\" tabindex=\"-1\">Contacto<\/a><\/li>\n<\/ul>\t\t\t<\/nav>\n\t\t\t\t\t\t<\/div>\n\t\t\t\t\t<\/div>\n\t\t\t\t<\/div>\n\t\t<div class=\"elementor-element elementor-element-5bde044 e-flex e-con-boxed e-con e-parent\" data-id=\"5bde044\" data-element_type=\"container\" data-e-type=\"container\">\n\t\t\t\t\t<div class=\"e-con-inner\">\n\t\t\t\t<div class=\"elementor-element elementor-element-cf150d5 elementor-widget elementor-widget-html\" data-id=\"cf150d5\" data-element_type=\"widget\" data-e-type=\"widget\" data-widget_type=\"html.default\">\n\t\t\t\t\t<div class=\"bf-contacto\">\r\n\r\n  <div class=\"bf-contacto-wrap\">\r\n\r\n    <span class=\"bf-contacto-tag\">Hablemos<\/span>\r\n\r\n    <h1 class=\"bf-contacto-titulo\">Contacto<\/h1>\r\n\r\n    <p class=\"bf-contacto-texto\">\r\n      Si has llegado hasta aqu\u00ed es porque algo te ha llamado la atenci\u00f3n.\r\n      Me encanta conocer personas nuevas, compartir ideas y crear proyectos\r\n      con buena energ\u00eda.\r\n    <\/p>\r\n\r\n    <div class=\"bf-contacto-frase\">\r\n      \u201cLas buenas ideas empiezan con una conversaci\u00f3n.\u201d\r\n    <\/div>\r\n\r\n    <div class=\"bf-contacto-redes\">\r\n\r\n      <div class=\"bf-contacto-red\">\r\n        <strong>Gmail<\/strong>\r\n        <span>bgarruf1304@gmail.com<\/span>\r\n      <\/div>\r\n\r\n      <div class=\"bf-contacto-red\">\r\n        <strong>Instagram<\/strong>\r\n        <a href=\"https:\/\/instagram.com\/beaaafitt\" target=\"_blank\">@beaaafitt<\/a>\r\n      <\/div>\r\n\r\n      <div class=\"bf-contacto-red\">\r\n        <strong>TikTok<\/strong>\r\n        <a href=\"https:\/\/www.tiktok.com\/@beaaafitt\" target=\"_blank\">@beaaafitt<\/a>\r\n      <\/div>\r\n\r\n    <\/div>\r\n\r\n  <\/div>\r\n\r\n<\/div>\r\n\t\t\t\t<\/div>\n\t\t\t\t\t<\/div>\n\t\t\t\t<\/div>\n\t\t<div class=\"elementor-element elementor-element-bdc3c4e e-flex e-con-boxed e-con e-parent\" data-id=\"bdc3c4e\" data-element_type=\"container\" data-e-type=\"container\">\n\t\t\t\t\t<div class=\"e-con-inner\">\n\t\t\t\t<div class=\"elementor-element elementor-element-612afc4 elementor-widget elementor-widget-html\" data-id=\"612afc4\" data-element_type=\"widget\" data-e-type=\"widget\" data-widget_type=\"html.default\">\n\t\t\t\t\t<section class=\"contacto\" id=\"contacto\">\r\n  <div class=\"contacto__wrap\">\r\n    <header class=\"contacto__header\">\r\n      <p class=\"contacto__eyebrow\"><\/p>\r\n      <h2 class=\"contacto__title\">Da el primer paso<\/h2>\r\n      <p class=\"contacto__subtitle\">\r\n        Rellena el formulario y analizaremos tu caso de forma personalizada.\r\n      <\/p>\r\n    <\/header>\r\n\r\n    <div class=\"contacto__card\">\r\n      <ul class=\"contacto__list\">\r\n        <li class=\"contacto__item\">\r\n          <span class=\"contacto__dot\"><\/span>\r\n          El formulario tarda menos de 5 minutos\r\n        <\/li>\r\n        <li class=\"contacto__item\">\r\n          <span class=\"contacto__dot\"><\/span>\r\n          Toda la informaci\u00f3n es confidencial\r\n        <\/li>\r\n        <li class=\"contacto__item\">\r\n          <span class=\"contacto__dot\"><\/span>\r\n          Respuesta en un plazo de 24\u201348h\r\n        <\/li>\r\n      <\/ul>\r\n\r\n      <a class=\"btn\" href=\"https:\/\/docs.google.com\/forms\/d\/e\/1FAIpQLSeQ7J5BiJHafOoOgUpR_8_Mjf7vnDvU006P72YHjY_SZGSXFw\/viewform?usp=dialog\" target=\"_blank\" rel=\"noopener noreferrer\">\r\n        Acceder al formulario\r\n      <\/a>\r\n    <\/div>\r\n\r\n  <\/div>\r\n<\/section>\r\n\t\t\t\t<\/div>\n\t\t\t\t\t<\/div>\n\t\t\t\t<\/div>\n\t\t<div class=\"elementor-element elementor-element-41e1773 e-flex e-con-boxed e-con e-parent\" data-id=\"41e1773\" data-element_type=\"container\" data-e-type=\"container\">\n\t\t\t\t\t<div class=\"e-con-inner\">\n\t\t\t\t<div class=\"elementor-element elementor-element-56eed86 elementor-widget elementor-widget-google_maps\" data-id=\"56eed86\" data-element_type=\"widget\" data-e-type=\"widget\" data-widget_type=\"google_maps.default\">\n\t\t\t\t\t\t\t<div class=\"elementor-custom-embed\">\n\t\t\t<iframe loading=\"lazy\"\n\t\t\t\t\tsrc=\"https:\/\/maps.google.com\/maps?q=Granada&#038;t=m&#038;z=12&#038;output=embed&#038;iwloc=near\"\n\t\t\t\t\ttitle=\"Granada\"\n\t\t\t\t\taria-label=\"Granada\"\n\t\t\t><\/iframe>\n\t\t<\/div>\n\t\t\t\t\t\t<\/div>\n\t\t\t\t\t<\/div>\n\t\t\t\t<\/div>\n\t\t<div class=\"elementor-element elementor-element-77b9b51 e-flex e-con-boxed e-con e-parent\" data-id=\"77b9b51\" data-element_type=\"container\" data-e-type=\"container\">\n\t\t\t\t\t<div class=\"e-con-inner\">\n\t\t\t\t<div class=\"elementor-element elementor-element-4d72836 elementor-widget elementor-widget-html\" data-id=\"4d72836\" data-element_type=\"widget\" data-e-type=\"widget\" data-widget_type=\"html.default\">\n\t\t\t\t\t <div class=\"bf-contacto-info\">\r\n\r\n      <div class=\"bf-contacto-info-box\">\r\n        \ud83d\udccd <strong>Ubicaci\u00f3n<\/strong><br>\r\n        Espa\u00f1a\r\n      <\/div>\r\n\r\n      <div class=\"bf-contacto-info-box\">\r\n        \u23f1\ufe0f <strong>Respuesta<\/strong><br>\r\n        24 \u2013 48 horas\r\n      <\/div>\r\n\r\n      <div class=\"bf-contacto-info-box\">\r\n        \ud83d\udcac <strong>Colaboraciones<\/strong><br>\r\n        Abiertas\r\n      <\/div>\r\n\r\n    <\/div>\r\n\r\n    <div class=\"bf-contacto-cierre\">\r\n      Gracias por pasarte por aqu\u00ed \ud83e\udd0d  \r\n      Siempre es un buen momento para empezar algo nuevo.\r\n    <\/div>\r\n\r\n    <div class=\"bf-contacto-separador\"><\/div>\r\n\r\n  <\/div>\r\n\r\n<\/div>\r\n\t\t\t\t<\/div>\n\t\t\t\t\t<\/div>\n\t\t\t\t<\/div>\n\t\t\t\t<\/div>\n\t\t","protected":false},"excerpt":{"rendered":"<p>Hablemos Contacto Si has llegado hasta aqu\u00ed es porque algo te ha llamado la atenci\u00f3n. Me encanta conocer personas nuevas, compartir ideas y crear proyectos con buena energ\u00eda. \u201cLas buenas ideas empiezan con una conversaci\u00f3n.\u201d Gmail bgarruf1304@gmail.com Instagram @beaaafitt TikTok @beaaafitt Da el primer paso Rellena el formulario y analizaremos tu caso de forma personalizada. [&hellip;]<\/p>\n","protected":false},"author":373,"featured_media":0,"parent":0,"menu_order":0,"comment_status":"closed","ping_status":"closed","template":"elementor_canvas","meta":{"inline_featured_image":false,"_genesis_hide_title":false,"_genesis_hide_breadcrumbs":false,"_genesis_hide_singular_image":false,"_genesis_hide_footer_widgets":false,"_genesis_custom_body_class":"","_genesis_custom_post_class":"","_genesis_layout":"","footnotes":""},"class_list":{"0":"post-88","1":"page","2":"type-page","3":"status-publish","5":"entry"},"yoast_head":"<!-- This site is optimized with the Yoast SEO plugin v27.2 - https:\/\/yoast.com\/product\/yoast-seo-wordpress\/ -->\n<title>Contacto Beaaafitt<\/title>\n<meta name=\"robots\" content=\"index, follow, max-snippet:-1, max-image-preview:large, max-video-preview:-1\" \/>\n<link rel=\"canonical\" href=\"https:\/\/ezoco.eu\/beaaafitt\/contacto-beaaafitt\/\" \/>\n<meta property=\"og:locale\" content=\"es_ES\" \/>\n<meta property=\"og:type\" content=\"article\" \/>\n<meta property=\"og:title\" content=\"Contacto Beaaafitt\" \/>\n<meta property=\"og:description\" content=\"Hablemos Contacto Si has llegado hasta aqu\u00ed es porque algo te ha llamado la atenci\u00f3n. Me encanta conocer personas nuevas, compartir ideas y crear proyectos con buena energ\u00eda. \u201cLas buenas ideas empiezan con una conversaci\u00f3n.\u201d Gmail bgarruf1304@gmail.com Instagram @beaaafitt TikTok @beaaafitt Da el primer paso Rellena el formulario y analizaremos tu caso de forma personalizada. [&hellip;]\" \/>\n<meta property=\"og:url\" content=\"https:\/\/ezoco.eu\/beaaafitt\/contacto-beaaafitt\/\" \/>\n<meta property=\"og:site_name\" content=\"Beaaafitt\" \/>\n<meta property=\"article:modified_time\" content=\"2026-02-06T22:52:20+00:00\" \/>\n<meta name=\"twitter:card\" content=\"summary_large_image\" \/>\n<meta name=\"twitter:label1\" content=\"Tiempo de lectura\" \/>\n\t<meta name=\"twitter:data1\" content=\"1 minuto\" \/>\n<script type=\"application\/ld+json\" class=\"yoast-schema-graph\">{\"@context\":\"https:\/\/schema.org\",\"@graph\":[{\"@type\":\"WebPage\",\"@id\":\"https:\/\/ezoco.eu\/beaaafitt\/contacto-beaaafitt\/\",\"url\":\"https:\/\/ezoco.eu\/beaaafitt\/contacto-beaaafitt\/\",\"name\":\"Contacto Beaaafitt\",\"isPartOf\":{\"@id\":\"https:\/\/ezoco.eu\/beaaafitt\/#website\"},\"datePublished\":\"2026-01-19T18:30:36+00:00\",\"dateModified\":\"2026-02-06T22:52:20+00:00\",\"breadcrumb\":{\"@id\":\"https:\/\/ezoco.eu\/beaaafitt\/contacto-beaaafitt\/#breadcrumb\"},\"inLanguage\":\"es\",\"potentialAction\":[{\"@type\":\"ReadAction\",\"target\":[\"https:\/\/ezoco.eu\/beaaafitt\/contacto-beaaafitt\/\"]}]},{\"@type\":\"BreadcrumbList\",\"@id\":\"https:\/\/ezoco.eu\/beaaafitt\/contacto-beaaafitt\/#breadcrumb\",\"itemListElement\":[{\"@type\":\"ListItem\",\"position\":1,\"name\":\"Portada\",\"item\":\"https:\/\/ezoco.eu\/beaaafitt\/\"},{\"@type\":\"ListItem\",\"position\":2,\"name\":\"Contacto\"}]},{\"@type\":\"WebSite\",\"@id\":\"https:\/\/ezoco.eu\/beaaafitt\/#website\",\"url\":\"https:\/\/ezoco.eu\/beaaafitt\/\",\"name\":\"Beaaafitt\",\"description\":\"\",\"potentialAction\":[{\"@type\":\"SearchAction\",\"target\":{\"@type\":\"EntryPoint\",\"urlTemplate\":\"https:\/\/ezoco.eu\/beaaafitt\/?s={search_term_string}\"},\"query-input\":{\"@type\":\"PropertyValueSpecification\",\"valueRequired\":true,\"valueName\":\"search_term_string\"}}],\"inLanguage\":\"es\"}]}<\/script>\n<!-- \/ Yoast SEO plugin. -->","yoast_head_json":{"title":"Contacto Beaaafitt","robots":{"index":"index","follow":"follow","max-snippet":"max-snippet:-1","max-image-preview":"max-image-preview:large","max-video-preview":"max-video-preview:-1"},"canonical":"https:\/\/ezoco.eu\/beaaafitt\/contacto-beaaafitt\/","og_locale":"es_ES","og_type":"article","og_title":"Contacto Beaaafitt","og_description":"Hablemos Contacto Si has llegado hasta aqu\u00ed es porque algo te ha llamado la atenci\u00f3n. Me encanta conocer personas nuevas, compartir ideas y crear proyectos con buena energ\u00eda. \u201cLas buenas ideas empiezan con una conversaci\u00f3n.\u201d Gmail bgarruf1304@gmail.com Instagram @beaaafitt TikTok @beaaafitt Da el primer paso Rellena el formulario y analizaremos tu caso de forma personalizada. [&hellip;]","og_url":"https:\/\/ezoco.eu\/beaaafitt\/contacto-beaaafitt\/","og_site_name":"Beaaafitt","article_modified_time":"2026-02-06T22:52:20+00:00","twitter_card":"summary_large_image","twitter_misc":{"Tiempo de lectura":"1 minuto"},"schema":{"@context":"https:\/\/schema.org","@graph":[{"@type":"WebPage","@id":"https:\/\/ezoco.eu\/beaaafitt\/contacto-beaaafitt\/","url":"https:\/\/ezoco.eu\/beaaafitt\/contacto-beaaafitt\/","name":"Contacto Beaaafitt","isPartOf":{"@id":"https:\/\/ezoco.eu\/beaaafitt\/#website"},"datePublished":"2026-01-19T18:30:36+00:00","dateModified":"2026-02-06T22:52:20+00:00","breadcrumb":{"@id":"https:\/\/ezoco.eu\/beaaafitt\/contacto-beaaafitt\/#breadcrumb"},"inLanguage":"es","potentialAction":[{"@type":"ReadAction","target":["https:\/\/ezoco.eu\/beaaafitt\/contacto-beaaafitt\/"]}]},{"@type":"BreadcrumbList","@id":"https:\/\/ezoco.eu\/beaaafitt\/contacto-beaaafitt\/#breadcrumb","itemListElement":[{"@type":"ListItem","position":1,"name":"Portada","item":"https:\/\/ezoco.eu\/beaaafitt\/"},{"@type":"ListItem","position":2,"name":"Contacto"}]},{"@type":"WebSite","@id":"https:\/\/ezoco.eu\/beaaafitt\/#website","url":"https:\/\/ezoco.eu\/beaaafitt\/","name":"Beaaafitt","description":"","potentialAction":[{"@type":"SearchAction","target":{"@type":"EntryPoint","urlTemplate":"https:\/\/ezoco.eu\/beaaafitt\/?s={search_term_string}"},"query-input":{"@type":"PropertyValueSpecification","valueRequired":true,"valueName":"search_term_string"}}],"inLanguage":"es"}]}},"_links":{"self":[{"href":"https:\/\/ezoco.eu\/beaaafitt\/wp-json\/wp\/v2\/pages\/88","targetHints":{"allow":["GET"]}}],"collection":[{"href":"https:\/\/ezoco.eu\/beaaafitt\/wp-json\/wp\/v2\/pages"}],"about":[{"href":"https:\/\/ezoco.eu\/beaaafitt\/wp-json\/wp\/v2\/types\/page"}],"author":[{"embeddable":true,"href":"https:\/\/ezoco.eu\/beaaafitt\/wp-json\/wp\/v2\/users\/373"}],"replies":[{"embeddable":true,"href":"https:\/\/ezoco.eu\/beaaafitt\/wp-json\/wp\/v2\/comments?post=88"}],"version-history":[{"count":224,"href":"https:\/\/ezoco.eu\/beaaafitt\/wp-json\/wp\/v2\/pages\/88\/revisions"}],"predecessor-version":[{"id":808,"href":"https:\/\/ezoco.eu\/beaaafitt\/wp-json\/wp\/v2\/pages\/88\/revisions\/808"}],"wp:attachment":[{"href":"https:\/\/ezoco.eu\/beaaafitt\/wp-json\/wp\/v2\/media?parent=88"}],"curies":[{"name":"wp","href":"https:\/\/api.w.org\/{rel}","templated":true}]}}