{"id":142,"date":"2026-01-09T17:40:24","date_gmt":"2026-01-09T16:40:24","guid":{"rendered":"https:\/\/ezoco.eu\/ezoco-eu-biosynx\/?post_type=product&#038;p=142"},"modified":"2026-01-25T23:12:31","modified_gmt":"2026-01-25T22:12:31","slug":"asma-biosyncx","status":"publish","type":"product","link":"https:\/\/ezoco.eu\/ezoco-eu-biosynx\/?product=asma-biosyncx","title":{"rendered":"Asma"},"content":{"rendered":"<div id=\"apex_desktop\" class=\"celwidget\" data-feature-name=\"apex_desktop\" data-csa-c-type=\"widget\" data-csa-c-content-id=\"apex_desktop\" data-csa-c-slot-id=\"apex_desktop\" data-csa-c-asin=\"B0FVFXZHLL\" data-csa-c-is-in-initial-active-row=\"false\" data-csa-c-id=\"rhllr7-cc4ued-438vwl-n33nyz\" data-cel-widget=\"apex_desktop\">\n<div data-csa-c-type=\"widget\" data-csa-c-slot-id=\"apex_dp_center_column\" data-csa-c-content-id=\"apex\" data-csa-c-id=\"th9czc-jjp0e4-mqv7cr-pn1xuh\">\n<div data-csa-c-type=\"widget\" data-csa-c-slot-id=\"apex_dp_center_column\" data-csa-c-content-id=\"apex_with_rio_cx\" data-csa-c-id=\"4g7r9g-w30juq-pfd0nl-aydf6m\">\n<div id=\"vatMessage_feature_div\" class=\"celwidget\" data-feature-name=\"vatMessage\" data-csa-c-type=\"widget\" data-csa-c-content-id=\"vatMessage\" data-csa-c-slot-id=\"vatMessage_feature_div\" data-csa-c-asin=\"B0FVFXZHLL\" data-csa-c-is-in-initial-active-row=\"false\" data-csa-c-id=\"b56uq3-pl5jno-k3bfy2-x5v6ex\" data-cel-widget=\"vatMessage_feature_div\"><span class=\"a-size-base a-text-normal\">Los precios de los productos vendidos en Amazon incluyen el IVA. Dependiendo de tu direcci\u00f3n de entrega, el IVA puede variar al finalizar la compra. <\/span><\/div>\n<div data-feature-name=\"vatMessage\" data-csa-c-type=\"widget\" data-csa-c-content-id=\"vatMessage\" data-csa-c-slot-id=\"vatMessage_feature_div\" data-csa-c-asin=\"B0FVFXZHLL\" data-csa-c-is-in-initial-active-row=\"false\" data-csa-c-id=\"b56uq3-pl5jno-k3bfy2-x5v6ex\" data-cel-widget=\"vatMessage_feature_div\"><\/div>\n<\/div>\n<\/div>\n<\/div>\n<div id=\"twister_feature_div\" class=\"celwidget\" data-feature-name=\"twister\" data-csa-c-type=\"widget\" data-csa-c-content-id=\"twister\" data-csa-c-slot-id=\"twister_feature_div\" data-csa-c-asin=\"B0FVFXZHLL\" data-csa-c-is-in-initial-active-row=\"false\" data-csa-c-id=\"bqpm1c-h91uhw-ijkdkd-jetmcx\" data-cel-widget=\"twister_feature_div\">\n<div id=\"twister-plus-desktop-twister-container\" class=\"a-cardui-deck inline-twister-container-margins\" data-csa-c-content-id=\"twister-plus-inline-twister-container\" data-csa-c-slot-id=\"twister-plus-inline-twister-container\" data-csa-c-type=\"slot\" data-csa-c-id=\"124f7z-tpx14i-dlnnoz-u78zu5\">\n<div id=\"twister-plus-inline-twister-card\" class=\"a-cardui inline-twister-card-padding\" data-a-card-type=\"basic\">\n<div class=\"a-cardui-body\">\n<div id=\"twister-plus-inline-twister\" class=\"a-section\">\n<div id=\"inline-twister-singleton-header-color_name\" class=\"a-section a-spacing-none inline-twister-singleton-header\"><span class=\"a-size-base a-color-secondary inline-twister-dim-title\">Color:\u00a0<\/span><span id=\"inline-twister-expanded-dimension-text-color_name\" class=\"a-size-base inline-twister-dim-title-value-truncate a-text-bold\">Verde<\/span><\/div>\n<\/div>\n<\/div>\n<\/div>\n<\/div>\n<\/div>\n<div id=\"featurebullets_feature_div\" class=\"celwidget\" data-feature-name=\"featurebullets\" data-csa-c-type=\"widget\" data-csa-c-content-id=\"featurebullets\" data-csa-c-slot-id=\"featurebullets_feature_div\" data-csa-c-asin=\"B0FVFXZHLL\" data-csa-c-is-in-initial-active-row=\"false\" data-csa-c-id=\"bzz16y-ut9z3r-rgstrl-jxygkt\" data-cel-widget=\"featurebullets_feature_div\">\n<div id=\"feature-bullets\" class=\"a-section a-spacing-medium a-spacing-top-small\">\n<ul class=\"a-unordered-list a-vertical a-spacing-mini\">\n<li class=\"a-spacing-mini\"><span class=\"a-list-item\">Alta eficiencia y doble modo: el nebulizador convierte r\u00e1pidamente la soluci\u00f3n en part\u00edculas de 1-5 micras, que pueden llegar a todas las partes de las v\u00edas respiratorias. Adem\u00e1s, cuenta con dos modos de velocidad: el modo infantil, con m\u00e1s de 0,25 ml\/min, y el modo adulto, con m\u00e1s de 0,4 ml\/min.<\/span><\/li>\n<li class=\"a-spacing-mini\"><span class=\"a-list-item\">Accesorios multifuncionales: incluye dos mascarillas de diferentes tama\u00f1os, adecuadas para adultos y ni\u00f1os, y un boquilla para un cuidado preciso.<\/span><\/li>\n<li class=\"a-spacing-mini\"><span class=\"a-list-item\">Dise\u00f1o port\u00e1til: dispositivo compacto, ligero y recargable, ideal para viajes y uso dom\u00e9stico, que permite realizar cuidados en cualquier momento y lugar.<\/span><\/li>\n<li class=\"a-spacing-mini\"><span class=\"a-list-item\">Funcionamiento silencioso: el proceso de nebulizaci\u00f3n silencioso garantiza que los cuidados se realicen en silencio, lo que lo hace especialmente adecuado para ni\u00f1os o para uso nocturno.<\/span><\/li>\n<li class=\"a-spacing-mini\"><span class=\"a-list-item\">Funciones f\u00e1ciles de usar: funcionamiento con un solo bot\u00f3n, funci\u00f3n de apagado autom\u00e1tico, componentes f\u00e1ciles de limpiar, lo que facilita el uso diario.<\/span><\/li>\n<\/ul>\n<\/div>\n<\/div>\n","protected":false},"excerpt":{"rendered":"<p>Los precios de los productos vendidos en Amazon incluyen el IVA. Dependiendo de tu direcci\u00f3n de entrega, el IVA puede variar al finalizar la compra. Color:\u00a0Verde Alta eficiencia y doble modo: el nebulizador convierte r\u00e1pidamente la soluci\u00f3n en part\u00edculas de 1-5 micras, que pueden llegar a todas las partes de las v\u00edas respiratorias. Adem\u00e1s, cuenta [&hellip;]<\/p>\n","protected":false},"featured_media":143,"comment_status":"open","ping_status":"closed","template":"","meta":{"inline_featured_image":false,"_genesis_hide_title":false,"_genesis_hide_breadcrumbs":false,"_genesis_hide_singular_image":false,"_genesis_hide_footer_widgets":false,"_genesis_custom_body_class":"","_genesis_custom_post_class":"","_genesis_layout":""},"product_brand":[],"product_cat":[19],"product_tag":[],"class_list":{"0":"post-142","1":"product","2":"type-product","3":"status-publish","4":"has-post-thumbnail","6":"product_cat-biosyncx-salud","7":"entry","9":"first","10":"instock","11":"taxable","12":"shipping-taxable","13":"product-type-external"},"yoast_head":"<!-- This site is optimized with the Yoast SEO plugin v27.2 - https:\/\/yoast.com\/product\/yoast-seo-wordpress\/ -->\n<title>Asma BioSyncX tienda<\/title>\n<meta name=\"robots\" content=\"index, follow, max-snippet:-1, max-image-preview:large, max-video-preview:-1\" \/>\n<link rel=\"canonical\" href=\"https:\/\/ezoco.eu\/ezoco-eu-biosynx\/?product=asma-biosyncx\" \/>\n<meta property=\"og:locale\" content=\"es_ES\" \/>\n<meta property=\"og:type\" content=\"article\" \/>\n<meta property=\"og:title\" content=\"Asma BioSyncX tienda\" \/>\n<meta property=\"og:description\" content=\"Los precios de los productos vendidos en Amazon incluyen el IVA. Dependiendo de tu direcci\u00f3n de entrega, el IVA puede variar al finalizar la compra. Color:\u00a0Verde Alta eficiencia y doble modo: el nebulizador convierte r\u00e1pidamente la soluci\u00f3n en part\u00edculas de 1-5 micras, que pueden llegar a todas las partes de las v\u00edas respiratorias. Adem\u00e1s, cuenta [&hellip;]\" \/>\n<meta property=\"og:url\" content=\"https:\/\/ezoco.eu\/ezoco-eu-biosynx\/?product=asma-biosyncx\" \/>\n<meta property=\"og:site_name\" content=\"BioSyncX\" \/>\n<meta property=\"article:modified_time\" content=\"2026-01-25T22:12:31+00:00\" \/>\n<meta property=\"og:image\" content=\"http:\/\/ezoco.eu\/ezoco-eu-biosynx\/wp-content\/uploads\/sites\/137\/2026\/01\/61fOrUYgXvL._AC_SX679_.jpg\" \/>\n\t<meta property=\"og:image:width\" content=\"679\" \/>\n\t<meta property=\"og:image:height\" content=\"731\" \/>\n\t<meta property=\"og:image:type\" content=\"image\/jpeg\" \/>\n<meta name=\"twitter:card\" content=\"summary_large_image\" \/>\n<meta name=\"twitter:label1\" content=\"Tiempo de lectura\" \/>\n\t<meta name=\"twitter:data1\" content=\"1 minuto\" \/>\n<script type=\"application\/ld+json\" class=\"yoast-schema-graph\">{\"@context\":\"https:\/\/schema.org\",\"@graph\":[{\"@type\":\"WebPage\",\"@id\":\"https:\/\/ezoco.eu\/ezoco-eu-biosynx\/?product=asma-biosyncx\",\"url\":\"https:\/\/ezoco.eu\/ezoco-eu-biosynx\/?product=asma-biosyncx\",\"name\":\"Asma BioSyncX tienda\",\"isPartOf\":{\"@id\":\"https:\/\/ezoco.eu\/ezoco-eu-biosynx\/#website\"},\"primaryImageOfPage\":{\"@id\":\"https:\/\/ezoco.eu\/ezoco-eu-biosynx\/?product=asma-biosyncx#primaryimage\"},\"image\":{\"@id\":\"https:\/\/ezoco.eu\/ezoco-eu-biosynx\/?product=asma-biosyncx#primaryimage\"},\"thumbnailUrl\":\"https:\/\/ezoco.eu\/ezoco-eu-biosynx\/wp-content\/uploads\/sites\/137\/2026\/01\/61fOrUYgXvL._AC_SX679_.jpg\",\"datePublished\":\"2026-01-09T16:40:24+00:00\",\"dateModified\":\"2026-01-25T22:12:31+00:00\",\"breadcrumb\":{\"@id\":\"https:\/\/ezoco.eu\/ezoco-eu-biosynx\/?product=asma-biosyncx#breadcrumb\"},\"inLanguage\":\"es\",\"potentialAction\":[{\"@type\":\"ReadAction\",\"target\":[\"https:\/\/ezoco.eu\/ezoco-eu-biosynx\/?product=asma-biosyncx\"]}]},{\"@type\":\"ImageObject\",\"inLanguage\":\"es\",\"@id\":\"https:\/\/ezoco.eu\/ezoco-eu-biosynx\/?product=asma-biosyncx#primaryimage\",\"url\":\"https:\/\/ezoco.eu\/ezoco-eu-biosynx\/wp-content\/uploads\/sites\/137\/2026\/01\/61fOrUYgXvL._AC_SX679_.jpg\",\"contentUrl\":\"https:\/\/ezoco.eu\/ezoco-eu-biosynx\/wp-content\/uploads\/sites\/137\/2026\/01\/61fOrUYgXvL._AC_SX679_.jpg\",\"width\":679,\"height\":731,\"caption\":\"BioSyncX\"},{\"@type\":\"BreadcrumbList\",\"@id\":\"https:\/\/ezoco.eu\/ezoco-eu-biosynx\/?product=asma-biosyncx#breadcrumb\",\"itemListElement\":[{\"@type\":\"ListItem\",\"position\":1,\"name\":\"Portada\",\"item\":\"https:\/\/ezoco.eu\/ezoco-eu-biosynx\/\"},{\"@type\":\"ListItem\",\"position\":2,\"name\":\"Tienda\",\"item\":\"https:\/\/ezoco.eu\/ezoco-eu-biosynx\/?page_id=58\"},{\"@type\":\"ListItem\",\"position\":3,\"name\":\"Asma\"}]},{\"@type\":\"WebSite\",\"@id\":\"https:\/\/ezoco.eu\/ezoco-eu-biosynx\/#website\",\"url\":\"https:\/\/ezoco.eu\/ezoco-eu-biosynx\/\",\"name\":\"BioSyncX\",\"description\":\"\",\"publisher\":{\"@id\":\"https:\/\/ezoco.eu\/ezoco-eu-biosynx\/#organization\"},\"potentialAction\":[{\"@type\":\"SearchAction\",\"target\":{\"@type\":\"EntryPoint\",\"urlTemplate\":\"https:\/\/ezoco.eu\/ezoco-eu-biosynx\/?s={search_term_string}\"},\"query-input\":{\"@type\":\"PropertyValueSpecification\",\"valueRequired\":true,\"valueName\":\"search_term_string\"}}],\"inLanguage\":\"es\"},{\"@type\":\"Organization\",\"@id\":\"https:\/\/ezoco.eu\/ezoco-eu-biosynx\/#organization\",\"name\":\"BioSyncX\",\"url\":\"https:\/\/ezoco.eu\/ezoco-eu-biosynx\/\",\"logo\":{\"@type\":\"ImageObject\",\"inLanguage\":\"es\",\"@id\":\"https:\/\/ezoco.eu\/ezoco-eu-biosynx\/#\/schema\/logo\/image\/\",\"url\":\"https:\/\/ezoco.eu\/ezoco-eu-biosynx\/wp-content\/uploads\/sites\/137\/2025\/11\/Gemini_Generated_Image_3opoy03opoy03opo-1.png\",\"contentUrl\":\"https:\/\/ezoco.eu\/ezoco-eu-biosynx\/wp-content\/uploads\/sites\/137\/2025\/11\/Gemini_Generated_Image_3opoy03opoy03opo-1.png\",\"width\":1024,\"height\":1024,\"caption\":\"BioSyncX\"},\"image\":{\"@id\":\"https:\/\/ezoco.eu\/ezoco-eu-biosynx\/#\/schema\/logo\/image\/\"}}]}<\/script>\n<!-- \/ Yoast SEO plugin. -->","yoast_head_json":{"title":"Asma BioSyncX tienda","robots":{"index":"index","follow":"follow","max-snippet":"max-snippet:-1","max-image-preview":"max-image-preview:large","max-video-preview":"max-video-preview:-1"},"canonical":"https:\/\/ezoco.eu\/ezoco-eu-biosynx\/?product=asma-biosyncx","og_locale":"es_ES","og_type":"article","og_title":"Asma BioSyncX tienda","og_description":"Los precios de los productos vendidos en Amazon incluyen el IVA. Dependiendo de tu direcci\u00f3n de entrega, el IVA puede variar al finalizar la compra. Color:\u00a0Verde Alta eficiencia y doble modo: el nebulizador convierte r\u00e1pidamente la soluci\u00f3n en part\u00edculas de 1-5 micras, que pueden llegar a todas las partes de las v\u00edas respiratorias. Adem\u00e1s, cuenta [&hellip;]","og_url":"https:\/\/ezoco.eu\/ezoco-eu-biosynx\/?product=asma-biosyncx","og_site_name":"BioSyncX","article_modified_time":"2026-01-25T22:12:31+00:00","og_image":[{"width":679,"height":731,"url":"http:\/\/ezoco.eu\/ezoco-eu-biosynx\/wp-content\/uploads\/sites\/137\/2026\/01\/61fOrUYgXvL._AC_SX679_.jpg","type":"image\/jpeg"}],"twitter_card":"summary_large_image","twitter_misc":{"Tiempo de lectura":"1 minuto"},"schema":{"@context":"https:\/\/schema.org","@graph":[{"@type":"WebPage","@id":"https:\/\/ezoco.eu\/ezoco-eu-biosynx\/?product=asma-biosyncx","url":"https:\/\/ezoco.eu\/ezoco-eu-biosynx\/?product=asma-biosyncx","name":"Asma BioSyncX tienda","isPartOf":{"@id":"https:\/\/ezoco.eu\/ezoco-eu-biosynx\/#website"},"primaryImageOfPage":{"@id":"https:\/\/ezoco.eu\/ezoco-eu-biosynx\/?product=asma-biosyncx#primaryimage"},"image":{"@id":"https:\/\/ezoco.eu\/ezoco-eu-biosynx\/?product=asma-biosyncx#primaryimage"},"thumbnailUrl":"https:\/\/ezoco.eu\/ezoco-eu-biosynx\/wp-content\/uploads\/sites\/137\/2026\/01\/61fOrUYgXvL._AC_SX679_.jpg","datePublished":"2026-01-09T16:40:24+00:00","dateModified":"2026-01-25T22:12:31+00:00","breadcrumb":{"@id":"https:\/\/ezoco.eu\/ezoco-eu-biosynx\/?product=asma-biosyncx#breadcrumb"},"inLanguage":"es","potentialAction":[{"@type":"ReadAction","target":["https:\/\/ezoco.eu\/ezoco-eu-biosynx\/?product=asma-biosyncx"]}]},{"@type":"ImageObject","inLanguage":"es","@id":"https:\/\/ezoco.eu\/ezoco-eu-biosynx\/?product=asma-biosyncx#primaryimage","url":"https:\/\/ezoco.eu\/ezoco-eu-biosynx\/wp-content\/uploads\/sites\/137\/2026\/01\/61fOrUYgXvL._AC_SX679_.jpg","contentUrl":"https:\/\/ezoco.eu\/ezoco-eu-biosynx\/wp-content\/uploads\/sites\/137\/2026\/01\/61fOrUYgXvL._AC_SX679_.jpg","width":679,"height":731,"caption":"BioSyncX"},{"@type":"BreadcrumbList","@id":"https:\/\/ezoco.eu\/ezoco-eu-biosynx\/?product=asma-biosyncx#breadcrumb","itemListElement":[{"@type":"ListItem","position":1,"name":"Portada","item":"https:\/\/ezoco.eu\/ezoco-eu-biosynx\/"},{"@type":"ListItem","position":2,"name":"Tienda","item":"https:\/\/ezoco.eu\/ezoco-eu-biosynx\/?page_id=58"},{"@type":"ListItem","position":3,"name":"Asma"}]},{"@type":"WebSite","@id":"https:\/\/ezoco.eu\/ezoco-eu-biosynx\/#website","url":"https:\/\/ezoco.eu\/ezoco-eu-biosynx\/","name":"BioSyncX","description":"","publisher":{"@id":"https:\/\/ezoco.eu\/ezoco-eu-biosynx\/#organization"},"potentialAction":[{"@type":"SearchAction","target":{"@type":"EntryPoint","urlTemplate":"https:\/\/ezoco.eu\/ezoco-eu-biosynx\/?s={search_term_string}"},"query-input":{"@type":"PropertyValueSpecification","valueRequired":true,"valueName":"search_term_string"}}],"inLanguage":"es"},{"@type":"Organization","@id":"https:\/\/ezoco.eu\/ezoco-eu-biosynx\/#organization","name":"BioSyncX","url":"https:\/\/ezoco.eu\/ezoco-eu-biosynx\/","logo":{"@type":"ImageObject","inLanguage":"es","@id":"https:\/\/ezoco.eu\/ezoco-eu-biosynx\/#\/schema\/logo\/image\/","url":"https:\/\/ezoco.eu\/ezoco-eu-biosynx\/wp-content\/uploads\/sites\/137\/2025\/11\/Gemini_Generated_Image_3opoy03opoy03opo-1.png","contentUrl":"https:\/\/ezoco.eu\/ezoco-eu-biosynx\/wp-content\/uploads\/sites\/137\/2025\/11\/Gemini_Generated_Image_3opoy03opoy03opo-1.png","width":1024,"height":1024,"caption":"BioSyncX"},"image":{"@id":"https:\/\/ezoco.eu\/ezoco-eu-biosynx\/#\/schema\/logo\/image\/"}}]}},"_links":{"self":[{"href":"https:\/\/ezoco.eu\/ezoco-eu-biosynx\/index.php?rest_route=\/wp\/v2\/product\/142","targetHints":{"allow":["GET"]}}],"collection":[{"href":"https:\/\/ezoco.eu\/ezoco-eu-biosynx\/index.php?rest_route=\/wp\/v2\/product"}],"about":[{"href":"https:\/\/ezoco.eu\/ezoco-eu-biosynx\/index.php?rest_route=\/wp\/v2\/types\/product"}],"replies":[{"embeddable":true,"href":"https:\/\/ezoco.eu\/ezoco-eu-biosynx\/index.php?rest_route=%2Fwp%2Fv2%2Fcomments&post=142"}],"wp:featuredmedia":[{"embeddable":true,"href":"https:\/\/ezoco.eu\/ezoco-eu-biosynx\/index.php?rest_route=\/wp\/v2\/media\/143"}],"wp:attachment":[{"href":"https:\/\/ezoco.eu\/ezoco-eu-biosynx\/index.php?rest_route=%2Fwp%2Fv2%2Fmedia&parent=142"}],"wp:term":[{"taxonomy":"product_brand","embeddable":true,"href":"https:\/\/ezoco.eu\/ezoco-eu-biosynx\/index.php?rest_route=%2Fwp%2Fv2%2Fproduct_brand&post=142"},{"taxonomy":"product_cat","embeddable":true,"href":"https:\/\/ezoco.eu\/ezoco-eu-biosynx\/index.php?rest_route=%2Fwp%2Fv2%2Fproduct_cat&post=142"},{"taxonomy":"product_tag","embeddable":true,"href":"https:\/\/ezoco.eu\/ezoco-eu-biosynx\/index.php?rest_route=%2Fwp%2Fv2%2Fproduct_tag&post=142"}],"curies":[{"name":"wp","href":"https:\/\/api.w.org\/{rel}","templated":true}]}}