{"id":356,"date":"2026-01-26T16:00:25","date_gmt":"2026-01-26T15:00:25","guid":{"rendered":"https:\/\/ezoco.eu\/ezoco-eu-loumiere\/?page_id=356"},"modified":"2026-02-02T22:16:19","modified_gmt":"2026-02-02T21:16:19","slug":"contacto","status":"publish","type":"page","link":"https:\/\/ezoco.eu\/ezoco-eu-loumiere\/contacto\/","title":{"rendered":"Contacto"},"content":{"rendered":"\t\t<div data-elementor-type=\"wp-page\" data-elementor-id=\"356\" class=\"elementor elementor-356\" data-elementor-post-type=\"page\">\n\t\t\t\t<div class=\"elementor-element elementor-element-63221e0 e-flex e-con-boxed e-con e-parent\" data-id=\"63221e0\" data-element_type=\"container\" data-e-type=\"container\">\n\t\t\t\t\t<div class=\"e-con-inner\">\n\t\t\t\t<div class=\"elementor-element elementor-element-1540f94 elementor-widget elementor-widget-html\" data-id=\"1540f94\" data-element_type=\"widget\" data-e-type=\"widget\" data-widget_type=\"html.default\">\n\t\t\t\t\t\r\n\r\n\r\n    \r\n    \r\n    <title>Contacto - Loumi\u00e8re<\/title>\r\n    \r\n    \r\n    \r\n    \r\n\r\n\r\n    <div class=\"floating-element\" id=\"floatingElement\"><\/div>\r\n    \r\n    <div class=\"container\">\r\n        <header>\r\n            <h1 class=\"logo\">Loumi\u00e8re<\/h1>\r\n            <p class=\"subtitle\">Contacto<\/p>\r\n        <\/header>\r\n\r\n        <main class=\"main-content\">\r\n            <div class=\"contact-info\">\r\n                <h2 class=\"section-title\">Informaci\u00f3n<\/h2>\r\n                \r\n                <div class=\"info-item\">\r\n                    <div class=\"info-label\">Direcci\u00f3n<\/div>\r\n                    <div class=\"info-value\">\r\n                        Calle de la Elegancia 123<br>\r\n                        28001 Madrid, Espa\u00f1a\r\n                    <\/div>\r\n                <\/div>\r\n\r\n                <div class=\"info-item\">\r\n                    <div class=\"info-label\">Tel\u00e9fono<\/div>\r\n                    <div class=\"info-value\">\r\n                        <a href=\"tel:+34912345678\">+34 912 345 678<\/a>\r\n                    <\/div>\r\n                <\/div>\r\n\r\n                <div class=\"info-item\">\r\n                    <div class=\"info-label\">Email<\/div>\r\n                    <div class=\"info-value\">\r\n                        <a href=\"mailto:contacto@loumiere.com\">contacto@loumiere.com<\/a>\r\n                    <\/div>\r\n                <\/div>\r\n\r\n                <div class=\"info-item\">\r\n                    <div class=\"info-label\">Horario<\/div>\r\n                    <div class=\"info-value\">\r\n                        Lunes - Viernes: 9:00 - 18:00<br>\r\n                        S\u00e1bado: 10:00 - 14:00\r\n                    <\/div>\r\n                <\/div>\r\n            <\/div>\r\n\r\n            <div class=\"contact-form\">\r\n                <h2 class=\"section-title\">Env\u00edanos un mensaje<\/h2>\r\n                \r\n                \r\n                    <div class=\"form-group\">\r\n                        <label for=\"name\">Nombre completo<\/label>\r\n                        \r\n                    <\/div>\r\n\r\n                    <div class=\"form-group\">\r\n                        <label for=\"email\">Correo electr\u00f3nico<\/label>\r\n                        \r\n                    <\/div>\r\n\r\n                    <div class=\"form-group\">\r\n                        <label for=\"phone\">Tel\u00e9fono<\/label>\r\n                        \r\n                    <\/div>\r\n\r\n                    <div class=\"form-group\">\r\n                        <label for=\"subject\">Asunto<\/label>\r\n                        \r\n                    <\/div>\r\n\r\n                    <div class=\"form-group\">\r\n                        <label for=\"message\">Mensaje<\/label>\r\n                        <textarea id=\"message\" name=\"message\"><\/textarea>\r\n                    <\/div>\r\n\r\n                    <button type=\"submit\" class=\"submit-btn\">\r\n                        <span>Enviar mensaje<\/span>\r\n                    <\/button>\r\n                \r\n            <\/div>\r\n        <\/main>\r\n\r\n        <div class=\"decorative-line\"><\/div>\r\n\r\n        <footer>\r\n            <p>&copy; 2026 Loumi\u00e8re. Todos los derechos reservados.<\/p>\r\n        <\/footer>\r\n    <\/div>\r\n\r\n    \r\n        \/\/ Elegant floating element that follows the cursor\r\n        const floatingElement = document.getElementById('floatingElement');\r\n        let mouseX = 0;\r\n        let mouseY = 0;\r\n        let currentX = 0;\r\n        let currentY = 0;\r\n\r\n        document.addEventListener('mousemove', (e) =&gt; {\r\n            mouseX = e.clientX;\r\n            mouseY = e.clientY;\r\n        });\r\n\r\n        function animate() {\r\n            const dx = mouseX - currentX;\r\n            const dy = mouseY - currentY;\r\n            \r\n            currentX += dx * 0.1;\r\n            currentY += dy * 0.1;\r\n            \r\n            floatingElement.style.left = (currentX - 200) + 'px';\r\n            floatingElement.style.top = (currentY - 200) + 'px';\r\n            floatingElement.style.opacity = '1';\r\n            \r\n            requestAnimationFrame(animate);\r\n        }\r\n\r\n        animate();\r\n\r\n        \/\/ Form submission handler\r\n        const form = document.getElementById('contactForm');\r\n        form.addEventListener('submit', (e) =&gt; {\r\n            e.preventDefault();\r\n            \r\n            \/\/ Add a subtle animation to the button\r\n            const btn = form.querySelector('.submit-btn');\r\n            btn.style.transform = 'scale(0.95)';\r\n            \r\n            setTimeout(() =&gt; {\r\n                btn.style.transform = 'scale(1)';\r\n                alert('\u00a1Gracias por tu mensaje! Te contactaremos pronto.');\r\n                form.reset();\r\n            }, 200);\r\n        });\r\n\r\n        \/\/ Add subtle parallax effect to info items\r\n        const infoItems = document.querySelectorAll('.info-item');\r\n        \r\n        document.addEventListener('mousemove', (e) =&gt; {\r\n            const mouseXPercent = e.clientX \/ window.innerWidth;\r\n            const mouseYPercent = e.clientY \/ window.innerHeight;\r\n            \r\n            infoItems.forEach((item, index) =&gt; {\r\n                const offsetX = (mouseXPercent - 0.5) * 10 * (index + 1);\r\n                const offsetY = (mouseYPercent - 0.5) * 10 * (index + 1);\r\n                item.style.transform = `translate(${offsetX}px, ${offsetY}px)`;\r\n            });\r\n        });\r\n    \r\n\r\n\t\t\t\t<\/div>\n\t\t\t\t\t<\/div>\n\t\t\t\t<\/div>\n\t\t\t\t<\/div>\n\t\t","protected":false},"excerpt":{"rendered":"<p>Contacto &#8211; Loumi\u00e8re Loumi\u00e8re Contacto Informaci\u00f3n Direcci\u00f3n Calle de la Elegancia 123 28001 Madrid, Espa\u00f1a Tel\u00e9fono +34 912 345 678 Email contacto@loumiere.com Horario Lunes &#8211; Viernes: 9:00 &#8211; 18:00 S\u00e1bado: 10:00 &#8211; 14:00 Env\u00edanos un mensaje Nombre completo Correo electr\u00f3nico Tel\u00e9fono Asunto Mensaje Enviar mensaje &copy; 2026 Loumi\u00e8re. Todos los derechos reservados. \/\/ Elegant floating [&hellip;]<\/p>\n","protected":false},"author":139,"featured_media":0,"parent":0,"menu_order":0,"comment_status":"closed","ping_status":"closed","template":"","meta":{"inline_featured_image":false,"footnotes":""},"class_list":["post-356","page","type-page","status-publish","hentry"],"yoast_head":"<!-- This site is optimized with the Yoast SEO plugin v27.5 - https:\/\/yoast.com\/product\/yoast-seo-wordpress\/ -->\n<title>Contacto - Loumi\u00e9re<\/title>\n<meta name=\"robots\" content=\"index, follow, max-snippet:-1, max-image-preview:large, max-video-preview:-1\" \/>\n<link rel=\"canonical\" href=\"https:\/\/ezoco.eu\/ezoco-eu-loumiere\/contacto\/\" \/>\n<meta property=\"og:locale\" content=\"es_ES\" \/>\n<meta property=\"og:type\" content=\"article\" \/>\n<meta property=\"og:title\" content=\"Contacto - Loumi\u00e9re\" \/>\n<meta property=\"og:description\" content=\"Contacto &#8211; Loumi\u00e8re Loumi\u00e8re Contacto Informaci\u00f3n Direcci\u00f3n Calle de la Elegancia 123 28001 Madrid, Espa\u00f1a Tel\u00e9fono +34 912 345 678 Email contacto@loumiere.com Horario Lunes &#8211; Viernes: 9:00 &#8211; 18:00 S\u00e1bado: 10:00 &#8211; 14:00 Env\u00edanos un mensaje Nombre completo Correo electr\u00f3nico Tel\u00e9fono Asunto Mensaje Enviar mensaje &copy; 2026 Loumi\u00e8re. Todos los derechos reservados. \/\/ Elegant floating [&hellip;]\" \/>\n<meta property=\"og:url\" content=\"https:\/\/ezoco.eu\/ezoco-eu-loumiere\/contacto\/\" \/>\n<meta property=\"og:site_name\" content=\"Loumi\u00e9re\" \/>\n<meta property=\"article:modified_time\" content=\"2026-02-02T21:16:19+00:00\" \/>\n<meta name=\"twitter:card\" content=\"summary_large_image\" \/>\n<meta name=\"twitter:label1\" content=\"Tiempo de lectura\" \/>\n\t<meta name=\"twitter:data1\" content=\"2 minutos\" \/>\n<script type=\"application\/ld+json\" class=\"yoast-schema-graph\">{\"@context\":\"https:\\\/\\\/schema.org\",\"@graph\":[{\"@type\":\"WebPage\",\"@id\":\"https:\\\/\\\/ezoco.eu\\\/ezoco-eu-loumiere\\\/contacto\\\/\",\"url\":\"https:\\\/\\\/ezoco.eu\\\/ezoco-eu-loumiere\\\/contacto\\\/\",\"name\":\"Contacto - Loumi\u00e9re\",\"isPartOf\":{\"@id\":\"https:\\\/\\\/ezoco.eu\\\/ezoco-eu-loumiere\\\/#website\"},\"datePublished\":\"2026-01-26T15:00:25+00:00\",\"dateModified\":\"2026-02-02T21:16:19+00:00\",\"breadcrumb\":{\"@id\":\"https:\\\/\\\/ezoco.eu\\\/ezoco-eu-loumiere\\\/contacto\\\/#breadcrumb\"},\"inLanguage\":\"es\",\"potentialAction\":[{\"@type\":\"ReadAction\",\"target\":[\"https:\\\/\\\/ezoco.eu\\\/ezoco-eu-loumiere\\\/contacto\\\/\"]}]},{\"@type\":\"BreadcrumbList\",\"@id\":\"https:\\\/\\\/ezoco.eu\\\/ezoco-eu-loumiere\\\/contacto\\\/#breadcrumb\",\"itemListElement\":[{\"@type\":\"ListItem\",\"position\":1,\"name\":\"Portada\",\"item\":\"https:\\\/\\\/ezoco.eu\\\/ezoco-eu-loumiere\\\/\"},{\"@type\":\"ListItem\",\"position\":2,\"name\":\"Contacto\"}]},{\"@type\":\"WebSite\",\"@id\":\"https:\\\/\\\/ezoco.eu\\\/ezoco-eu-loumiere\\\/#website\",\"url\":\"https:\\\/\\\/ezoco.eu\\\/ezoco-eu-loumiere\\\/\",\"name\":\"Loumi\u00e9re\",\"description\":\"Loumi\u00e9re, el espejo inteligente\",\"publisher\":{\"@id\":\"https:\\\/\\\/ezoco.eu\\\/ezoco-eu-loumiere\\\/#organization\"},\"potentialAction\":[{\"@type\":\"SearchAction\",\"target\":{\"@type\":\"EntryPoint\",\"urlTemplate\":\"https:\\\/\\\/ezoco.eu\\\/ezoco-eu-loumiere\\\/?s={search_term_string}\"},\"query-input\":{\"@type\":\"PropertyValueSpecification\",\"valueRequired\":true,\"valueName\":\"search_term_string\"}}],\"inLanguage\":\"es\"},{\"@type\":\"Organization\",\"@id\":\"https:\\\/\\\/ezoco.eu\\\/ezoco-eu-loumiere\\\/#organization\",\"name\":\"Loumi\u00e9re\",\"url\":\"https:\\\/\\\/ezoco.eu\\\/ezoco-eu-loumiere\\\/\",\"logo\":{\"@type\":\"ImageObject\",\"inLanguage\":\"es\",\"@id\":\"https:\\\/\\\/ezoco.eu\\\/ezoco-eu-loumiere\\\/#\\\/schema\\\/logo\\\/image\\\/\",\"url\":\"http:\\\/\\\/ezoco.eu\\\/ezoco-eu-loumiere\\\/wp-content\\\/uploads\\\/sites\\\/104\\\/2026\\\/01\\\/Gemini_Generated_Image_53phux53phux53ph.png\",\"contentUrl\":\"http:\\\/\\\/ezoco.eu\\\/ezoco-eu-loumiere\\\/wp-content\\\/uploads\\\/sites\\\/104\\\/2026\\\/01\\\/Gemini_Generated_Image_53phux53phux53ph.png\",\"width\":717,\"height\":672,\"caption\":\"Loumi\u00e9re\"},\"image\":{\"@id\":\"https:\\\/\\\/ezoco.eu\\\/ezoco-eu-loumiere\\\/#\\\/schema\\\/logo\\\/image\\\/\"}}]}<\/script>\n<!-- \/ Yoast SEO plugin. -->","yoast_head_json":{"title":"Contacto - Loumi\u00e9re","robots":{"index":"index","follow":"follow","max-snippet":"max-snippet:-1","max-image-preview":"max-image-preview:large","max-video-preview":"max-video-preview:-1"},"canonical":"https:\/\/ezoco.eu\/ezoco-eu-loumiere\/contacto\/","og_locale":"es_ES","og_type":"article","og_title":"Contacto - Loumi\u00e9re","og_description":"Contacto &#8211; Loumi\u00e8re Loumi\u00e8re Contacto Informaci\u00f3n Direcci\u00f3n Calle de la Elegancia 123 28001 Madrid, Espa\u00f1a Tel\u00e9fono +34 912 345 678 Email contacto@loumiere.com Horario Lunes &#8211; Viernes: 9:00 &#8211; 18:00 S\u00e1bado: 10:00 &#8211; 14:00 Env\u00edanos un mensaje Nombre completo Correo electr\u00f3nico Tel\u00e9fono Asunto Mensaje Enviar mensaje &copy; 2026 Loumi\u00e8re. Todos los derechos reservados. \/\/ Elegant floating [&hellip;]","og_url":"https:\/\/ezoco.eu\/ezoco-eu-loumiere\/contacto\/","og_site_name":"Loumi\u00e9re","article_modified_time":"2026-02-02T21:16:19+00:00","twitter_card":"summary_large_image","twitter_misc":{"Tiempo de lectura":"2 minutos"},"schema":{"@context":"https:\/\/schema.org","@graph":[{"@type":"WebPage","@id":"https:\/\/ezoco.eu\/ezoco-eu-loumiere\/contacto\/","url":"https:\/\/ezoco.eu\/ezoco-eu-loumiere\/contacto\/","name":"Contacto - Loumi\u00e9re","isPartOf":{"@id":"https:\/\/ezoco.eu\/ezoco-eu-loumiere\/#website"},"datePublished":"2026-01-26T15:00:25+00:00","dateModified":"2026-02-02T21:16:19+00:00","breadcrumb":{"@id":"https:\/\/ezoco.eu\/ezoco-eu-loumiere\/contacto\/#breadcrumb"},"inLanguage":"es","potentialAction":[{"@type":"ReadAction","target":["https:\/\/ezoco.eu\/ezoco-eu-loumiere\/contacto\/"]}]},{"@type":"BreadcrumbList","@id":"https:\/\/ezoco.eu\/ezoco-eu-loumiere\/contacto\/#breadcrumb","itemListElement":[{"@type":"ListItem","position":1,"name":"Portada","item":"https:\/\/ezoco.eu\/ezoco-eu-loumiere\/"},{"@type":"ListItem","position":2,"name":"Contacto"}]},{"@type":"WebSite","@id":"https:\/\/ezoco.eu\/ezoco-eu-loumiere\/#website","url":"https:\/\/ezoco.eu\/ezoco-eu-loumiere\/","name":"Loumi\u00e9re","description":"Loumi\u00e9re, el espejo inteligente","publisher":{"@id":"https:\/\/ezoco.eu\/ezoco-eu-loumiere\/#organization"},"potentialAction":[{"@type":"SearchAction","target":{"@type":"EntryPoint","urlTemplate":"https:\/\/ezoco.eu\/ezoco-eu-loumiere\/?s={search_term_string}"},"query-input":{"@type":"PropertyValueSpecification","valueRequired":true,"valueName":"search_term_string"}}],"inLanguage":"es"},{"@type":"Organization","@id":"https:\/\/ezoco.eu\/ezoco-eu-loumiere\/#organization","name":"Loumi\u00e9re","url":"https:\/\/ezoco.eu\/ezoco-eu-loumiere\/","logo":{"@type":"ImageObject","inLanguage":"es","@id":"https:\/\/ezoco.eu\/ezoco-eu-loumiere\/#\/schema\/logo\/image\/","url":"http:\/\/ezoco.eu\/ezoco-eu-loumiere\/wp-content\/uploads\/sites\/104\/2026\/01\/Gemini_Generated_Image_53phux53phux53ph.png","contentUrl":"http:\/\/ezoco.eu\/ezoco-eu-loumiere\/wp-content\/uploads\/sites\/104\/2026\/01\/Gemini_Generated_Image_53phux53phux53ph.png","width":717,"height":672,"caption":"Loumi\u00e9re"},"image":{"@id":"https:\/\/ezoco.eu\/ezoco-eu-loumiere\/#\/schema\/logo\/image\/"}}]}},"featured_image_src":null,"featured_image_src_square":null,"_links":{"self":[{"href":"https:\/\/ezoco.eu\/ezoco-eu-loumiere\/wp-json\/wp\/v2\/pages\/356","targetHints":{"allow":["GET"]}}],"collection":[{"href":"https:\/\/ezoco.eu\/ezoco-eu-loumiere\/wp-json\/wp\/v2\/pages"}],"about":[{"href":"https:\/\/ezoco.eu\/ezoco-eu-loumiere\/wp-json\/wp\/v2\/types\/page"}],"author":[{"embeddable":true,"href":"https:\/\/ezoco.eu\/ezoco-eu-loumiere\/wp-json\/wp\/v2\/users\/139"}],"replies":[{"embeddable":true,"href":"https:\/\/ezoco.eu\/ezoco-eu-loumiere\/wp-json\/wp\/v2\/comments?post=356"}],"version-history":[{"count":7,"href":"https:\/\/ezoco.eu\/ezoco-eu-loumiere\/wp-json\/wp\/v2\/pages\/356\/revisions"}],"predecessor-version":[{"id":856,"href":"https:\/\/ezoco.eu\/ezoco-eu-loumiere\/wp-json\/wp\/v2\/pages\/356\/revisions\/856"}],"wp:attachment":[{"href":"https:\/\/ezoco.eu\/ezoco-eu-loumiere\/wp-json\/wp\/v2\/media?parent=356"}],"curies":[{"name":"wp","href":"https:\/\/api.w.org\/{rel}","templated":true}]}}