{"id":899,"date":"2026-02-03T03:23:56","date_gmt":"2026-02-03T02:23:56","guid":{"rendered":"https:\/\/ezoco.eu\/ezoco-eu-loumiere\/?page_id=899"},"modified":"2026-02-03T04:12:38","modified_gmt":"2026-02-03T03:12:38","slug":"blog-loumiere","status":"publish","type":"page","link":"https:\/\/ezoco.eu\/ezoco-eu-loumiere\/blog-loumiere\/","title":{"rendered":"Blog Loumi\u00e9re"},"content":{"rendered":"\t\t<div data-elementor-type=\"wp-page\" data-elementor-id=\"899\" class=\"elementor elementor-899\" data-elementor-post-type=\"page\">\n\t\t\t\t<div class=\"elementor-element elementor-element-e760185 e-flex e-con-boxed e-con e-parent\" data-id=\"e760185\" data-element_type=\"container\" data-e-type=\"container\">\n\t\t\t\t\t<div class=\"e-con-inner\">\n\t\t\t\t<div class=\"elementor-element elementor-element-4800fb1 elementor-widget elementor-widget-spacer\" data-id=\"4800fb1\" data-element_type=\"widget\" data-e-type=\"widget\" data-widget_type=\"spacer.default\">\n\t\t\t\t\t\t\t<div class=\"elementor-spacer\">\n\t\t\t<div class=\"elementor-spacer-inner\"><\/div>\n\t\t<\/div>\n\t\t\t\t\t\t<\/div>\n\t\t\t\t\t<\/div>\n\t\t\t\t<\/div>\n\t\t<div class=\"elementor-element elementor-element-9657cc3 e-flex e-con-boxed elementor-invisible e-con e-parent\" data-id=\"9657cc3\" data-element_type=\"container\" data-e-type=\"container\" data-settings=\"{&quot;animation&quot;:&quot;fadeInDown&quot;}\">\n\t\t\t\t\t<div class=\"e-con-inner\">\n\t\t\t\t<div class=\"elementor-element elementor-element-4119248 elementor-widget__width-initial elementor-widget elementor-widget-heading\" data-id=\"4119248\" data-element_type=\"widget\" data-e-type=\"widget\" data-widget_type=\"heading.default\">\n\t\t\t\t\t<h2 class=\"elementor-heading-title elementor-size-default\">Innovaci\u00f3n y Seguridad: Cr\u00f3nica de la Feria de Riesgos Laborales en la UGR<\/h2>\t\t\t\t<\/div>\n\t\t\t\t<div class=\"elementor-element elementor-element-cd12af6 elementor-widget elementor-widget-text-editor\" data-id=\"cd12af6\" data-element_type=\"widget\" data-e-type=\"widget\" data-widget_type=\"text-editor.default\">\n\t\t\t\t\t\t\t\t\t<p>La Facultad de Relaciones Laborales de la Universidad de Granada no solo abri\u00f3 sus puertas, sino que transform\u00f3 su espacio en un laboratorio vivo de aprendizaje. Desde el primer momento, el ambiente vibrante \u2014estudiantes interactuando entre stands y un equipo organizador volcado en la gu\u00eda\u2014 anticipaba que esta no ser\u00eda una jornada acad\u00e9mica convencional. El decano dio el pistoletazo de salida con un mensaje contundente: <b data-path-to-node=\"3\" data-index-in-node=\"424\">la prevenci\u00f3n no es un tr\u00e1mite, es el ADN de cualquier profesional moderno<\/b><\/p>\t\t\t\t\t\t\t\t<\/div>\n\t\t\t\t\t<\/div>\n\t\t\t\t<\/div>\n\t\t<div class=\"elementor-element elementor-element-ad985e7 e-flex e-con-boxed e-con e-parent\" data-id=\"ad985e7\" data-element_type=\"container\" data-e-type=\"container\">\n\t\t\t\t\t<div class=\"e-con-inner\">\n\t\t\t\t<div class=\"elementor-element elementor-element-fda3dc8 elementor-widget__width-initial elementor-widget elementor-widget-video\" data-id=\"fda3dc8\" data-element_type=\"widget\" data-e-type=\"widget\" data-settings=\"{&quot;youtube_url&quot;:&quot;https:\\\/\\\/youtu.be\\\/DemrweZPBbg&quot;,&quot;mute&quot;:&quot;yes&quot;,&quot;loop&quot;:&quot;yes&quot;,&quot;motion_fx_motion_fx_scrolling&quot;:&quot;yes&quot;,&quot;motion_fx_translateY_effect&quot;:&quot;yes&quot;,&quot;video_type&quot;:&quot;youtube&quot;,&quot;motion_fx_translateY_speed&quot;:{&quot;unit&quot;:&quot;px&quot;,&quot;size&quot;:4,&quot;sizes&quot;:[]},&quot;motion_fx_translateY_affectedRange&quot;:{&quot;unit&quot;:&quot;%&quot;,&quot;size&quot;:&quot;&quot;,&quot;sizes&quot;:{&quot;start&quot;:0,&quot;end&quot;:100}},&quot;motion_fx_devices&quot;:[&quot;desktop&quot;,&quot;tablet&quot;,&quot;mobile&quot;]}\" data-widget_type=\"video.default\">\n\t\t\t\t\t\t\t<div class=\"elementor-wrapper elementor-open-inline\">\n\t\t\t<div class=\"elementor-video\"><\/div>\t\t<\/div>\n\t\t\t\t\t\t<\/div>\n\t\t\t\t<div class=\"elementor-element elementor-element-1ee17f8 elementor-invisible elementor-widget elementor-widget-text-editor\" data-id=\"1ee17f8\" data-element_type=\"widget\" data-e-type=\"widget\" data-settings=\"{&quot;_animation&quot;:&quot;fadeInRight&quot;}\" data-widget_type=\"text-editor.default\">\n\t\t\t\t\t\t\t\t\t<h3 data-path-to-node=\"4\">Del Aula a la Acci\u00f3n: El Poder de la Experiencia<\/h3><p data-path-to-node=\"5\">Esta feria super\u00f3 los l\u00edmites del curr\u00edculo tradicional. No se trat\u00f3 solo de recibir informaci\u00f3n, sino de una <b data-path-to-node=\"5\" data-index-in-node=\"110\">experiencia transformadora<\/b> donde el alumnado asumi\u00f3 el protagonismo. Aprendimos a identificar peligros y a actuar con responsabilidad, convirtiendo conceptos te\u00f3ricos en herramientas pr\u00e1cticas de supervivencia y bienestar laboral.<\/p>\t\t\t\t\t\t\t\t<\/div>\n\t\t\t\t<div class=\"elementor-element elementor-element-b92e7b7 elementor-widget-divider--view-line elementor-widget elementor-widget-divider\" data-id=\"b92e7b7\" data-element_type=\"widget\" data-e-type=\"widget\" data-widget_type=\"divider.default\">\n\t\t\t\t\t\t\t<div class=\"elementor-divider\">\n\t\t\t<span class=\"elementor-divider-separator\">\n\t\t\t\t\t\t<\/span>\n\t\t<\/div>\n\t\t\t\t\t\t<\/div>\n\t\t\t\t\t<\/div>\n\t\t\t\t<\/div>\n\t\t<div class=\"elementor-element elementor-element-2da7858 e-flex e-con-boxed elementor-invisible e-con e-parent\" data-id=\"2da7858\" data-element_type=\"container\" data-e-type=\"container\" data-settings=\"{&quot;motion_fx_motion_fx_scrolling&quot;:&quot;yes&quot;,&quot;motion_fx_translateY_effect&quot;:&quot;yes&quot;,&quot;motion_fx_motion_fx_mouse&quot;:&quot;yes&quot;,&quot;motion_fx_tilt_effect&quot;:&quot;yes&quot;,&quot;motion_fx_tilt_speed&quot;:{&quot;unit&quot;:&quot;px&quot;,&quot;size&quot;:&quot;1.5&quot;,&quot;sizes&quot;:[]},&quot;animation&quot;:&quot;zoomIn&quot;,&quot;motion_fx_translateY_speed&quot;:{&quot;unit&quot;:&quot;px&quot;,&quot;size&quot;:4,&quot;sizes&quot;:[]},&quot;motion_fx_translateY_affectedRange&quot;:{&quot;unit&quot;:&quot;%&quot;,&quot;size&quot;:&quot;&quot;,&quot;sizes&quot;:{&quot;start&quot;:0,&quot;end&quot;:100}},&quot;motion_fx_devices&quot;:[&quot;desktop&quot;,&quot;tablet&quot;,&quot;mobile&quot;]}\">\n\t\t\t\t\t<div class=\"e-con-inner\">\n\t\t\t\t<div class=\"elementor-element elementor-element-7a1cd10 elementor-widget__width-initial elementor-widget elementor-widget-image\" data-id=\"7a1cd10\" data-element_type=\"widget\" data-e-type=\"widget\" data-widget_type=\"image.default\">\n\t\t\t\t\t\t\t\t\t\t\t\t\t\t\t<img fetchpriority=\"high\" decoding=\"async\" width=\"405\" height=\"720\" src=\"https:\/\/ezoco.eu\/ezoco-eu-loumiere\/wp-content\/uploads\/sites\/104\/2026\/02\/Stands-405x720.jpg\" class=\"attachment-large size-large wp-image-903\" alt=\"\" srcset=\"https:\/\/ezoco.eu\/ezoco-eu-loumiere\/wp-content\/uploads\/sites\/104\/2026\/02\/Stands-405x720.jpg 405w, https:\/\/ezoco.eu\/ezoco-eu-loumiere\/wp-content\/uploads\/sites\/104\/2026\/02\/Stands-338x600.jpg 338w, https:\/\/ezoco.eu\/ezoco-eu-loumiere\/wp-content\/uploads\/sites\/104\/2026\/02\/Stands-768x1365.jpg 768w, https:\/\/ezoco.eu\/ezoco-eu-loumiere\/wp-content\/uploads\/sites\/104\/2026\/02\/Stands-864x1536.jpg 864w, https:\/\/ezoco.eu\/ezoco-eu-loumiere\/wp-content\/uploads\/sites\/104\/2026\/02\/Stands-740x1316.jpg 740w, https:\/\/ezoco.eu\/ezoco-eu-loumiere\/wp-content\/uploads\/sites\/104\/2026\/02\/Stands.jpg 1152w\" sizes=\"(max-width: 405px) 100vw, 405px\" \/>\t\t\t\t\t\t\t\t\t\t\t\t\t\t\t<\/div>\n\t\t\t\t<div class=\"elementor-element elementor-element-43c58eb elementor-widget__width-initial elementor-widget elementor-widget-image\" data-id=\"43c58eb\" data-element_type=\"widget\" data-e-type=\"widget\" data-widget_type=\"image.default\">\n\t\t\t\t\t\t\t\t\t\t\t\t\t\t\t<img decoding=\"async\" width=\"800\" height=\"450\" src=\"https:\/\/ezoco.eu\/ezoco-eu-loumiere\/wp-content\/uploads\/sites\/104\/2026\/02\/Stands5-1028x578.jpg\" class=\"attachment-large size-large wp-image-904\" alt=\"\" srcset=\"https:\/\/ezoco.eu\/ezoco-eu-loumiere\/wp-content\/uploads\/sites\/104\/2026\/02\/Stands5-1028x578.jpg 1028w, https:\/\/ezoco.eu\/ezoco-eu-loumiere\/wp-content\/uploads\/sites\/104\/2026\/02\/Stands5-600x338.jpg 600w, https:\/\/ezoco.eu\/ezoco-eu-loumiere\/wp-content\/uploads\/sites\/104\/2026\/02\/Stands5-768x432.jpg 768w, https:\/\/ezoco.eu\/ezoco-eu-loumiere\/wp-content\/uploads\/sites\/104\/2026\/02\/Stands5-1536x864.jpg 1536w, https:\/\/ezoco.eu\/ezoco-eu-loumiere\/wp-content\/uploads\/sites\/104\/2026\/02\/Stands5-740x416.jpg 740w, https:\/\/ezoco.eu\/ezoco-eu-loumiere\/wp-content\/uploads\/sites\/104\/2026\/02\/Stands5.jpg 2048w\" sizes=\"(max-width: 800px) 100vw, 800px\" \/>\t\t\t\t\t\t\t\t\t\t\t\t\t\t\t<\/div>\n\t\t\t\t<div class=\"elementor-element elementor-element-30295da elementor-widget__width-initial elementor-widget elementor-widget-image\" data-id=\"30295da\" data-element_type=\"widget\" data-e-type=\"widget\" data-widget_type=\"image.default\">\n\t\t\t\t\t\t\t\t\t\t\t\t\t\t\t<img decoding=\"async\" width=\"405\" height=\"720\" src=\"https:\/\/ezoco.eu\/ezoco-eu-loumiere\/wp-content\/uploads\/sites\/104\/2026\/02\/Stands2-405x720.jpg\" class=\"attachment-large size-large wp-image-905\" alt=\"\" srcset=\"https:\/\/ezoco.eu\/ezoco-eu-loumiere\/wp-content\/uploads\/sites\/104\/2026\/02\/Stands2-405x720.jpg 405w, https:\/\/ezoco.eu\/ezoco-eu-loumiere\/wp-content\/uploads\/sites\/104\/2026\/02\/Stands2-338x600.jpg 338w, https:\/\/ezoco.eu\/ezoco-eu-loumiere\/wp-content\/uploads\/sites\/104\/2026\/02\/Stands2-768x1365.jpg 768w, https:\/\/ezoco.eu\/ezoco-eu-loumiere\/wp-content\/uploads\/sites\/104\/2026\/02\/Stands2-864x1536.jpg 864w, https:\/\/ezoco.eu\/ezoco-eu-loumiere\/wp-content\/uploads\/sites\/104\/2026\/02\/Stands2-740x1316.jpg 740w, https:\/\/ezoco.eu\/ezoco-eu-loumiere\/wp-content\/uploads\/sites\/104\/2026\/02\/Stands2.jpg 1152w\" sizes=\"(max-width: 405px) 100vw, 405px\" \/>\t\t\t\t\t\t\t\t\t\t\t\t\t\t\t<\/div>\n\t\t\t\t\t<\/div>\n\t\t\t\t<\/div>\n\t\t<div class=\"elementor-element elementor-element-9123350 e-flex e-con-boxed e-con e-parent\" data-id=\"9123350\" data-element_type=\"container\" data-e-type=\"container\">\n\t\t\t\t\t<div class=\"e-con-inner\">\n\t\t\t\t<div class=\"elementor-element elementor-element-719f303 elementor-invisible elementor-widget elementor-widget-text-editor\" data-id=\"719f303\" data-element_type=\"widget\" data-e-type=\"widget\" data-settings=\"{&quot;_animation&quot;:&quot;fadeInLeft&quot;}\" data-widget_type=\"text-editor.default\">\n\t\t\t\t\t\t\t\t\t<h3 data-path-to-node=\"6\">Ludificaci\u00f3n: Aprender Jugando es Aprender de Verdad<\/h3><p data-path-to-node=\"7\">El gran acierto del evento fue su enfoque l\u00fadico. La participaci\u00f3n se incentiv\u00f3 mediante un sistema de recompensas y din\u00e1micas competitivas que mantuvieron la motivaci\u00f3n en niveles m\u00e1ximos:<\/p><ul data-path-to-node=\"8\"><li><p data-path-to-node=\"8,0,0\"><b data-path-to-node=\"8,0,0\" data-index-in-node=\"0\">Din\u00e1micas de Impacto:<\/b> Stands que utilizaban dulces y tarjetas como \u00abpremios\u00bb por el conocimiento adquirido.<\/p><\/li><li><p data-path-to-node=\"8,1,0\"><b data-path-to-node=\"8,1,0\" data-index-in-node=\"0\">El Tablero de la Vida Real:<\/b> Destac\u00f3 un \u00abJuego de la Oca\u00bb gigante sobre prevenci\u00f3n. Cada casilla obligaba a los participantes a resolver dilemas ergon\u00f3micos, realizar pruebas f\u00edsicas (como levantamiento de cargas correcto) o sufrir \u00abpenalizaciones\u00bb por descuidos en seguridad.<\/p><\/li><\/ul><blockquote data-path-to-node=\"9\"><p data-path-to-node=\"9,0\">\u00abLograr que conceptos t\u00e9cnicos resulten divertidos es la clave para que el conocimiento sea memorable.\u00bb<\/p><\/blockquote>\t\t\t\t\t\t\t\t<\/div>\n\t\t\t\t<div class=\"elementor-element elementor-element-856d473 elementor-widget-divider--view-line elementor-widget elementor-widget-divider\" data-id=\"856d473\" data-element_type=\"widget\" data-e-type=\"widget\" data-widget_type=\"divider.default\">\n\t\t\t\t\t\t\t<div class=\"elementor-divider\">\n\t\t\t<span class=\"elementor-divider-separator\">\n\t\t\t\t\t\t<\/span>\n\t\t<\/div>\n\t\t\t\t\t\t<\/div>\n\t\t\t\t\t<\/div>\n\t\t\t\t<\/div>\n\t\t<div class=\"elementor-element elementor-element-4e8f0d3 e-flex e-con-boxed e-con e-parent\" data-id=\"4e8f0d3\" data-element_type=\"container\" data-e-type=\"container\">\n\t\t\t\t\t<div class=\"e-con-inner\">\n\t\t\t\t<div class=\"elementor-element elementor-element-c26609b elementor-widget-divider--view-line elementor-widget elementor-widget-divider\" data-id=\"c26609b\" data-element_type=\"widget\" data-e-type=\"widget\" data-widget_type=\"divider.default\">\n\t\t\t\t\t\t\t<div class=\"elementor-divider\">\n\t\t\t<span class=\"elementor-divider-separator\">\n\t\t\t\t\t\t<\/span>\n\t\t<\/div>\n\t\t\t\t\t\t<\/div>\n\t\t\t\t<div class=\"elementor-element elementor-element-2eff52a elementor-widget__width-initial elementor-widget elementor-widget-video\" data-id=\"2eff52a\" data-element_type=\"widget\" data-e-type=\"widget\" data-settings=\"{&quot;youtube_url&quot;:&quot;https:\\\/\\\/youtu.be\\\/wI7TpwNzYBk&quot;,&quot;motion_fx_motion_fx_scrolling&quot;:&quot;yes&quot;,&quot;motion_fx_translateY_effect&quot;:&quot;yes&quot;,&quot;video_type&quot;:&quot;youtube&quot;,&quot;controls&quot;:&quot;yes&quot;,&quot;motion_fx_translateY_speed&quot;:{&quot;unit&quot;:&quot;px&quot;,&quot;size&quot;:4,&quot;sizes&quot;:[]},&quot;motion_fx_translateY_affectedRange&quot;:{&quot;unit&quot;:&quot;%&quot;,&quot;size&quot;:&quot;&quot;,&quot;sizes&quot;:{&quot;start&quot;:0,&quot;end&quot;:100}},&quot;motion_fx_devices&quot;:[&quot;desktop&quot;,&quot;tablet&quot;,&quot;mobile&quot;]}\" data-widget_type=\"video.default\">\n\t\t\t\t\t\t\t<div class=\"elementor-wrapper elementor-open-inline\">\n\t\t\t<div class=\"elementor-video\"><\/div>\t\t<\/div>\n\t\t\t\t\t\t<\/div>\n\t\t\t\t<div class=\"elementor-element elementor-element-35cad1e elementor-widget__width-initial elementor-invisible elementor-widget elementor-widget-text-editor\" data-id=\"35cad1e\" data-element_type=\"widget\" data-e-type=\"widget\" data-settings=\"{&quot;_animation&quot;:&quot;fadeInUp&quot;}\" data-widget_type=\"text-editor.default\">\n\t\t\t\t\t\t\t\t\t<h3 data-path-to-node=\"11\">Un Horizonte de Mejora: Hacia la Excelencia Preventiva<\/h3><p data-path-to-node=\"12\">El modelo pedag\u00f3gico de la UGR \u2014basado en el aprendizaje experiencial y la flexibilidad\u2014 es un referente que debe replicarse. Sin embargo, el futuro invita a so\u00f1ar con m\u00e1s:<\/p><ol start=\"1\" data-path-to-node=\"13\"><li><p data-path-to-node=\"13,0,0\"><b data-path-to-node=\"13,0,0\" data-index-in-node=\"0\">Tecnolog\u00eda Inmersiva:<\/b> Uso de Realidad Virtual para simular entornos de alto riesgo sin peligro real.<\/p><\/li><li><p data-path-to-node=\"13,1,0\"><b data-path-to-node=\"13,1,0\" data-index-in-node=\"0\">V\u00ednculo Empresarial:<\/b> Integrar a profesionales del sector para conectar la academia con las demandas del mercado.<\/p><\/li><li><p data-path-to-node=\"13,2,0\"><b data-path-to-node=\"13,2,0\" data-index-in-node=\"0\">Redes Digitales:<\/b> Crear plataformas post-evento que permitan profundizar en lo aprendido.<\/p><\/li><\/ol>\t\t\t\t\t\t\t\t<\/div>\n\t\t\t\t\t<\/div>\n\t\t\t\t<\/div>\n\t\t\t\t<\/div>\n\t\t","protected":false},"excerpt":{"rendered":"<p>Innovaci\u00f3n y Seguridad: Cr\u00f3nica de la Feria de Riesgos Laborales en la UGR La Facultad de Relaciones Laborales de la Universidad de Granada no solo abri\u00f3 sus puertas, sino que transform\u00f3 su espacio en un laboratorio vivo de aprendizaje. Desde el primer momento, el ambiente vibrante \u2014estudiantes interactuando entre stands y un equipo organizador volcado [&hellip;]<\/p>\n","protected":false},"author":139,"featured_media":0,"parent":0,"menu_order":0,"comment_status":"closed","ping_status":"closed","template":"","meta":{"inline_featured_image":false,"footnotes":""},"class_list":["post-899","page","type-page","status-publish","hentry"],"yoast_head":"<!-- This site is optimized with the Yoast SEO plugin v27.5 - https:\/\/yoast.com\/product\/yoast-seo-wordpress\/ -->\n<title>Blog Loumi\u00e9re - Loumi\u00e9re<\/title>\n<meta name=\"robots\" content=\"index, follow, max-snippet:-1, max-image-preview:large, max-video-preview:-1\" \/>\n<link rel=\"canonical\" href=\"https:\/\/ezoco.eu\/ezoco-eu-loumiere\/blog-loumiere\/\" \/>\n<meta property=\"og:locale\" content=\"es_ES\" \/>\n<meta property=\"og:type\" content=\"article\" \/>\n<meta property=\"og:title\" content=\"Blog Loumi\u00e9re - Loumi\u00e9re\" \/>\n<meta property=\"og:description\" content=\"Innovaci\u00f3n y Seguridad: Cr\u00f3nica de la Feria de Riesgos Laborales en la UGR La Facultad de Relaciones Laborales de la Universidad de Granada no solo abri\u00f3 sus puertas, sino que transform\u00f3 su espacio en un laboratorio vivo de aprendizaje. Desde el primer momento, el ambiente vibrante \u2014estudiantes interactuando entre stands y un equipo organizador volcado [&hellip;]\" \/>\n<meta property=\"og:url\" content=\"https:\/\/ezoco.eu\/ezoco-eu-loumiere\/blog-loumiere\/\" \/>\n<meta property=\"og:site_name\" content=\"Loumi\u00e9re\" \/>\n<meta property=\"article:modified_time\" content=\"2026-02-03T03:12:38+00:00\" \/>\n<meta property=\"og:image\" content=\"http:\/\/ezoco.eu\/ezoco-eu-loumiere\/wp-content\/uploads\/sites\/104\/2026\/02\/Stands-405x720.jpg\" \/>\n<meta name=\"twitter:card\" content=\"summary_large_image\" \/>\n<meta name=\"twitter:label1\" content=\"Tiempo de lectura\" \/>\n\t<meta name=\"twitter:data1\" content=\"2 minutos\" \/>\n<script type=\"application\/ld+json\" class=\"yoast-schema-graph\">{\"@context\":\"https:\\\/\\\/schema.org\",\"@graph\":[{\"@type\":\"WebPage\",\"@id\":\"https:\\\/\\\/ezoco.eu\\\/ezoco-eu-loumiere\\\/blog-loumiere\\\/\",\"url\":\"https:\\\/\\\/ezoco.eu\\\/ezoco-eu-loumiere\\\/blog-loumiere\\\/\",\"name\":\"Blog Loumi\u00e9re - Loumi\u00e9re\",\"isPartOf\":{\"@id\":\"https:\\\/\\\/ezoco.eu\\\/ezoco-eu-loumiere\\\/#website\"},\"primaryImageOfPage\":{\"@id\":\"https:\\\/\\\/ezoco.eu\\\/ezoco-eu-loumiere\\\/blog-loumiere\\\/#primaryimage\"},\"image\":{\"@id\":\"https:\\\/\\\/ezoco.eu\\\/ezoco-eu-loumiere\\\/blog-loumiere\\\/#primaryimage\"},\"thumbnailUrl\":\"http:\\\/\\\/ezoco.eu\\\/ezoco-eu-loumiere\\\/wp-content\\\/uploads\\\/sites\\\/104\\\/2026\\\/02\\\/Stands-405x720.jpg\",\"datePublished\":\"2026-02-03T02:23:56+00:00\",\"dateModified\":\"2026-02-03T03:12:38+00:00\",\"breadcrumb\":{\"@id\":\"https:\\\/\\\/ezoco.eu\\\/ezoco-eu-loumiere\\\/blog-loumiere\\\/#breadcrumb\"},\"inLanguage\":\"es\",\"potentialAction\":[{\"@type\":\"ReadAction\",\"target\":[\"https:\\\/\\\/ezoco.eu\\\/ezoco-eu-loumiere\\\/blog-loumiere\\\/\"]}]},{\"@type\":\"ImageObject\",\"inLanguage\":\"es\",\"@id\":\"https:\\\/\\\/ezoco.eu\\\/ezoco-eu-loumiere\\\/blog-loumiere\\\/#primaryimage\",\"url\":\"https:\\\/\\\/ezoco.eu\\\/ezoco-eu-loumiere\\\/wp-content\\\/uploads\\\/sites\\\/104\\\/2026\\\/02\\\/Stands.jpg\",\"contentUrl\":\"https:\\\/\\\/ezoco.eu\\\/ezoco-eu-loumiere\\\/wp-content\\\/uploads\\\/sites\\\/104\\\/2026\\\/02\\\/Stands.jpg\",\"width\":1152,\"height\":2048},{\"@type\":\"BreadcrumbList\",\"@id\":\"https:\\\/\\\/ezoco.eu\\\/ezoco-eu-loumiere\\\/blog-loumiere\\\/#breadcrumb\",\"itemListElement\":[{\"@type\":\"ListItem\",\"position\":1,\"name\":\"Portada\",\"item\":\"https:\\\/\\\/ezoco.eu\\\/ezoco-eu-loumiere\\\/\"},{\"@type\":\"ListItem\",\"position\":2,\"name\":\"Blog Loumi\u00e9re\"}]},{\"@type\":\"WebSite\",\"@id\":\"https:\\\/\\\/ezoco.eu\\\/ezoco-eu-loumiere\\\/#website\",\"url\":\"https:\\\/\\\/ezoco.eu\\\/ezoco-eu-loumiere\\\/\",\"name\":\"Loumi\u00e9re\",\"description\":\"Loumi\u00e9re, el espejo inteligente\",\"publisher\":{\"@id\":\"https:\\\/\\\/ezoco.eu\\\/ezoco-eu-loumiere\\\/#organization\"},\"potentialAction\":[{\"@type\":\"SearchAction\",\"target\":{\"@type\":\"EntryPoint\",\"urlTemplate\":\"https:\\\/\\\/ezoco.eu\\\/ezoco-eu-loumiere\\\/?s={search_term_string}\"},\"query-input\":{\"@type\":\"PropertyValueSpecification\",\"valueRequired\":true,\"valueName\":\"search_term_string\"}}],\"inLanguage\":\"es\"},{\"@type\":\"Organization\",\"@id\":\"https:\\\/\\\/ezoco.eu\\\/ezoco-eu-loumiere\\\/#organization\",\"name\":\"Loumi\u00e9re\",\"url\":\"https:\\\/\\\/ezoco.eu\\\/ezoco-eu-loumiere\\\/\",\"logo\":{\"@type\":\"ImageObject\",\"inLanguage\":\"es\",\"@id\":\"https:\\\/\\\/ezoco.eu\\\/ezoco-eu-loumiere\\\/#\\\/schema\\\/logo\\\/image\\\/\",\"url\":\"http:\\\/\\\/ezoco.eu\\\/ezoco-eu-loumiere\\\/wp-content\\\/uploads\\\/sites\\\/104\\\/2026\\\/01\\\/Gemini_Generated_Image_53phux53phux53ph.png\",\"contentUrl\":\"http:\\\/\\\/ezoco.eu\\\/ezoco-eu-loumiere\\\/wp-content\\\/uploads\\\/sites\\\/104\\\/2026\\\/01\\\/Gemini_Generated_Image_53phux53phux53ph.png\",\"width\":717,\"height\":672,\"caption\":\"Loumi\u00e9re\"},\"image\":{\"@id\":\"https:\\\/\\\/ezoco.eu\\\/ezoco-eu-loumiere\\\/#\\\/schema\\\/logo\\\/image\\\/\"}}]}<\/script>\n<!-- \/ Yoast SEO plugin. -->","yoast_head_json":{"title":"Blog Loumi\u00e9re - Loumi\u00e9re","robots":{"index":"index","follow":"follow","max-snippet":"max-snippet:-1","max-image-preview":"max-image-preview:large","max-video-preview":"max-video-preview:-1"},"canonical":"https:\/\/ezoco.eu\/ezoco-eu-loumiere\/blog-loumiere\/","og_locale":"es_ES","og_type":"article","og_title":"Blog Loumi\u00e9re - Loumi\u00e9re","og_description":"Innovaci\u00f3n y Seguridad: Cr\u00f3nica de la Feria de Riesgos Laborales en la UGR La Facultad de Relaciones Laborales de la Universidad de Granada no solo abri\u00f3 sus puertas, sino que transform\u00f3 su espacio en un laboratorio vivo de aprendizaje. Desde el primer momento, el ambiente vibrante \u2014estudiantes interactuando entre stands y un equipo organizador volcado [&hellip;]","og_url":"https:\/\/ezoco.eu\/ezoco-eu-loumiere\/blog-loumiere\/","og_site_name":"Loumi\u00e9re","article_modified_time":"2026-02-03T03:12:38+00:00","og_image":[{"url":"http:\/\/ezoco.eu\/ezoco-eu-loumiere\/wp-content\/uploads\/sites\/104\/2026\/02\/Stands-405x720.jpg","type":"","width":"","height":""}],"twitter_card":"summary_large_image","twitter_misc":{"Tiempo de lectura":"2 minutos"},"schema":{"@context":"https:\/\/schema.org","@graph":[{"@type":"WebPage","@id":"https:\/\/ezoco.eu\/ezoco-eu-loumiere\/blog-loumiere\/","url":"https:\/\/ezoco.eu\/ezoco-eu-loumiere\/blog-loumiere\/","name":"Blog Loumi\u00e9re - Loumi\u00e9re","isPartOf":{"@id":"https:\/\/ezoco.eu\/ezoco-eu-loumiere\/#website"},"primaryImageOfPage":{"@id":"https:\/\/ezoco.eu\/ezoco-eu-loumiere\/blog-loumiere\/#primaryimage"},"image":{"@id":"https:\/\/ezoco.eu\/ezoco-eu-loumiere\/blog-loumiere\/#primaryimage"},"thumbnailUrl":"http:\/\/ezoco.eu\/ezoco-eu-loumiere\/wp-content\/uploads\/sites\/104\/2026\/02\/Stands-405x720.jpg","datePublished":"2026-02-03T02:23:56+00:00","dateModified":"2026-02-03T03:12:38+00:00","breadcrumb":{"@id":"https:\/\/ezoco.eu\/ezoco-eu-loumiere\/blog-loumiere\/#breadcrumb"},"inLanguage":"es","potentialAction":[{"@type":"ReadAction","target":["https:\/\/ezoco.eu\/ezoco-eu-loumiere\/blog-loumiere\/"]}]},{"@type":"ImageObject","inLanguage":"es","@id":"https:\/\/ezoco.eu\/ezoco-eu-loumiere\/blog-loumiere\/#primaryimage","url":"https:\/\/ezoco.eu\/ezoco-eu-loumiere\/wp-content\/uploads\/sites\/104\/2026\/02\/Stands.jpg","contentUrl":"https:\/\/ezoco.eu\/ezoco-eu-loumiere\/wp-content\/uploads\/sites\/104\/2026\/02\/Stands.jpg","width":1152,"height":2048},{"@type":"BreadcrumbList","@id":"https:\/\/ezoco.eu\/ezoco-eu-loumiere\/blog-loumiere\/#breadcrumb","itemListElement":[{"@type":"ListItem","position":1,"name":"Portada","item":"https:\/\/ezoco.eu\/ezoco-eu-loumiere\/"},{"@type":"ListItem","position":2,"name":"Blog Loumi\u00e9re"}]},{"@type":"WebSite","@id":"https:\/\/ezoco.eu\/ezoco-eu-loumiere\/#website","url":"https:\/\/ezoco.eu\/ezoco-eu-loumiere\/","name":"Loumi\u00e9re","description":"Loumi\u00e9re, el espejo inteligente","publisher":{"@id":"https:\/\/ezoco.eu\/ezoco-eu-loumiere\/#organization"},"potentialAction":[{"@type":"SearchAction","target":{"@type":"EntryPoint","urlTemplate":"https:\/\/ezoco.eu\/ezoco-eu-loumiere\/?s={search_term_string}"},"query-input":{"@type":"PropertyValueSpecification","valueRequired":true,"valueName":"search_term_string"}}],"inLanguage":"es"},{"@type":"Organization","@id":"https:\/\/ezoco.eu\/ezoco-eu-loumiere\/#organization","name":"Loumi\u00e9re","url":"https:\/\/ezoco.eu\/ezoco-eu-loumiere\/","logo":{"@type":"ImageObject","inLanguage":"es","@id":"https:\/\/ezoco.eu\/ezoco-eu-loumiere\/#\/schema\/logo\/image\/","url":"http:\/\/ezoco.eu\/ezoco-eu-loumiere\/wp-content\/uploads\/sites\/104\/2026\/01\/Gemini_Generated_Image_53phux53phux53ph.png","contentUrl":"http:\/\/ezoco.eu\/ezoco-eu-loumiere\/wp-content\/uploads\/sites\/104\/2026\/01\/Gemini_Generated_Image_53phux53phux53ph.png","width":717,"height":672,"caption":"Loumi\u00e9re"},"image":{"@id":"https:\/\/ezoco.eu\/ezoco-eu-loumiere\/#\/schema\/logo\/image\/"}}]}},"featured_image_src":null,"featured_image_src_square":null,"_links":{"self":[{"href":"https:\/\/ezoco.eu\/ezoco-eu-loumiere\/wp-json\/wp\/v2\/pages\/899","targetHints":{"allow":["GET"]}}],"collection":[{"href":"https:\/\/ezoco.eu\/ezoco-eu-loumiere\/wp-json\/wp\/v2\/pages"}],"about":[{"href":"https:\/\/ezoco.eu\/ezoco-eu-loumiere\/wp-json\/wp\/v2\/types\/page"}],"author":[{"embeddable":true,"href":"https:\/\/ezoco.eu\/ezoco-eu-loumiere\/wp-json\/wp\/v2\/users\/139"}],"replies":[{"embeddable":true,"href":"https:\/\/ezoco.eu\/ezoco-eu-loumiere\/wp-json\/wp\/v2\/comments?post=899"}],"version-history":[{"count":7,"href":"https:\/\/ezoco.eu\/ezoco-eu-loumiere\/wp-json\/wp\/v2\/pages\/899\/revisions"}],"predecessor-version":[{"id":923,"href":"https:\/\/ezoco.eu\/ezoco-eu-loumiere\/wp-json\/wp\/v2\/pages\/899\/revisions\/923"}],"wp:attachment":[{"href":"https:\/\/ezoco.eu\/ezoco-eu-loumiere\/wp-json\/wp\/v2\/media?parent=899"}],"curies":[{"name":"wp","href":"https:\/\/api.w.org\/{rel}","templated":true}]}}