{"id":621,"date":"2026-01-31T01:06:14","date_gmt":"2026-01-31T00:06:14","guid":{"rendered":"https:\/\/ezoco.eu\/ezoco-eu-loumiere\/?post_type=product&#038;p=621"},"modified":"2026-02-03T04:39:01","modified_gmt":"2026-02-03T03:39:01","slug":"loumiere-petit-eclat-edicion-viaje","status":"publish","type":"product","link":"https:\/\/ezoco.eu\/ezoco-eu-loumiere\/producto\/loumiere-petit-eclat-edicion-viaje\/","title":{"rendered":"Loumi\u00e9re Petit \u00c9clat (Edici\u00f3n Viaje)"},"content":{"rendered":"<p>Todo el poder del an\u00e1lisis IA de Loumi\u00e9re en un formato compacto y plegable.<\/p>\n<ul data-pm-slice=\"3 3 []\">\n<li><strong>Caracter\u00edsticas clave:<\/strong> Bater\u00eda de larga duraci\u00f3n (30 d\u00edas), luz ajustable y estuche de cuero vegano color granate Loumi\u00e9re.<\/li>\n<\/ul>\n","protected":false},"excerpt":{"rendered":"<p>Todo el poder del an\u00e1lisis IA de Loumi\u00e9re en un formato compacto y plegable. Caracter\u00edsticas clave: Bater\u00eda de larga duraci\u00f3n (30 d\u00edas), luz ajustable y estuche de cuero vegano color granate Loumi\u00e9re.<\/p>\n","protected":false},"featured_media":634,"comment_status":"open","ping_status":"closed","template":"","meta":{"inline_featured_image":false},"product_brand":[],"product_cat":[18],"product_tag":[],"class_list":{"0":"post-621","1":"product","2":"type-product","3":"status-publish","4":"has-post-thumbnail","6":"product_cat-loumiere-colletion","8":"first","9":"instock","10":"taxable","11":"shipping-taxable","12":"purchasable","13":"product-type-variable"},"yoast_head":"<!-- This site is optimized with the Yoast SEO plugin v27.5 - https:\/\/yoast.com\/product\/yoast-seo-wordpress\/ -->\n<title>Loumi\u00e9re Petit \u00c9clat (Edici\u00f3n Viaje) - Loumi\u00e9re<\/title>\n<meta name=\"robots\" content=\"index, follow, max-snippet:-1, max-image-preview:large, max-video-preview:-1\" \/>\n<link rel=\"canonical\" href=\"https:\/\/ezoco.eu\/ezoco-eu-loumiere\/producto\/loumiere-petit-eclat-edicion-viaje\/\" \/>\n<meta property=\"og:locale\" content=\"es_ES\" \/>\n<meta property=\"og:type\" content=\"article\" \/>\n<meta property=\"og:title\" content=\"Loumi\u00e9re Petit \u00c9clat (Edici\u00f3n Viaje) - Loumi\u00e9re\" \/>\n<meta property=\"og:description\" content=\"Todo el poder del an\u00e1lisis IA de Loumi\u00e9re en un formato compacto y plegable. Caracter\u00edsticas clave: Bater\u00eda de larga duraci\u00f3n (30 d\u00edas), luz ajustable y estuche de cuero vegano color granate Loumi\u00e9re.\" \/>\n<meta property=\"og:url\" content=\"https:\/\/ezoco.eu\/ezoco-eu-loumiere\/producto\/loumiere-petit-eclat-edicion-viaje\/\" \/>\n<meta property=\"og:site_name\" content=\"Loumi\u00e9re\" \/>\n<meta property=\"article:modified_time\" content=\"2026-02-03T03:39:01+00:00\" \/>\n<meta property=\"og:image\" content=\"http:\/\/ezoco.eu\/ezoco-eu-loumiere\/wp-content\/uploads\/sites\/104\/2026\/01\/descarga-2026-01-31T014828.446.jpg\" \/>\n\t<meta property=\"og:image:width\" content=\"784\" \/>\n\t<meta property=\"og:image:height\" content=\"1168\" \/>\n\t<meta property=\"og:image:type\" content=\"image\/jpeg\" \/>\n<meta name=\"twitter:card\" content=\"summary_large_image\" \/>\n<meta name=\"twitter:label1\" content=\"Tiempo de lectura\" \/>\n\t<meta name=\"twitter:data1\" content=\"1 minuto\" \/>\n<script type=\"application\/ld+json\" class=\"yoast-schema-graph\">{\"@context\":\"https:\\\/\\\/schema.org\",\"@graph\":[{\"@type\":\"WebPage\",\"@id\":\"https:\\\/\\\/ezoco.eu\\\/ezoco-eu-loumiere\\\/producto\\\/loumiere-petit-eclat-edicion-viaje\\\/\",\"url\":\"https:\\\/\\\/ezoco.eu\\\/ezoco-eu-loumiere\\\/producto\\\/loumiere-petit-eclat-edicion-viaje\\\/\",\"name\":\"Loumi\u00e9re Petit \u00c9clat (Edici\u00f3n Viaje) - Loumi\u00e9re\",\"isPartOf\":{\"@id\":\"https:\\\/\\\/ezoco.eu\\\/ezoco-eu-loumiere\\\/#website\"},\"primaryImageOfPage\":{\"@id\":\"https:\\\/\\\/ezoco.eu\\\/ezoco-eu-loumiere\\\/producto\\\/loumiere-petit-eclat-edicion-viaje\\\/#primaryimage\"},\"image\":{\"@id\":\"https:\\\/\\\/ezoco.eu\\\/ezoco-eu-loumiere\\\/producto\\\/loumiere-petit-eclat-edicion-viaje\\\/#primaryimage\"},\"thumbnailUrl\":\"https:\\\/\\\/ezoco.eu\\\/ezoco-eu-loumiere\\\/wp-content\\\/uploads\\\/sites\\\/104\\\/2026\\\/01\\\/descarga-2026-01-31T014828.446.jpg\",\"datePublished\":\"2026-01-31T00:06:14+00:00\",\"dateModified\":\"2026-02-03T03:39:01+00:00\",\"breadcrumb\":{\"@id\":\"https:\\\/\\\/ezoco.eu\\\/ezoco-eu-loumiere\\\/producto\\\/loumiere-petit-eclat-edicion-viaje\\\/#breadcrumb\"},\"inLanguage\":\"es\",\"potentialAction\":[{\"@type\":\"ReadAction\",\"target\":[\"https:\\\/\\\/ezoco.eu\\\/ezoco-eu-loumiere\\\/producto\\\/loumiere-petit-eclat-edicion-viaje\\\/\"]}]},{\"@type\":\"ImageObject\",\"inLanguage\":\"es\",\"@id\":\"https:\\\/\\\/ezoco.eu\\\/ezoco-eu-loumiere\\\/producto\\\/loumiere-petit-eclat-edicion-viaje\\\/#primaryimage\",\"url\":\"https:\\\/\\\/ezoco.eu\\\/ezoco-eu-loumiere\\\/wp-content\\\/uploads\\\/sites\\\/104\\\/2026\\\/01\\\/descarga-2026-01-31T014828.446.jpg\",\"contentUrl\":\"https:\\\/\\\/ezoco.eu\\\/ezoco-eu-loumiere\\\/wp-content\\\/uploads\\\/sites\\\/104\\\/2026\\\/01\\\/descarga-2026-01-31T014828.446.jpg\",\"width\":784,\"height\":1168},{\"@type\":\"BreadcrumbList\",\"@id\":\"https:\\\/\\\/ezoco.eu\\\/ezoco-eu-loumiere\\\/producto\\\/loumiere-petit-eclat-edicion-viaje\\\/#breadcrumb\",\"itemListElement\":[{\"@type\":\"ListItem\",\"position\":1,\"name\":\"Portada\",\"item\":\"https:\\\/\\\/ezoco.eu\\\/ezoco-eu-loumiere\\\/\"},{\"@type\":\"ListItem\",\"position\":2,\"name\":\"Productos\",\"item\":\"https:\\\/\\\/ezoco.eu\\\/ezoco-eu-loumiere\\\/tienda\\\/\"},{\"@type\":\"ListItem\",\"position\":3,\"name\":\"Loumi\u00e9re Petit \u00c9clat (Edici\u00f3n Viaje)\"}]},{\"@type\":\"WebSite\",\"@id\":\"https:\\\/\\\/ezoco.eu\\\/ezoco-eu-loumiere\\\/#website\",\"url\":\"https:\\\/\\\/ezoco.eu\\\/ezoco-eu-loumiere\\\/\",\"name\":\"Loumi\u00e9re\",\"description\":\"Loumi\u00e9re, el espejo inteligente\",\"publisher\":{\"@id\":\"https:\\\/\\\/ezoco.eu\\\/ezoco-eu-loumiere\\\/#organization\"},\"potentialAction\":[{\"@type\":\"SearchAction\",\"target\":{\"@type\":\"EntryPoint\",\"urlTemplate\":\"https:\\\/\\\/ezoco.eu\\\/ezoco-eu-loumiere\\\/?s={search_term_string}\"},\"query-input\":{\"@type\":\"PropertyValueSpecification\",\"valueRequired\":true,\"valueName\":\"search_term_string\"}}],\"inLanguage\":\"es\"},{\"@type\":\"Organization\",\"@id\":\"https:\\\/\\\/ezoco.eu\\\/ezoco-eu-loumiere\\\/#organization\",\"name\":\"Loumi\u00e9re\",\"url\":\"https:\\\/\\\/ezoco.eu\\\/ezoco-eu-loumiere\\\/\",\"logo\":{\"@type\":\"ImageObject\",\"inLanguage\":\"es\",\"@id\":\"https:\\\/\\\/ezoco.eu\\\/ezoco-eu-loumiere\\\/#\\\/schema\\\/logo\\\/image\\\/\",\"url\":\"http:\\\/\\\/ezoco.eu\\\/ezoco-eu-loumiere\\\/wp-content\\\/uploads\\\/sites\\\/104\\\/2026\\\/01\\\/Gemini_Generated_Image_53phux53phux53ph.png\",\"contentUrl\":\"http:\\\/\\\/ezoco.eu\\\/ezoco-eu-loumiere\\\/wp-content\\\/uploads\\\/sites\\\/104\\\/2026\\\/01\\\/Gemini_Generated_Image_53phux53phux53ph.png\",\"width\":717,\"height\":672,\"caption\":\"Loumi\u00e9re\"},\"image\":{\"@id\":\"https:\\\/\\\/ezoco.eu\\\/ezoco-eu-loumiere\\\/#\\\/schema\\\/logo\\\/image\\\/\"}}]}<\/script>\n<!-- \/ Yoast SEO plugin. -->","yoast_head_json":{"title":"Loumi\u00e9re Petit \u00c9clat (Edici\u00f3n Viaje) - Loumi\u00e9re","robots":{"index":"index","follow":"follow","max-snippet":"max-snippet:-1","max-image-preview":"max-image-preview:large","max-video-preview":"max-video-preview:-1"},"canonical":"https:\/\/ezoco.eu\/ezoco-eu-loumiere\/producto\/loumiere-petit-eclat-edicion-viaje\/","og_locale":"es_ES","og_type":"article","og_title":"Loumi\u00e9re Petit \u00c9clat (Edici\u00f3n Viaje) - Loumi\u00e9re","og_description":"Todo el poder del an\u00e1lisis IA de Loumi\u00e9re en un formato compacto y plegable. Caracter\u00edsticas clave: Bater\u00eda de larga duraci\u00f3n (30 d\u00edas), luz ajustable y estuche de cuero vegano color granate Loumi\u00e9re.","og_url":"https:\/\/ezoco.eu\/ezoco-eu-loumiere\/producto\/loumiere-petit-eclat-edicion-viaje\/","og_site_name":"Loumi\u00e9re","article_modified_time":"2026-02-03T03:39:01+00:00","og_image":[{"width":784,"height":1168,"url":"http:\/\/ezoco.eu\/ezoco-eu-loumiere\/wp-content\/uploads\/sites\/104\/2026\/01\/descarga-2026-01-31T014828.446.jpg","type":"image\/jpeg"}],"twitter_card":"summary_large_image","twitter_misc":{"Tiempo de lectura":"1 minuto"},"schema":{"@context":"https:\/\/schema.org","@graph":[{"@type":"WebPage","@id":"https:\/\/ezoco.eu\/ezoco-eu-loumiere\/producto\/loumiere-petit-eclat-edicion-viaje\/","url":"https:\/\/ezoco.eu\/ezoco-eu-loumiere\/producto\/loumiere-petit-eclat-edicion-viaje\/","name":"Loumi\u00e9re Petit \u00c9clat (Edici\u00f3n Viaje) - Loumi\u00e9re","isPartOf":{"@id":"https:\/\/ezoco.eu\/ezoco-eu-loumiere\/#website"},"primaryImageOfPage":{"@id":"https:\/\/ezoco.eu\/ezoco-eu-loumiere\/producto\/loumiere-petit-eclat-edicion-viaje\/#primaryimage"},"image":{"@id":"https:\/\/ezoco.eu\/ezoco-eu-loumiere\/producto\/loumiere-petit-eclat-edicion-viaje\/#primaryimage"},"thumbnailUrl":"https:\/\/ezoco.eu\/ezoco-eu-loumiere\/wp-content\/uploads\/sites\/104\/2026\/01\/descarga-2026-01-31T014828.446.jpg","datePublished":"2026-01-31T00:06:14+00:00","dateModified":"2026-02-03T03:39:01+00:00","breadcrumb":{"@id":"https:\/\/ezoco.eu\/ezoco-eu-loumiere\/producto\/loumiere-petit-eclat-edicion-viaje\/#breadcrumb"},"inLanguage":"es","potentialAction":[{"@type":"ReadAction","target":["https:\/\/ezoco.eu\/ezoco-eu-loumiere\/producto\/loumiere-petit-eclat-edicion-viaje\/"]}]},{"@type":"ImageObject","inLanguage":"es","@id":"https:\/\/ezoco.eu\/ezoco-eu-loumiere\/producto\/loumiere-petit-eclat-edicion-viaje\/#primaryimage","url":"https:\/\/ezoco.eu\/ezoco-eu-loumiere\/wp-content\/uploads\/sites\/104\/2026\/01\/descarga-2026-01-31T014828.446.jpg","contentUrl":"https:\/\/ezoco.eu\/ezoco-eu-loumiere\/wp-content\/uploads\/sites\/104\/2026\/01\/descarga-2026-01-31T014828.446.jpg","width":784,"height":1168},{"@type":"BreadcrumbList","@id":"https:\/\/ezoco.eu\/ezoco-eu-loumiere\/producto\/loumiere-petit-eclat-edicion-viaje\/#breadcrumb","itemListElement":[{"@type":"ListItem","position":1,"name":"Portada","item":"https:\/\/ezoco.eu\/ezoco-eu-loumiere\/"},{"@type":"ListItem","position":2,"name":"Productos","item":"https:\/\/ezoco.eu\/ezoco-eu-loumiere\/tienda\/"},{"@type":"ListItem","position":3,"name":"Loumi\u00e9re Petit \u00c9clat (Edici\u00f3n Viaje)"}]},{"@type":"WebSite","@id":"https:\/\/ezoco.eu\/ezoco-eu-loumiere\/#website","url":"https:\/\/ezoco.eu\/ezoco-eu-loumiere\/","name":"Loumi\u00e9re","description":"Loumi\u00e9re, el espejo inteligente","publisher":{"@id":"https:\/\/ezoco.eu\/ezoco-eu-loumiere\/#organization"},"potentialAction":[{"@type":"SearchAction","target":{"@type":"EntryPoint","urlTemplate":"https:\/\/ezoco.eu\/ezoco-eu-loumiere\/?s={search_term_string}"},"query-input":{"@type":"PropertyValueSpecification","valueRequired":true,"valueName":"search_term_string"}}],"inLanguage":"es"},{"@type":"Organization","@id":"https:\/\/ezoco.eu\/ezoco-eu-loumiere\/#organization","name":"Loumi\u00e9re","url":"https:\/\/ezoco.eu\/ezoco-eu-loumiere\/","logo":{"@type":"ImageObject","inLanguage":"es","@id":"https:\/\/ezoco.eu\/ezoco-eu-loumiere\/#\/schema\/logo\/image\/","url":"http:\/\/ezoco.eu\/ezoco-eu-loumiere\/wp-content\/uploads\/sites\/104\/2026\/01\/Gemini_Generated_Image_53phux53phux53ph.png","contentUrl":"http:\/\/ezoco.eu\/ezoco-eu-loumiere\/wp-content\/uploads\/sites\/104\/2026\/01\/Gemini_Generated_Image_53phux53phux53ph.png","width":717,"height":672,"caption":"Loumi\u00e9re"},"image":{"@id":"https:\/\/ezoco.eu\/ezoco-eu-loumiere\/#\/schema\/logo\/image\/"}}]}},"_links":{"self":[{"href":"https:\/\/ezoco.eu\/ezoco-eu-loumiere\/wp-json\/wp\/v2\/product\/621","targetHints":{"allow":["GET"]}}],"collection":[{"href":"https:\/\/ezoco.eu\/ezoco-eu-loumiere\/wp-json\/wp\/v2\/product"}],"about":[{"href":"https:\/\/ezoco.eu\/ezoco-eu-loumiere\/wp-json\/wp\/v2\/types\/product"}],"replies":[{"embeddable":true,"href":"https:\/\/ezoco.eu\/ezoco-eu-loumiere\/wp-json\/wp\/v2\/comments?post=621"}],"version-history":[{"count":1,"href":"https:\/\/ezoco.eu\/ezoco-eu-loumiere\/wp-json\/wp\/v2\/product\/621\/revisions"}],"predecessor-version":[{"id":928,"href":"https:\/\/ezoco.eu\/ezoco-eu-loumiere\/wp-json\/wp\/v2\/product\/621\/revisions\/928"}],"wp:featuredmedia":[{"embeddable":true,"href":"https:\/\/ezoco.eu\/ezoco-eu-loumiere\/wp-json\/wp\/v2\/media\/634"}],"wp:attachment":[{"href":"https:\/\/ezoco.eu\/ezoco-eu-loumiere\/wp-json\/wp\/v2\/media?parent=621"}],"wp:term":[{"taxonomy":"product_brand","embeddable":true,"href":"https:\/\/ezoco.eu\/ezoco-eu-loumiere\/wp-json\/wp\/v2\/product_brand?post=621"},{"taxonomy":"product_cat","embeddable":true,"href":"https:\/\/ezoco.eu\/ezoco-eu-loumiere\/wp-json\/wp\/v2\/product_cat?post=621"},{"taxonomy":"product_tag","embeddable":true,"href":"https:\/\/ezoco.eu\/ezoco-eu-loumiere\/wp-json\/wp\/v2\/product_tag?post=621"}],"curies":[{"name":"wp","href":"https:\/\/api.w.org\/{rel}","templated":true}]}}