{"id":627,"date":"2026-01-31T01:13:08","date_gmt":"2026-01-31T00:13:08","guid":{"rendered":"https:\/\/ezoco.eu\/ezoco-eu-loumiere\/?post_type=product&#038;p=627"},"modified":"2026-01-31T02:42:29","modified_gmt":"2026-01-31T01:42:29","slug":"colorete-inteligente-aura-glow","status":"publish","type":"product","link":"https:\/\/ezoco.eu\/ezoco-eu-loumiere\/producto\/colorete-inteligente-aura-glow\/","title":{"rendered":"Colorete \u00abAura Glow\u00bb"},"content":{"rendered":"<p data-pm-slice=\"1 1 [&quot;bullet_list&quot;,{},&quot;list_item&quot;,{}]\">Colorete de alta definici\u00f3n con pigmentos reactivos que el espejo Loumi\u00e9re calibra en tiempo real. La IA sugiere la intensidad de aplicaci\u00f3n ideal bas\u00e1ndose en la iluminaci\u00f3n ambiental de tu destino.<\/p>\n<p data-pm-slice=\"1 1 [&quot;bullet_list&quot;,{},&quot;list_item&quot;,{}]\"><strong>Caracter\u00edsticas clave:<\/strong> Textura h\u00edbrida seda-polvo, larga duraci\u00f3n y sincronizaci\u00f3n con el modo \u00abCena\u00bb o \u00abExterior\u00bb del espejo.<\/p>\n","protected":false},"excerpt":{"rendered":"<p>Colorete de alta definici\u00f3n con pigmentos reactivos que el espejo Loumi\u00e9re calibra en tiempo real. La IA sugiere la intensidad de aplicaci\u00f3n ideal bas\u00e1ndose en la iluminaci\u00f3n ambiental de tu destino. Caracter\u00edsticas clave: Textura h\u00edbrida seda-polvo, larga duraci\u00f3n y sincronizaci\u00f3n con el modo \u00abCena\u00bb o \u00abExterior\u00bb del espejo.<\/p>\n","protected":false},"featured_media":633,"comment_status":"open","ping_status":"closed","template":"","meta":{"inline_featured_image":false},"product_brand":[],"product_cat":[18],"product_tag":[],"class_list":{"0":"post-627","1":"product","2":"type-product","3":"status-publish","4":"has-post-thumbnail","6":"product_cat-loumiere-colletion","8":"first","9":"instock","10":"taxable","11":"shipping-taxable","12":"purchasable","13":"product-type-simple"},"yoast_head":"<!-- This site is optimized with the Yoast SEO plugin v27.5 - https:\/\/yoast.com\/product\/yoast-seo-wordpress\/ -->\n<title>Colorete &quot;Aura Glow&quot; - Loumi\u00e9re<\/title>\n<meta name=\"robots\" content=\"index, follow, max-snippet:-1, max-image-preview:large, max-video-preview:-1\" \/>\n<link rel=\"canonical\" href=\"https:\/\/ezoco.eu\/ezoco-eu-loumiere\/producto\/colorete-inteligente-aura-glow\/\" \/>\n<meta property=\"og:locale\" content=\"es_ES\" \/>\n<meta property=\"og:type\" content=\"article\" \/>\n<meta property=\"og:title\" content=\"Colorete &quot;Aura Glow&quot; - Loumi\u00e9re\" \/>\n<meta property=\"og:description\" content=\"Colorete de alta definici\u00f3n con pigmentos reactivos que el espejo Loumi\u00e9re calibra en tiempo real. La IA sugiere la intensidad de aplicaci\u00f3n ideal bas\u00e1ndose en la iluminaci\u00f3n ambiental de tu destino. Caracter\u00edsticas clave: Textura h\u00edbrida seda-polvo, larga duraci\u00f3n y sincronizaci\u00f3n con el modo \u00abCena\u00bb o \u00abExterior\u00bb del espejo.\" \/>\n<meta property=\"og:url\" content=\"https:\/\/ezoco.eu\/ezoco-eu-loumiere\/producto\/colorete-inteligente-aura-glow\/\" \/>\n<meta property=\"og:site_name\" content=\"Loumi\u00e9re\" \/>\n<meta property=\"article:modified_time\" content=\"2026-01-31T01:42:29+00:00\" \/>\n<meta property=\"og:image\" content=\"https:\/\/ezoco.eu\/ezoco-eu-loumiere\/wp-content\/uploads\/sites\/104\/2026\/01\/38089665-fd31-4b35-a1f4-10673cf17fe9.jpg\" \/>\n\t<meta property=\"og:image:width\" content=\"784\" \/>\n\t<meta property=\"og:image:height\" content=\"1168\" \/>\n\t<meta property=\"og:image:type\" content=\"image\/jpeg\" \/>\n<meta name=\"twitter:card\" content=\"summary_large_image\" \/>\n<meta name=\"twitter:label1\" content=\"Tiempo de lectura\" \/>\n\t<meta name=\"twitter:data1\" content=\"1 minuto\" \/>\n<script type=\"application\/ld+json\" class=\"yoast-schema-graph\">{\"@context\":\"https:\\\/\\\/schema.org\",\"@graph\":[{\"@type\":\"WebPage\",\"@id\":\"https:\\\/\\\/ezoco.eu\\\/ezoco-eu-loumiere\\\/producto\\\/colorete-inteligente-aura-glow\\\/\",\"url\":\"https:\\\/\\\/ezoco.eu\\\/ezoco-eu-loumiere\\\/producto\\\/colorete-inteligente-aura-glow\\\/\",\"name\":\"Colorete \\\"Aura Glow\\\" - Loumi\u00e9re\",\"isPartOf\":{\"@id\":\"https:\\\/\\\/ezoco.eu\\\/ezoco-eu-loumiere\\\/#website\"},\"primaryImageOfPage\":{\"@id\":\"https:\\\/\\\/ezoco.eu\\\/ezoco-eu-loumiere\\\/producto\\\/colorete-inteligente-aura-glow\\\/#primaryimage\"},\"image\":{\"@id\":\"https:\\\/\\\/ezoco.eu\\\/ezoco-eu-loumiere\\\/producto\\\/colorete-inteligente-aura-glow\\\/#primaryimage\"},\"thumbnailUrl\":\"https:\\\/\\\/ezoco.eu\\\/ezoco-eu-loumiere\\\/wp-content\\\/uploads\\\/sites\\\/104\\\/2026\\\/01\\\/38089665-fd31-4b35-a1f4-10673cf17fe9.jpg\",\"datePublished\":\"2026-01-31T00:13:08+00:00\",\"dateModified\":\"2026-01-31T01:42:29+00:00\",\"breadcrumb\":{\"@id\":\"https:\\\/\\\/ezoco.eu\\\/ezoco-eu-loumiere\\\/producto\\\/colorete-inteligente-aura-glow\\\/#breadcrumb\"},\"inLanguage\":\"es\",\"potentialAction\":[{\"@type\":\"ReadAction\",\"target\":[\"https:\\\/\\\/ezoco.eu\\\/ezoco-eu-loumiere\\\/producto\\\/colorete-inteligente-aura-glow\\\/\"]}]},{\"@type\":\"ImageObject\",\"inLanguage\":\"es\",\"@id\":\"https:\\\/\\\/ezoco.eu\\\/ezoco-eu-loumiere\\\/producto\\\/colorete-inteligente-aura-glow\\\/#primaryimage\",\"url\":\"https:\\\/\\\/ezoco.eu\\\/ezoco-eu-loumiere\\\/wp-content\\\/uploads\\\/sites\\\/104\\\/2026\\\/01\\\/38089665-fd31-4b35-a1f4-10673cf17fe9.jpg\",\"contentUrl\":\"https:\\\/\\\/ezoco.eu\\\/ezoco-eu-loumiere\\\/wp-content\\\/uploads\\\/sites\\\/104\\\/2026\\\/01\\\/38089665-fd31-4b35-a1f4-10673cf17fe9.jpg\",\"width\":784,\"height\":1168,\"caption\":\"Signature: 8jTgnkpJPIWgqIVZRh9a3WtxAIIxenio3+6CyWEPelVfJh2jUuASM6KNJWRVp61NEdq4P0RowAHNIo7\\\/qkErKyLvQBRxoAmFoASH9Hi+aiEe75mdtsgJGfj8phtFcnpGnlcGFVe\\\/a45d4FSiVGE8\\\/YQKqHo9IX3NeahiG3pZ\\\/a0OVnL5YBVYKxUunSvvnMmDWsGg3G5CttjRCGPC\\\/+zd5vXoR73xrQParpUBjbZCTewUh07r52lZW80CjS7Ngq0wy2eZrlTNw2xEJ01UtubtHvaa19pyful1CTDBnD0qG3Oo56SqC\\\/zSL\\\/dS+niGGc8V\"},{\"@type\":\"BreadcrumbList\",\"@id\":\"https:\\\/\\\/ezoco.eu\\\/ezoco-eu-loumiere\\\/producto\\\/colorete-inteligente-aura-glow\\\/#breadcrumb\",\"itemListElement\":[{\"@type\":\"ListItem\",\"position\":1,\"name\":\"Portada\",\"item\":\"https:\\\/\\\/ezoco.eu\\\/ezoco-eu-loumiere\\\/\"},{\"@type\":\"ListItem\",\"position\":2,\"name\":\"Productos\",\"item\":\"https:\\\/\\\/ezoco.eu\\\/ezoco-eu-loumiere\\\/tienda\\\/\"},{\"@type\":\"ListItem\",\"position\":3,\"name\":\"Colorete \u00abAura Glow\u00bb\"}]},{\"@type\":\"WebSite\",\"@id\":\"https:\\\/\\\/ezoco.eu\\\/ezoco-eu-loumiere\\\/#website\",\"url\":\"https:\\\/\\\/ezoco.eu\\\/ezoco-eu-loumiere\\\/\",\"name\":\"Loumi\u00e9re\",\"description\":\"Loumi\u00e9re, el espejo inteligente\",\"publisher\":{\"@id\":\"https:\\\/\\\/ezoco.eu\\\/ezoco-eu-loumiere\\\/#organization\"},\"potentialAction\":[{\"@type\":\"SearchAction\",\"target\":{\"@type\":\"EntryPoint\",\"urlTemplate\":\"https:\\\/\\\/ezoco.eu\\\/ezoco-eu-loumiere\\\/?s={search_term_string}\"},\"query-input\":{\"@type\":\"PropertyValueSpecification\",\"valueRequired\":true,\"valueName\":\"search_term_string\"}}],\"inLanguage\":\"es\"},{\"@type\":\"Organization\",\"@id\":\"https:\\\/\\\/ezoco.eu\\\/ezoco-eu-loumiere\\\/#organization\",\"name\":\"Loumi\u00e9re\",\"url\":\"https:\\\/\\\/ezoco.eu\\\/ezoco-eu-loumiere\\\/\",\"logo\":{\"@type\":\"ImageObject\",\"inLanguage\":\"es\",\"@id\":\"https:\\\/\\\/ezoco.eu\\\/ezoco-eu-loumiere\\\/#\\\/schema\\\/logo\\\/image\\\/\",\"url\":\"http:\\\/\\\/ezoco.eu\\\/ezoco-eu-loumiere\\\/wp-content\\\/uploads\\\/sites\\\/104\\\/2026\\\/01\\\/Gemini_Generated_Image_53phux53phux53ph.png\",\"contentUrl\":\"http:\\\/\\\/ezoco.eu\\\/ezoco-eu-loumiere\\\/wp-content\\\/uploads\\\/sites\\\/104\\\/2026\\\/01\\\/Gemini_Generated_Image_53phux53phux53ph.png\",\"width\":717,\"height\":672,\"caption\":\"Loumi\u00e9re\"},\"image\":{\"@id\":\"https:\\\/\\\/ezoco.eu\\\/ezoco-eu-loumiere\\\/#\\\/schema\\\/logo\\\/image\\\/\"}}]}<\/script>\n<!-- \/ Yoast SEO plugin. -->","yoast_head_json":{"title":"Colorete \"Aura Glow\" - Loumi\u00e9re","robots":{"index":"index","follow":"follow","max-snippet":"max-snippet:-1","max-image-preview":"max-image-preview:large","max-video-preview":"max-video-preview:-1"},"canonical":"https:\/\/ezoco.eu\/ezoco-eu-loumiere\/producto\/colorete-inteligente-aura-glow\/","og_locale":"es_ES","og_type":"article","og_title":"Colorete \"Aura Glow\" - Loumi\u00e9re","og_description":"Colorete de alta definici\u00f3n con pigmentos reactivos que el espejo Loumi\u00e9re calibra en tiempo real. La IA sugiere la intensidad de aplicaci\u00f3n ideal bas\u00e1ndose en la iluminaci\u00f3n ambiental de tu destino. Caracter\u00edsticas clave: Textura h\u00edbrida seda-polvo, larga duraci\u00f3n y sincronizaci\u00f3n con el modo \u00abCena\u00bb o \u00abExterior\u00bb del espejo.","og_url":"https:\/\/ezoco.eu\/ezoco-eu-loumiere\/producto\/colorete-inteligente-aura-glow\/","og_site_name":"Loumi\u00e9re","article_modified_time":"2026-01-31T01:42:29+00:00","og_image":[{"width":784,"height":1168,"url":"https:\/\/ezoco.eu\/ezoco-eu-loumiere\/wp-content\/uploads\/sites\/104\/2026\/01\/38089665-fd31-4b35-a1f4-10673cf17fe9.jpg","type":"image\/jpeg"}],"twitter_card":"summary_large_image","twitter_misc":{"Tiempo de lectura":"1 minuto"},"schema":{"@context":"https:\/\/schema.org","@graph":[{"@type":"WebPage","@id":"https:\/\/ezoco.eu\/ezoco-eu-loumiere\/producto\/colorete-inteligente-aura-glow\/","url":"https:\/\/ezoco.eu\/ezoco-eu-loumiere\/producto\/colorete-inteligente-aura-glow\/","name":"Colorete \"Aura Glow\" - Loumi\u00e9re","isPartOf":{"@id":"https:\/\/ezoco.eu\/ezoco-eu-loumiere\/#website"},"primaryImageOfPage":{"@id":"https:\/\/ezoco.eu\/ezoco-eu-loumiere\/producto\/colorete-inteligente-aura-glow\/#primaryimage"},"image":{"@id":"https:\/\/ezoco.eu\/ezoco-eu-loumiere\/producto\/colorete-inteligente-aura-glow\/#primaryimage"},"thumbnailUrl":"https:\/\/ezoco.eu\/ezoco-eu-loumiere\/wp-content\/uploads\/sites\/104\/2026\/01\/38089665-fd31-4b35-a1f4-10673cf17fe9.jpg","datePublished":"2026-01-31T00:13:08+00:00","dateModified":"2026-01-31T01:42:29+00:00","breadcrumb":{"@id":"https:\/\/ezoco.eu\/ezoco-eu-loumiere\/producto\/colorete-inteligente-aura-glow\/#breadcrumb"},"inLanguage":"es","potentialAction":[{"@type":"ReadAction","target":["https:\/\/ezoco.eu\/ezoco-eu-loumiere\/producto\/colorete-inteligente-aura-glow\/"]}]},{"@type":"ImageObject","inLanguage":"es","@id":"https:\/\/ezoco.eu\/ezoco-eu-loumiere\/producto\/colorete-inteligente-aura-glow\/#primaryimage","url":"https:\/\/ezoco.eu\/ezoco-eu-loumiere\/wp-content\/uploads\/sites\/104\/2026\/01\/38089665-fd31-4b35-a1f4-10673cf17fe9.jpg","contentUrl":"https:\/\/ezoco.eu\/ezoco-eu-loumiere\/wp-content\/uploads\/sites\/104\/2026\/01\/38089665-fd31-4b35-a1f4-10673cf17fe9.jpg","width":784,"height":1168,"caption":"Signature: 8jTgnkpJPIWgqIVZRh9a3WtxAIIxenio3+6CyWEPelVfJh2jUuASM6KNJWRVp61NEdq4P0RowAHNIo7\/qkErKyLvQBRxoAmFoASH9Hi+aiEe75mdtsgJGfj8phtFcnpGnlcGFVe\/a45d4FSiVGE8\/YQKqHo9IX3NeahiG3pZ\/a0OVnL5YBVYKxUunSvvnMmDWsGg3G5CttjRCGPC\/+zd5vXoR73xrQParpUBjbZCTewUh07r52lZW80CjS7Ngq0wy2eZrlTNw2xEJ01UtubtHvaa19pyful1CTDBnD0qG3Oo56SqC\/zSL\/dS+niGGc8V"},{"@type":"BreadcrumbList","@id":"https:\/\/ezoco.eu\/ezoco-eu-loumiere\/producto\/colorete-inteligente-aura-glow\/#breadcrumb","itemListElement":[{"@type":"ListItem","position":1,"name":"Portada","item":"https:\/\/ezoco.eu\/ezoco-eu-loumiere\/"},{"@type":"ListItem","position":2,"name":"Productos","item":"https:\/\/ezoco.eu\/ezoco-eu-loumiere\/tienda\/"},{"@type":"ListItem","position":3,"name":"Colorete \u00abAura Glow\u00bb"}]},{"@type":"WebSite","@id":"https:\/\/ezoco.eu\/ezoco-eu-loumiere\/#website","url":"https:\/\/ezoco.eu\/ezoco-eu-loumiere\/","name":"Loumi\u00e9re","description":"Loumi\u00e9re, el espejo inteligente","publisher":{"@id":"https:\/\/ezoco.eu\/ezoco-eu-loumiere\/#organization"},"potentialAction":[{"@type":"SearchAction","target":{"@type":"EntryPoint","urlTemplate":"https:\/\/ezoco.eu\/ezoco-eu-loumiere\/?s={search_term_string}"},"query-input":{"@type":"PropertyValueSpecification","valueRequired":true,"valueName":"search_term_string"}}],"inLanguage":"es"},{"@type":"Organization","@id":"https:\/\/ezoco.eu\/ezoco-eu-loumiere\/#organization","name":"Loumi\u00e9re","url":"https:\/\/ezoco.eu\/ezoco-eu-loumiere\/","logo":{"@type":"ImageObject","inLanguage":"es","@id":"https:\/\/ezoco.eu\/ezoco-eu-loumiere\/#\/schema\/logo\/image\/","url":"http:\/\/ezoco.eu\/ezoco-eu-loumiere\/wp-content\/uploads\/sites\/104\/2026\/01\/Gemini_Generated_Image_53phux53phux53ph.png","contentUrl":"http:\/\/ezoco.eu\/ezoco-eu-loumiere\/wp-content\/uploads\/sites\/104\/2026\/01\/Gemini_Generated_Image_53phux53phux53ph.png","width":717,"height":672,"caption":"Loumi\u00e9re"},"image":{"@id":"https:\/\/ezoco.eu\/ezoco-eu-loumiere\/#\/schema\/logo\/image\/"}}]}},"_links":{"self":[{"href":"https:\/\/ezoco.eu\/ezoco-eu-loumiere\/wp-json\/wp\/v2\/product\/627","targetHints":{"allow":["GET"]}}],"collection":[{"href":"https:\/\/ezoco.eu\/ezoco-eu-loumiere\/wp-json\/wp\/v2\/product"}],"about":[{"href":"https:\/\/ezoco.eu\/ezoco-eu-loumiere\/wp-json\/wp\/v2\/types\/product"}],"replies":[{"embeddable":true,"href":"https:\/\/ezoco.eu\/ezoco-eu-loumiere\/wp-json\/wp\/v2\/comments?post=627"}],"version-history":[{"count":0,"href":"https:\/\/ezoco.eu\/ezoco-eu-loumiere\/wp-json\/wp\/v2\/product\/627\/revisions"}],"wp:featuredmedia":[{"embeddable":true,"href":"https:\/\/ezoco.eu\/ezoco-eu-loumiere\/wp-json\/wp\/v2\/media\/633"}],"wp:attachment":[{"href":"https:\/\/ezoco.eu\/ezoco-eu-loumiere\/wp-json\/wp\/v2\/media?parent=627"}],"wp:term":[{"taxonomy":"product_brand","embeddable":true,"href":"https:\/\/ezoco.eu\/ezoco-eu-loumiere\/wp-json\/wp\/v2\/product_brand?post=627"},{"taxonomy":"product_cat","embeddable":true,"href":"https:\/\/ezoco.eu\/ezoco-eu-loumiere\/wp-json\/wp\/v2\/product_cat?post=627"},{"taxonomy":"product_tag","embeddable":true,"href":"https:\/\/ezoco.eu\/ezoco-eu-loumiere\/wp-json\/wp\/v2\/product_tag?post=627"}],"curies":[{"name":"wp","href":"https:\/\/api.w.org\/{rel}","templated":true}]}}