{"id":12,"date":"2025-11-13T13:10:33","date_gmt":"2025-11-13T12:10:33","guid":{"rendered":"https:\/\/ezoco.eu\/futz\/?page_id=12"},"modified":"2026-02-06T12:21:20","modified_gmt":"2026-02-06T11:21:20","slug":"sobre-nosotros","status":"publish","type":"page","link":"https:\/\/ezoco.eu\/futz\/sobre-nosotros\/","title":{"rendered":"Sobre Nosotros"},"content":{"rendered":"\t\t<div data-elementor-type=\"wp-page\" data-elementor-id=\"12\" class=\"elementor elementor-12\" data-elementor-post-type=\"page\">\n\t\t\t\t<div class=\"elementor-element elementor-element-28b2d32 e-flex e-con-boxed e-con e-parent\" data-id=\"28b2d32\" data-element_type=\"container\" data-e-type=\"container\">\n\t\t\t\t\t<div class=\"e-con-inner\">\n\t\t<div class=\"elementor-element elementor-element-6dd0914 e-con-full e-flex e-con e-child\" data-id=\"6dd0914\" data-element_type=\"container\" data-e-type=\"container\">\n\t\t\t\t<div class=\"elementor-element elementor-element-ad56691 elementor-widget elementor-widget-heading\" data-id=\"ad56691\" data-element_type=\"widget\" data-e-type=\"widget\" data-widget_type=\"heading.default\">\n\t\t\t\t\t<h1 class=\"elementor-heading-title elementor-size-default\">Qui\u00e9nes somos<\/h1>\t\t\t\t<\/div>\n\t\t\t\t<div class=\"elementor-element elementor-element-4bfbf27 elementor-widget elementor-widget-text-editor\" data-id=\"4bfbf27\" data-element_type=\"widget\" data-e-type=\"widget\" data-widget_type=\"text-editor.default\">\n\t\t\t\t\t\t\t\t\t<p>FUTZ es una tienda especializada en material de f\u00fatbol que nace con el objetivo de ofrecer equipamiento oficial, moderno y de calidad para jugadores y aficionados. Nuestro proyecto surge de la pasi\u00f3n por el deporte y de la necesidad de crear un espacio donde cualquier persona pueda encontrar todo lo necesario para jugar al f\u00fatbol, desde camisetas oficiales hasta botas y accesorios.<\/p>\t\t\t\t\t\t\t\t<\/div>\n\t\t\t\t<\/div>\n\t\t\t\t\t<\/div>\n\t\t\t\t<\/div>\n\t\t<div class=\"elementor-element elementor-element-8c8d3c3 e-flex e-con-boxed e-con e-parent\" data-id=\"8c8d3c3\" data-element_type=\"container\" data-e-type=\"container\">\n\t\t\t\t\t<div class=\"e-con-inner\">\n\t\t<div class=\"elementor-element elementor-element-ba0cad0 e-con-full e-flex e-con e-child\" data-id=\"ba0cad0\" data-element_type=\"container\" data-e-type=\"container\">\n\t\t<div class=\"elementor-element elementor-element-5c7d8b2 e-con-full e-flex e-con e-child\" data-id=\"5c7d8b2\" data-element_type=\"container\" data-e-type=\"container\">\n\t\t\t\t<div class=\"elementor-element elementor-element-3eec611 elementor-widget elementor-widget-heading\" data-id=\"3eec611\" data-element_type=\"widget\" data-e-type=\"widget\" data-widget_type=\"heading.default\">\n\t\t\t\t\t<h2 class=\"elementor-heading-title elementor-size-default\">\u00bfA qu\u00e9 nos dedicamos?<\/h2>\t\t\t\t<\/div>\n\t\t\t\t<\/div>\n\t\t\t\t<div class=\"elementor-element elementor-element-6004a4d elementor-widget elementor-widget-text-editor\" data-id=\"6004a4d\" data-element_type=\"widget\" data-e-type=\"widget\" data-widget_type=\"text-editor.default\">\n\t\t\t\t\t\t\t\t\t<p>En FUTZ nos dedicamos a la venta de equipamiento deportivo relacionado con el f\u00fatbol. Ofrecemos camisetas oficiales de equipos, botas de f\u00fatbol, balones y material deportivo, adem\u00e1s de servicios como la personalizaci\u00f3n de camisetas y el asesoramiento para elegir el mejor producto seg\u00fan las necesidades del cliente.<\/p>\t\t\t\t\t\t\t\t<\/div>\n\t\t\t\t<\/div>\n\t\t<div class=\"elementor-element elementor-element-c65c5ea e-con-full e-flex e-con e-child\" data-id=\"c65c5ea\" data-element_type=\"container\" data-e-type=\"container\">\n\t\t\t\t<div class=\"elementor-element elementor-element-0321fc1 elementor-widget elementor-widget-image\" data-id=\"0321fc1\" data-element_type=\"widget\" data-e-type=\"widget\" data-widget_type=\"image.default\">\n\t\t\t\t\t\t\t\t\t\t\t\t\t\t\t<img fetchpriority=\"high\" decoding=\"async\" width=\"463\" height=\"308\" src=\"https:\/\/ezoco.eu\/futz\/wp-content\/uploads\/sites\/153\/2026\/01\/Botas-balon-y-equipacion.-Fondo-Tienda.jpeg\" class=\"attachment-2048x2048 size-2048x2048 wp-image-307\" alt=\"\" \/>\t\t\t\t\t\t\t\t\t\t\t\t\t\t\t<\/div>\n\t\t\t\t<\/div>\n\t\t\t\t\t<\/div>\n\t\t\t\t<\/div>\n\t\t<div class=\"elementor-element elementor-element-d973334 e-grid e-con-boxed e-con e-parent\" data-id=\"d973334\" data-element_type=\"container\" data-e-type=\"container\">\n\t\t\t\t\t<div class=\"e-con-inner\">\n\t\t<div class=\"elementor-element elementor-element-fc30329 e-con-full e-flex e-con e-child\" data-id=\"fc30329\" data-element_type=\"container\" data-e-type=\"container\">\n\t\t\t\t<div class=\"elementor-element elementor-element-d835088 elementor-widget elementor-widget-heading\" data-id=\"d835088\" data-element_type=\"widget\" data-e-type=\"widget\" data-widget_type=\"heading.default\">\n\t\t\t\t\t<h3 class=\"elementor-heading-title elementor-size-default\">Misi\u00f3n<\/h3>\t\t\t\t<\/div>\n\t\t\t\t<div class=\"elementor-element elementor-element-14ed04e elementor-widget elementor-widget-text-editor\" data-id=\"14ed04e\" data-element_type=\"widget\" data-e-type=\"widget\" data-widget_type=\"text-editor.default\">\n\t\t\t\t\t\t\t\t\t<p>Ofrecer productos de f\u00fatbol de calidad y un servicio cercano, ayudando a jugadores y aficionados a disfrutar al m\u00e1ximo de este deporte.<\/p>\t\t\t\t\t\t\t\t<\/div>\n\t\t\t\t<\/div>\n\t\t<div class=\"elementor-element elementor-element-3619533 e-con-full e-flex e-con e-child\" data-id=\"3619533\" data-element_type=\"container\" data-e-type=\"container\">\n\t\t\t\t<div class=\"elementor-element elementor-element-49ff4f1 elementor-widget elementor-widget-heading\" data-id=\"49ff4f1\" data-element_type=\"widget\" data-e-type=\"widget\" data-widget_type=\"heading.default\">\n\t\t\t\t\t<h3 class=\"elementor-heading-title elementor-size-default\">Visi\u00f3n<\/h3>\t\t\t\t<\/div>\n\t\t\t\t<div class=\"elementor-element elementor-element-bfe229f elementor-widget elementor-widget-text-editor\" data-id=\"bfe229f\" data-element_type=\"widget\" data-e-type=\"widget\" data-widget_type=\"text-editor.default\">\n\t\t\t\t\t\t\t\t\t<p>Convertirnos en una tienda de referencia en el mundo del f\u00fatbol, destacando por nuestra atenci\u00f3n al cliente y presencia digital.<\/p>\t\t\t\t\t\t\t\t<\/div>\n\t\t\t\t<\/div>\n\t\t<div class=\"elementor-element elementor-element-982729b e-con-full e-flex e-con e-child\" data-id=\"982729b\" data-element_type=\"container\" data-e-type=\"container\">\n\t\t\t\t<div class=\"elementor-element elementor-element-f94f037 elementor-widget elementor-widget-heading\" data-id=\"f94f037\" data-element_type=\"widget\" data-e-type=\"widget\" data-widget_type=\"heading.default\">\n\t\t\t\t\t<h3 class=\"elementor-heading-title elementor-size-default\">Valores<\/h3>\t\t\t\t<\/div>\n\t\t\t\t<div class=\"elementor-element elementor-element-ecf5e43 elementor-widget elementor-widget-text-editor\" data-id=\"ecf5e43\" data-element_type=\"widget\" data-e-type=\"widget\" data-widget_type=\"text-editor.default\">\n\t\t\t\t\t\t\t\t\t<ul><li data-start=\"2303\" data-end=\"2325\">Pasi\u00f3n por el f\u00fatbol<\/li><li data-start=\"2326\" data-end=\"2350\"><p data-start=\"2328\" data-end=\"2350\">Calidad y compromiso<\/p><\/li><li data-start=\"2351\" data-end=\"2378\"><p data-start=\"2353\" data-end=\"2378\">Cercan\u00eda con el cliente<\/p><\/li><li data-start=\"2379\" data-end=\"2411\"><p data-start=\"2381\" data-end=\"2411\">Innovaci\u00f3n y mejora continua<\/p><\/li><\/ul>\t\t\t\t\t\t\t\t<\/div>\n\t\t\t\t<\/div>\n\t\t\t\t\t<\/div>\n\t\t\t\t<\/div>\n\t\t<div class=\"elementor-element elementor-element-6f070a0 e-flex e-con-boxed e-con e-parent\" data-id=\"6f070a0\" data-element_type=\"container\" data-e-type=\"container\">\n\t\t\t\t\t<div class=\"e-con-inner\">\n\t\t<div class=\"elementor-element elementor-element-34f462f e-con-full e-flex e-con e-child\" data-id=\"34f462f\" data-element_type=\"container\" data-e-type=\"container\">\n\t\t\t\t<div class=\"elementor-element elementor-element-525fe31 elementor-widget elementor-widget-heading\" data-id=\"525fe31\" data-element_type=\"widget\" data-e-type=\"widget\" data-widget_type=\"heading.default\">\n\t\t\t\t\t<h2 class=\"elementor-heading-title elementor-size-default\">Nuestro equipo<\/h2>\t\t\t\t<\/div>\n\t\t<div class=\"elementor-element elementor-element-8cf47a6 e-grid e-con-full e-con e-child\" data-id=\"8cf47a6\" data-element_type=\"container\" data-e-type=\"container\">\n\t\t<div class=\"elementor-element elementor-element-9027936 e-con-full e-flex e-con e-child\" data-id=\"9027936\" data-element_type=\"container\" data-e-type=\"container\">\n\t\t\t\t<div class=\"elementor-element elementor-element-a849509 elementor-widget elementor-widget-image\" data-id=\"a849509\" data-element_type=\"widget\" data-e-type=\"widget\" data-widget_type=\"image.default\">\n\t\t\t\t\t\t\t\t\t\t\t\t\t\t\t<img decoding=\"async\" width=\"463\" height=\"310\" src=\"https:\/\/ezoco.eu\/futz\/wp-content\/uploads\/sites\/153\/2026\/02\/Trabajdores-en-tienda.jpeg\" class=\"attachment-2048x2048 size-2048x2048 wp-image-338\" alt=\"\" \/>\t\t\t\t\t\t\t\t\t\t\t\t\t\t\t<\/div>\n\t\t\t\t<\/div>\n\t\t<div class=\"elementor-element elementor-element-7678410 e-con-full e-flex e-con e-child\" data-id=\"7678410\" data-element_type=\"container\" data-e-type=\"container\">\n\t\t\t\t<div class=\"elementor-element elementor-element-4156232 elementor-widget elementor-widget-heading\" data-id=\"4156232\" data-element_type=\"widget\" data-e-type=\"widget\" data-widget_type=\"heading.default\">\n\t\t\t\t\t<h3 class=\"elementor-heading-title elementor-size-default\">Nuestro equipo<\/h3>\t\t\t\t<\/div>\n\t\t\t\t<div class=\"elementor-element elementor-element-2281b0c elementor-widget elementor-widget-text-editor\" data-id=\"2281b0c\" data-element_type=\"widget\" data-e-type=\"widget\" data-widget_type=\"text-editor.default\">\n\t\t\t\t\t\t\t\t\t<p>En FUTZ somos un equipo apasionado por el f\u00fatbol y la personalizaci\u00f3n deportiva. <br \/>Trabajamos cada d\u00eda para ofrecer productos de calidad, asesoramiento cercano y una experiencia \u00fanica para jugadores y aficionados.<\/p>\t\t\t\t\t\t\t\t<\/div>\n\t\t\t\t<div class=\"elementor-element elementor-element-6f45149 elementor-widget elementor-widget-text-editor\" data-id=\"6f45149\" data-element_type=\"widget\" data-e-type=\"widget\" data-widget_type=\"text-editor.default\">\n\t\t\t\t\t\t\t\t\t<p>Creemos en el esfuerzo, la innovaci\u00f3n y la cercan\u00eda con el cliente como base de nuestro trabajo.<\/p>\t\t\t\t\t\t\t\t<\/div>\n\t\t\t\t<\/div>\n\t\t\t\t<\/div>\n\t\t\t\t<\/div>\n\t\t\t\t\t<\/div>\n\t\t\t\t<\/div>\n\t\t\t\t<\/div>\n\t\t","protected":false},"excerpt":{"rendered":"<p>Qui\u00e9nes somos FUTZ es una tienda especializada en material de f\u00fatbol que nace con el objetivo de ofrecer equipamiento oficial, [&hellip;]<\/p>\n","protected":false},"author":188,"featured_media":0,"parent":0,"menu_order":0,"comment_status":"closed","ping_status":"closed","template":"","meta":{"inline_featured_image":false,"site-sidebar-layout":"no-sidebar","site-content-layout":"","ast-site-content-layout":"full-width-container","site-content-style":"default","site-sidebar-style":"default","ast-global-header-display":"","ast-banner-title-visibility":"","ast-main-header-display":"","ast-hfb-above-header-display":"","ast-hfb-below-header-display":"","ast-hfb-mobile-header-display":"","site-post-title":"disabled","ast-breadcrumbs-content":"","ast-featured-img":"disabled","footer-sml-layout":"","ast-disable-related-posts":"","theme-transparent-header-meta":"","adv-header-id-meta":"","stick-header-meta":"","header-above-stick-meta":"","header-main-stick-meta":"","header-below-stick-meta":"","astra-migrate-meta-layouts":"default","ast-page-background-enabled":"default","ast-page-background-meta":{"desktop":{"background-color":"var(--ast-global-color-5)","background-image":"","background-repeat":"repeat","background-position":"center center","background-size":"auto","background-attachment":"scroll","background-type":"","background-media":"","overlay-type":"","overlay-color":"","overlay-opacity":"","overlay-gradient":""},"tablet":{"background-color":"","background-image":"","background-repeat":"repeat","background-position":"center center","background-size":"auto","background-attachment":"scroll","background-type":"","background-media":"","overlay-type":"","overlay-color":"","overlay-opacity":"","overlay-gradient":""},"mobile":{"background-color":"","background-image":"","background-repeat":"repeat","background-position":"center center","background-size":"auto","background-attachment":"scroll","background-type":"","background-media":"","overlay-type":"","overlay-color":"","overlay-opacity":"","overlay-gradient":""}},"ast-content-background-meta":{"desktop":{"background-color":"var(--ast-global-color-4)","background-image":"","background-repeat":"repeat","background-position":"center center","background-size":"auto","background-attachment":"scroll","background-type":"","background-media":"","overlay-type":"","overlay-color":"","overlay-opacity":"","overlay-gradient":""},"tablet":{"background-color":"var(--ast-global-color-4)","background-image":"","background-repeat":"repeat","background-position":"center center","background-size":"auto","background-attachment":"scroll","background-type":"","background-media":"","overlay-type":"","overlay-color":"","overlay-opacity":"","overlay-gradient":""},"mobile":{"background-color":"var(--ast-global-color-4)","background-image":"","background-repeat":"repeat","background-position":"center center","background-size":"auto","background-attachment":"scroll","background-type":"","background-media":"","overlay-type":"","overlay-color":"","overlay-opacity":"","overlay-gradient":""}},"footnotes":""},"class_list":["post-12","page","type-page","status-publish","hentry"],"yoast_head":"<!-- This site is optimized with the Yoast SEO plugin v27.5 - https:\/\/yoast.com\/product\/yoast-seo-wordpress\/ -->\n<title>Sobre Nosotros - FUTZ<\/title>\n<meta name=\"robots\" content=\"index, follow, max-snippet:-1, max-image-preview:large, max-video-preview:-1\" \/>\n<link rel=\"canonical\" href=\"https:\/\/ezoco.eu\/futz\/sobre-nosotros\/\" \/>\n<meta property=\"og:locale\" content=\"es_ES\" \/>\n<meta property=\"og:type\" content=\"article\" \/>\n<meta property=\"og:title\" content=\"Sobre Nosotros - FUTZ\" \/>\n<meta property=\"og:description\" content=\"Qui\u00e9nes somos FUTZ es una tienda especializada en material de f\u00fatbol que nace con el objetivo de ofrecer equipamiento oficial, [&hellip;]\" \/>\n<meta property=\"og:url\" content=\"https:\/\/ezoco.eu\/futz\/sobre-nosotros\/\" \/>\n<meta property=\"og:site_name\" content=\"FUTZ\" \/>\n<meta property=\"article:modified_time\" content=\"2026-02-06T11:21:20+00:00\" \/>\n<meta property=\"og:image\" content=\"https:\/\/ezoco.eu\/futz\/wp-content\/uploads\/sites\/153\/2026\/01\/Botas-balon-y-equipacion.-Fondo-Tienda.jpeg\" \/>\n\t<meta property=\"og:image:width\" content=\"463\" \/>\n\t<meta property=\"og:image:height\" content=\"308\" \/>\n\t<meta property=\"og:image:type\" content=\"image\/jpeg\" \/>\n<meta name=\"twitter:card\" content=\"summary_large_image\" \/>\n<meta name=\"twitter:label1\" content=\"Tiempo de lectura\" \/>\n\t<meta name=\"twitter:data1\" content=\"1 minuto\" \/>\n<script type=\"application\/ld+json\" class=\"yoast-schema-graph\">{\"@context\":\"https:\\\/\\\/schema.org\",\"@graph\":[{\"@type\":\"WebPage\",\"@id\":\"https:\\\/\\\/ezoco.eu\\\/futz\\\/sobre-nosotros\\\/\",\"url\":\"https:\\\/\\\/ezoco.eu\\\/futz\\\/sobre-nosotros\\\/\",\"name\":\"Sobre Nosotros - FUTZ\",\"isPartOf\":{\"@id\":\"https:\\\/\\\/ezoco.eu\\\/futz\\\/#website\"},\"primaryImageOfPage\":{\"@id\":\"https:\\\/\\\/ezoco.eu\\\/futz\\\/sobre-nosotros\\\/#primaryimage\"},\"image\":{\"@id\":\"https:\\\/\\\/ezoco.eu\\\/futz\\\/sobre-nosotros\\\/#primaryimage\"},\"thumbnailUrl\":\"http:\\\/\\\/ezoco.eu\\\/futz\\\/wp-content\\\/uploads\\\/sites\\\/153\\\/2026\\\/01\\\/Botas-balon-y-equipacion.-Fondo-Tienda.jpeg\",\"datePublished\":\"2025-11-13T12:10:33+00:00\",\"dateModified\":\"2026-02-06T11:21:20+00:00\",\"breadcrumb\":{\"@id\":\"https:\\\/\\\/ezoco.eu\\\/futz\\\/sobre-nosotros\\\/#breadcrumb\"},\"inLanguage\":\"es\",\"potentialAction\":[{\"@type\":\"ReadAction\",\"target\":[\"https:\\\/\\\/ezoco.eu\\\/futz\\\/sobre-nosotros\\\/\"]}]},{\"@type\":\"ImageObject\",\"inLanguage\":\"es\",\"@id\":\"https:\\\/\\\/ezoco.eu\\\/futz\\\/sobre-nosotros\\\/#primaryimage\",\"url\":\"https:\\\/\\\/ezoco.eu\\\/futz\\\/wp-content\\\/uploads\\\/sites\\\/153\\\/2026\\\/01\\\/Botas-balon-y-equipacion.-Fondo-Tienda.jpeg\",\"contentUrl\":\"https:\\\/\\\/ezoco.eu\\\/futz\\\/wp-content\\\/uploads\\\/sites\\\/153\\\/2026\\\/01\\\/Botas-balon-y-equipacion.-Fondo-Tienda.jpeg\",\"width\":463,\"height\":308},{\"@type\":\"BreadcrumbList\",\"@id\":\"https:\\\/\\\/ezoco.eu\\\/futz\\\/sobre-nosotros\\\/#breadcrumb\",\"itemListElement\":[{\"@type\":\"ListItem\",\"position\":1,\"name\":\"Portada\",\"item\":\"https:\\\/\\\/ezoco.eu\\\/futz\\\/\"},{\"@type\":\"ListItem\",\"position\":2,\"name\":\"Sobre Nosotros\"}]},{\"@type\":\"WebSite\",\"@id\":\"https:\\\/\\\/ezoco.eu\\\/futz\\\/#website\",\"url\":\"https:\\\/\\\/ezoco.eu\\\/futz\\\/\",\"name\":\"FUTZ\",\"description\":\"Feel the Game\",\"publisher\":{\"@id\":\"https:\\\/\\\/ezoco.eu\\\/futz\\\/#organization\"},\"potentialAction\":[{\"@type\":\"SearchAction\",\"target\":{\"@type\":\"EntryPoint\",\"urlTemplate\":\"https:\\\/\\\/ezoco.eu\\\/futz\\\/?s={search_term_string}\"},\"query-input\":{\"@type\":\"PropertyValueSpecification\",\"valueRequired\":true,\"valueName\":\"search_term_string\"}}],\"inLanguage\":\"es\"},{\"@type\":\"Organization\",\"@id\":\"https:\\\/\\\/ezoco.eu\\\/futz\\\/#organization\",\"name\":\"FUTZ\",\"url\":\"https:\\\/\\\/ezoco.eu\\\/futz\\\/\",\"logo\":{\"@type\":\"ImageObject\",\"inLanguage\":\"es\",\"@id\":\"https:\\\/\\\/ezoco.eu\\\/futz\\\/#\\\/schema\\\/logo\\\/image\\\/\",\"url\":\"https:\\\/\\\/ezoco.eu\\\/futz\\\/wp-content\\\/uploads\\\/sites\\\/153\\\/2025\\\/12\\\/cropped-cropped-cropped-ChatGPT-Image-4-dic-2025-13_15_52-1.png\",\"contentUrl\":\"https:\\\/\\\/ezoco.eu\\\/futz\\\/wp-content\\\/uploads\\\/sites\\\/153\\\/2025\\\/12\\\/cropped-cropped-cropped-ChatGPT-Image-4-dic-2025-13_15_52-1.png\",\"width\":275,\"height\":288,\"caption\":\"FUTZ\"},\"image\":{\"@id\":\"https:\\\/\\\/ezoco.eu\\\/futz\\\/#\\\/schema\\\/logo\\\/image\\\/\"}}]}<\/script>\n<!-- \/ Yoast SEO plugin. -->","yoast_head_json":{"title":"Sobre Nosotros - FUTZ","robots":{"index":"index","follow":"follow","max-snippet":"max-snippet:-1","max-image-preview":"max-image-preview:large","max-video-preview":"max-video-preview:-1"},"canonical":"https:\/\/ezoco.eu\/futz\/sobre-nosotros\/","og_locale":"es_ES","og_type":"article","og_title":"Sobre Nosotros - FUTZ","og_description":"Qui\u00e9nes somos FUTZ es una tienda especializada en material de f\u00fatbol que nace con el objetivo de ofrecer equipamiento oficial, [&hellip;]","og_url":"https:\/\/ezoco.eu\/futz\/sobre-nosotros\/","og_site_name":"FUTZ","article_modified_time":"2026-02-06T11:21:20+00:00","og_image":[{"width":463,"height":308,"url":"https:\/\/ezoco.eu\/futz\/wp-content\/uploads\/sites\/153\/2026\/01\/Botas-balon-y-equipacion.-Fondo-Tienda.jpeg","type":"image\/jpeg"}],"twitter_card":"summary_large_image","twitter_misc":{"Tiempo de lectura":"1 minuto"},"schema":{"@context":"https:\/\/schema.org","@graph":[{"@type":"WebPage","@id":"https:\/\/ezoco.eu\/futz\/sobre-nosotros\/","url":"https:\/\/ezoco.eu\/futz\/sobre-nosotros\/","name":"Sobre Nosotros - FUTZ","isPartOf":{"@id":"https:\/\/ezoco.eu\/futz\/#website"},"primaryImageOfPage":{"@id":"https:\/\/ezoco.eu\/futz\/sobre-nosotros\/#primaryimage"},"image":{"@id":"https:\/\/ezoco.eu\/futz\/sobre-nosotros\/#primaryimage"},"thumbnailUrl":"http:\/\/ezoco.eu\/futz\/wp-content\/uploads\/sites\/153\/2026\/01\/Botas-balon-y-equipacion.-Fondo-Tienda.jpeg","datePublished":"2025-11-13T12:10:33+00:00","dateModified":"2026-02-06T11:21:20+00:00","breadcrumb":{"@id":"https:\/\/ezoco.eu\/futz\/sobre-nosotros\/#breadcrumb"},"inLanguage":"es","potentialAction":[{"@type":"ReadAction","target":["https:\/\/ezoco.eu\/futz\/sobre-nosotros\/"]}]},{"@type":"ImageObject","inLanguage":"es","@id":"https:\/\/ezoco.eu\/futz\/sobre-nosotros\/#primaryimage","url":"https:\/\/ezoco.eu\/futz\/wp-content\/uploads\/sites\/153\/2026\/01\/Botas-balon-y-equipacion.-Fondo-Tienda.jpeg","contentUrl":"https:\/\/ezoco.eu\/futz\/wp-content\/uploads\/sites\/153\/2026\/01\/Botas-balon-y-equipacion.-Fondo-Tienda.jpeg","width":463,"height":308},{"@type":"BreadcrumbList","@id":"https:\/\/ezoco.eu\/futz\/sobre-nosotros\/#breadcrumb","itemListElement":[{"@type":"ListItem","position":1,"name":"Portada","item":"https:\/\/ezoco.eu\/futz\/"},{"@type":"ListItem","position":2,"name":"Sobre Nosotros"}]},{"@type":"WebSite","@id":"https:\/\/ezoco.eu\/futz\/#website","url":"https:\/\/ezoco.eu\/futz\/","name":"FUTZ","description":"Feel the Game","publisher":{"@id":"https:\/\/ezoco.eu\/futz\/#organization"},"potentialAction":[{"@type":"SearchAction","target":{"@type":"EntryPoint","urlTemplate":"https:\/\/ezoco.eu\/futz\/?s={search_term_string}"},"query-input":{"@type":"PropertyValueSpecification","valueRequired":true,"valueName":"search_term_string"}}],"inLanguage":"es"},{"@type":"Organization","@id":"https:\/\/ezoco.eu\/futz\/#organization","name":"FUTZ","url":"https:\/\/ezoco.eu\/futz\/","logo":{"@type":"ImageObject","inLanguage":"es","@id":"https:\/\/ezoco.eu\/futz\/#\/schema\/logo\/image\/","url":"https:\/\/ezoco.eu\/futz\/wp-content\/uploads\/sites\/153\/2025\/12\/cropped-cropped-cropped-ChatGPT-Image-4-dic-2025-13_15_52-1.png","contentUrl":"https:\/\/ezoco.eu\/futz\/wp-content\/uploads\/sites\/153\/2025\/12\/cropped-cropped-cropped-ChatGPT-Image-4-dic-2025-13_15_52-1.png","width":275,"height":288,"caption":"FUTZ"},"image":{"@id":"https:\/\/ezoco.eu\/futz\/#\/schema\/logo\/image\/"}}]}},"_links":{"self":[{"href":"https:\/\/ezoco.eu\/futz\/wp-json\/wp\/v2\/pages\/12","targetHints":{"allow":["GET"]}}],"collection":[{"href":"https:\/\/ezoco.eu\/futz\/wp-json\/wp\/v2\/pages"}],"about":[{"href":"https:\/\/ezoco.eu\/futz\/wp-json\/wp\/v2\/types\/page"}],"author":[{"embeddable":true,"href":"https:\/\/ezoco.eu\/futz\/wp-json\/wp\/v2\/users\/188"}],"replies":[{"embeddable":true,"href":"https:\/\/ezoco.eu\/futz\/wp-json\/wp\/v2\/comments?post=12"}],"version-history":[{"count":31,"href":"https:\/\/ezoco.eu\/futz\/wp-json\/wp\/v2\/pages\/12\/revisions"}],"predecessor-version":[{"id":344,"href":"https:\/\/ezoco.eu\/futz\/wp-json\/wp\/v2\/pages\/12\/revisions\/344"}],"wp:attachment":[{"href":"https:\/\/ezoco.eu\/futz\/wp-json\/wp\/v2\/media?parent=12"}],"curies":[{"name":"wp","href":"https:\/\/api.w.org\/{rel}","templated":true}]}}