{"id":139,"date":"2026-01-14T10:36:59","date_gmt":"2026-01-14T09:36:59","guid":{"rendered":"https:\/\/ezoco.eu\/futz\/?page_id=139"},"modified":"2026-03-16T09:21:12","modified_gmt":"2026-03-16T08:21:12","slug":"proposito","status":"publish","type":"page","link":"https:\/\/ezoco.eu\/futz\/proposito\/","title":{"rendered":"Prop\u00f3sito"},"content":{"rendered":"\t\t<div data-elementor-type=\"wp-page\" data-elementor-id=\"139\" class=\"elementor elementor-139\" data-elementor-post-type=\"page\">\n\t\t\t\t<div class=\"elementor-element elementor-element-3ac6c1f e-flex e-con-boxed e-con e-parent\" data-id=\"3ac6c1f\" data-element_type=\"container\" data-e-type=\"container\">\n\t\t\t\t\t<div class=\"e-con-inner\">\n\t\t<div class=\"elementor-element elementor-element-908a293 e-con-full e-flex e-con e-child\" data-id=\"908a293\" data-element_type=\"container\" data-e-type=\"container\">\n\t\t\t\t<div class=\"elementor-element elementor-element-961b40e elementor-widget elementor-widget-heading\" data-id=\"961b40e\" data-element_type=\"widget\" data-e-type=\"widget\" data-widget_type=\"heading.default\">\n\t\t\t\t\t<h2 class=\"elementor-heading-title elementor-size-default\">Prop\u00f3sito<\/h2>\t\t\t\t<\/div>\n\t\t\t\t<div class=\"elementor-element elementor-element-a5243f4 elementor-widget elementor-widget-text-editor\" data-id=\"a5243f4\" data-element_type=\"widget\" data-e-type=\"widget\" data-widget_type=\"text-editor.default\">\n\t\t\t\t\t\t\t\t\t<p>PROP\u00d3SITO DE FUTZ<\/p><p>En FUTZ creemos que cada jugador es \u00fanico.<\/p><p>Nuestro prop\u00f3sito es ayudar a los futbolistas a encontrar el equipamiento perfecto seg\u00fan su estilo de juego, posici\u00f3n y necesidades.<\/p><p>Buscamos combinar dise\u00f1o, tecnolog\u00eda y asesoramiento para mejorar la experiencia deportiva de cada jugador.<\/p>\t\t\t\t\t\t\t\t<\/div>\n\t\t\t\t<\/div>\n\t\t\t\t\t<\/div>\n\t\t\t\t<\/div>\n\t\t\t\t<\/div>\n\t\t","protected":false},"excerpt":{"rendered":"<p>Prop\u00f3sito PROP\u00d3SITO DE FUTZ En FUTZ creemos que cada jugador es \u00fanico. Nuestro prop\u00f3sito es ayudar a los futbolistas a [&hellip;]<\/p>\n","protected":false},"author":188,"featured_media":0,"parent":0,"menu_order":0,"comment_status":"closed","ping_status":"closed","template":"","meta":{"inline_featured_image":false,"site-sidebar-layout":"no-sidebar","site-content-layout":"","ast-site-content-layout":"full-width-container","site-content-style":"default","site-sidebar-style":"default","ast-global-header-display":"","ast-banner-title-visibility":"","ast-main-header-display":"","ast-hfb-above-header-display":"","ast-hfb-below-header-display":"","ast-hfb-mobile-header-display":"","site-post-title":"disabled","ast-breadcrumbs-content":"","ast-featured-img":"disabled","footer-sml-layout":"","ast-disable-related-posts":"","theme-transparent-header-meta":"","adv-header-id-meta":"","stick-header-meta":"","header-above-stick-meta":"","header-main-stick-meta":"","header-below-stick-meta":"","astra-migrate-meta-layouts":"default","ast-page-background-enabled":"default","ast-page-background-meta":{"desktop":{"background-color":"var(--ast-global-color-5)","background-image":"","background-repeat":"repeat","background-position":"center center","background-size":"auto","background-attachment":"scroll","background-type":"","background-media":"","overlay-type":"","overlay-color":"","overlay-opacity":"","overlay-gradient":""},"tablet":{"background-color":"","background-image":"","background-repeat":"repeat","background-position":"center center","background-size":"auto","background-attachment":"scroll","background-type":"","background-media":"","overlay-type":"","overlay-color":"","overlay-opacity":"","overlay-gradient":""},"mobile":{"background-color":"","background-image":"","background-repeat":"repeat","background-position":"center center","background-size":"auto","background-attachment":"scroll","background-type":"","background-media":"","overlay-type":"","overlay-color":"","overlay-opacity":"","overlay-gradient":""}},"ast-content-background-meta":{"desktop":{"background-color":"var(--ast-global-color-4)","background-image":"","background-repeat":"repeat","background-position":"center center","background-size":"auto","background-attachment":"scroll","background-type":"","background-media":"","overlay-type":"","overlay-color":"","overlay-opacity":"","overlay-gradient":""},"tablet":{"background-color":"var(--ast-global-color-4)","background-image":"","background-repeat":"repeat","background-position":"center center","background-size":"auto","background-attachment":"scroll","background-type":"","background-media":"","overlay-type":"","overlay-color":"","overlay-opacity":"","overlay-gradient":""},"mobile":{"background-color":"var(--ast-global-color-4)","background-image":"","background-repeat":"repeat","background-position":"center center","background-size":"auto","background-attachment":"scroll","background-type":"","background-media":"","overlay-type":"","overlay-color":"","overlay-opacity":"","overlay-gradient":""}},"footnotes":""},"class_list":["post-139","page","type-page","status-publish","hentry"],"yoast_head":"<!-- This site is optimized with the Yoast SEO plugin v27.5 - https:\/\/yoast.com\/product\/yoast-seo-wordpress\/ -->\n<title>Prop\u00f3sito - FUTZ<\/title>\n<meta name=\"robots\" content=\"index, follow, max-snippet:-1, max-image-preview:large, max-video-preview:-1\" \/>\n<link rel=\"canonical\" href=\"https:\/\/ezoco.eu\/futz\/proposito\/\" \/>\n<meta property=\"og:locale\" content=\"es_ES\" \/>\n<meta property=\"og:type\" content=\"article\" \/>\n<meta property=\"og:title\" content=\"Prop\u00f3sito - FUTZ\" \/>\n<meta property=\"og:description\" content=\"Prop\u00f3sito PROP\u00d3SITO DE FUTZ En FUTZ creemos que cada jugador es \u00fanico. Nuestro prop\u00f3sito es ayudar a los futbolistas a [&hellip;]\" \/>\n<meta property=\"og:url\" content=\"https:\/\/ezoco.eu\/futz\/proposito\/\" \/>\n<meta property=\"og:site_name\" content=\"FUTZ\" \/>\n<meta property=\"article:modified_time\" content=\"2026-03-16T08:21:12+00:00\" \/>\n<meta name=\"twitter:card\" content=\"summary_large_image\" \/>\n<meta name=\"twitter:label1\" content=\"Tiempo de lectura\" \/>\n\t<meta name=\"twitter:data1\" content=\"1 minuto\" \/>\n<script type=\"application\/ld+json\" class=\"yoast-schema-graph\">{\"@context\":\"https:\\\/\\\/schema.org\",\"@graph\":[{\"@type\":\"WebPage\",\"@id\":\"https:\\\/\\\/ezoco.eu\\\/futz\\\/proposito\\\/\",\"url\":\"https:\\\/\\\/ezoco.eu\\\/futz\\\/proposito\\\/\",\"name\":\"Prop\u00f3sito - FUTZ\",\"isPartOf\":{\"@id\":\"https:\\\/\\\/ezoco.eu\\\/futz\\\/#website\"},\"datePublished\":\"2026-01-14T09:36:59+00:00\",\"dateModified\":\"2026-03-16T08:21:12+00:00\",\"breadcrumb\":{\"@id\":\"https:\\\/\\\/ezoco.eu\\\/futz\\\/proposito\\\/#breadcrumb\"},\"inLanguage\":\"es\",\"potentialAction\":[{\"@type\":\"ReadAction\",\"target\":[\"https:\\\/\\\/ezoco.eu\\\/futz\\\/proposito\\\/\"]}]},{\"@type\":\"BreadcrumbList\",\"@id\":\"https:\\\/\\\/ezoco.eu\\\/futz\\\/proposito\\\/#breadcrumb\",\"itemListElement\":[{\"@type\":\"ListItem\",\"position\":1,\"name\":\"Portada\",\"item\":\"https:\\\/\\\/ezoco.eu\\\/futz\\\/\"},{\"@type\":\"ListItem\",\"position\":2,\"name\":\"Prop\u00f3sito\"}]},{\"@type\":\"WebSite\",\"@id\":\"https:\\\/\\\/ezoco.eu\\\/futz\\\/#website\",\"url\":\"https:\\\/\\\/ezoco.eu\\\/futz\\\/\",\"name\":\"FUTZ\",\"description\":\"Feel the Game\",\"publisher\":{\"@id\":\"https:\\\/\\\/ezoco.eu\\\/futz\\\/#organization\"},\"potentialAction\":[{\"@type\":\"SearchAction\",\"target\":{\"@type\":\"EntryPoint\",\"urlTemplate\":\"https:\\\/\\\/ezoco.eu\\\/futz\\\/?s={search_term_string}\"},\"query-input\":{\"@type\":\"PropertyValueSpecification\",\"valueRequired\":true,\"valueName\":\"search_term_string\"}}],\"inLanguage\":\"es\"},{\"@type\":\"Organization\",\"@id\":\"https:\\\/\\\/ezoco.eu\\\/futz\\\/#organization\",\"name\":\"FUTZ\",\"url\":\"https:\\\/\\\/ezoco.eu\\\/futz\\\/\",\"logo\":{\"@type\":\"ImageObject\",\"inLanguage\":\"es\",\"@id\":\"https:\\\/\\\/ezoco.eu\\\/futz\\\/#\\\/schema\\\/logo\\\/image\\\/\",\"url\":\"https:\\\/\\\/ezoco.eu\\\/futz\\\/wp-content\\\/uploads\\\/sites\\\/153\\\/2025\\\/12\\\/cropped-cropped-cropped-ChatGPT-Image-4-dic-2025-13_15_52-1.png\",\"contentUrl\":\"https:\\\/\\\/ezoco.eu\\\/futz\\\/wp-content\\\/uploads\\\/sites\\\/153\\\/2025\\\/12\\\/cropped-cropped-cropped-ChatGPT-Image-4-dic-2025-13_15_52-1.png\",\"width\":275,\"height\":288,\"caption\":\"FUTZ\"},\"image\":{\"@id\":\"https:\\\/\\\/ezoco.eu\\\/futz\\\/#\\\/schema\\\/logo\\\/image\\\/\"}}]}<\/script>\n<!-- \/ Yoast SEO plugin. -->","yoast_head_json":{"title":"Prop\u00f3sito - FUTZ","robots":{"index":"index","follow":"follow","max-snippet":"max-snippet:-1","max-image-preview":"max-image-preview:large","max-video-preview":"max-video-preview:-1"},"canonical":"https:\/\/ezoco.eu\/futz\/proposito\/","og_locale":"es_ES","og_type":"article","og_title":"Prop\u00f3sito - FUTZ","og_description":"Prop\u00f3sito PROP\u00d3SITO DE FUTZ En FUTZ creemos que cada jugador es \u00fanico. Nuestro prop\u00f3sito es ayudar a los futbolistas a [&hellip;]","og_url":"https:\/\/ezoco.eu\/futz\/proposito\/","og_site_name":"FUTZ","article_modified_time":"2026-03-16T08:21:12+00:00","twitter_card":"summary_large_image","twitter_misc":{"Tiempo de lectura":"1 minuto"},"schema":{"@context":"https:\/\/schema.org","@graph":[{"@type":"WebPage","@id":"https:\/\/ezoco.eu\/futz\/proposito\/","url":"https:\/\/ezoco.eu\/futz\/proposito\/","name":"Prop\u00f3sito - FUTZ","isPartOf":{"@id":"https:\/\/ezoco.eu\/futz\/#website"},"datePublished":"2026-01-14T09:36:59+00:00","dateModified":"2026-03-16T08:21:12+00:00","breadcrumb":{"@id":"https:\/\/ezoco.eu\/futz\/proposito\/#breadcrumb"},"inLanguage":"es","potentialAction":[{"@type":"ReadAction","target":["https:\/\/ezoco.eu\/futz\/proposito\/"]}]},{"@type":"BreadcrumbList","@id":"https:\/\/ezoco.eu\/futz\/proposito\/#breadcrumb","itemListElement":[{"@type":"ListItem","position":1,"name":"Portada","item":"https:\/\/ezoco.eu\/futz\/"},{"@type":"ListItem","position":2,"name":"Prop\u00f3sito"}]},{"@type":"WebSite","@id":"https:\/\/ezoco.eu\/futz\/#website","url":"https:\/\/ezoco.eu\/futz\/","name":"FUTZ","description":"Feel the Game","publisher":{"@id":"https:\/\/ezoco.eu\/futz\/#organization"},"potentialAction":[{"@type":"SearchAction","target":{"@type":"EntryPoint","urlTemplate":"https:\/\/ezoco.eu\/futz\/?s={search_term_string}"},"query-input":{"@type":"PropertyValueSpecification","valueRequired":true,"valueName":"search_term_string"}}],"inLanguage":"es"},{"@type":"Organization","@id":"https:\/\/ezoco.eu\/futz\/#organization","name":"FUTZ","url":"https:\/\/ezoco.eu\/futz\/","logo":{"@type":"ImageObject","inLanguage":"es","@id":"https:\/\/ezoco.eu\/futz\/#\/schema\/logo\/image\/","url":"https:\/\/ezoco.eu\/futz\/wp-content\/uploads\/sites\/153\/2025\/12\/cropped-cropped-cropped-ChatGPT-Image-4-dic-2025-13_15_52-1.png","contentUrl":"https:\/\/ezoco.eu\/futz\/wp-content\/uploads\/sites\/153\/2025\/12\/cropped-cropped-cropped-ChatGPT-Image-4-dic-2025-13_15_52-1.png","width":275,"height":288,"caption":"FUTZ"},"image":{"@id":"https:\/\/ezoco.eu\/futz\/#\/schema\/logo\/image\/"}}]}},"_links":{"self":[{"href":"https:\/\/ezoco.eu\/futz\/wp-json\/wp\/v2\/pages\/139","targetHints":{"allow":["GET"]}}],"collection":[{"href":"https:\/\/ezoco.eu\/futz\/wp-json\/wp\/v2\/pages"}],"about":[{"href":"https:\/\/ezoco.eu\/futz\/wp-json\/wp\/v2\/types\/page"}],"author":[{"embeddable":true,"href":"https:\/\/ezoco.eu\/futz\/wp-json\/wp\/v2\/users\/188"}],"replies":[{"embeddable":true,"href":"https:\/\/ezoco.eu\/futz\/wp-json\/wp\/v2\/comments?post=139"}],"version-history":[{"count":5,"href":"https:\/\/ezoco.eu\/futz\/wp-json\/wp\/v2\/pages\/139\/revisions"}],"predecessor-version":[{"id":603,"href":"https:\/\/ezoco.eu\/futz\/wp-json\/wp\/v2\/pages\/139\/revisions\/603"}],"wp:attachment":[{"href":"https:\/\/ezoco.eu\/futz\/wp-json\/wp\/v2\/media?parent=139"}],"curies":[{"name":"wp","href":"https:\/\/api.w.org\/{rel}","templated":true}]}}