{"id":202,"date":"2026-01-23T10:32:49","date_gmt":"2026-01-23T09:32:49","guid":{"rendered":"https:\/\/ezoco.eu\/futz\/?page_id=202"},"modified":"2026-03-15T09:50:35","modified_gmt":"2026-03-15T08:50:35","slug":"botas-futbol","status":"publish","type":"page","link":"https:\/\/ezoco.eu\/futz\/botas-futbol\/","title":{"rendered":"Botas f\u00fatbol"},"content":{"rendered":"\t\t<div data-elementor-type=\"wp-page\" data-elementor-id=\"202\" class=\"elementor elementor-202\" data-elementor-post-type=\"page\">\n\t\t\t\t<div class=\"elementor-element elementor-element-c3b9820 e-flex e-con-boxed e-con e-parent\" data-id=\"c3b9820\" data-element_type=\"container\" data-e-type=\"container\" data-settings=\"{&quot;background_background&quot;:&quot;classic&quot;}\">\n\t\t\t\t\t<div class=\"e-con-inner\">\n\t\t\t\t\t<\/div>\n\t\t\t\t<\/div>\n\t\t<div class=\"elementor-element elementor-element-b776305 e-flex e-con-boxed e-con e-parent\" data-id=\"b776305\" data-element_type=\"container\" data-e-type=\"container\">\n\t\t\t\t\t<div class=\"e-con-inner\">\n\t\t<div class=\"elementor-element elementor-element-704ba08 e-con-full e-flex e-con e-child\" data-id=\"704ba08\" data-element_type=\"container\" data-e-type=\"container\">\n\t\t\t\t<div class=\"elementor-element elementor-element-6f853e0 elementor-widget elementor-widget-heading\" data-id=\"6f853e0\" data-element_type=\"widget\" data-e-type=\"widget\" data-widget_type=\"heading.default\">\n\t\t\t\t\t<h2 class=\"elementor-heading-title elementor-size-default\">Personaliza tus botas como un profesional<\/h2>\t\t\t\t<\/div>\n\t\t\t\t<div class=\"elementor-element elementor-element-989ad06 elementor-widget elementor-widget-text-editor\" data-id=\"989ad06\" data-element_type=\"widget\" data-e-type=\"widget\" data-widget_type=\"text-editor.default\">\n\t\t\t\t\t\t\t\t\t<p>En FUTZ ofrecemos un servicio exclusivo de personalizaci\u00f3n de botas de f\u00fatbol. <br \/>Podr\u00e1s elegir colores, dise\u00f1os, iniciales o detalles \u00fanicos que reflejen tu personalidad como jugador.<\/p><p>Trabajamos con materiales de alta calidad y t\u00e9cnicas profesionales para garantizar comodidad, rendimiento y estilo en cada par de botas.<\/p>\t\t\t\t\t\t\t\t<\/div>\n\t\t\t\t<\/div>\n\t\t<div class=\"elementor-element elementor-element-e2f6956 e-con-full e-flex e-con e-child\" data-id=\"e2f6956\" data-element_type=\"container\" data-e-type=\"container\">\n\t\t\t\t<div class=\"elementor-element elementor-element-b500323 elementor-widget elementor-widget-image\" data-id=\"b500323\" data-element_type=\"widget\" data-e-type=\"widget\" data-widget_type=\"image.default\">\n\t\t\t\t\t\t\t\t\t\t\t\t\t\t\t<img fetchpriority=\"high\" decoding=\"async\" width=\"631\" height=\"416\" src=\"https:\/\/ezoco.eu\/futz\/wp-content\/uploads\/sites\/153\/2026\/03\/Diseno-bota.png\" class=\"attachment-large size-large wp-image-458\" alt=\"\" srcset=\"https:\/\/ezoco.eu\/futz\/wp-content\/uploads\/sites\/153\/2026\/03\/Diseno-bota.png 631w, https:\/\/ezoco.eu\/futz\/wp-content\/uploads\/sites\/153\/2026\/03\/Diseno-bota-600x396.png 600w\" sizes=\"(max-width: 631px) 100vw, 631px\" \/>\t\t\t\t\t\t\t\t\t\t\t\t\t\t\t<\/div>\n\t\t\t\t<\/div>\n\t\t\t\t\t<\/div>\n\t\t\t\t<\/div>\n\t\t<div class=\"elementor-element elementor-element-3907125 e-flex e-con-boxed e-con e-parent\" data-id=\"3907125\" data-element_type=\"container\" data-e-type=\"container\">\n\t\t\t\t\t<div class=\"e-con-inner\">\n\t\t\t\t<div class=\"elementor-element elementor-element-5c25c32 elementor-widget elementor-widget-heading\" data-id=\"5c25c32\" data-element_type=\"widget\" data-e-type=\"widget\" data-widget_type=\"heading.default\">\n\t\t\t\t\t<h2 class=\"elementor-heading-title elementor-size-default\">\u00bfQu\u00e9 incluye nuestro servicio?<\/h2>\t\t\t\t<\/div>\n\t\t<div class=\"elementor-element elementor-element-ded1088 e-con-full e-flex e-con e-child\" data-id=\"ded1088\" data-element_type=\"container\" data-e-type=\"container\">\n\t\t<div class=\"elementor-element elementor-element-0e1047f e-con-full e-flex e-con e-child\" data-id=\"0e1047f\" data-element_type=\"container\" data-e-type=\"container\">\n\t\t\t\t<div class=\"elementor-element elementor-element-78ed633 elementor-widget elementor-widget-image\" data-id=\"78ed633\" data-element_type=\"widget\" data-e-type=\"widget\" data-widget_type=\"image.default\">\n\t\t\t\t\t\t\t\t\t\t\t\t\t\t\t<img decoding=\"async\" width=\"576\" height=\"337\" src=\"https:\/\/ezoco.eu\/futz\/wp-content\/uploads\/sites\/153\/2026\/03\/Diseno-botas.png\" class=\"attachment-1536x1536 size-1536x1536 wp-image-463\" alt=\"\" \/>\t\t\t\t\t\t\t\t\t\t\t\t\t\t\t<\/div>\n\t\t\t\t<div class=\"elementor-element elementor-element-8f2db7d elementor-widget elementor-widget-heading\" data-id=\"8f2db7d\" data-element_type=\"widget\" data-e-type=\"widget\" data-widget_type=\"heading.default\">\n\t\t\t\t\t<h2 class=\"elementor-heading-title elementor-size-default\">Dise\u00f1o personalizado<\/h2>\t\t\t\t<\/div>\n\t\t\t\t<div class=\"elementor-element elementor-element-479c8a6 elementor-widget elementor-widget-text-editor\" data-id=\"479c8a6\" data-element_type=\"widget\" data-e-type=\"widget\" data-widget_type=\"text-editor.default\">\n\t\t\t\t\t\t\t\t\t<p>Elige colores, materiales y detalles<\/p><p>\u00fanicos para crear unas botas<\/p><p>totalmente personalizadas.<\/p>\t\t\t\t\t\t\t\t<\/div>\n\t\t\t\t<\/div>\n\t\t<div class=\"elementor-element elementor-element-68afff9 e-con-full e-flex e-con e-child\" data-id=\"68afff9\" data-element_type=\"container\" data-e-type=\"container\">\n\t\t\t\t<div class=\"elementor-element elementor-element-b9406d6 elementor-widget elementor-widget-image\" data-id=\"b9406d6\" data-element_type=\"widget\" data-e-type=\"widget\" data-widget_type=\"image.default\">\n\t\t\t\t\t\t\t\t\t\t\t\t\t\t\t<img decoding=\"async\" width=\"576\" height=\"337\" src=\"https:\/\/ezoco.eu\/futz\/wp-content\/uploads\/sites\/153\/2026\/03\/Materiales-botas-icono.png\" class=\"attachment-1536x1536 size-1536x1536 wp-image-465\" alt=\"\" \/>\t\t\t\t\t\t\t\t\t\t\t\t\t\t\t<\/div>\n\t\t\t\t<div class=\"elementor-element elementor-element-496f3f7 elementor-widget elementor-widget-heading\" data-id=\"496f3f7\" data-element_type=\"widget\" data-e-type=\"widget\" data-widget_type=\"heading.default\">\n\t\t\t\t\t<h2 class=\"elementor-heading-title elementor-size-default\">Materiales de alto rendimiento<\/h2>\t\t\t\t<\/div>\n\t\t\t\t<div class=\"elementor-element elementor-element-0a96dd2 elementor-widget elementor-widget-text-editor\" data-id=\"0a96dd2\" data-element_type=\"widget\" data-e-type=\"widget\" data-widget_type=\"text-editor.default\">\n\t\t\t\t\t\t\t\t\t<p>Trabajamos con materiales profesionales<\/p><p>que garantizan comodidad, durabilidad y<\/p><p>m\u00e1ximo rendimiento.<\/p>\t\t\t\t\t\t\t\t<\/div>\n\t\t\t\t<\/div>\n\t\t<div class=\"elementor-element elementor-element-79add8b e-con-full e-flex e-con e-child\" data-id=\"79add8b\" data-element_type=\"container\" data-e-type=\"container\">\n\t\t\t\t<div class=\"elementor-element elementor-element-ac5d498 elementor-widget elementor-widget-image\" data-id=\"ac5d498\" data-element_type=\"widget\" data-e-type=\"widget\" data-widget_type=\"image.default\">\n\t\t\t\t\t\t\t\t\t\t\t\t\t\t\t<img loading=\"lazy\" decoding=\"async\" width=\"426\" height=\"282\" src=\"https:\/\/ezoco.eu\/futz\/wp-content\/uploads\/sites\/153\/2026\/03\/Asesoramiento-botas.png\" class=\"attachment-1536x1536 size-1536x1536 wp-image-464\" alt=\"\" \/>\t\t\t\t\t\t\t\t\t\t\t\t\t\t\t<\/div>\n\t\t\t\t<div class=\"elementor-element elementor-element-ab63d0c elementor-widget elementor-widget-heading\" data-id=\"ab63d0c\" data-element_type=\"widget\" data-e-type=\"widget\" data-widget_type=\"heading.default\">\n\t\t\t\t\t<h2 class=\"elementor-heading-title elementor-size-default\">Asesoramiento experto<\/h2>\t\t\t\t<\/div>\n\t\t\t\t<div class=\"elementor-element elementor-element-485de67 elementor-widget elementor-widget-text-editor\" data-id=\"485de67\" data-element_type=\"widget\" data-e-type=\"widget\" data-widget_type=\"text-editor.default\">\n\t\t\t\t\t\t\t\t\t<p>Nuestro equipo te ayuda a dise\u00f1ar las botas<\/p><p>perfectas seg\u00fan tu estilo de juego.<\/p>\t\t\t\t\t\t\t\t<\/div>\n\t\t\t\t<\/div>\n\t\t\t\t<\/div>\n\t\t\t\t\t<\/div>\n\t\t\t\t<\/div>\n\t\t<div class=\"elementor-element elementor-element-c2d71e8 e-flex e-con-boxed e-con e-parent\" data-id=\"c2d71e8\" data-element_type=\"container\" data-e-type=\"container\">\n\t\t\t\t\t<div class=\"e-con-inner\">\n\t\t\t\t<div class=\"elementor-element elementor-element-1d777ff elementor-widget elementor-widget-heading\" data-id=\"1d777ff\" data-element_type=\"widget\" data-e-type=\"widget\" data-widget_type=\"heading.default\">\n\t\t\t\t\t<h2 class=\"elementor-heading-title elementor-size-default\">Dise\u00f1os recientes<\/h2>\t\t\t\t<\/div>\n\t\t\t\t\t<\/div>\n\t\t\t\t<\/div>\n\t\t<div class=\"elementor-element elementor-element-77beac8 e-flex e-con-boxed e-con e-parent\" data-id=\"77beac8\" data-element_type=\"container\" data-e-type=\"container\">\n\t\t\t\t\t<div class=\"e-con-inner\">\n\t\t\t\t<div class=\"elementor-element elementor-element-c9d3fb0 elementor-skin-carousel elementor-arrows-yes elementor-pagination-type-bullets elementor-pagination-position-outside elementor-widget elementor-widget-media-carousel\" data-id=\"c9d3fb0\" data-element_type=\"widget\" data-e-type=\"widget\" data-settings=\"{&quot;skin&quot;:&quot;carousel&quot;,&quot;effect&quot;:&quot;slide&quot;,&quot;show_arrows&quot;:&quot;yes&quot;,&quot;pagination&quot;:&quot;bullets&quot;,&quot;speed&quot;:500,&quot;autoplay&quot;:&quot;yes&quot;,&quot;autoplay_speed&quot;:5000,&quot;loop&quot;:&quot;yes&quot;,&quot;pause_on_hover&quot;:&quot;yes&quot;,&quot;pause_on_interaction&quot;:&quot;yes&quot;,&quot;space_between&quot;:{&quot;unit&quot;:&quot;px&quot;,&quot;size&quot;:10,&quot;sizes&quot;:[]},&quot;space_between_tablet&quot;:{&quot;unit&quot;:&quot;px&quot;,&quot;size&quot;:10,&quot;sizes&quot;:[]},&quot;space_between_mobile&quot;:{&quot;unit&quot;:&quot;px&quot;,&quot;size&quot;:10,&quot;sizes&quot;:[]}}\" data-widget_type=\"media-carousel.default\">\n\t\t\t\t\t\t\t\t\t\t<div class=\"elementor-main-swiper swiper\" role=\"region\" aria-roledescription=\"carousel\" aria-label=\"Slides\">\n\t\t\t\t<div class=\"swiper-wrapper\">\n\t\t\t\t\t\t\t\t\t\t\t<div class=\"swiper-slide\" role=\"group\" aria-roledescription=\"slide\">\n\t\t\t\t\t\t\t\t\t<div class=\"elementor-carousel-image\" role=\"img\" aria-label=\"Bota 7\" style=\"background-image: url(&#039;https:\/\/ezoco.eu\/futz\/wp-content\/uploads\/sites\/153\/2026\/03\/Bota-7.png&#039;)\">\n\n\t\t\t\n\t\t\t\t\t<\/div>\n\t\t\t\t\t\t\t\t<\/div>\n\t\t\t\t\t\t\t\t\t\t\t<div class=\"swiper-slide\" role=\"group\" aria-roledescription=\"slide\">\n\t\t\t\t\t\t\t\t\t<div class=\"elementor-carousel-image\" role=\"img\" aria-label=\"Bota 5\" style=\"background-image: url(&#039;https:\/\/ezoco.eu\/futz\/wp-content\/uploads\/sites\/153\/2026\/03\/Bota-5.png&#039;)\">\n\n\t\t\t\n\t\t\t\t\t<\/div>\n\t\t\t\t\t\t\t\t<\/div>\n\t\t\t\t\t\t\t\t\t\t\t<div class=\"swiper-slide\" role=\"group\" aria-roledescription=\"slide\">\n\t\t\t\t\t\t\t\t\t<div class=\"elementor-carousel-image\" role=\"img\" aria-label=\"Bota 3\" style=\"background-image: url(&#039;https:\/\/ezoco.eu\/futz\/wp-content\/uploads\/sites\/153\/2026\/03\/Bota-3.png&#039;)\">\n\n\t\t\t\n\t\t\t\t\t<\/div>\n\t\t\t\t\t\t\t\t<\/div>\n\t\t\t\t\t\t\t\t\t\t\t<div class=\"swiper-slide\" role=\"group\" aria-roledescription=\"slide\">\n\t\t\t\t\t\t\t\t\t<div class=\"elementor-carousel-image\" role=\"img\" aria-label=\"Bota 4\" style=\"background-image: url(&#039;https:\/\/ezoco.eu\/futz\/wp-content\/uploads\/sites\/153\/2026\/03\/Bota-4.png&#039;)\">\n\n\t\t\t\n\t\t\t\t\t<\/div>\n\t\t\t\t\t\t\t\t<\/div>\n\t\t\t\t\t\t\t\t\t\t\t<div class=\"swiper-slide\" role=\"group\" aria-roledescription=\"slide\">\n\t\t\t\t\t\t\t\t\t<div class=\"elementor-carousel-image\" role=\"img\" aria-label=\"Bota 8\" style=\"background-image: url(&#039;https:\/\/ezoco.eu\/futz\/wp-content\/uploads\/sites\/153\/2026\/03\/Bota-8.png&#039;)\">\n\n\t\t\t\n\t\t\t\t\t<\/div>\n\t\t\t\t\t\t\t\t<\/div>\n\t\t\t\t\t\t\t\t\t\t\t<div class=\"swiper-slide\" role=\"group\" aria-roledescription=\"slide\">\n\t\t\t\t\t\t\t\t\t<div class=\"elementor-carousel-image\" role=\"img\" aria-label=\"Bota 6\" style=\"background-image: url(&#039;https:\/\/ezoco.eu\/futz\/wp-content\/uploads\/sites\/153\/2026\/03\/Bota-6.png&#039;)\">\n\n\t\t\t\n\t\t\t\t\t<\/div>\n\t\t\t\t\t\t\t\t<\/div>\n\t\t\t\t\t\t\t\t\t\t\t<div class=\"swiper-slide\" role=\"group\" aria-roledescription=\"slide\">\n\t\t\t\t\t\t\t\t\t<div class=\"elementor-carousel-image\" role=\"img\" aria-label=\"Bota 1\" style=\"background-image: url(&#039;https:\/\/ezoco.eu\/futz\/wp-content\/uploads\/sites\/153\/2026\/03\/Bota-1.png&#039;)\">\n\n\t\t\t\n\t\t\t\t\t<\/div>\n\t\t\t\t\t\t\t\t<\/div>\n\t\t\t\t\t\t\t\t\t<\/div>\n\t\t\t\t\t\t\t\t\t\t\t\t\t\t\t<div class=\"elementor-swiper-button elementor-swiper-button-prev\" role=\"button\" tabindex=\"0\" aria-label=\"Previous\">\n\t\t\t\t\t\t\t<svg aria-hidden=\"true\" class=\"e-font-icon-svg e-eicon-chevron-left\" viewBox=\"0 0 1000 1000\" xmlns=\"http:\/\/www.w3.org\/2000\/svg\"><path d=\"M646 125C629 125 613 133 604 142L308 442C296 454 292 471 292 487 292 504 296 521 308 533L604 854C617 867 629 875 646 875 663 875 679 871 692 858 704 846 713 829 713 812 713 796 708 779 692 767L438 487 692 225C700 217 708 204 708 187 708 171 704 154 692 142 675 129 663 125 646 125Z\"><\/path><\/svg>\t\t\t\t\t\t<\/div>\n\t\t\t\t\t\t<div class=\"elementor-swiper-button elementor-swiper-button-next\" role=\"button\" tabindex=\"0\" aria-label=\"Next\">\n\t\t\t\t\t\t\t<svg aria-hidden=\"true\" class=\"e-font-icon-svg e-eicon-chevron-right\" viewBox=\"0 0 1000 1000\" xmlns=\"http:\/\/www.w3.org\/2000\/svg\"><path d=\"M696 533C708 521 713 504 713 487 713 471 708 454 696 446L400 146C388 133 375 125 354 125 338 125 325 129 313 142 300 154 292 171 292 187 292 204 296 221 308 233L563 492 304 771C292 783 288 800 288 817 288 833 296 850 308 863 321 871 338 875 354 875 371 875 388 867 400 854L696 533Z\"><\/path><\/svg>\t\t\t\t\t\t<\/div>\n\t\t\t\t\t\t\t\t\t\t\t\t\t\t\t\t<div class=\"swiper-pagination\"><\/div>\n\t\t\t\t\t\t\t\t\t\t\t\t<\/div>\n\t\t\t\t\t\t\t\t<\/div>\n\t\t\t\t\t<\/div>\n\t\t\t\t<\/div>\n\t\t\t\t<\/div>\n\t\t","protected":false},"excerpt":{"rendered":"<p>Personaliza tus botas como un profesional En FUTZ ofrecemos un servicio exclusivo de personalizaci\u00f3n de botas de f\u00fatbol. Podr\u00e1s elegir [&hellip;]<\/p>\n","protected":false},"author":188,"featured_media":0,"parent":0,"menu_order":0,"comment_status":"closed","ping_status":"closed","template":"","meta":{"inline_featured_image":false,"site-sidebar-layout":"no-sidebar","site-content-layout":"","ast-site-content-layout":"full-width-container","site-content-style":"default","site-sidebar-style":"default","ast-global-header-display":"","ast-banner-title-visibility":"","ast-main-header-display":"","ast-hfb-above-header-display":"","ast-hfb-below-header-display":"","ast-hfb-mobile-header-display":"","site-post-title":"disabled","ast-breadcrumbs-content":"","ast-featured-img":"disabled","footer-sml-layout":"","ast-disable-related-posts":"","theme-transparent-header-meta":"","adv-header-id-meta":"","stick-header-meta":"","header-above-stick-meta":"","header-main-stick-meta":"","header-below-stick-meta":"","astra-migrate-meta-layouts":"default","ast-page-background-enabled":"default","ast-page-background-meta":{"desktop":{"background-color":"var(--ast-global-color-5)","background-image":"","background-repeat":"repeat","background-position":"center center","background-size":"auto","background-attachment":"scroll","background-type":"","background-media":"","overlay-type":"","overlay-color":"","overlay-opacity":"","overlay-gradient":""},"tablet":{"background-color":"","background-image":"","background-repeat":"repeat","background-position":"center center","background-size":"auto","background-attachment":"scroll","background-type":"","background-media":"","overlay-type":"","overlay-color":"","overlay-opacity":"","overlay-gradient":""},"mobile":{"background-color":"","background-image":"","background-repeat":"repeat","background-position":"center center","background-size":"auto","background-attachment":"scroll","background-type":"","background-media":"","overlay-type":"","overlay-color":"","overlay-opacity":"","overlay-gradient":""}},"ast-content-background-meta":{"desktop":{"background-color":"var(--ast-global-color-4)","background-image":"","background-repeat":"repeat","background-position":"center center","background-size":"auto","background-attachment":"scroll","background-type":"","background-media":"","overlay-type":"","overlay-color":"","overlay-opacity":"","overlay-gradient":""},"tablet":{"background-color":"var(--ast-global-color-4)","background-image":"","background-repeat":"repeat","background-position":"center center","background-size":"auto","background-attachment":"scroll","background-type":"","background-media":"","overlay-type":"","overlay-color":"","overlay-opacity":"","overlay-gradient":""},"mobile":{"background-color":"var(--ast-global-color-4)","background-image":"","background-repeat":"repeat","background-position":"center center","background-size":"auto","background-attachment":"scroll","background-type":"","background-media":"","overlay-type":"","overlay-color":"","overlay-opacity":"","overlay-gradient":""}},"footnotes":""},"class_list":["post-202","page","type-page","status-publish","hentry"],"yoast_head":"<!-- This site is optimized with the Yoast SEO plugin v27.5 - https:\/\/yoast.com\/product\/yoast-seo-wordpress\/ -->\n<title>Botas f\u00fatbol - FUTZ<\/title>\n<meta name=\"robots\" content=\"index, follow, max-snippet:-1, max-image-preview:large, max-video-preview:-1\" \/>\n<link rel=\"canonical\" href=\"https:\/\/ezoco.eu\/futz\/botas-futbol\/\" \/>\n<meta property=\"og:locale\" content=\"es_ES\" \/>\n<meta property=\"og:type\" content=\"article\" \/>\n<meta property=\"og:title\" content=\"Botas f\u00fatbol - FUTZ\" \/>\n<meta property=\"og:description\" content=\"Personaliza tus botas como un profesional En FUTZ ofrecemos un servicio exclusivo de personalizaci\u00f3n de botas de f\u00fatbol. Podr\u00e1s elegir [&hellip;]\" \/>\n<meta property=\"og:url\" content=\"https:\/\/ezoco.eu\/futz\/botas-futbol\/\" \/>\n<meta property=\"og:site_name\" content=\"FUTZ\" \/>\n<meta property=\"article:modified_time\" content=\"2026-03-15T08:50:35+00:00\" \/>\n<meta property=\"og:image\" content=\"http:\/\/ezoco.eu\/futz\/wp-content\/uploads\/sites\/153\/2026\/03\/Diseno-bota.png\" \/>\n<meta name=\"twitter:card\" content=\"summary_large_image\" \/>\n<meta name=\"twitter:label1\" content=\"Tiempo de lectura\" \/>\n\t<meta name=\"twitter:data1\" content=\"1 minuto\" \/>\n<script type=\"application\/ld+json\" class=\"yoast-schema-graph\">{\"@context\":\"https:\\\/\\\/schema.org\",\"@graph\":[{\"@type\":\"WebPage\",\"@id\":\"https:\\\/\\\/ezoco.eu\\\/futz\\\/botas-futbol\\\/\",\"url\":\"https:\\\/\\\/ezoco.eu\\\/futz\\\/botas-futbol\\\/\",\"name\":\"Botas f\u00fatbol - FUTZ\",\"isPartOf\":{\"@id\":\"https:\\\/\\\/ezoco.eu\\\/futz\\\/#website\"},\"primaryImageOfPage\":{\"@id\":\"https:\\\/\\\/ezoco.eu\\\/futz\\\/botas-futbol\\\/#primaryimage\"},\"image\":{\"@id\":\"https:\\\/\\\/ezoco.eu\\\/futz\\\/botas-futbol\\\/#primaryimage\"},\"thumbnailUrl\":\"http:\\\/\\\/ezoco.eu\\\/futz\\\/wp-content\\\/uploads\\\/sites\\\/153\\\/2026\\\/03\\\/Diseno-bota.png\",\"datePublished\":\"2026-01-23T09:32:49+00:00\",\"dateModified\":\"2026-03-15T08:50:35+00:00\",\"breadcrumb\":{\"@id\":\"https:\\\/\\\/ezoco.eu\\\/futz\\\/botas-futbol\\\/#breadcrumb\"},\"inLanguage\":\"es\",\"potentialAction\":[{\"@type\":\"ReadAction\",\"target\":[\"https:\\\/\\\/ezoco.eu\\\/futz\\\/botas-futbol\\\/\"]}]},{\"@type\":\"ImageObject\",\"inLanguage\":\"es\",\"@id\":\"https:\\\/\\\/ezoco.eu\\\/futz\\\/botas-futbol\\\/#primaryimage\",\"url\":\"https:\\\/\\\/ezoco.eu\\\/futz\\\/wp-content\\\/uploads\\\/sites\\\/153\\\/2026\\\/03\\\/Diseno-bota.png\",\"contentUrl\":\"https:\\\/\\\/ezoco.eu\\\/futz\\\/wp-content\\\/uploads\\\/sites\\\/153\\\/2026\\\/03\\\/Diseno-bota.png\",\"width\":631,\"height\":416},{\"@type\":\"BreadcrumbList\",\"@id\":\"https:\\\/\\\/ezoco.eu\\\/futz\\\/botas-futbol\\\/#breadcrumb\",\"itemListElement\":[{\"@type\":\"ListItem\",\"position\":1,\"name\":\"Portada\",\"item\":\"https:\\\/\\\/ezoco.eu\\\/futz\\\/\"},{\"@type\":\"ListItem\",\"position\":2,\"name\":\"Botas f\u00fatbol\"}]},{\"@type\":\"WebSite\",\"@id\":\"https:\\\/\\\/ezoco.eu\\\/futz\\\/#website\",\"url\":\"https:\\\/\\\/ezoco.eu\\\/futz\\\/\",\"name\":\"FUTZ\",\"description\":\"Feel the Game\",\"publisher\":{\"@id\":\"https:\\\/\\\/ezoco.eu\\\/futz\\\/#organization\"},\"potentialAction\":[{\"@type\":\"SearchAction\",\"target\":{\"@type\":\"EntryPoint\",\"urlTemplate\":\"https:\\\/\\\/ezoco.eu\\\/futz\\\/?s={search_term_string}\"},\"query-input\":{\"@type\":\"PropertyValueSpecification\",\"valueRequired\":true,\"valueName\":\"search_term_string\"}}],\"inLanguage\":\"es\"},{\"@type\":\"Organization\",\"@id\":\"https:\\\/\\\/ezoco.eu\\\/futz\\\/#organization\",\"name\":\"FUTZ\",\"url\":\"https:\\\/\\\/ezoco.eu\\\/futz\\\/\",\"logo\":{\"@type\":\"ImageObject\",\"inLanguage\":\"es\",\"@id\":\"https:\\\/\\\/ezoco.eu\\\/futz\\\/#\\\/schema\\\/logo\\\/image\\\/\",\"url\":\"https:\\\/\\\/ezoco.eu\\\/futz\\\/wp-content\\\/uploads\\\/sites\\\/153\\\/2025\\\/12\\\/cropped-cropped-cropped-ChatGPT-Image-4-dic-2025-13_15_52-1.png\",\"contentUrl\":\"https:\\\/\\\/ezoco.eu\\\/futz\\\/wp-content\\\/uploads\\\/sites\\\/153\\\/2025\\\/12\\\/cropped-cropped-cropped-ChatGPT-Image-4-dic-2025-13_15_52-1.png\",\"width\":275,\"height\":288,\"caption\":\"FUTZ\"},\"image\":{\"@id\":\"https:\\\/\\\/ezoco.eu\\\/futz\\\/#\\\/schema\\\/logo\\\/image\\\/\"}}]}<\/script>\n<!-- \/ Yoast SEO plugin. -->","yoast_head_json":{"title":"Botas f\u00fatbol - FUTZ","robots":{"index":"index","follow":"follow","max-snippet":"max-snippet:-1","max-image-preview":"max-image-preview:large","max-video-preview":"max-video-preview:-1"},"canonical":"https:\/\/ezoco.eu\/futz\/botas-futbol\/","og_locale":"es_ES","og_type":"article","og_title":"Botas f\u00fatbol - FUTZ","og_description":"Personaliza tus botas como un profesional En FUTZ ofrecemos un servicio exclusivo de personalizaci\u00f3n de botas de f\u00fatbol. Podr\u00e1s elegir [&hellip;]","og_url":"https:\/\/ezoco.eu\/futz\/botas-futbol\/","og_site_name":"FUTZ","article_modified_time":"2026-03-15T08:50:35+00:00","og_image":[{"url":"http:\/\/ezoco.eu\/futz\/wp-content\/uploads\/sites\/153\/2026\/03\/Diseno-bota.png","type":"","width":"","height":""}],"twitter_card":"summary_large_image","twitter_misc":{"Tiempo de lectura":"1 minuto"},"schema":{"@context":"https:\/\/schema.org","@graph":[{"@type":"WebPage","@id":"https:\/\/ezoco.eu\/futz\/botas-futbol\/","url":"https:\/\/ezoco.eu\/futz\/botas-futbol\/","name":"Botas f\u00fatbol - FUTZ","isPartOf":{"@id":"https:\/\/ezoco.eu\/futz\/#website"},"primaryImageOfPage":{"@id":"https:\/\/ezoco.eu\/futz\/botas-futbol\/#primaryimage"},"image":{"@id":"https:\/\/ezoco.eu\/futz\/botas-futbol\/#primaryimage"},"thumbnailUrl":"http:\/\/ezoco.eu\/futz\/wp-content\/uploads\/sites\/153\/2026\/03\/Diseno-bota.png","datePublished":"2026-01-23T09:32:49+00:00","dateModified":"2026-03-15T08:50:35+00:00","breadcrumb":{"@id":"https:\/\/ezoco.eu\/futz\/botas-futbol\/#breadcrumb"},"inLanguage":"es","potentialAction":[{"@type":"ReadAction","target":["https:\/\/ezoco.eu\/futz\/botas-futbol\/"]}]},{"@type":"ImageObject","inLanguage":"es","@id":"https:\/\/ezoco.eu\/futz\/botas-futbol\/#primaryimage","url":"https:\/\/ezoco.eu\/futz\/wp-content\/uploads\/sites\/153\/2026\/03\/Diseno-bota.png","contentUrl":"https:\/\/ezoco.eu\/futz\/wp-content\/uploads\/sites\/153\/2026\/03\/Diseno-bota.png","width":631,"height":416},{"@type":"BreadcrumbList","@id":"https:\/\/ezoco.eu\/futz\/botas-futbol\/#breadcrumb","itemListElement":[{"@type":"ListItem","position":1,"name":"Portada","item":"https:\/\/ezoco.eu\/futz\/"},{"@type":"ListItem","position":2,"name":"Botas f\u00fatbol"}]},{"@type":"WebSite","@id":"https:\/\/ezoco.eu\/futz\/#website","url":"https:\/\/ezoco.eu\/futz\/","name":"FUTZ","description":"Feel the Game","publisher":{"@id":"https:\/\/ezoco.eu\/futz\/#organization"},"potentialAction":[{"@type":"SearchAction","target":{"@type":"EntryPoint","urlTemplate":"https:\/\/ezoco.eu\/futz\/?s={search_term_string}"},"query-input":{"@type":"PropertyValueSpecification","valueRequired":true,"valueName":"search_term_string"}}],"inLanguage":"es"},{"@type":"Organization","@id":"https:\/\/ezoco.eu\/futz\/#organization","name":"FUTZ","url":"https:\/\/ezoco.eu\/futz\/","logo":{"@type":"ImageObject","inLanguage":"es","@id":"https:\/\/ezoco.eu\/futz\/#\/schema\/logo\/image\/","url":"https:\/\/ezoco.eu\/futz\/wp-content\/uploads\/sites\/153\/2025\/12\/cropped-cropped-cropped-ChatGPT-Image-4-dic-2025-13_15_52-1.png","contentUrl":"https:\/\/ezoco.eu\/futz\/wp-content\/uploads\/sites\/153\/2025\/12\/cropped-cropped-cropped-ChatGPT-Image-4-dic-2025-13_15_52-1.png","width":275,"height":288,"caption":"FUTZ"},"image":{"@id":"https:\/\/ezoco.eu\/futz\/#\/schema\/logo\/image\/"}}]}},"_links":{"self":[{"href":"https:\/\/ezoco.eu\/futz\/wp-json\/wp\/v2\/pages\/202","targetHints":{"allow":["GET"]}}],"collection":[{"href":"https:\/\/ezoco.eu\/futz\/wp-json\/wp\/v2\/pages"}],"about":[{"href":"https:\/\/ezoco.eu\/futz\/wp-json\/wp\/v2\/types\/page"}],"author":[{"embeddable":true,"href":"https:\/\/ezoco.eu\/futz\/wp-json\/wp\/v2\/users\/188"}],"replies":[{"embeddable":true,"href":"https:\/\/ezoco.eu\/futz\/wp-json\/wp\/v2\/comments?post=202"}],"version-history":[{"count":32,"href":"https:\/\/ezoco.eu\/futz\/wp-json\/wp\/v2\/pages\/202\/revisions"}],"predecessor-version":[{"id":533,"href":"https:\/\/ezoco.eu\/futz\/wp-json\/wp\/v2\/pages\/202\/revisions\/533"}],"wp:attachment":[{"href":"https:\/\/ezoco.eu\/futz\/wp-json\/wp\/v2\/media?parent=202"}],"curies":[{"name":"wp","href":"https:\/\/api.w.org\/{rel}","templated":true}]}}