{"id":53,"date":"2025-12-05T10:59:22","date_gmt":"2025-12-05T09:59:22","guid":{"rendered":"https:\/\/ezoco.eu\/futz\/?page_id=53"},"modified":"2026-03-15T09:58:52","modified_gmt":"2026-03-15T08:58:52","slug":"personalizacion-de-camisetas","status":"publish","type":"page","link":"https:\/\/ezoco.eu\/futz\/servicios\/personalizacion-de-camisetas\/","title":{"rendered":"Personalizaci\u00f3n de camisetas"},"content":{"rendered":"\t\t<div data-elementor-type=\"wp-page\" data-elementor-id=\"53\" class=\"elementor elementor-53\" data-elementor-post-type=\"page\">\n\t\t\t\t<div class=\"elementor-element elementor-element-0b5c444 e-flex e-con-boxed e-con e-parent\" data-id=\"0b5c444\" data-element_type=\"container\" data-e-type=\"container\" data-settings=\"{&quot;background_background&quot;:&quot;classic&quot;}\">\n\t\t\t\t\t<div class=\"e-con-inner\">\n\t\t\t\t\t<\/div>\n\t\t\t\t<\/div>\n\t\t<div class=\"elementor-element elementor-element-957b991 e-flex e-con-boxed e-con e-parent\" data-id=\"957b991\" data-element_type=\"container\" data-e-type=\"container\">\n\t\t\t\t\t<div class=\"e-con-inner\">\n\t\t<div class=\"elementor-element elementor-element-a6b20ff e-con-full e-flex e-con e-child\" data-id=\"a6b20ff\" data-element_type=\"container\" data-e-type=\"container\">\n\t\t\t\t<div class=\"elementor-element elementor-element-fc17448 elementor-widget elementor-widget-heading\" data-id=\"fc17448\" data-element_type=\"widget\" data-e-type=\"widget\" data-widget_type=\"heading.default\">\n\t\t\t\t\t<h2 class=\"elementor-heading-title elementor-size-default\">\u00bfPor qu\u00e9 personalizar con FUTZ?<\/h2>\t\t\t\t<\/div>\n\t\t\t\t<div class=\"elementor-element elementor-element-85ba976 elementor-widget elementor-widget-text-editor\" data-id=\"85ba976\" data-element_type=\"widget\" data-e-type=\"widget\" data-widget_type=\"text-editor.default\">\n\t\t\t\t\t\t\t\t\t<p>En FUTZ creamos camisetas totalmente personalizadas con materiales t\u00e9cnicos de alta calidad. Ofrecemos impresi\u00f3n profesional, durabilidad y dise\u00f1os adaptados a la identidad de cada equipo.<\/p>\t\t\t\t\t\t\t\t<\/div>\n\t\t\t\t<\/div>\n\t\t\t\t\t<\/div>\n\t\t\t\t<\/div>\n\t\t<div class=\"elementor-element elementor-element-98db478 e-flex e-con-boxed e-con e-parent\" data-id=\"98db478\" data-element_type=\"container\" data-e-type=\"container\">\n\t\t\t\t\t<div class=\"e-con-inner\">\n\t\t<div class=\"elementor-element elementor-element-fac04bf e-con-full e-flex e-con e-child\" data-id=\"fac04bf\" data-element_type=\"container\" data-e-type=\"container\">\n\t\t\t\t<div class=\"elementor-element elementor-element-07443d1 elementor-widget elementor-widget-image\" data-id=\"07443d1\" data-element_type=\"widget\" data-e-type=\"widget\" data-widget_type=\"image.default\">\n\t\t\t\t\t\t\t\t\t\t\t\t\t\t\t<img fetchpriority=\"high\" decoding=\"async\" width=\"1072\" height=\"1008\" src=\"https:\/\/ezoco.eu\/futz\/wp-content\/uploads\/sites\/153\/2026\/03\/Gemini_Generated_Image_oleihxoleihxolei.png\" class=\"attachment-1536x1536 size-1536x1536 wp-image-428\" alt=\"\" srcset=\"https:\/\/ezoco.eu\/futz\/wp-content\/uploads\/sites\/153\/2026\/03\/Gemini_Generated_Image_oleihxoleihxolei.png 1072w, https:\/\/ezoco.eu\/futz\/wp-content\/uploads\/sites\/153\/2026\/03\/Gemini_Generated_Image_oleihxoleihxolei-600x564.png 600w, https:\/\/ezoco.eu\/futz\/wp-content\/uploads\/sites\/153\/2026\/03\/Gemini_Generated_Image_oleihxoleihxolei-768x722.png 768w\" sizes=\"(max-width: 1072px) 100vw, 1072px\" \/>\t\t\t\t\t\t\t\t\t\t\t\t\t\t\t<\/div>\n\t\t\t\t<div class=\"elementor-element elementor-element-d144f39 elementor-widget elementor-widget-heading\" data-id=\"d144f39\" data-element_type=\"widget\" data-e-type=\"widget\" data-widget_type=\"heading.default\">\n\t\t\t\t\t<h2 class=\"elementor-heading-title elementor-size-default\">Dise\u00f1o 100% personalizado<\/h2>\t\t\t\t<\/div>\n\t\t\t\t<div class=\"elementor-element elementor-element-c40bee8 elementor-widget elementor-widget-text-editor\" data-id=\"c40bee8\" data-element_type=\"widget\" data-e-type=\"widget\" data-widget_type=\"text-editor.default\">\n\t\t\t\t\t\t\t\t\t<p>Adaptamos colores, escudos, nombres<\/p><p>y n\u00fameros a tu equipo.<\/p>\t\t\t\t\t\t\t\t<\/div>\n\t\t\t\t<\/div>\n\t\t<div class=\"elementor-element elementor-element-5137742 e-con-full e-flex e-con e-child\" data-id=\"5137742\" data-element_type=\"container\" data-e-type=\"container\">\n\t\t\t\t<div class=\"elementor-element elementor-element-ec8b3f4 elementor-widget elementor-widget-image\" data-id=\"ec8b3f4\" data-element_type=\"widget\" data-e-type=\"widget\" data-widget_type=\"image.default\">\n\t\t\t\t\t\t\t\t\t\t\t\t\t\t\t<img decoding=\"async\" width=\"423\" height=\"311\" src=\"https:\/\/ezoco.eu\/futz\/wp-content\/uploads\/sites\/153\/2026\/03\/Icono-diseno-e1772617811753.png\" class=\"attachment-1536x1536 size-1536x1536 wp-image-429\" alt=\"\" \/>\t\t\t\t\t\t\t\t\t\t\t\t\t\t\t<\/div>\n\t\t\t\t<div class=\"elementor-element elementor-element-d5008d7 elementor-widget elementor-widget-heading\" data-id=\"d5008d7\" data-element_type=\"widget\" data-e-type=\"widget\" data-widget_type=\"heading.default\">\n\t\t\t\t\t<h2 class=\"elementor-heading-title elementor-size-default\">Material profesional<\/h2>\t\t\t\t<\/div>\n\t\t\t\t<div class=\"elementor-element elementor-element-23f8067 elementor-widget elementor-widget-text-editor\" data-id=\"23f8067\" data-element_type=\"widget\" data-e-type=\"widget\" data-widget_type=\"text-editor.default\">\n\t\t\t\t\t\t\t\t\t<p>Tejidos t\u00e9cnicos transpirables y resistentes.<\/p>\t\t\t\t\t\t\t\t<\/div>\n\t\t\t\t<\/div>\n\t\t<div class=\"elementor-element elementor-element-b9575bc e-con-full e-flex e-con e-child\" data-id=\"b9575bc\" data-element_type=\"container\" data-e-type=\"container\">\n\t\t\t\t<div class=\"elementor-element elementor-element-4583a22 elementor-widget elementor-widget-image\" data-id=\"4583a22\" data-element_type=\"widget\" data-e-type=\"widget\" data-widget_type=\"image.default\">\n\t\t\t\t\t\t\t\t\t\t\t\t\t\t\t<img decoding=\"async\" width=\"423\" height=\"351\" src=\"https:\/\/ezoco.eu\/futz\/wp-content\/uploads\/sites\/153\/2026\/03\/Icono-3.png\" class=\"attachment-1536x1536 size-1536x1536 wp-image-430\" alt=\"\" \/>\t\t\t\t\t\t\t\t\t\t\t\t\t\t\t<\/div>\n\t\t\t\t<div class=\"elementor-element elementor-element-19c7a39 elementor-widget elementor-widget-heading\" data-id=\"19c7a39\" data-element_type=\"widget\" data-e-type=\"widget\" data-widget_type=\"heading.default\">\n\t\t\t\t\t<h2 class=\"elementor-heading-title elementor-size-default\">Entrega r\u00e1pida<\/h2>\t\t\t\t<\/div>\n\t\t\t\t<div class=\"elementor-element elementor-element-06977c6 elementor-widget elementor-widget-text-editor\" data-id=\"06977c6\" data-element_type=\"widget\" data-e-type=\"widget\" data-widget_type=\"text-editor.default\">\n\t\t\t\t\t\t\t\t\t<p>Producci\u00f3n \u00e1gil y env\u00edos seguros.<\/p>\t\t\t\t\t\t\t\t<\/div>\n\t\t\t\t<\/div>\n\t\t\t\t\t<\/div>\n\t\t\t\t<\/div>\n\t\t<div class=\"elementor-element elementor-element-f956a18 e-flex e-con-boxed e-con e-parent\" data-id=\"f956a18\" data-element_type=\"container\" data-e-type=\"container\">\n\t\t\t\t\t<div class=\"e-con-inner\">\n\t\t<div class=\"elementor-element elementor-element-6f14c1e e-con-full e-flex e-con e-child\" data-id=\"6f14c1e\" data-element_type=\"container\" data-e-type=\"container\">\n\t\t\t\t<div class=\"elementor-element elementor-element-659d324 elementor-widget elementor-widget-image\" data-id=\"659d324\" data-element_type=\"widget\" data-e-type=\"widget\" data-widget_type=\"image.default\">\n\t\t\t\t\t\t\t\t\t\t\t\t\t\t\t<img loading=\"lazy\" decoding=\"async\" width=\"706\" height=\"508\" src=\"https:\/\/ezoco.eu\/futz\/wp-content\/uploads\/sites\/153\/2026\/03\/Como-funciona.png\" class=\"attachment-large size-large wp-image-419\" alt=\"\" srcset=\"https:\/\/ezoco.eu\/futz\/wp-content\/uploads\/sites\/153\/2026\/03\/Como-funciona.png 706w, https:\/\/ezoco.eu\/futz\/wp-content\/uploads\/sites\/153\/2026\/03\/Como-funciona-600x432.png 600w\" sizes=\"(max-width: 706px) 100vw, 706px\" \/>\t\t\t\t\t\t\t\t\t\t\t\t\t\t\t<\/div>\n\t\t<div class=\"elementor-element elementor-element-0620bba e-con-full e-flex e-con e-child\" data-id=\"0620bba\" data-element_type=\"container\" data-e-type=\"container\">\n\t\t\t\t<div class=\"elementor-element elementor-element-ba7a2d1 elementor-widget elementor-widget-heading\" data-id=\"ba7a2d1\" data-element_type=\"widget\" data-e-type=\"widget\" data-widget_type=\"heading.default\">\n\t\t\t\t\t<h2 class=\"elementor-heading-title elementor-size-default\">\u00bfC\u00f3mo funciona?<\/h2>\t\t\t\t<\/div>\n\t\t\t\t<div class=\"elementor-element elementor-element-0134edf elementor-widget elementor-widget-text-editor\" data-id=\"0134edf\" data-element_type=\"widget\" data-e-type=\"widget\" data-widget_type=\"text-editor.default\">\n\t\t\t\t\t\t\t\t\t<ol><li>Dise\u00f1a tu camiseta<\/li><li>Personaliza con los colores de tu equipo y escudo<\/li><li>Recibe la equipaci\u00f3n\u00a0<\/li><\/ol>\t\t\t\t\t\t\t\t<\/div>\n\t\t\t\t<\/div>\n\t\t\t\t<\/div>\n\t\t\t\t\t<\/div>\n\t\t\t\t<\/div>\n\t\t\t\t<\/div>\n\t\t","protected":false},"excerpt":{"rendered":"<p>\u00bfPor qu\u00e9 personalizar con FUTZ? En FUTZ creamos camisetas totalmente personalizadas con materiales t\u00e9cnicos de alta calidad. Ofrecemos impresi\u00f3n profesional, [&hellip;]<\/p>\n","protected":false},"author":188,"featured_media":0,"parent":6,"menu_order":0,"comment_status":"closed","ping_status":"closed","template":"","meta":{"inline_featured_image":false,"site-sidebar-layout":"no-sidebar","site-content-layout":"","ast-site-content-layout":"full-width-container","site-content-style":"default","site-sidebar-style":"default","ast-global-header-display":"","ast-banner-title-visibility":"","ast-main-header-display":"","ast-hfb-above-header-display":"","ast-hfb-below-header-display":"","ast-hfb-mobile-header-display":"","site-post-title":"disabled","ast-breadcrumbs-content":"","ast-featured-img":"disabled","footer-sml-layout":"","ast-disable-related-posts":"","theme-transparent-header-meta":"","adv-header-id-meta":"","stick-header-meta":"","header-above-stick-meta":"","header-main-stick-meta":"","header-below-stick-meta":"","astra-migrate-meta-layouts":"default","ast-page-background-enabled":"default","ast-page-background-meta":{"desktop":{"background-color":"var(--ast-global-color-5)","background-image":"","background-repeat":"repeat","background-position":"center center","background-size":"auto","background-attachment":"scroll","background-type":"","background-media":"","overlay-type":"","overlay-color":"","overlay-opacity":"","overlay-gradient":""},"tablet":{"background-color":"","background-image":"","background-repeat":"repeat","background-position":"center center","background-size":"auto","background-attachment":"scroll","background-type":"","background-media":"","overlay-type":"","overlay-color":"","overlay-opacity":"","overlay-gradient":""},"mobile":{"background-color":"","background-image":"","background-repeat":"repeat","background-position":"center center","background-size":"auto","background-attachment":"scroll","background-type":"","background-media":"","overlay-type":"","overlay-color":"","overlay-opacity":"","overlay-gradient":""}},"ast-content-background-meta":{"desktop":{"background-color":"var(--ast-global-color-4)","background-image":"","background-repeat":"repeat","background-position":"center center","background-size":"auto","background-attachment":"scroll","background-type":"","background-media":"","overlay-type":"","overlay-color":"","overlay-opacity":"","overlay-gradient":""},"tablet":{"background-color":"var(--ast-global-color-4)","background-image":"","background-repeat":"repeat","background-position":"center center","background-size":"auto","background-attachment":"scroll","background-type":"","background-media":"","overlay-type":"","overlay-color":"","overlay-opacity":"","overlay-gradient":""},"mobile":{"background-color":"var(--ast-global-color-4)","background-image":"","background-repeat":"repeat","background-position":"center center","background-size":"auto","background-attachment":"scroll","background-type":"","background-media":"","overlay-type":"","overlay-color":"","overlay-opacity":"","overlay-gradient":""}},"footnotes":""},"class_list":["post-53","page","type-page","status-publish","hentry"],"yoast_head":"<!-- This site is optimized with the Yoast SEO plugin v27.5 - https:\/\/yoast.com\/product\/yoast-seo-wordpress\/ -->\n<title>Personalizaci\u00f3n de camisetas - FUTZ<\/title>\n<meta name=\"robots\" content=\"index, follow, max-snippet:-1, max-image-preview:large, max-video-preview:-1\" \/>\n<link rel=\"canonical\" href=\"https:\/\/ezoco.eu\/futz\/servicios\/personalizacion-de-camisetas\/\" \/>\n<meta property=\"og:locale\" content=\"es_ES\" \/>\n<meta property=\"og:type\" content=\"article\" \/>\n<meta property=\"og:title\" content=\"Personalizaci\u00f3n de camisetas - FUTZ\" \/>\n<meta property=\"og:description\" content=\"\u00bfPor qu\u00e9 personalizar con FUTZ? En FUTZ creamos camisetas totalmente personalizadas con materiales t\u00e9cnicos de alta calidad. Ofrecemos impresi\u00f3n profesional, [&hellip;]\" \/>\n<meta property=\"og:url\" content=\"https:\/\/ezoco.eu\/futz\/servicios\/personalizacion-de-camisetas\/\" \/>\n<meta property=\"og:site_name\" content=\"FUTZ\" \/>\n<meta property=\"article:modified_time\" content=\"2026-03-15T08:58:52+00:00\" \/>\n<meta property=\"og:image\" content=\"http:\/\/ezoco.eu\/futz\/wp-content\/uploads\/sites\/153\/2026\/03\/Gemini_Generated_Image_oleihxoleihxolei.png\" \/>\n<meta name=\"twitter:card\" content=\"summary_large_image\" \/>\n<meta name=\"twitter:label1\" content=\"Tiempo de lectura\" \/>\n\t<meta name=\"twitter:data1\" content=\"1 minuto\" \/>\n<script type=\"application\/ld+json\" class=\"yoast-schema-graph\">{\"@context\":\"https:\\\/\\\/schema.org\",\"@graph\":[{\"@type\":\"WebPage\",\"@id\":\"https:\\\/\\\/ezoco.eu\\\/futz\\\/servicios\\\/personalizacion-de-camisetas\\\/\",\"url\":\"https:\\\/\\\/ezoco.eu\\\/futz\\\/servicios\\\/personalizacion-de-camisetas\\\/\",\"name\":\"Personalizaci\u00f3n de camisetas - FUTZ\",\"isPartOf\":{\"@id\":\"https:\\\/\\\/ezoco.eu\\\/futz\\\/#website\"},\"primaryImageOfPage\":{\"@id\":\"https:\\\/\\\/ezoco.eu\\\/futz\\\/servicios\\\/personalizacion-de-camisetas\\\/#primaryimage\"},\"image\":{\"@id\":\"https:\\\/\\\/ezoco.eu\\\/futz\\\/servicios\\\/personalizacion-de-camisetas\\\/#primaryimage\"},\"thumbnailUrl\":\"http:\\\/\\\/ezoco.eu\\\/futz\\\/wp-content\\\/uploads\\\/sites\\\/153\\\/2026\\\/03\\\/Gemini_Generated_Image_oleihxoleihxolei.png\",\"datePublished\":\"2025-12-05T09:59:22+00:00\",\"dateModified\":\"2026-03-15T08:58:52+00:00\",\"breadcrumb\":{\"@id\":\"https:\\\/\\\/ezoco.eu\\\/futz\\\/servicios\\\/personalizacion-de-camisetas\\\/#breadcrumb\"},\"inLanguage\":\"es\",\"potentialAction\":[{\"@type\":\"ReadAction\",\"target\":[\"https:\\\/\\\/ezoco.eu\\\/futz\\\/servicios\\\/personalizacion-de-camisetas\\\/\"]}]},{\"@type\":\"ImageObject\",\"inLanguage\":\"es\",\"@id\":\"https:\\\/\\\/ezoco.eu\\\/futz\\\/servicios\\\/personalizacion-de-camisetas\\\/#primaryimage\",\"url\":\"https:\\\/\\\/ezoco.eu\\\/futz\\\/wp-content\\\/uploads\\\/sites\\\/153\\\/2026\\\/03\\\/Gemini_Generated_Image_oleihxoleihxolei.png\",\"contentUrl\":\"https:\\\/\\\/ezoco.eu\\\/futz\\\/wp-content\\\/uploads\\\/sites\\\/153\\\/2026\\\/03\\\/Gemini_Generated_Image_oleihxoleihxolei.png\",\"width\":1072,\"height\":1008},{\"@type\":\"BreadcrumbList\",\"@id\":\"https:\\\/\\\/ezoco.eu\\\/futz\\\/servicios\\\/personalizacion-de-camisetas\\\/#breadcrumb\",\"itemListElement\":[{\"@type\":\"ListItem\",\"position\":1,\"name\":\"Portada\",\"item\":\"https:\\\/\\\/ezoco.eu\\\/futz\\\/\"},{\"@type\":\"ListItem\",\"position\":2,\"name\":\"Servicios\",\"item\":\"https:\\\/\\\/ezoco.eu\\\/futz\\\/servicios\\\/\"},{\"@type\":\"ListItem\",\"position\":3,\"name\":\"Personalizaci\u00f3n de camisetas\"}]},{\"@type\":\"WebSite\",\"@id\":\"https:\\\/\\\/ezoco.eu\\\/futz\\\/#website\",\"url\":\"https:\\\/\\\/ezoco.eu\\\/futz\\\/\",\"name\":\"FUTZ\",\"description\":\"Feel the Game\",\"publisher\":{\"@id\":\"https:\\\/\\\/ezoco.eu\\\/futz\\\/#organization\"},\"potentialAction\":[{\"@type\":\"SearchAction\",\"target\":{\"@type\":\"EntryPoint\",\"urlTemplate\":\"https:\\\/\\\/ezoco.eu\\\/futz\\\/?s={search_term_string}\"},\"query-input\":{\"@type\":\"PropertyValueSpecification\",\"valueRequired\":true,\"valueName\":\"search_term_string\"}}],\"inLanguage\":\"es\"},{\"@type\":\"Organization\",\"@id\":\"https:\\\/\\\/ezoco.eu\\\/futz\\\/#organization\",\"name\":\"FUTZ\",\"url\":\"https:\\\/\\\/ezoco.eu\\\/futz\\\/\",\"logo\":{\"@type\":\"ImageObject\",\"inLanguage\":\"es\",\"@id\":\"https:\\\/\\\/ezoco.eu\\\/futz\\\/#\\\/schema\\\/logo\\\/image\\\/\",\"url\":\"https:\\\/\\\/ezoco.eu\\\/futz\\\/wp-content\\\/uploads\\\/sites\\\/153\\\/2025\\\/12\\\/cropped-cropped-cropped-ChatGPT-Image-4-dic-2025-13_15_52-1.png\",\"contentUrl\":\"https:\\\/\\\/ezoco.eu\\\/futz\\\/wp-content\\\/uploads\\\/sites\\\/153\\\/2025\\\/12\\\/cropped-cropped-cropped-ChatGPT-Image-4-dic-2025-13_15_52-1.png\",\"width\":275,\"height\":288,\"caption\":\"FUTZ\"},\"image\":{\"@id\":\"https:\\\/\\\/ezoco.eu\\\/futz\\\/#\\\/schema\\\/logo\\\/image\\\/\"}}]}<\/script>\n<!-- \/ Yoast SEO plugin. -->","yoast_head_json":{"title":"Personalizaci\u00f3n de camisetas - FUTZ","robots":{"index":"index","follow":"follow","max-snippet":"max-snippet:-1","max-image-preview":"max-image-preview:large","max-video-preview":"max-video-preview:-1"},"canonical":"https:\/\/ezoco.eu\/futz\/servicios\/personalizacion-de-camisetas\/","og_locale":"es_ES","og_type":"article","og_title":"Personalizaci\u00f3n de camisetas - FUTZ","og_description":"\u00bfPor qu\u00e9 personalizar con FUTZ? En FUTZ creamos camisetas totalmente personalizadas con materiales t\u00e9cnicos de alta calidad. Ofrecemos impresi\u00f3n profesional, [&hellip;]","og_url":"https:\/\/ezoco.eu\/futz\/servicios\/personalizacion-de-camisetas\/","og_site_name":"FUTZ","article_modified_time":"2026-03-15T08:58:52+00:00","og_image":[{"url":"http:\/\/ezoco.eu\/futz\/wp-content\/uploads\/sites\/153\/2026\/03\/Gemini_Generated_Image_oleihxoleihxolei.png","type":"","width":"","height":""}],"twitter_card":"summary_large_image","twitter_misc":{"Tiempo de lectura":"1 minuto"},"schema":{"@context":"https:\/\/schema.org","@graph":[{"@type":"WebPage","@id":"https:\/\/ezoco.eu\/futz\/servicios\/personalizacion-de-camisetas\/","url":"https:\/\/ezoco.eu\/futz\/servicios\/personalizacion-de-camisetas\/","name":"Personalizaci\u00f3n de camisetas - FUTZ","isPartOf":{"@id":"https:\/\/ezoco.eu\/futz\/#website"},"primaryImageOfPage":{"@id":"https:\/\/ezoco.eu\/futz\/servicios\/personalizacion-de-camisetas\/#primaryimage"},"image":{"@id":"https:\/\/ezoco.eu\/futz\/servicios\/personalizacion-de-camisetas\/#primaryimage"},"thumbnailUrl":"http:\/\/ezoco.eu\/futz\/wp-content\/uploads\/sites\/153\/2026\/03\/Gemini_Generated_Image_oleihxoleihxolei.png","datePublished":"2025-12-05T09:59:22+00:00","dateModified":"2026-03-15T08:58:52+00:00","breadcrumb":{"@id":"https:\/\/ezoco.eu\/futz\/servicios\/personalizacion-de-camisetas\/#breadcrumb"},"inLanguage":"es","potentialAction":[{"@type":"ReadAction","target":["https:\/\/ezoco.eu\/futz\/servicios\/personalizacion-de-camisetas\/"]}]},{"@type":"ImageObject","inLanguage":"es","@id":"https:\/\/ezoco.eu\/futz\/servicios\/personalizacion-de-camisetas\/#primaryimage","url":"https:\/\/ezoco.eu\/futz\/wp-content\/uploads\/sites\/153\/2026\/03\/Gemini_Generated_Image_oleihxoleihxolei.png","contentUrl":"https:\/\/ezoco.eu\/futz\/wp-content\/uploads\/sites\/153\/2026\/03\/Gemini_Generated_Image_oleihxoleihxolei.png","width":1072,"height":1008},{"@type":"BreadcrumbList","@id":"https:\/\/ezoco.eu\/futz\/servicios\/personalizacion-de-camisetas\/#breadcrumb","itemListElement":[{"@type":"ListItem","position":1,"name":"Portada","item":"https:\/\/ezoco.eu\/futz\/"},{"@type":"ListItem","position":2,"name":"Servicios","item":"https:\/\/ezoco.eu\/futz\/servicios\/"},{"@type":"ListItem","position":3,"name":"Personalizaci\u00f3n de camisetas"}]},{"@type":"WebSite","@id":"https:\/\/ezoco.eu\/futz\/#website","url":"https:\/\/ezoco.eu\/futz\/","name":"FUTZ","description":"Feel the Game","publisher":{"@id":"https:\/\/ezoco.eu\/futz\/#organization"},"potentialAction":[{"@type":"SearchAction","target":{"@type":"EntryPoint","urlTemplate":"https:\/\/ezoco.eu\/futz\/?s={search_term_string}"},"query-input":{"@type":"PropertyValueSpecification","valueRequired":true,"valueName":"search_term_string"}}],"inLanguage":"es"},{"@type":"Organization","@id":"https:\/\/ezoco.eu\/futz\/#organization","name":"FUTZ","url":"https:\/\/ezoco.eu\/futz\/","logo":{"@type":"ImageObject","inLanguage":"es","@id":"https:\/\/ezoco.eu\/futz\/#\/schema\/logo\/image\/","url":"https:\/\/ezoco.eu\/futz\/wp-content\/uploads\/sites\/153\/2025\/12\/cropped-cropped-cropped-ChatGPT-Image-4-dic-2025-13_15_52-1.png","contentUrl":"https:\/\/ezoco.eu\/futz\/wp-content\/uploads\/sites\/153\/2025\/12\/cropped-cropped-cropped-ChatGPT-Image-4-dic-2025-13_15_52-1.png","width":275,"height":288,"caption":"FUTZ"},"image":{"@id":"https:\/\/ezoco.eu\/futz\/#\/schema\/logo\/image\/"}}]}},"_links":{"self":[{"href":"https:\/\/ezoco.eu\/futz\/wp-json\/wp\/v2\/pages\/53","targetHints":{"allow":["GET"]}}],"collection":[{"href":"https:\/\/ezoco.eu\/futz\/wp-json\/wp\/v2\/pages"}],"about":[{"href":"https:\/\/ezoco.eu\/futz\/wp-json\/wp\/v2\/types\/page"}],"author":[{"embeddable":true,"href":"https:\/\/ezoco.eu\/futz\/wp-json\/wp\/v2\/users\/188"}],"replies":[{"embeddable":true,"href":"https:\/\/ezoco.eu\/futz\/wp-json\/wp\/v2\/comments?post=53"}],"version-history":[{"count":47,"href":"https:\/\/ezoco.eu\/futz\/wp-json\/wp\/v2\/pages\/53\/revisions"}],"predecessor-version":[{"id":566,"href":"https:\/\/ezoco.eu\/futz\/wp-json\/wp\/v2\/pages\/53\/revisions\/566"}],"up":[{"embeddable":true,"href":"https:\/\/ezoco.eu\/futz\/wp-json\/wp\/v2\/pages\/6"}],"wp:attachment":[{"href":"https:\/\/ezoco.eu\/futz\/wp-json\/wp\/v2\/media?parent=53"}],"curies":[{"name":"wp","href":"https:\/\/api.w.org\/{rel}","templated":true}]}}