{"id":279,"date":"2026-05-09T19:45:40","date_gmt":"2026-05-09T17:45:40","guid":{"rendered":"https:\/\/ezoco.eu\/granada-acoge\/?page_id=279"},"modified":"2026-05-09T21:28:50","modified_gmt":"2026-05-09T19:28:50","slug":"quienes-somos","status":"publish","type":"page","link":"https:\/\/ezoco.eu\/granada-acoge\/contacto\/quienes-somos\/","title":{"rendered":"Quienes somos"},"content":{"rendered":"\t\t<div data-elementor-type=\"wp-page\" data-elementor-id=\"279\" class=\"elementor elementor-279\" data-elementor-post-type=\"page\">\n\t\t\t\t<div class=\"elementor-element elementor-element-9d71935 e-flex e-con-boxed e-con e-parent\" data-id=\"9d71935\" data-element_type=\"container\" data-e-type=\"container\">\n\t\t\t\t\t<div class=\"e-con-inner\">\n\t\t\t\t<div class=\"elementor-element elementor-element-b69ec18 elementor-widget elementor-widget-html\" data-id=\"b69ec18\" data-element_type=\"widget\" data-e-type=\"widget\" data-widget_type=\"html.default\">\n\t\t\t\t\t<h1 class=\"titulo-llamativo\">\r\n    Nuestro <span>Recorrido<\/span>\r\n    <span class=\"linea-decorativa\"><\/span>\r\n<\/h1>\t\t\t\t<\/div>\n\t\t\t\t\t<\/div>\n\t\t\t\t<\/div>\n\t\t<div class=\"elementor-element elementor-element-edbb365 e-flex e-con-boxed e-con e-parent\" data-id=\"edbb365\" data-element_type=\"container\" data-e-type=\"container\">\n\t\t\t\t\t<div class=\"e-con-inner\">\n\t\t\t\t<div class=\"elementor-element elementor-element-f90106d elementor-widget elementor-widget-html\" data-id=\"f90106d\" data-element_type=\"widget\" data-e-type=\"widget\" data-widget_type=\"html.default\">\n\t\t\t\t\t\r\n\r\n    <div class=\"mosaico-full\">\r\n        <div class=\"mosaico-item item-verde\">\r\n            <span class=\"m-a\u00f1o\">1987<\/span>\r\n            <h3>El Origen<\/h3>\r\n            <p>Nace la asociaci\u00f3n. La solidaridad vecinal se organiza para ofrecer la primera acogida legal y social.<\/p>\r\n        <\/div>\r\n        \r\n        <div class=\"mosaico-item item-marron\">\r\n            <span class=\"m-a\u00f1o\">1991<\/span>\r\n            <h3>Red Acoge<\/h3>\r\n            <p>Cofundamos la Federaci\u00f3n de Asociaciones Pro Inmigrantes a nivel estatal.<\/p>\r\n        <\/div>\r\n\r\n        <div class=\"mosaico-item item-verde-claro\">\r\n            <span class=\"m-a\u00f1o\">2005<\/span>\r\n            <h3>Crecimiento<\/h3>\r\n            <p>Ampliamos \u00e1reas: formaci\u00f3n, empleo y atenci\u00f3n jur\u00eddica especializada.<\/p>\r\n        <\/div>\r\n\r\n        <div class=\"mosaico-item item-marron-claro\">\r\n            <span class=\"m-a\u00f1o\">Hoy<\/span>\r\n            <h3>Resiliencia<\/h3>\r\n            <p>Seguimos en primera l\u00ednea, adapt\u00e1ndonos a nuevos retos con la misma esencia.<\/p>\r\n        <\/div>\r\n    <\/div>\r\n\r\n    <div class=\"franja-datos-full\">\r\n        <div class=\"container-safe grid-datos\">\r\n            <div class=\"dato-box\">\r\n                <span class=\"dato-num\">+35k<\/span>\r\n                <p>Personas acompa\u00f1adas<\/p>\r\n            <\/div>\r\n            <div class=\"dato-box\">\r\n                <span class=\"dato-num\">1987<\/span>\r\n                <p>A\u00f1o de fundaci\u00f3n<\/p>\r\n            <\/div>\r\n            <div class=\"dato-box\">\r\n                <span class=\"dato-num\">100%<\/span>\r\n                <p>Compromiso social<\/p>\r\n            <\/div>\r\n        <\/div>\r\n    <\/div>\r\n\r\n<\/section>\t\t\t\t<\/div>\n\t\t\t\t\t<\/div>\n\t\t\t\t<\/div>\n\t\t<div class=\"elementor-element elementor-element-e9c093d e-flex e-con-boxed e-con e-parent\" data-id=\"e9c093d\" data-element_type=\"container\" data-e-type=\"container\">\n\t\t\t\t\t<div class=\"e-con-inner\">\n\t\t\t\t<div class=\"elementor-element elementor-element-c017439 elementor-widget elementor-widget-html\" data-id=\"c017439\" data-element_type=\"widget\" data-e-type=\"widget\" data-widget_type=\"html.default\">\n\t\t\t\t\t<section class=\"seccion-equipo-completa\">\r\n    \r\n    <div class=\"container-safe\">\r\n        <h1 class=\"titulo-llamativo\">\r\n            Nuestro <span>Equipo<\/span>\r\n            <span class=\"linea-decorativa\"><\/span>\r\n        <\/h1>\r\n        <p class=\"intro-equipo\">M\u00e1s de 20 profesionales y 40 personas voluntarias unidas por un objetivo com\u00fan: la justicia social en Granada.<\/p>\r\n    <\/div>\r\n\r\n    <div class=\"container-safe grid-directivos\">\r\n        \r\n        <div class=\"tarjeta-staff\">\r\n            <div class=\"foto-staff\" style=\"background-image: url('http:\/\/ezoco.eu\/granada-acoge\/wp-content\/uploads\/sites\/498\/2026\/05\/6b39fa46816feef0e84b5a0a0fd2b351-2.jpg')\"><\/div>\r\n            <div class=\"info-staff\">\r\n                <span class=\"cargo\">DIRECCI\u00d3N<\/span>\r\n                <h3>Mar\u00eda Jos\u00e9 Jim\u00e9nez<\/h3>\r\n                <p>Coordinaci\u00f3n general y estrategia institucional.<\/p>\r\n            <\/div>\r\n        <\/div>\r\n\r\n        <div class=\"tarjeta-staff\">\r\n            <div class=\"foto-staff\" style=\"background-image: url('http:\/\/ezoco.eu\/granada-acoge\/wp-content\/uploads\/sites\/498\/2026\/05\/99c59a135ffd76b663996c503985b755.jpg')\"><\/div>\r\n            <div class=\"info-staff\">\r\n                <span class=\"cargo\">\u00c1REA JUR\u00cdDICA<\/span>\r\n                <h3>Antonio Rodr\u00edguez<\/h3>\r\n                <p>Especialista en derecho de extranjer\u00eda y asilo.<\/p>\r\n            <\/div>\r\n        <\/div>\r\n\r\n        <div class=\"tarjeta-staff\">\r\n            <div class=\"foto-staff\" style=\"background-image: url('http:\/\/ezoco.eu\/granada-acoge\/wp-content\/uploads\/sites\/498\/2026\/05\/5f68fb81dc520871874219b21fad51a6-e1778350410127.jpg')\"><\/div>\r\n            <div class=\"info-staff\">\r\n                <span class=\"cargo\">ACCI\u00d3N SOCIAL<\/span>\r\n                <h3>Luc\u00eda Garc\u00eda<\/h3>\r\n                <p>Acompa\u00f1amiento y mediaci\u00f3n intercultural en barrios.<\/p>\r\n            <\/div>\r\n        <\/div>\r\n\r\n    <\/div>\r\n\r\n    <div class=\"bloque-voluntariado-collage\">\r\n        <div class=\"container-safe\">\r\n            <h2 class=\"subtitulo-collage\">El Coraz\u00f3n del Voluntariado<\/h2>\r\n            \r\n            <div class=\"collage-visual\">\r\n                <div class=\"c-item c-grande\" style=\"background-image: url('http:\/\/ezoco.eu\/granada-acoge\/wp-content\/uploads\/sites\/498\/2026\/05\/c83643ee033cf15b9f060621d37604b4.jpg')\">\r\n                    <div class=\"c-overlay\">Apoyo Social<\/div>\r\n                <\/div>\r\n                <div class=\"c-item c-alta\" style=\"background-image: url('http:\/\/ezoco.eu\/granada-acoge\/wp-content\/uploads\/sites\/498\/2026\/05\/4af451955cc0a3e8db7089f2e82d9b6c.jpg')\">\r\n                    <div class=\"c-overlay\">Clases de Espa\u00f1ol<\/div>\r\n                <\/div>\r\n                <div class=\"c-item c-peque\" style=\"background-image: url('http:\/\/ezoco.eu\/granada-acoge\/wp-content\/uploads\/sites\/498\/2026\/05\/dce96628a211de4699f839efbbfd90c8.jpg')\">\r\n                    <div class=\"c-overlay\">Talleres<\/div>\r\n                <\/div>\r\n                <div class=\"c-item c-peque\" style=\"background-image: url('http:\/\/ezoco.eu\/granada-acoge\/wp-content\/uploads\/sites\/498\/2026\/05\/f473f0e4826ffd5ba00adc0875767d61.jpg')\">\r\n                    <div class=\"c-overlay\">Ocio<\/div>\r\n                <\/div>\r\n                <div class=\"c-item c-ancha\" style=\"background-image: url('http:\/\/ezoco.eu\/granada-acoge\/wp-content\/uploads\/sites\/498\/2026\/05\/f473f0e4826ffd5ba00adc0875767d61.jpg')\">\r\n                    <div class=\"c-overlay\">Sensibilizaci\u00f3n en Calle<\/div>\r\n                <\/div>\r\n            <\/div>\r\n        <\/div>\r\n    <\/div>\r\n\r\n<\/section>\t\t\t\t<\/div>\n\t\t\t\t\t<\/div>\n\t\t\t\t<\/div>\n\t\t<div class=\"elementor-element elementor-element-5d28821 e-con-full e-flex e-con e-parent\" data-id=\"5d28821\" data-element_type=\"container\" data-e-type=\"container\">\n\t\t\t\t<div class=\"elementor-element elementor-element-195e297 elementor-widget elementor-widget-html\" data-id=\"195e297\" data-element_type=\"widget\" data-e-type=\"widget\" data-widget_type=\"html.default\">\n\t\t\t\t\t<footer class=\"footer-granada-acoge\">\r\n    <div class=\"footer-container\">\r\n        \r\n        <div class=\"footer-column\">\r\n            <h3 class=\"f-title\">Granada Acoge<\/h3>\r\n            <p class=\"f-tagline\">Acompa\u00f1ando caminos, construyendo derechos desde 1987.<\/p>\r\n            <div class=\"f-socials\">\r\n                <a href=\"https:\/\/www.facebook.com\/granadacoge\/\" target=\"_blank\" class=\"s-icon\">\r\n                    <img decoding=\"async\" src=\"http:\/\/ezoco.eu\/granada-acoge\/wp-content\/uploads\/sites\/498\/2026\/05\/facebook-logo-facebook-logo-transparent-facebook-icon-transparent-free-free-png-e1778353779408.webp\" alt=\"Facebook\">\r\n                <\/a>\r\n                <a href=\"https:\/\/www.instagram.com\/gracoge\/\" target=\"_blank\" class=\"s-icon\">\r\n                    <img decoding=\"async\" src=\"http:\/\/ezoco.eu\/granada-acoge\/wp-content\/uploads\/sites\/498\/2026\/05\/instagram-logo-instagram-icon-transparent-free-png-e1778353474196.webp\" alt=\"Instagram\">\r\n                <\/a>\r\n                <a href=\"https:\/\/es.linkedin.com\/company\/granada-acoge\" target=\"_blank\" class=\"s-icon\">\r\n                    <img decoding=\"async\" src=\"http:\/\/ezoco.eu\/granada-acoge\/wp-content\/uploads\/sites\/498\/2026\/05\/linkedin-logo-linkedin-icon-transparent-free-png-e1778353837476.webp\" alt=\"LinkedIn\">\r\n                <\/a>\r\n            <\/div>\r\n        <\/div>\r\n\r\n        <div class=\"footer-column\">\r\n            <h3 class=\"f-title\">Contacto<\/h3>\r\n            <ul class=\"f-contact-list\">\r\n                <li><span class=\"icon-contact\">\ud83d\udcde<\/span> <a href=\"tel:958200836\" class=\"f-phone\">958 200 836<\/a><\/li>\r\n                <li><span class=\"icon-contact\">\u2709\ufe0f<\/span> <a href=\"mailto:granada@gracoge.org\">granada@gracoge.org<\/a><\/li>\r\n                <li><span class=\"icon-contact\">\ud83d\udccd<\/span> <p>Calle Almona de San Juan de Dios, 12, Granada<\/p><\/li>\r\n            <\/ul>\r\n        <\/div>\r\n\r\n        <div class=\"footer-column\">\r\n            <h3 class=\"f-title\">Legal<\/h3>\r\n            <ul class=\"f-legal-links\">\r\n                <li><a href=\"#\">Pol\u00edtica de Privacidad<\/a><\/li>\r\n                <li><a href=\"#\">Aviso Legal<\/a><\/li>\r\n                <li><a href=\"#\">Cookies<\/a><\/li>\r\n            <\/ul>\r\n        <\/div>\r\n\r\n    <\/div>\r\n\r\n    <div class=\"footer-funding\">\r\n        <div class=\"funding-content\">\r\n            <img decoding=\"async\" src=\"https:\/\/upload.wikimedia.org\/wikipedia\/commons\/b\/b7\/Flag_of_Europe.svg\" alt=\"Bandera Uni\u00f3n Europea\" class=\"eu-flag\">\r\n            <p>Financiado por la Uni\u00f3n Europea - NextGenerationEU<\/p>\r\n        <\/div>\r\n    <\/div>\r\n\r\n    <div class=\"f-bottom-bar\">\r\n        <p>\u00a9 2026 Granada Acoge<\/p>\r\n    <\/div>\r\n<\/footer>\t\t\t\t<\/div>\n\t\t\t\t<\/div>\n\t\t\t\t<\/div>\n\t\t","protected":false},"excerpt":{"rendered":"<p>Nuestro Recorrido 1987 El Origen Nace la asociaci\u00f3n. La solidaridad vecinal se organiza para ofrecer la primera acogida legal y [&hellip;]<\/p>\n","protected":false},"author":532,"featured_media":0,"parent":16,"menu_order":0,"comment_status":"closed","ping_status":"closed","template":"","meta":{"inline_featured_image":false,"site-sidebar-layout":"no-sidebar","site-content-layout":"","ast-site-content-layout":"full-width-container","site-content-style":"default","site-sidebar-style":"default","ast-global-header-display":"","ast-banner-title-visibility":"","ast-main-header-display":"","ast-hfb-above-header-display":"","ast-hfb-below-header-display":"","ast-hfb-mobile-header-display":"","site-post-title":"disabled","ast-breadcrumbs-content":"","ast-featured-img":"disabled","footer-sml-layout":"","ast-disable-related-posts":"","theme-transparent-header-meta":"","adv-header-id-meta":"","stick-header-meta":"","header-above-stick-meta":"","header-main-stick-meta":"","header-below-stick-meta":"","astra-migrate-meta-layouts":"default","ast-page-background-enabled":"default","ast-page-background-meta":{"desktop":{"background-color":"var(--ast-global-color-5)","background-image":"","background-repeat":"repeat","background-position":"center center","background-size":"auto","background-attachment":"scroll","background-type":"","background-media":"","overlay-type":"","overlay-color":"","overlay-opacity":"","overlay-gradient":""},"tablet":{"background-color":"","background-image":"","background-repeat":"repeat","background-position":"center center","background-size":"auto","background-attachment":"scroll","background-type":"","background-media":"","overlay-type":"","overlay-color":"","overlay-opacity":"","overlay-gradient":""},"mobile":{"background-color":"","background-image":"","background-repeat":"repeat","background-position":"center center","background-size":"auto","background-attachment":"scroll","background-type":"","background-media":"","overlay-type":"","overlay-color":"","overlay-opacity":"","overlay-gradient":""}},"ast-content-background-meta":{"desktop":{"background-color":"var(--ast-global-color-4)","background-image":"","background-repeat":"repeat","background-position":"center center","background-size":"auto","background-attachment":"scroll","background-type":"","background-media":"","overlay-type":"","overlay-color":"","overlay-opacity":"","overlay-gradient":""},"tablet":{"background-color":"var(--ast-global-color-4)","background-image":"","background-repeat":"repeat","background-position":"center center","background-size":"auto","background-attachment":"scroll","background-type":"","background-media":"","overlay-type":"","overlay-color":"","overlay-opacity":"","overlay-gradient":""},"mobile":{"background-color":"var(--ast-global-color-4)","background-image":"","background-repeat":"repeat","background-position":"center center","background-size":"auto","background-attachment":"scroll","background-type":"","background-media":"","overlay-type":"","overlay-color":"","overlay-opacity":"","overlay-gradient":""}},"footnotes":""},"class_list":["post-279","page","type-page","status-publish","hentry"],"yoast_head":"<!-- This site is optimized with the Yoast SEO plugin v27.5 - https:\/\/yoast.com\/product\/yoast-seo-wordpress\/ -->\n<title>Quienes somos -<\/title>\n<meta name=\"robots\" content=\"index, follow, max-snippet:-1, max-image-preview:large, max-video-preview:-1\" \/>\n<link rel=\"canonical\" href=\"https:\/\/ezoco.eu\/granada-acoge\/contacto\/quienes-somos\/\" \/>\n<meta property=\"og:locale\" content=\"es_ES\" \/>\n<meta property=\"og:type\" content=\"article\" \/>\n<meta property=\"og:title\" content=\"Quienes somos -\" \/>\n<meta property=\"og:description\" content=\"Nuestro Recorrido 1987 El Origen Nace la asociaci\u00f3n. La solidaridad vecinal se organiza para ofrecer la primera acogida legal y [&hellip;]\" \/>\n<meta property=\"og:url\" content=\"https:\/\/ezoco.eu\/granada-acoge\/contacto\/quienes-somos\/\" \/>\n<meta property=\"article:modified_time\" content=\"2026-05-09T19:28:50+00:00\" \/>\n<meta property=\"og:image\" content=\"http:\/\/ezoco.eu\/granada-acoge\/wp-content\/uploads\/sites\/498\/2026\/05\/facebook-logo-facebook-logo-transparent-facebook-icon-transparent-free-free-png-e1778353779408.webp\" \/>\n<meta name=\"twitter:card\" content=\"summary_large_image\" \/>\n<meta name=\"twitter:label1\" content=\"Tiempo de lectura\" \/>\n\t<meta name=\"twitter:data1\" content=\"3 minutos\" \/>\n<script type=\"application\/ld+json\" class=\"yoast-schema-graph\">{\"@context\":\"https:\\\/\\\/schema.org\",\"@graph\":[{\"@type\":\"WebPage\",\"@id\":\"https:\\\/\\\/ezoco.eu\\\/granada-acoge\\\/contacto\\\/quienes-somos\\\/\",\"url\":\"https:\\\/\\\/ezoco.eu\\\/granada-acoge\\\/contacto\\\/quienes-somos\\\/\",\"name\":\"Quienes somos -\",\"isPartOf\":{\"@id\":\"https:\\\/\\\/ezoco.eu\\\/granada-acoge\\\/#website\"},\"primaryImageOfPage\":{\"@id\":\"https:\\\/\\\/ezoco.eu\\\/granada-acoge\\\/contacto\\\/quienes-somos\\\/#primaryimage\"},\"image\":{\"@id\":\"https:\\\/\\\/ezoco.eu\\\/granada-acoge\\\/contacto\\\/quienes-somos\\\/#primaryimage\"},\"thumbnailUrl\":\"http:\\\/\\\/ezoco.eu\\\/granada-acoge\\\/wp-content\\\/uploads\\\/sites\\\/498\\\/2026\\\/05\\\/facebook-logo-facebook-logo-transparent-facebook-icon-transparent-free-free-png-e1778353779408.webp\",\"datePublished\":\"2026-05-09T17:45:40+00:00\",\"dateModified\":\"2026-05-09T19:28:50+00:00\",\"breadcrumb\":{\"@id\":\"https:\\\/\\\/ezoco.eu\\\/granada-acoge\\\/contacto\\\/quienes-somos\\\/#breadcrumb\"},\"inLanguage\":\"es\",\"potentialAction\":[{\"@type\":\"ReadAction\",\"target\":[\"https:\\\/\\\/ezoco.eu\\\/granada-acoge\\\/contacto\\\/quienes-somos\\\/\"]}]},{\"@type\":\"ImageObject\",\"inLanguage\":\"es\",\"@id\":\"https:\\\/\\\/ezoco.eu\\\/granada-acoge\\\/contacto\\\/quienes-somos\\\/#primaryimage\",\"url\":\"http:\\\/\\\/ezoco.eu\\\/granada-acoge\\\/wp-content\\\/uploads\\\/sites\\\/498\\\/2026\\\/05\\\/facebook-logo-facebook-logo-transparent-facebook-icon-transparent-free-free-png-e1778353779408.webp\",\"contentUrl\":\"http:\\\/\\\/ezoco.eu\\\/granada-acoge\\\/wp-content\\\/uploads\\\/sites\\\/498\\\/2026\\\/05\\\/facebook-logo-facebook-logo-transparent-facebook-icon-transparent-free-free-png-e1778353779408.webp\"},{\"@type\":\"BreadcrumbList\",\"@id\":\"https:\\\/\\\/ezoco.eu\\\/granada-acoge\\\/contacto\\\/quienes-somos\\\/#breadcrumb\",\"itemListElement\":[{\"@type\":\"ListItem\",\"position\":1,\"name\":\"Portada\",\"item\":\"https:\\\/\\\/ezoco.eu\\\/granada-acoge\\\/\"},{\"@type\":\"ListItem\",\"position\":2,\"name\":\"Inicio\",\"item\":\"https:\\\/\\\/ezoco.eu\\\/granada-acoge\\\/\"},{\"@type\":\"ListItem\",\"position\":3,\"name\":\"Quienes somos\"}]},{\"@type\":\"WebSite\",\"@id\":\"https:\\\/\\\/ezoco.eu\\\/granada-acoge\\\/#website\",\"url\":\"https:\\\/\\\/ezoco.eu\\\/granada-acoge\\\/\",\"name\":\"\",\"description\":\"\",\"potentialAction\":[{\"@type\":\"SearchAction\",\"target\":{\"@type\":\"EntryPoint\",\"urlTemplate\":\"https:\\\/\\\/ezoco.eu\\\/granada-acoge\\\/?s={search_term_string}\"},\"query-input\":{\"@type\":\"PropertyValueSpecification\",\"valueRequired\":true,\"valueName\":\"search_term_string\"}}],\"inLanguage\":\"es\"}]}<\/script>\n<!-- \/ Yoast SEO plugin. -->","yoast_head_json":{"title":"Quienes somos -","robots":{"index":"index","follow":"follow","max-snippet":"max-snippet:-1","max-image-preview":"max-image-preview:large","max-video-preview":"max-video-preview:-1"},"canonical":"https:\/\/ezoco.eu\/granada-acoge\/contacto\/quienes-somos\/","og_locale":"es_ES","og_type":"article","og_title":"Quienes somos -","og_description":"Nuestro Recorrido 1987 El Origen Nace la asociaci\u00f3n. La solidaridad vecinal se organiza para ofrecer la primera acogida legal y [&hellip;]","og_url":"https:\/\/ezoco.eu\/granada-acoge\/contacto\/quienes-somos\/","article_modified_time":"2026-05-09T19:28:50+00:00","og_image":[{"url":"http:\/\/ezoco.eu\/granada-acoge\/wp-content\/uploads\/sites\/498\/2026\/05\/facebook-logo-facebook-logo-transparent-facebook-icon-transparent-free-free-png-e1778353779408.webp","type":"","width":"","height":""}],"twitter_card":"summary_large_image","twitter_misc":{"Tiempo de lectura":"3 minutos"},"schema":{"@context":"https:\/\/schema.org","@graph":[{"@type":"WebPage","@id":"https:\/\/ezoco.eu\/granada-acoge\/contacto\/quienes-somos\/","url":"https:\/\/ezoco.eu\/granada-acoge\/contacto\/quienes-somos\/","name":"Quienes somos -","isPartOf":{"@id":"https:\/\/ezoco.eu\/granada-acoge\/#website"},"primaryImageOfPage":{"@id":"https:\/\/ezoco.eu\/granada-acoge\/contacto\/quienes-somos\/#primaryimage"},"image":{"@id":"https:\/\/ezoco.eu\/granada-acoge\/contacto\/quienes-somos\/#primaryimage"},"thumbnailUrl":"http:\/\/ezoco.eu\/granada-acoge\/wp-content\/uploads\/sites\/498\/2026\/05\/facebook-logo-facebook-logo-transparent-facebook-icon-transparent-free-free-png-e1778353779408.webp","datePublished":"2026-05-09T17:45:40+00:00","dateModified":"2026-05-09T19:28:50+00:00","breadcrumb":{"@id":"https:\/\/ezoco.eu\/granada-acoge\/contacto\/quienes-somos\/#breadcrumb"},"inLanguage":"es","potentialAction":[{"@type":"ReadAction","target":["https:\/\/ezoco.eu\/granada-acoge\/contacto\/quienes-somos\/"]}]},{"@type":"ImageObject","inLanguage":"es","@id":"https:\/\/ezoco.eu\/granada-acoge\/contacto\/quienes-somos\/#primaryimage","url":"http:\/\/ezoco.eu\/granada-acoge\/wp-content\/uploads\/sites\/498\/2026\/05\/facebook-logo-facebook-logo-transparent-facebook-icon-transparent-free-free-png-e1778353779408.webp","contentUrl":"http:\/\/ezoco.eu\/granada-acoge\/wp-content\/uploads\/sites\/498\/2026\/05\/facebook-logo-facebook-logo-transparent-facebook-icon-transparent-free-free-png-e1778353779408.webp"},{"@type":"BreadcrumbList","@id":"https:\/\/ezoco.eu\/granada-acoge\/contacto\/quienes-somos\/#breadcrumb","itemListElement":[{"@type":"ListItem","position":1,"name":"Portada","item":"https:\/\/ezoco.eu\/granada-acoge\/"},{"@type":"ListItem","position":2,"name":"Inicio","item":"https:\/\/ezoco.eu\/granada-acoge\/"},{"@type":"ListItem","position":3,"name":"Quienes somos"}]},{"@type":"WebSite","@id":"https:\/\/ezoco.eu\/granada-acoge\/#website","url":"https:\/\/ezoco.eu\/granada-acoge\/","name":"","description":"","potentialAction":[{"@type":"SearchAction","target":{"@type":"EntryPoint","urlTemplate":"https:\/\/ezoco.eu\/granada-acoge\/?s={search_term_string}"},"query-input":{"@type":"PropertyValueSpecification","valueRequired":true,"valueName":"search_term_string"}}],"inLanguage":"es"}]}},"_links":{"self":[{"href":"https:\/\/ezoco.eu\/granada-acoge\/wp-json\/wp\/v2\/pages\/279","targetHints":{"allow":["GET"]}}],"collection":[{"href":"https:\/\/ezoco.eu\/granada-acoge\/wp-json\/wp\/v2\/pages"}],"about":[{"href":"https:\/\/ezoco.eu\/granada-acoge\/wp-json\/wp\/v2\/types\/page"}],"author":[{"embeddable":true,"href":"https:\/\/ezoco.eu\/granada-acoge\/wp-json\/wp\/v2\/users\/532"}],"replies":[{"embeddable":true,"href":"https:\/\/ezoco.eu\/granada-acoge\/wp-json\/wp\/v2\/comments?post=279"}],"version-history":[{"count":22,"href":"https:\/\/ezoco.eu\/granada-acoge\/wp-json\/wp\/v2\/pages\/279\/revisions"}],"predecessor-version":[{"id":334,"href":"https:\/\/ezoco.eu\/granada-acoge\/wp-json\/wp\/v2\/pages\/279\/revisions\/334"}],"up":[{"embeddable":true,"href":"https:\/\/ezoco.eu\/granada-acoge\/wp-json\/wp\/v2\/pages\/16"}],"wp:attachment":[{"href":"https:\/\/ezoco.eu\/granada-acoge\/wp-json\/wp\/v2\/media?parent=279"}],"curies":[{"name":"wp","href":"https:\/\/api.w.org\/{rel}","templated":true}]}}