{"id":68,"date":"2026-04-14T20:55:53","date_gmt":"2026-04-14T18:55:53","guid":{"rendered":"https:\/\/ezoco.eu\/granada-acoge\/?page_id=68"},"modified":"2026-05-09T21:20:53","modified_gmt":"2026-05-09T19:20:53","slug":"voluntarios","status":"publish","type":"page","link":"https:\/\/ezoco.eu\/granada-acoge\/colabora\/voluntarios\/","title":{"rendered":"Voluntarios"},"content":{"rendered":"\t\t<div data-elementor-type=\"wp-page\" data-elementor-id=\"68\" class=\"elementor elementor-68\" data-elementor-post-type=\"page\">\n\t\t\t\t<div class=\"elementor-element elementor-element-cb91fc9 e-con-full e-flex e-con e-parent\" data-id=\"cb91fc9\" data-element_type=\"container\" data-e-type=\"container\">\n\t\t\t\t<div class=\"elementor-element elementor-element-18ef4df elementor-widget__width-inherit elementor-widget elementor-widget-html\" data-id=\"18ef4df\" data-element_type=\"widget\" data-e-type=\"widget\" data-widget_type=\"html.default\">\n\t\t\t\t\t<div class=\"contenedor-voluntariado-perfecto\">\r\n    \r\n    <header class=\"vol-header\">\r\n        <h1 class=\"vol-titulo-principal\">\r\n            Hazte <span class=\"vol-verde\">Voluntario\/a<\/span>\r\n            <span class=\"vol-divisor\"><\/span>\r\n        <\/h1>\r\n    <\/header>\r\n\r\n    <article class=\"vol-contenido\">\r\n        <p class=\"vol-p-destacado\">\r\n            Para <strong>Granada Acoge<\/strong> las personas voluntarias son lo m\u00e1s importante. Ellas hacen posible llevar a cabo nuestros diferentes proyectos y gu\u00edan el rumbo de la asociaci\u00f3n. El trabajo solidario del voluntariado es el eje sobre el que se levanta nuestra entidad, ya que aporta de forma desinteresada tiempo, creatividad, conocimientos y esfuerzo para impulsar los programas y acciones reivindicativas de la entidad.\r\n        <\/p>\r\n\r\n        <p class=\"vol-cita\">\r\n            \u201c\u00bfQuieres conocer a algunas de las personas voluntarias de Granada Acoge? <a href=\"https:\/\/ezoco.eu\/granada-acoge\/contacto\/quienes-somos\/\">\u00a1Hazlo aqu\u00ed!<\/a>\u201d\r\n        <\/p>\r\n\r\n        <section class=\"vol-seccion\">\r\n            <h2 class=\"vol-subtitulo\">\u00bfPor qu\u00e9 es importante tu ayuda?<\/h2>\r\n            <p>En el contexto actual, la labor de las personas voluntarias es m\u00e1s necesaria que nunca. Tu compromiso permite que podamos ofrecer una mano amiga y un apoyo t\u00e9cnico a quienes acaban de llegar a nuestra ciudad. Al hacerte voluntario\/a, te conviertes en un agente de cambio que lucha activamente contra el racismo y la exclusi\u00f3n, ayudando a construir una Granada m\u00e1s justa, diversa y acogedora.<\/p>\r\n        <\/section>\r\n\r\n        <section class=\"vol-seccion\">\r\n            <h2 class=\"vol-subtitulo\">Beneficios y Crecimiento Personal<\/h2>\r\n            <p>Ser parte de nuestro equipo no es solo dar, tambi\u00e9n es recibir. Como voluntario\/a tendr\u00e1s la oportunidad de crecer personal y profesionalmente con formaci\u00f3n continua en \u00e1reas como extranjer\u00eda y derechos humanos. Te integrar\u00e1s en un grupo humano excepcional donde compartir\u00e1s inquietudes con personas que creen en la solidaridad real.<\/p>\r\n        <\/section>\r\n\r\n        <section class=\"vol-seccion\">\r\n            <h2 class=\"vol-subtitulo\">\u00bfC\u00f3mo empezar?<\/h2>\r\n            <p>Si quieres dar el paso, el proceso es sencillo: fijaremos una entrevista personal para conocer tus habilidades y disponibilidad. Juntas buscaremos la forma de colaboraci\u00f3n que mejor se ajuste a ti.<\/p>\r\n            <div class=\"vol-contacto-caja\">\r\n                Escr\u00edbenos a: <a href=\"mailto:voluntariado.granada@gracoge.org\">voluntariado.granada@gracoge.org<\/a>\r\n            <\/div>\r\n        <\/section>\r\n    <\/article>\r\n\r\n<\/div>\t\t\t\t<\/div>\n\t\t\t\t<\/div>\n\t\t<div class=\"elementor-element elementor-element-9c5758d e-con-full e-flex e-con e-parent\" data-id=\"9c5758d\" data-element_type=\"container\" data-e-type=\"container\">\n\t\t\t\t<div class=\"elementor-element elementor-element-98e9d5e elementor-widget__width-inherit elementor-widget elementor-widget-html\" data-id=\"98e9d5e\" data-element_type=\"widget\" data-e-type=\"widget\" data-widget_type=\"html.default\">\n\t\t\t\t\t<footer class=\"footer-granada-acoge\">\r\n    <div class=\"footer-container\">\r\n        \r\n        <div class=\"footer-column\">\r\n            <h3 class=\"f-title\">Granada Acoge<\/h3>\r\n            <p class=\"f-tagline\">Acompa\u00f1ando caminos, construyendo derechos desde 1987.<\/p>\r\n            <div class=\"f-socials\">\r\n                <a href=\"https:\/\/www.facebook.com\/granadacoge\/\" target=\"_blank\" class=\"s-icon\">\r\n                    <img decoding=\"async\" src=\"http:\/\/ezoco.eu\/granada-acoge\/wp-content\/uploads\/sites\/498\/2026\/05\/facebook-logo-facebook-logo-transparent-facebook-icon-transparent-free-free-png-e1778353779408.webp\" alt=\"Facebook\">\r\n                <\/a>\r\n                <a href=\"https:\/\/www.instagram.com\/gracoge\/\" target=\"_blank\" class=\"s-icon\">\r\n                    <img decoding=\"async\" src=\"http:\/\/ezoco.eu\/granada-acoge\/wp-content\/uploads\/sites\/498\/2026\/05\/instagram-logo-instagram-icon-transparent-free-png-e1778353474196.webp\" alt=\"Instagram\">\r\n                <\/a>\r\n                <a href=\"https:\/\/es.linkedin.com\/company\/granada-acoge\" target=\"_blank\" class=\"s-icon\">\r\n                    <img decoding=\"async\" src=\"http:\/\/ezoco.eu\/granada-acoge\/wp-content\/uploads\/sites\/498\/2026\/05\/linkedin-logo-linkedin-icon-transparent-free-png-e1778353837476.webp\" alt=\"LinkedIn\">\r\n                <\/a>\r\n            <\/div>\r\n        <\/div>\r\n\r\n        <div class=\"footer-column\">\r\n            <h3 class=\"f-title\">Contacto<\/h3>\r\n            <ul class=\"f-contact-list\">\r\n                <li><span class=\"icon-contact\">\ud83d\udcde<\/span> <a href=\"tel:958200836\" class=\"f-phone\">958 200 836<\/a><\/li>\r\n                <li><span class=\"icon-contact\">\u2709\ufe0f<\/span> <a href=\"mailto:granada@gracoge.org\">granada@gracoge.org<\/a><\/li>\r\n                <li><span class=\"icon-contact\">\ud83d\udccd<\/span> <p>Calle Almona de San Juan de Dios, 12, Granada<\/p><\/li>\r\n            <\/ul>\r\n        <\/div>\r\n\r\n        <div class=\"footer-column\">\r\n            <h3 class=\"f-title\">Legal<\/h3>\r\n            <ul class=\"f-legal-links\">\r\n                <li><a href=\"#\">Pol\u00edtica de Privacidad<\/a><\/li>\r\n                <li><a href=\"#\">Aviso Legal<\/a><\/li>\r\n                <li><a href=\"#\">Cookies<\/a><\/li>\r\n            <\/ul>\r\n        <\/div>\r\n\r\n    <\/div>\r\n\r\n    <div class=\"footer-funding\">\r\n        <div class=\"funding-content\">\r\n            <img decoding=\"async\" src=\"https:\/\/upload.wikimedia.org\/wikipedia\/commons\/b\/b7\/Flag_of_Europe.svg\" alt=\"Bandera Uni\u00f3n Europea\" class=\"eu-flag\">\r\n            <p>Financiado por la Uni\u00f3n Europea - NextGenerationEU<\/p>\r\n        <\/div>\r\n    <\/div>\r\n\r\n    <div class=\"f-bottom-bar\">\r\n        <p>\u00a9 2026 Granada Acoge<\/p>\r\n    <\/div>\r\n<\/footer>\t\t\t\t<\/div>\n\t\t\t\t<\/div>\n\t\t\t\t<\/div>\n\t\t","protected":false},"excerpt":{"rendered":"<p>Hazte Voluntario\/a Para Granada Acoge las personas voluntarias son lo m\u00e1s importante. Ellas hacen posible llevar a cabo nuestros diferentes [&hellip;]<\/p>\n","protected":false},"author":532,"featured_media":0,"parent":19,"menu_order":0,"comment_status":"closed","ping_status":"closed","template":"","meta":{"inline_featured_image":false,"site-sidebar-layout":"no-sidebar","site-content-layout":"","ast-site-content-layout":"full-width-container","site-content-style":"default","site-sidebar-style":"default","ast-global-header-display":"","ast-banner-title-visibility":"","ast-main-header-display":"","ast-hfb-above-header-display":"","ast-hfb-below-header-display":"","ast-hfb-mobile-header-display":"","site-post-title":"disabled","ast-breadcrumbs-content":"","ast-featured-img":"disabled","footer-sml-layout":"","ast-disable-related-posts":"","theme-transparent-header-meta":"","adv-header-id-meta":"","stick-header-meta":"","header-above-stick-meta":"","header-main-stick-meta":"","header-below-stick-meta":"","astra-migrate-meta-layouts":"default","ast-page-background-enabled":"default","ast-page-background-meta":{"desktop":{"background-color":"var(--ast-global-color-5)","background-image":"","background-repeat":"repeat","background-position":"center center","background-size":"auto","background-attachment":"scroll","background-type":"","background-media":"","overlay-type":"","overlay-color":"","overlay-opacity":"","overlay-gradient":""},"tablet":{"background-color":"","background-image":"","background-repeat":"repeat","background-position":"center center","background-size":"auto","background-attachment":"scroll","background-type":"","background-media":"","overlay-type":"","overlay-color":"","overlay-opacity":"","overlay-gradient":""},"mobile":{"background-color":"","background-image":"","background-repeat":"repeat","background-position":"center center","background-size":"auto","background-attachment":"scroll","background-type":"","background-media":"","overlay-type":"","overlay-color":"","overlay-opacity":"","overlay-gradient":""}},"ast-content-background-meta":{"desktop":{"background-color":"var(--ast-global-color-4)","background-image":"","background-repeat":"repeat","background-position":"center center","background-size":"auto","background-attachment":"scroll","background-type":"","background-media":"","overlay-type":"","overlay-color":"","overlay-opacity":"","overlay-gradient":""},"tablet":{"background-color":"var(--ast-global-color-4)","background-image":"","background-repeat":"repeat","background-position":"center center","background-size":"auto","background-attachment":"scroll","background-type":"","background-media":"","overlay-type":"","overlay-color":"","overlay-opacity":"","overlay-gradient":""},"mobile":{"background-color":"var(--ast-global-color-4)","background-image":"","background-repeat":"repeat","background-position":"center center","background-size":"auto","background-attachment":"scroll","background-type":"","background-media":"","overlay-type":"","overlay-color":"","overlay-opacity":"","overlay-gradient":""}},"footnotes":""},"class_list":["post-68","page","type-page","status-publish","hentry"],"yoast_head":"<!-- This site is optimized with the Yoast SEO plugin v27.5 - https:\/\/yoast.com\/product\/yoast-seo-wordpress\/ -->\n<title>Voluntarios -<\/title>\n<meta name=\"robots\" content=\"index, follow, max-snippet:-1, max-image-preview:large, max-video-preview:-1\" \/>\n<link rel=\"canonical\" href=\"https:\/\/ezoco.eu\/granada-acoge\/colabora\/voluntarios\/\" \/>\n<meta property=\"og:locale\" content=\"es_ES\" \/>\n<meta property=\"og:type\" content=\"article\" \/>\n<meta property=\"og:title\" content=\"Voluntarios -\" \/>\n<meta property=\"og:description\" content=\"Hazte Voluntario\/a Para Granada Acoge las personas voluntarias son lo m\u00e1s importante. Ellas hacen posible llevar a cabo nuestros diferentes [&hellip;]\" \/>\n<meta property=\"og:url\" content=\"https:\/\/ezoco.eu\/granada-acoge\/colabora\/voluntarios\/\" \/>\n<meta property=\"article:modified_time\" content=\"2026-05-09T19:20:53+00:00\" \/>\n<meta property=\"og:image\" content=\"http:\/\/ezoco.eu\/granada-acoge\/wp-content\/uploads\/sites\/498\/2026\/05\/facebook-logo-facebook-logo-transparent-facebook-icon-transparent-free-free-png-e1778353779408.webp\" \/>\n<meta name=\"twitter:card\" content=\"summary_large_image\" \/>\n<meta name=\"twitter:label1\" content=\"Tiempo de lectura\" \/>\n\t<meta name=\"twitter:data1\" content=\"3 minutos\" \/>\n<script type=\"application\/ld+json\" class=\"yoast-schema-graph\">{\"@context\":\"https:\\\/\\\/schema.org\",\"@graph\":[{\"@type\":\"WebPage\",\"@id\":\"https:\\\/\\\/ezoco.eu\\\/granada-acoge\\\/colabora\\\/voluntarios\\\/\",\"url\":\"https:\\\/\\\/ezoco.eu\\\/granada-acoge\\\/colabora\\\/voluntarios\\\/\",\"name\":\"Voluntarios -\",\"isPartOf\":{\"@id\":\"https:\\\/\\\/ezoco.eu\\\/granada-acoge\\\/#website\"},\"primaryImageOfPage\":{\"@id\":\"https:\\\/\\\/ezoco.eu\\\/granada-acoge\\\/colabora\\\/voluntarios\\\/#primaryimage\"},\"image\":{\"@id\":\"https:\\\/\\\/ezoco.eu\\\/granada-acoge\\\/colabora\\\/voluntarios\\\/#primaryimage\"},\"thumbnailUrl\":\"http:\\\/\\\/ezoco.eu\\\/granada-acoge\\\/wp-content\\\/uploads\\\/sites\\\/498\\\/2026\\\/05\\\/facebook-logo-facebook-logo-transparent-facebook-icon-transparent-free-free-png-e1778353779408.webp\",\"datePublished\":\"2026-04-14T18:55:53+00:00\",\"dateModified\":\"2026-05-09T19:20:53+00:00\",\"breadcrumb\":{\"@id\":\"https:\\\/\\\/ezoco.eu\\\/granada-acoge\\\/colabora\\\/voluntarios\\\/#breadcrumb\"},\"inLanguage\":\"es\",\"potentialAction\":[{\"@type\":\"ReadAction\",\"target\":[\"https:\\\/\\\/ezoco.eu\\\/granada-acoge\\\/colabora\\\/voluntarios\\\/\"]}]},{\"@type\":\"ImageObject\",\"inLanguage\":\"es\",\"@id\":\"https:\\\/\\\/ezoco.eu\\\/granada-acoge\\\/colabora\\\/voluntarios\\\/#primaryimage\",\"url\":\"http:\\\/\\\/ezoco.eu\\\/granada-acoge\\\/wp-content\\\/uploads\\\/sites\\\/498\\\/2026\\\/05\\\/facebook-logo-facebook-logo-transparent-facebook-icon-transparent-free-free-png-e1778353779408.webp\",\"contentUrl\":\"http:\\\/\\\/ezoco.eu\\\/granada-acoge\\\/wp-content\\\/uploads\\\/sites\\\/498\\\/2026\\\/05\\\/facebook-logo-facebook-logo-transparent-facebook-icon-transparent-free-free-png-e1778353779408.webp\"},{\"@type\":\"BreadcrumbList\",\"@id\":\"https:\\\/\\\/ezoco.eu\\\/granada-acoge\\\/colabora\\\/voluntarios\\\/#breadcrumb\",\"itemListElement\":[{\"@type\":\"ListItem\",\"position\":1,\"name\":\"Portada\",\"item\":\"https:\\\/\\\/ezoco.eu\\\/granada-acoge\\\/\"},{\"@type\":\"ListItem\",\"position\":2,\"name\":\"Colabora\",\"item\":\"https:\\\/\\\/ezoco.eu\\\/granada-acoge\\\/colabora\\\/\"},{\"@type\":\"ListItem\",\"position\":3,\"name\":\"Voluntarios\"}]},{\"@type\":\"WebSite\",\"@id\":\"https:\\\/\\\/ezoco.eu\\\/granada-acoge\\\/#website\",\"url\":\"https:\\\/\\\/ezoco.eu\\\/granada-acoge\\\/\",\"name\":\"\",\"description\":\"\",\"potentialAction\":[{\"@type\":\"SearchAction\",\"target\":{\"@type\":\"EntryPoint\",\"urlTemplate\":\"https:\\\/\\\/ezoco.eu\\\/granada-acoge\\\/?s={search_term_string}\"},\"query-input\":{\"@type\":\"PropertyValueSpecification\",\"valueRequired\":true,\"valueName\":\"search_term_string\"}}],\"inLanguage\":\"es\"}]}<\/script>\n<!-- \/ Yoast SEO plugin. -->","yoast_head_json":{"title":"Voluntarios -","robots":{"index":"index","follow":"follow","max-snippet":"max-snippet:-1","max-image-preview":"max-image-preview:large","max-video-preview":"max-video-preview:-1"},"canonical":"https:\/\/ezoco.eu\/granada-acoge\/colabora\/voluntarios\/","og_locale":"es_ES","og_type":"article","og_title":"Voluntarios -","og_description":"Hazte Voluntario\/a Para Granada Acoge las personas voluntarias son lo m\u00e1s importante. Ellas hacen posible llevar a cabo nuestros diferentes [&hellip;]","og_url":"https:\/\/ezoco.eu\/granada-acoge\/colabora\/voluntarios\/","article_modified_time":"2026-05-09T19:20:53+00:00","og_image":[{"url":"http:\/\/ezoco.eu\/granada-acoge\/wp-content\/uploads\/sites\/498\/2026\/05\/facebook-logo-facebook-logo-transparent-facebook-icon-transparent-free-free-png-e1778353779408.webp","type":"","width":"","height":""}],"twitter_card":"summary_large_image","twitter_misc":{"Tiempo de lectura":"3 minutos"},"schema":{"@context":"https:\/\/schema.org","@graph":[{"@type":"WebPage","@id":"https:\/\/ezoco.eu\/granada-acoge\/colabora\/voluntarios\/","url":"https:\/\/ezoco.eu\/granada-acoge\/colabora\/voluntarios\/","name":"Voluntarios -","isPartOf":{"@id":"https:\/\/ezoco.eu\/granada-acoge\/#website"},"primaryImageOfPage":{"@id":"https:\/\/ezoco.eu\/granada-acoge\/colabora\/voluntarios\/#primaryimage"},"image":{"@id":"https:\/\/ezoco.eu\/granada-acoge\/colabora\/voluntarios\/#primaryimage"},"thumbnailUrl":"http:\/\/ezoco.eu\/granada-acoge\/wp-content\/uploads\/sites\/498\/2026\/05\/facebook-logo-facebook-logo-transparent-facebook-icon-transparent-free-free-png-e1778353779408.webp","datePublished":"2026-04-14T18:55:53+00:00","dateModified":"2026-05-09T19:20:53+00:00","breadcrumb":{"@id":"https:\/\/ezoco.eu\/granada-acoge\/colabora\/voluntarios\/#breadcrumb"},"inLanguage":"es","potentialAction":[{"@type":"ReadAction","target":["https:\/\/ezoco.eu\/granada-acoge\/colabora\/voluntarios\/"]}]},{"@type":"ImageObject","inLanguage":"es","@id":"https:\/\/ezoco.eu\/granada-acoge\/colabora\/voluntarios\/#primaryimage","url":"http:\/\/ezoco.eu\/granada-acoge\/wp-content\/uploads\/sites\/498\/2026\/05\/facebook-logo-facebook-logo-transparent-facebook-icon-transparent-free-free-png-e1778353779408.webp","contentUrl":"http:\/\/ezoco.eu\/granada-acoge\/wp-content\/uploads\/sites\/498\/2026\/05\/facebook-logo-facebook-logo-transparent-facebook-icon-transparent-free-free-png-e1778353779408.webp"},{"@type":"BreadcrumbList","@id":"https:\/\/ezoco.eu\/granada-acoge\/colabora\/voluntarios\/#breadcrumb","itemListElement":[{"@type":"ListItem","position":1,"name":"Portada","item":"https:\/\/ezoco.eu\/granada-acoge\/"},{"@type":"ListItem","position":2,"name":"Colabora","item":"https:\/\/ezoco.eu\/granada-acoge\/colabora\/"},{"@type":"ListItem","position":3,"name":"Voluntarios"}]},{"@type":"WebSite","@id":"https:\/\/ezoco.eu\/granada-acoge\/#website","url":"https:\/\/ezoco.eu\/granada-acoge\/","name":"","description":"","potentialAction":[{"@type":"SearchAction","target":{"@type":"EntryPoint","urlTemplate":"https:\/\/ezoco.eu\/granada-acoge\/?s={search_term_string}"},"query-input":{"@type":"PropertyValueSpecification","valueRequired":true,"valueName":"search_term_string"}}],"inLanguage":"es"}]}},"_links":{"self":[{"href":"https:\/\/ezoco.eu\/granada-acoge\/wp-json\/wp\/v2\/pages\/68","targetHints":{"allow":["GET"]}}],"collection":[{"href":"https:\/\/ezoco.eu\/granada-acoge\/wp-json\/wp\/v2\/pages"}],"about":[{"href":"https:\/\/ezoco.eu\/granada-acoge\/wp-json\/wp\/v2\/types\/page"}],"author":[{"embeddable":true,"href":"https:\/\/ezoco.eu\/granada-acoge\/wp-json\/wp\/v2\/users\/532"}],"replies":[{"embeddable":true,"href":"https:\/\/ezoco.eu\/granada-acoge\/wp-json\/wp\/v2\/comments?post=68"}],"version-history":[{"count":23,"href":"https:\/\/ezoco.eu\/granada-acoge\/wp-json\/wp\/v2\/pages\/68\/revisions"}],"predecessor-version":[{"id":331,"href":"https:\/\/ezoco.eu\/granada-acoge\/wp-json\/wp\/v2\/pages\/68\/revisions\/331"}],"up":[{"embeddable":true,"href":"https:\/\/ezoco.eu\/granada-acoge\/wp-json\/wp\/v2\/pages\/19"}],"wp:attachment":[{"href":"https:\/\/ezoco.eu\/granada-acoge\/wp-json\/wp\/v2\/media?parent=68"}],"curies":[{"name":"wp","href":"https:\/\/api.w.org\/{rel}","templated":true}]}}