{"id":1386,"date":"2026-01-28T16:47:24","date_gmt":"2026-01-28T15:47:24","guid":{"rendered":"https:\/\/ezoco.eu\/ilumacabinet\/?page_id=1386"},"modified":"2026-01-29T00:13:41","modified_gmt":"2026-01-28T23:13:41","slug":"experiencias-interactivas","status":"publish","type":"page","link":"https:\/\/ezoco.eu\/ilumacabinet\/experiencias-interactivas\/","title":{"rendered":"Experiencias interactivas"},"content":{"rendered":"\t\t<div data-elementor-type=\"wp-page\" data-elementor-id=\"1386\" class=\"elementor elementor-1386\" data-elementor-post-type=\"page\">\n\t\t\t\t<div class=\"elementor-element elementor-element-3fcc63d e-flex e-con-boxed e-con e-parent\" data-id=\"3fcc63d\" data-element_type=\"container\" data-e-type=\"container\">\n\t\t\t\t\t<div class=\"e-con-inner\">\n\t\t\t\t<div class=\"elementor-element elementor-element-4ff920f elementor-widget elementor-widget-spacer\" data-id=\"4ff920f\" data-element_type=\"widget\" data-e-type=\"widget\" data-widget_type=\"spacer.default\">\n\t\t\t\t\t\t\t<div class=\"elementor-spacer\">\n\t\t\t<div class=\"elementor-spacer-inner\"><\/div>\n\t\t<\/div>\n\t\t\t\t\t\t<\/div>\n\t\t\t\t\t<\/div>\n\t\t\t\t<\/div>\n\t\t<div class=\"elementor-element elementor-element-904d417 e-flex e-con-boxed e-con e-parent\" data-id=\"904d417\" data-element_type=\"container\" data-e-type=\"container\">\n\t\t\t\t\t<div class=\"e-con-inner\">\n\t\t\t\t<div class=\"elementor-element elementor-element-38690ef elementor-widget elementor-widget-spacer\" data-id=\"38690ef\" data-element_type=\"widget\" data-e-type=\"widget\" data-widget_type=\"spacer.default\">\n\t\t\t\t\t\t\t<div class=\"elementor-spacer\">\n\t\t\t<div class=\"elementor-spacer-inner\"><\/div>\n\t\t<\/div>\n\t\t\t\t\t\t<\/div>\n\t\t\t\t\t<\/div>\n\t\t\t\t<\/div>\n\t\t<div class=\"elementor-element elementor-element-e0f6a00 e-flex e-con-boxed e-con e-parent\" data-id=\"e0f6a00\" data-element_type=\"container\" data-e-type=\"container\">\n\t\t\t\t\t<div class=\"e-con-inner\">\n\t\t\t\t<div class=\"elementor-element elementor-element-6778e41 elementor-widget elementor-widget-spacer\" data-id=\"6778e41\" data-element_type=\"widget\" data-e-type=\"widget\" data-widget_type=\"spacer.default\">\n\t\t\t\t\t\t\t<div class=\"elementor-spacer\">\n\t\t\t<div class=\"elementor-spacer-inner\"><\/div>\n\t\t<\/div>\n\t\t\t\t\t\t<\/div>\n\t\t\t\t<div class=\"elementor-element elementor-element-79a975f elementor-widget elementor-widget-html\" data-id=\"79a975f\" data-element_type=\"widget\" data-e-type=\"widget\" data-widget_type=\"html.default\">\n\t\t\t\t\t\r\n\r\n\r\n    \r\n    \r\n    <title>WebAR Experience<\/title>\r\n    \r\n    \r\n\r\n\r\n\r\n<div class=\"card-container\">\r\n    <div class=\"sidebar\">\r\n        <h1>Experiencias interactuales<\/h1>\r\n        <p>Explora m\u00e1s all\u00e1 de la imagen.<br>Haz clic y vive la experiencia.<\/p>\r\n    <\/div>\r\n\r\n    <div class=\"main-content\">\r\n        <span class=\"close-x\">&times;<\/span>\r\n        \r\n        <h3>Para ver tu experiencia webAR<\/h3>\r\n        <p class=\"step-text\">Escanear este c\u00f3digo QR<\/p>\r\n        \r\n        <div class=\"qr-wrapper\">\r\n            <img decoding=\"async\" src=\"https:\/\/api.qrserver.com\/v1\/create-qr-code\/?size=180x180&amp;data=https:\/\/mywebar.com\/p\/Project_0_13445xbykz\" alt=\"C\u00f3digo QR\">\r\n        <\/div>\r\n\r\n        <div class=\"button-row\">\r\n            <button class=\"action-btn\"><i class=\"fas fa-download\"><\/i> Descargue<\/button>\r\n            <button class=\"action-btn\"><i class=\"fas fa-code\"><\/i> Insertar<\/button>\r\n        <\/div>\r\n\r\n        <div class=\"links-footer\">\r\n            <p class=\"helper-text\">o abre uno de los enlaces de abajo<\/p>\r\n            \r\n            <div class=\"link-block\">\r\n                <label>Enlace al c\u00f3digo QR:<\/label>\r\n                <div class=\"url-copy\">\r\n                    <a href=\"https:\/\/mywebar.com\/qr\/786328\">https:\/\/mywebar.com\/qr\/786328<\/a>\r\n                    <i class=\"far fa-copy\"><\/i>\r\n                <\/div>\r\n            <\/div>\r\n\r\n            <div class=\"link-block\">\r\n                <label>Enlace de experiencia en AR:<\/label>\r\n                <div class=\"url-copy\">\r\n                    <a href=\"https:\/\/mywebar.com\/p\/Project_0_13445xbykz\">https:\/\/mywebar.com\/p\/Project_0_13445xbykz<\/a>\r\n                    <i class=\"far fa-copy\"><\/i>\r\n                <\/div>\r\n            <\/div>\r\n        <\/div>\r\n    <\/div>\r\n<\/div>\r\n\r\n\r\n\t\t\t\t<\/div>\n\t\t\t\t\t<\/div>\n\t\t\t\t<\/div>\n\t\t\t\t<\/div>\n\t\t","protected":false},"excerpt":{"rendered":"<p>WebAR Experience Experiencias interactuales Explora m\u00e1s all\u00e1 de la imagen.Haz clic y vive la experiencia. &times; Para ver tu experiencia webAR Escanear este c\u00f3digo QR Descargue Insertar o abre uno de los enlaces de abajo Enlace al c\u00f3digo QR: https:\/\/mywebar.com\/qr\/786328 Enlace de experiencia en AR: https:\/\/mywebar.com\/p\/Project_0_13445xbykz<\/p>\n","protected":false},"author":17,"featured_media":0,"parent":0,"menu_order":0,"comment_status":"closed","ping_status":"closed","template":"elementor_canvas","meta":{"inline_featured_image":false,"_genesis_hide_title":false,"_genesis_hide_breadcrumbs":false,"_genesis_hide_singular_image":false,"_genesis_hide_footer_widgets":false,"_genesis_custom_body_class":"","_genesis_custom_post_class":"","_genesis_layout":"","footnotes":""},"class_list":{"0":"post-1386","1":"page","2":"type-page","3":"status-publish","5":"entry","6":"has-post-thumbnail"},"yoast_head":"<!-- This site is optimized with the Yoast SEO plugin v27.2 - https:\/\/yoast.com\/product\/yoast-seo-wordpress\/ -->\n<title>Experiencias interactivas - ilumacabinet<\/title>\n<meta name=\"robots\" content=\"index, follow, max-snippet:-1, max-image-preview:large, max-video-preview:-1\" \/>\n<link rel=\"canonical\" href=\"https:\/\/ezoco.eu\/ilumacabinet\/experiencias-interactivas\/\" \/>\n<meta property=\"og:locale\" content=\"es_ES\" \/>\n<meta property=\"og:type\" content=\"article\" \/>\n<meta property=\"og:title\" content=\"Experiencias interactivas - ilumacabinet\" \/>\n<meta property=\"og:description\" content=\"WebAR Experience Experiencias interactuales Explora m\u00e1s all\u00e1 de la imagen.Haz clic y vive la experiencia. &times; Para ver tu experiencia webAR Escanear este c\u00f3digo QR Descargue Insertar o abre uno de los enlaces de abajo Enlace al c\u00f3digo QR: https:\/\/mywebar.com\/qr\/786328 Enlace de experiencia en AR: https:\/\/mywebar.com\/p\/Project_0_13445xbykz\" \/>\n<meta property=\"og:url\" content=\"https:\/\/ezoco.eu\/ilumacabinet\/experiencias-interactivas\/\" \/>\n<meta property=\"og:site_name\" content=\"ilumacabinet\" \/>\n<meta property=\"article:modified_time\" content=\"2026-01-28T23:13:41+00:00\" \/>\n<meta property=\"og:image\" content=\"https:\/\/api.qrserver.com\/v1\/create-qr-code\/?size=180x180&amp;data=https:\/\/mywebar.com\/p\/Project_0_13445xbykz\" \/>\n<meta name=\"twitter:card\" content=\"summary_large_image\" \/>\n<meta name=\"twitter:label1\" content=\"Tiempo de lectura\" \/>\n\t<meta name=\"twitter:data1\" content=\"1 minuto\" \/>\n<script type=\"application\/ld+json\" class=\"yoast-schema-graph\">{\"@context\":\"https:\/\/schema.org\",\"@graph\":[{\"@type\":\"WebPage\",\"@id\":\"https:\/\/ezoco.eu\/ilumacabinet\/experiencias-interactivas\/\",\"url\":\"https:\/\/ezoco.eu\/ilumacabinet\/experiencias-interactivas\/\",\"name\":\"Experiencias interactivas - ilumacabinet\",\"isPartOf\":{\"@id\":\"https:\/\/ezoco.eu\/ilumacabinet\/#website\"},\"primaryImageOfPage\":{\"@id\":\"https:\/\/ezoco.eu\/ilumacabinet\/experiencias-interactivas\/#primaryimage\"},\"image\":{\"@id\":\"https:\/\/ezoco.eu\/ilumacabinet\/experiencias-interactivas\/#primaryimage\"},\"thumbnailUrl\":\"https:\/\/api.qrserver.com\/v1\/create-qr-code\/?size=180x180&amp;data=https:\/\/mywebar.com\/p\/Project_0_13445xbykz\",\"datePublished\":\"2026-01-28T15:47:24+00:00\",\"dateModified\":\"2026-01-28T23:13:41+00:00\",\"breadcrumb\":{\"@id\":\"https:\/\/ezoco.eu\/ilumacabinet\/experiencias-interactivas\/#breadcrumb\"},\"inLanguage\":\"es\",\"potentialAction\":[{\"@type\":\"ReadAction\",\"target\":[\"https:\/\/ezoco.eu\/ilumacabinet\/experiencias-interactivas\/\"]}]},{\"@type\":\"ImageObject\",\"inLanguage\":\"es\",\"@id\":\"https:\/\/ezoco.eu\/ilumacabinet\/experiencias-interactivas\/#primaryimage\",\"url\":\"https:\/\/api.qrserver.com\/v1\/create-qr-code\/?size=180x180&amp;data=https:\/\/mywebar.com\/p\/Project_0_13445xbykz\",\"contentUrl\":\"https:\/\/api.qrserver.com\/v1\/create-qr-code\/?size=180x180&amp;data=https:\/\/mywebar.com\/p\/Project_0_13445xbykz\"},{\"@type\":\"BreadcrumbList\",\"@id\":\"https:\/\/ezoco.eu\/ilumacabinet\/experiencias-interactivas\/#breadcrumb\",\"itemListElement\":[{\"@type\":\"ListItem\",\"position\":1,\"name\":\"Portada\",\"item\":\"https:\/\/ezoco.eu\/ilumacabinet\/\"},{\"@type\":\"ListItem\",\"position\":2,\"name\":\"Experiencias interactivas\"}]},{\"@type\":\"WebSite\",\"@id\":\"https:\/\/ezoco.eu\/ilumacabinet\/#website\",\"url\":\"https:\/\/ezoco.eu\/ilumacabinet\/\",\"name\":\"ilumacabinet\",\"description\":\"\",\"potentialAction\":[{\"@type\":\"SearchAction\",\"target\":{\"@type\":\"EntryPoint\",\"urlTemplate\":\"https:\/\/ezoco.eu\/ilumacabinet\/?s={search_term_string}\"},\"query-input\":{\"@type\":\"PropertyValueSpecification\",\"valueRequired\":true,\"valueName\":\"search_term_string\"}}],\"inLanguage\":\"es\"}]}<\/script>\n<!-- \/ Yoast SEO plugin. -->","yoast_head_json":{"title":"Experiencias interactivas - ilumacabinet","robots":{"index":"index","follow":"follow","max-snippet":"max-snippet:-1","max-image-preview":"max-image-preview:large","max-video-preview":"max-video-preview:-1"},"canonical":"https:\/\/ezoco.eu\/ilumacabinet\/experiencias-interactivas\/","og_locale":"es_ES","og_type":"article","og_title":"Experiencias interactivas - ilumacabinet","og_description":"WebAR Experience Experiencias interactuales Explora m\u00e1s all\u00e1 de la imagen.Haz clic y vive la experiencia. &times; Para ver tu experiencia webAR Escanear este c\u00f3digo QR Descargue Insertar o abre uno de los enlaces de abajo Enlace al c\u00f3digo QR: https:\/\/mywebar.com\/qr\/786328 Enlace de experiencia en AR: https:\/\/mywebar.com\/p\/Project_0_13445xbykz","og_url":"https:\/\/ezoco.eu\/ilumacabinet\/experiencias-interactivas\/","og_site_name":"ilumacabinet","article_modified_time":"2026-01-28T23:13:41+00:00","og_image":[{"url":"https:\/\/api.qrserver.com\/v1\/create-qr-code\/?size=180x180&amp;data=https:\/\/mywebar.com\/p\/Project_0_13445xbykz","type":"","width":"","height":""}],"twitter_card":"summary_large_image","twitter_misc":{"Tiempo de lectura":"1 minuto"},"schema":{"@context":"https:\/\/schema.org","@graph":[{"@type":"WebPage","@id":"https:\/\/ezoco.eu\/ilumacabinet\/experiencias-interactivas\/","url":"https:\/\/ezoco.eu\/ilumacabinet\/experiencias-interactivas\/","name":"Experiencias interactivas - ilumacabinet","isPartOf":{"@id":"https:\/\/ezoco.eu\/ilumacabinet\/#website"},"primaryImageOfPage":{"@id":"https:\/\/ezoco.eu\/ilumacabinet\/experiencias-interactivas\/#primaryimage"},"image":{"@id":"https:\/\/ezoco.eu\/ilumacabinet\/experiencias-interactivas\/#primaryimage"},"thumbnailUrl":"https:\/\/api.qrserver.com\/v1\/create-qr-code\/?size=180x180&amp;data=https:\/\/mywebar.com\/p\/Project_0_13445xbykz","datePublished":"2026-01-28T15:47:24+00:00","dateModified":"2026-01-28T23:13:41+00:00","breadcrumb":{"@id":"https:\/\/ezoco.eu\/ilumacabinet\/experiencias-interactivas\/#breadcrumb"},"inLanguage":"es","potentialAction":[{"@type":"ReadAction","target":["https:\/\/ezoco.eu\/ilumacabinet\/experiencias-interactivas\/"]}]},{"@type":"ImageObject","inLanguage":"es","@id":"https:\/\/ezoco.eu\/ilumacabinet\/experiencias-interactivas\/#primaryimage","url":"https:\/\/api.qrserver.com\/v1\/create-qr-code\/?size=180x180&amp;data=https:\/\/mywebar.com\/p\/Project_0_13445xbykz","contentUrl":"https:\/\/api.qrserver.com\/v1\/create-qr-code\/?size=180x180&amp;data=https:\/\/mywebar.com\/p\/Project_0_13445xbykz"},{"@type":"BreadcrumbList","@id":"https:\/\/ezoco.eu\/ilumacabinet\/experiencias-interactivas\/#breadcrumb","itemListElement":[{"@type":"ListItem","position":1,"name":"Portada","item":"https:\/\/ezoco.eu\/ilumacabinet\/"},{"@type":"ListItem","position":2,"name":"Experiencias interactivas"}]},{"@type":"WebSite","@id":"https:\/\/ezoco.eu\/ilumacabinet\/#website","url":"https:\/\/ezoco.eu\/ilumacabinet\/","name":"ilumacabinet","description":"","potentialAction":[{"@type":"SearchAction","target":{"@type":"EntryPoint","urlTemplate":"https:\/\/ezoco.eu\/ilumacabinet\/?s={search_term_string}"},"query-input":{"@type":"PropertyValueSpecification","valueRequired":true,"valueName":"search_term_string"}}],"inLanguage":"es"}]}},"_links":{"self":[{"href":"https:\/\/ezoco.eu\/ilumacabinet\/wp-json\/wp\/v2\/pages\/1386","targetHints":{"allow":["GET"]}}],"collection":[{"href":"https:\/\/ezoco.eu\/ilumacabinet\/wp-json\/wp\/v2\/pages"}],"about":[{"href":"https:\/\/ezoco.eu\/ilumacabinet\/wp-json\/wp\/v2\/types\/page"}],"author":[{"embeddable":true,"href":"https:\/\/ezoco.eu\/ilumacabinet\/wp-json\/wp\/v2\/users\/17"}],"replies":[{"embeddable":true,"href":"https:\/\/ezoco.eu\/ilumacabinet\/wp-json\/wp\/v2\/comments?post=1386"}],"version-history":[{"count":43,"href":"https:\/\/ezoco.eu\/ilumacabinet\/wp-json\/wp\/v2\/pages\/1386\/revisions"}],"predecessor-version":[{"id":1450,"href":"https:\/\/ezoco.eu\/ilumacabinet\/wp-json\/wp\/v2\/pages\/1386\/revisions\/1450"}],"wp:attachment":[{"href":"https:\/\/ezoco.eu\/ilumacabinet\/wp-json\/wp\/v2\/media?parent=1386"}],"curies":[{"name":"wp","href":"https:\/\/api.w.org\/{rel}","templated":true}]}}