{"id":197,"date":"2026-01-15T23:25:21","date_gmt":"2026-01-15T22:25:21","guid":{"rendered":"https:\/\/ezoco.eu\/ilumacabinet\/?post_type=product&#038;p=197"},"modified":"2026-01-15T23:37:39","modified_gmt":"2026-01-15T22:37:39","slug":"merchandising-botella-de-cristal-esmerilado-holografica","status":"publish","type":"product","link":"https:\/\/ezoco.eu\/ilumacabinet\/producto\/merchandising-botella-de-cristal-esmerilado-holografica\/","title":{"rendered":"Merchandising"},"content":{"rendered":"<p><strong>Botella de cristal esmerilado hologr\u00e1fica de agua<\/strong><\/p>\n<p data-path-to-node=\"5,0,0\"><b data-path-to-node=\"5,0,0\" data-index-in-node=\"0\">Lo mejor:<\/b> un dise\u00f1o \u00fanico en azul, rosa y morado.<\/p>\n<p data-path-to-node=\"5,0,0\"><b data-path-to-node=\"5,1,0\" data-index-in-node=\"0\">El tacto:<\/b> es de cristal suave, no se resbala y es muy f\u00e1cil de poder llevarla.<\/p>\n<p data-path-to-node=\"5,0,0\"><b data-path-to-node=\"5,2,0\" data-index-in-node=\"0\">Para ti:<\/b> si te gusta la tecnolog\u00eda y quieres dejar de usar pl\u00e1sticos, esta es tu botella ideal.<\/p>\n<p class=\"query-text-line ng-star-inserted\">\n","protected":false},"excerpt":{"rendered":"<p data-path-to-node=\"5,2,0\">Nuestra botella de cristal esmerilado hologr\u00e1fica de cristal con degradado hologr\u00e1fico tiene dise\u00f1o de innovador y sostenibilidad.<\/p>\n","protected":false},"featured_media":199,"comment_status":"open","ping_status":"closed","template":"","meta":{"inline_featured_image":false,"_genesis_hide_title":false,"_genesis_hide_breadcrumbs":false,"_genesis_hide_singular_image":false,"_genesis_hide_footer_widgets":false,"_genesis_custom_body_class":"","_genesis_custom_post_class":"","_genesis_layout":""},"product_brand":[],"product_cat":[29],"product_tag":[],"class_list":{"0":"post-197","1":"product","2":"type-product","3":"status-publish","4":"has-post-thumbnail","6":"product_cat-merchandising","7":"entry","9":"first","10":"instock","11":"taxable","12":"shipping-taxable","13":"purchasable","14":"product-type-simple"},"yoast_head":"<!-- This site is optimized with the Yoast SEO plugin v27.2 - https:\/\/yoast.com\/product\/yoast-seo-wordpress\/ -->\n<title>Merchandising - ilumacabinet<\/title>\n<meta name=\"description\" content=\"Nuestra botella de cristal esmerilado hologr\u00e1fica de cristal con degradado hologr\u00e1fico con dise\u00f1o innovador y sostenibilidad.\" \/>\n<meta name=\"robots\" content=\"index, follow, max-snippet:-1, max-image-preview:large, max-video-preview:-1\" \/>\n<link rel=\"canonical\" href=\"https:\/\/ezoco.eu\/ilumacabinet\/producto\/merchandising-botella-de-cristal-esmerilado-holografica\/\" \/>\n<meta property=\"og:locale\" content=\"es_ES\" \/>\n<meta property=\"og:type\" content=\"article\" \/>\n<meta property=\"og:title\" content=\"Merchandising - ilumacabinet\" \/>\n<meta property=\"og:description\" content=\"Nuestra botella de cristal esmerilado hologr\u00e1fica de cristal con degradado hologr\u00e1fico con dise\u00f1o innovador y sostenibilidad.\" \/>\n<meta property=\"og:url\" content=\"https:\/\/ezoco.eu\/ilumacabinet\/producto\/merchandising-botella-de-cristal-esmerilado-holografica\/\" \/>\n<meta property=\"og:site_name\" content=\"ilumacabinet\" \/>\n<meta property=\"article:modified_time\" content=\"2026-01-15T22:37:39+00:00\" \/>\n<meta property=\"og:image\" content=\"http:\/\/ezoco.eu\/ilumacabinet\/wp-content\/uploads\/sites\/12\/2026\/01\/mercha.png\" \/>\n\t<meta property=\"og:image:width\" content=\"900\" \/>\n\t<meta property=\"og:image:height\" content=\"1024\" \/>\n\t<meta property=\"og:image:type\" content=\"image\/png\" \/>\n<meta name=\"twitter:card\" content=\"summary_large_image\" \/>\n<meta name=\"twitter:label1\" content=\"Tiempo de lectura\" \/>\n\t<meta name=\"twitter:data1\" content=\"1 minuto\" \/>\n<script type=\"application\/ld+json\" class=\"yoast-schema-graph\">{\"@context\":\"https:\/\/schema.org\",\"@graph\":[{\"@type\":\"WebPage\",\"@id\":\"https:\/\/ezoco.eu\/ilumacabinet\/producto\/merchandising-botella-de-cristal-esmerilado-holografica\/\",\"url\":\"https:\/\/ezoco.eu\/ilumacabinet\/producto\/merchandising-botella-de-cristal-esmerilado-holografica\/\",\"name\":\"Merchandising - ilumacabinet\",\"isPartOf\":{\"@id\":\"https:\/\/ezoco.eu\/ilumacabinet\/#website\"},\"primaryImageOfPage\":{\"@id\":\"https:\/\/ezoco.eu\/ilumacabinet\/producto\/merchandising-botella-de-cristal-esmerilado-holografica\/#primaryimage\"},\"image\":{\"@id\":\"https:\/\/ezoco.eu\/ilumacabinet\/producto\/merchandising-botella-de-cristal-esmerilado-holografica\/#primaryimage\"},\"thumbnailUrl\":\"https:\/\/ezoco.eu\/ilumacabinet\/wp-content\/uploads\/sites\/12\/2026\/01\/mercha.png\",\"datePublished\":\"2026-01-15T22:25:21+00:00\",\"dateModified\":\"2026-01-15T22:37:39+00:00\",\"description\":\"Nuestra botella de cristal esmerilado hologr\u00e1fica de cristal con degradado hologr\u00e1fico con dise\u00f1o innovador y sostenibilidad.\",\"breadcrumb\":{\"@id\":\"https:\/\/ezoco.eu\/ilumacabinet\/producto\/merchandising-botella-de-cristal-esmerilado-holografica\/#breadcrumb\"},\"inLanguage\":\"es\",\"potentialAction\":[{\"@type\":\"ReadAction\",\"target\":[\"https:\/\/ezoco.eu\/ilumacabinet\/producto\/merchandising-botella-de-cristal-esmerilado-holografica\/\"]}]},{\"@type\":\"ImageObject\",\"inLanguage\":\"es\",\"@id\":\"https:\/\/ezoco.eu\/ilumacabinet\/producto\/merchandising-botella-de-cristal-esmerilado-holografica\/#primaryimage\",\"url\":\"https:\/\/ezoco.eu\/ilumacabinet\/wp-content\/uploads\/sites\/12\/2026\/01\/mercha.png\",\"contentUrl\":\"https:\/\/ezoco.eu\/ilumacabinet\/wp-content\/uploads\/sites\/12\/2026\/01\/mercha.png\",\"width\":900,\"height\":1024,\"caption\":\"Botella de cristal esmerilado hologr\u00e1fica\"},{\"@type\":\"BreadcrumbList\",\"@id\":\"https:\/\/ezoco.eu\/ilumacabinet\/producto\/merchandising-botella-de-cristal-esmerilado-holografica\/#breadcrumb\",\"itemListElement\":[{\"@type\":\"ListItem\",\"position\":1,\"name\":\"Portada\",\"item\":\"https:\/\/ezoco.eu\/ilumacabinet\/\"},{\"@type\":\"ListItem\",\"position\":2,\"name\":\"Tienda\",\"item\":\"https:\/\/ezoco.eu\/ilumacabinet\/tienda\/\"},{\"@type\":\"ListItem\",\"position\":3,\"name\":\"Merchandising\"}]},{\"@type\":\"WebSite\",\"@id\":\"https:\/\/ezoco.eu\/ilumacabinet\/#website\",\"url\":\"https:\/\/ezoco.eu\/ilumacabinet\/\",\"name\":\"ilumacabinet\",\"description\":\"\",\"potentialAction\":[{\"@type\":\"SearchAction\",\"target\":{\"@type\":\"EntryPoint\",\"urlTemplate\":\"https:\/\/ezoco.eu\/ilumacabinet\/?s={search_term_string}\"},\"query-input\":{\"@type\":\"PropertyValueSpecification\",\"valueRequired\":true,\"valueName\":\"search_term_string\"}}],\"inLanguage\":\"es\"}]}<\/script>\n<!-- \/ Yoast SEO plugin. -->","yoast_head_json":{"title":"Merchandising - ilumacabinet","description":"Nuestra botella de cristal esmerilado hologr\u00e1fica de cristal con degradado hologr\u00e1fico con dise\u00f1o innovador y sostenibilidad.","robots":{"index":"index","follow":"follow","max-snippet":"max-snippet:-1","max-image-preview":"max-image-preview:large","max-video-preview":"max-video-preview:-1"},"canonical":"https:\/\/ezoco.eu\/ilumacabinet\/producto\/merchandising-botella-de-cristal-esmerilado-holografica\/","og_locale":"es_ES","og_type":"article","og_title":"Merchandising - ilumacabinet","og_description":"Nuestra botella de cristal esmerilado hologr\u00e1fica de cristal con degradado hologr\u00e1fico con dise\u00f1o innovador y sostenibilidad.","og_url":"https:\/\/ezoco.eu\/ilumacabinet\/producto\/merchandising-botella-de-cristal-esmerilado-holografica\/","og_site_name":"ilumacabinet","article_modified_time":"2026-01-15T22:37:39+00:00","og_image":[{"width":900,"height":1024,"url":"http:\/\/ezoco.eu\/ilumacabinet\/wp-content\/uploads\/sites\/12\/2026\/01\/mercha.png","type":"image\/png"}],"twitter_card":"summary_large_image","twitter_misc":{"Tiempo de lectura":"1 minuto"},"schema":{"@context":"https:\/\/schema.org","@graph":[{"@type":"WebPage","@id":"https:\/\/ezoco.eu\/ilumacabinet\/producto\/merchandising-botella-de-cristal-esmerilado-holografica\/","url":"https:\/\/ezoco.eu\/ilumacabinet\/producto\/merchandising-botella-de-cristal-esmerilado-holografica\/","name":"Merchandising - ilumacabinet","isPartOf":{"@id":"https:\/\/ezoco.eu\/ilumacabinet\/#website"},"primaryImageOfPage":{"@id":"https:\/\/ezoco.eu\/ilumacabinet\/producto\/merchandising-botella-de-cristal-esmerilado-holografica\/#primaryimage"},"image":{"@id":"https:\/\/ezoco.eu\/ilumacabinet\/producto\/merchandising-botella-de-cristal-esmerilado-holografica\/#primaryimage"},"thumbnailUrl":"https:\/\/ezoco.eu\/ilumacabinet\/wp-content\/uploads\/sites\/12\/2026\/01\/mercha.png","datePublished":"2026-01-15T22:25:21+00:00","dateModified":"2026-01-15T22:37:39+00:00","description":"Nuestra botella de cristal esmerilado hologr\u00e1fica de cristal con degradado hologr\u00e1fico con dise\u00f1o innovador y sostenibilidad.","breadcrumb":{"@id":"https:\/\/ezoco.eu\/ilumacabinet\/producto\/merchandising-botella-de-cristal-esmerilado-holografica\/#breadcrumb"},"inLanguage":"es","potentialAction":[{"@type":"ReadAction","target":["https:\/\/ezoco.eu\/ilumacabinet\/producto\/merchandising-botella-de-cristal-esmerilado-holografica\/"]}]},{"@type":"ImageObject","inLanguage":"es","@id":"https:\/\/ezoco.eu\/ilumacabinet\/producto\/merchandising-botella-de-cristal-esmerilado-holografica\/#primaryimage","url":"https:\/\/ezoco.eu\/ilumacabinet\/wp-content\/uploads\/sites\/12\/2026\/01\/mercha.png","contentUrl":"https:\/\/ezoco.eu\/ilumacabinet\/wp-content\/uploads\/sites\/12\/2026\/01\/mercha.png","width":900,"height":1024,"caption":"Botella de cristal esmerilado hologr\u00e1fica"},{"@type":"BreadcrumbList","@id":"https:\/\/ezoco.eu\/ilumacabinet\/producto\/merchandising-botella-de-cristal-esmerilado-holografica\/#breadcrumb","itemListElement":[{"@type":"ListItem","position":1,"name":"Portada","item":"https:\/\/ezoco.eu\/ilumacabinet\/"},{"@type":"ListItem","position":2,"name":"Tienda","item":"https:\/\/ezoco.eu\/ilumacabinet\/tienda\/"},{"@type":"ListItem","position":3,"name":"Merchandising"}]},{"@type":"WebSite","@id":"https:\/\/ezoco.eu\/ilumacabinet\/#website","url":"https:\/\/ezoco.eu\/ilumacabinet\/","name":"ilumacabinet","description":"","potentialAction":[{"@type":"SearchAction","target":{"@type":"EntryPoint","urlTemplate":"https:\/\/ezoco.eu\/ilumacabinet\/?s={search_term_string}"},"query-input":{"@type":"PropertyValueSpecification","valueRequired":true,"valueName":"search_term_string"}}],"inLanguage":"es"}]}},"_links":{"self":[{"href":"https:\/\/ezoco.eu\/ilumacabinet\/wp-json\/wp\/v2\/product\/197","targetHints":{"allow":["GET"]}}],"collection":[{"href":"https:\/\/ezoco.eu\/ilumacabinet\/wp-json\/wp\/v2\/product"}],"about":[{"href":"https:\/\/ezoco.eu\/ilumacabinet\/wp-json\/wp\/v2\/types\/product"}],"replies":[{"embeddable":true,"href":"https:\/\/ezoco.eu\/ilumacabinet\/wp-json\/wp\/v2\/comments?post=197"}],"wp:featuredmedia":[{"embeddable":true,"href":"https:\/\/ezoco.eu\/ilumacabinet\/wp-json\/wp\/v2\/media\/199"}],"wp:attachment":[{"href":"https:\/\/ezoco.eu\/ilumacabinet\/wp-json\/wp\/v2\/media?parent=197"}],"wp:term":[{"taxonomy":"product_brand","embeddable":true,"href":"https:\/\/ezoco.eu\/ilumacabinet\/wp-json\/wp\/v2\/product_brand?post=197"},{"taxonomy":"product_cat","embeddable":true,"href":"https:\/\/ezoco.eu\/ilumacabinet\/wp-json\/wp\/v2\/product_cat?post=197"},{"taxonomy":"product_tag","embeddable":true,"href":"https:\/\/ezoco.eu\/ilumacabinet\/wp-json\/wp\/v2\/product_tag?post=197"}],"curies":[{"name":"wp","href":"https:\/\/api.w.org\/{rel}","templated":true}]}}