{"id":581,"date":"2026-01-19T23:50:08","date_gmt":"2026-01-19T22:50:08","guid":{"rendered":"https:\/\/ezoco.eu\/ilumacabinet\/?post_type=product&#038;p=581"},"modified":"2026-01-19T23:50:08","modified_gmt":"2026-01-19T22:50:08","slug":"cajoneras-inteligentes","status":"publish","type":"product","link":"https:\/\/ezoco.eu\/ilumacabinet\/producto\/cajoneras-inteligentes\/","title":{"rendered":"Cajoneras inteligentes"},"content":{"rendered":"<p>Nuestras cajoneras inteligentes iluminan de manera autom\u00e1tica su interior al abrirse, haciendo que encontrar la ropa, accesorios o joyas sea m\u00e1s f\u00e1cil y r\u00e1pido. Con divisores ajustables y sensores que cuidan tus prendas, cada caj\u00f3n se adapta a tus necesidades. Incluso pueden recordarte qu\u00e9 prendas no has usado en un tiempo, ayud\u00e1ndote a aprovechar al m\u00e1ximo tu armario.<\/p>\n","protected":false},"excerpt":{"rendered":"<p>Nuestras cajoneras inteligentes iluminan de manera autom\u00e1tica su interior al abrirse, haciendo que encontrar la ropa, accesorios o joyas sea m\u00e1s f\u00e1cil y r\u00e1pido. Con divisores ajustables y sensores que cuidan tus prendas, cada caj\u00f3n se adapta a tus necesidades. Incluso pueden recordarte qu\u00e9 prendas no has usado en un tiempo, ayud\u00e1ndote a aprovechar al [&hellip;]<\/p>\n","protected":false},"featured_media":582,"comment_status":"open","ping_status":"closed","template":"","meta":{"inline_featured_image":false,"_genesis_hide_title":false,"_genesis_hide_breadcrumbs":false,"_genesis_hide_singular_image":false,"_genesis_hide_footer_widgets":false,"_genesis_custom_body_class":"","_genesis_custom_post_class":"","_genesis_layout":""},"product_brand":[],"product_cat":[30],"product_tag":[],"class_list":{"0":"post-581","1":"product","2":"type-product","3":"status-publish","4":"has-post-thumbnail","6":"product_cat-productos-inteligentes","7":"product_shipping_class-pesado","8":"entry","10":"first","11":"instock","12":"taxable","13":"shipping-taxable","14":"purchasable","15":"product-type-simple"},"yoast_head":"<!-- This site is optimized with the Yoast SEO plugin v27.2 - https:\/\/yoast.com\/product\/yoast-seo-wordpress\/ -->\n<title>Cajoneras inteligentes - ilumacabinet<\/title>\n<meta name=\"description\" content=\"Descubre nuestras cajoneras inteligentes: organizaci\u00f3n, iluminaci\u00f3n autom\u00e1tica y cuidado de tus prendas en tu vestidor moderno.\" \/>\n<meta name=\"robots\" content=\"index, follow, max-snippet:-1, max-image-preview:large, max-video-preview:-1\" \/>\n<link rel=\"canonical\" href=\"https:\/\/ezoco.eu\/ilumacabinet\/producto\/cajoneras-inteligentes\/\" \/>\n<meta property=\"og:locale\" content=\"es_ES\" \/>\n<meta property=\"og:type\" content=\"article\" \/>\n<meta property=\"og:title\" content=\"Cajoneras inteligentes - ilumacabinet\" \/>\n<meta property=\"og:description\" content=\"Descubre nuestras cajoneras inteligentes: organizaci\u00f3n, iluminaci\u00f3n autom\u00e1tica y cuidado de tus prendas en tu vestidor moderno.\" \/>\n<meta property=\"og:url\" content=\"https:\/\/ezoco.eu\/ilumacabinet\/producto\/cajoneras-inteligentes\/\" \/>\n<meta property=\"og:site_name\" content=\"ilumacabinet\" \/>\n<meta property=\"og:image\" content=\"http:\/\/ezoco.eu\/ilumacabinet\/wp-content\/uploads\/sites\/12\/2026\/01\/cajonera-1.png\" \/>\n\t<meta property=\"og:image:width\" content=\"959\" \/>\n\t<meta property=\"og:image:height\" content=\"966\" \/>\n\t<meta property=\"og:image:type\" content=\"image\/png\" \/>\n<meta name=\"twitter:card\" content=\"summary_large_image\" \/>\n<meta name=\"twitter:label1\" content=\"Tiempo de lectura\" \/>\n\t<meta name=\"twitter:data1\" content=\"1 minuto\" \/>\n<script type=\"application\/ld+json\" class=\"yoast-schema-graph\">{\"@context\":\"https:\/\/schema.org\",\"@graph\":[{\"@type\":\"WebPage\",\"@id\":\"https:\/\/ezoco.eu\/ilumacabinet\/producto\/cajoneras-inteligentes\/\",\"url\":\"https:\/\/ezoco.eu\/ilumacabinet\/producto\/cajoneras-inteligentes\/\",\"name\":\"Cajoneras inteligentes - ilumacabinet\",\"isPartOf\":{\"@id\":\"https:\/\/ezoco.eu\/ilumacabinet\/#website\"},\"primaryImageOfPage\":{\"@id\":\"https:\/\/ezoco.eu\/ilumacabinet\/producto\/cajoneras-inteligentes\/#primaryimage\"},\"image\":{\"@id\":\"https:\/\/ezoco.eu\/ilumacabinet\/producto\/cajoneras-inteligentes\/#primaryimage\"},\"thumbnailUrl\":\"https:\/\/ezoco.eu\/ilumacabinet\/wp-content\/uploads\/sites\/12\/2026\/01\/cajonera-1.png\",\"datePublished\":\"2026-01-19T22:50:08+00:00\",\"description\":\"Descubre nuestras cajoneras inteligentes: organizaci\u00f3n, iluminaci\u00f3n autom\u00e1tica y cuidado de tus prendas en tu vestidor moderno.\",\"breadcrumb\":{\"@id\":\"https:\/\/ezoco.eu\/ilumacabinet\/producto\/cajoneras-inteligentes\/#breadcrumb\"},\"inLanguage\":\"es\",\"potentialAction\":[{\"@type\":\"ReadAction\",\"target\":[\"https:\/\/ezoco.eu\/ilumacabinet\/producto\/cajoneras-inteligentes\/\"]}]},{\"@type\":\"ImageObject\",\"inLanguage\":\"es\",\"@id\":\"https:\/\/ezoco.eu\/ilumacabinet\/producto\/cajoneras-inteligentes\/#primaryimage\",\"url\":\"https:\/\/ezoco.eu\/ilumacabinet\/wp-content\/uploads\/sites\/12\/2026\/01\/cajonera-1.png\",\"contentUrl\":\"https:\/\/ezoco.eu\/ilumacabinet\/wp-content\/uploads\/sites\/12\/2026\/01\/cajonera-1.png\",\"width\":959,\"height\":966},{\"@type\":\"BreadcrumbList\",\"@id\":\"https:\/\/ezoco.eu\/ilumacabinet\/producto\/cajoneras-inteligentes\/#breadcrumb\",\"itemListElement\":[{\"@type\":\"ListItem\",\"position\":1,\"name\":\"Portada\",\"item\":\"https:\/\/ezoco.eu\/ilumacabinet\/\"},{\"@type\":\"ListItem\",\"position\":2,\"name\":\"Tienda\",\"item\":\"https:\/\/ezoco.eu\/ilumacabinet\/tienda\/\"},{\"@type\":\"ListItem\",\"position\":3,\"name\":\"Cajoneras inteligentes\"}]},{\"@type\":\"WebSite\",\"@id\":\"https:\/\/ezoco.eu\/ilumacabinet\/#website\",\"url\":\"https:\/\/ezoco.eu\/ilumacabinet\/\",\"name\":\"ilumacabinet\",\"description\":\"\",\"potentialAction\":[{\"@type\":\"SearchAction\",\"target\":{\"@type\":\"EntryPoint\",\"urlTemplate\":\"https:\/\/ezoco.eu\/ilumacabinet\/?s={search_term_string}\"},\"query-input\":{\"@type\":\"PropertyValueSpecification\",\"valueRequired\":true,\"valueName\":\"search_term_string\"}}],\"inLanguage\":\"es\"}]}<\/script>\n<!-- \/ Yoast SEO plugin. -->","yoast_head_json":{"title":"Cajoneras inteligentes - ilumacabinet","description":"Descubre nuestras cajoneras inteligentes: organizaci\u00f3n, iluminaci\u00f3n autom\u00e1tica y cuidado de tus prendas en tu vestidor moderno.","robots":{"index":"index","follow":"follow","max-snippet":"max-snippet:-1","max-image-preview":"max-image-preview:large","max-video-preview":"max-video-preview:-1"},"canonical":"https:\/\/ezoco.eu\/ilumacabinet\/producto\/cajoneras-inteligentes\/","og_locale":"es_ES","og_type":"article","og_title":"Cajoneras inteligentes - ilumacabinet","og_description":"Descubre nuestras cajoneras inteligentes: organizaci\u00f3n, iluminaci\u00f3n autom\u00e1tica y cuidado de tus prendas en tu vestidor moderno.","og_url":"https:\/\/ezoco.eu\/ilumacabinet\/producto\/cajoneras-inteligentes\/","og_site_name":"ilumacabinet","og_image":[{"width":959,"height":966,"url":"http:\/\/ezoco.eu\/ilumacabinet\/wp-content\/uploads\/sites\/12\/2026\/01\/cajonera-1.png","type":"image\/png"}],"twitter_card":"summary_large_image","twitter_misc":{"Tiempo de lectura":"1 minuto"},"schema":{"@context":"https:\/\/schema.org","@graph":[{"@type":"WebPage","@id":"https:\/\/ezoco.eu\/ilumacabinet\/producto\/cajoneras-inteligentes\/","url":"https:\/\/ezoco.eu\/ilumacabinet\/producto\/cajoneras-inteligentes\/","name":"Cajoneras inteligentes - ilumacabinet","isPartOf":{"@id":"https:\/\/ezoco.eu\/ilumacabinet\/#website"},"primaryImageOfPage":{"@id":"https:\/\/ezoco.eu\/ilumacabinet\/producto\/cajoneras-inteligentes\/#primaryimage"},"image":{"@id":"https:\/\/ezoco.eu\/ilumacabinet\/producto\/cajoneras-inteligentes\/#primaryimage"},"thumbnailUrl":"https:\/\/ezoco.eu\/ilumacabinet\/wp-content\/uploads\/sites\/12\/2026\/01\/cajonera-1.png","datePublished":"2026-01-19T22:50:08+00:00","description":"Descubre nuestras cajoneras inteligentes: organizaci\u00f3n, iluminaci\u00f3n autom\u00e1tica y cuidado de tus prendas en tu vestidor moderno.","breadcrumb":{"@id":"https:\/\/ezoco.eu\/ilumacabinet\/producto\/cajoneras-inteligentes\/#breadcrumb"},"inLanguage":"es","potentialAction":[{"@type":"ReadAction","target":["https:\/\/ezoco.eu\/ilumacabinet\/producto\/cajoneras-inteligentes\/"]}]},{"@type":"ImageObject","inLanguage":"es","@id":"https:\/\/ezoco.eu\/ilumacabinet\/producto\/cajoneras-inteligentes\/#primaryimage","url":"https:\/\/ezoco.eu\/ilumacabinet\/wp-content\/uploads\/sites\/12\/2026\/01\/cajonera-1.png","contentUrl":"https:\/\/ezoco.eu\/ilumacabinet\/wp-content\/uploads\/sites\/12\/2026\/01\/cajonera-1.png","width":959,"height":966},{"@type":"BreadcrumbList","@id":"https:\/\/ezoco.eu\/ilumacabinet\/producto\/cajoneras-inteligentes\/#breadcrumb","itemListElement":[{"@type":"ListItem","position":1,"name":"Portada","item":"https:\/\/ezoco.eu\/ilumacabinet\/"},{"@type":"ListItem","position":2,"name":"Tienda","item":"https:\/\/ezoco.eu\/ilumacabinet\/tienda\/"},{"@type":"ListItem","position":3,"name":"Cajoneras inteligentes"}]},{"@type":"WebSite","@id":"https:\/\/ezoco.eu\/ilumacabinet\/#website","url":"https:\/\/ezoco.eu\/ilumacabinet\/","name":"ilumacabinet","description":"","potentialAction":[{"@type":"SearchAction","target":{"@type":"EntryPoint","urlTemplate":"https:\/\/ezoco.eu\/ilumacabinet\/?s={search_term_string}"},"query-input":{"@type":"PropertyValueSpecification","valueRequired":true,"valueName":"search_term_string"}}],"inLanguage":"es"}]}},"_links":{"self":[{"href":"https:\/\/ezoco.eu\/ilumacabinet\/wp-json\/wp\/v2\/product\/581","targetHints":{"allow":["GET"]}}],"collection":[{"href":"https:\/\/ezoco.eu\/ilumacabinet\/wp-json\/wp\/v2\/product"}],"about":[{"href":"https:\/\/ezoco.eu\/ilumacabinet\/wp-json\/wp\/v2\/types\/product"}],"replies":[{"embeddable":true,"href":"https:\/\/ezoco.eu\/ilumacabinet\/wp-json\/wp\/v2\/comments?post=581"}],"wp:featuredmedia":[{"embeddable":true,"href":"https:\/\/ezoco.eu\/ilumacabinet\/wp-json\/wp\/v2\/media\/582"}],"wp:attachment":[{"href":"https:\/\/ezoco.eu\/ilumacabinet\/wp-json\/wp\/v2\/media?parent=581"}],"wp:term":[{"taxonomy":"product_brand","embeddable":true,"href":"https:\/\/ezoco.eu\/ilumacabinet\/wp-json\/wp\/v2\/product_brand?post=581"},{"taxonomy":"product_cat","embeddable":true,"href":"https:\/\/ezoco.eu\/ilumacabinet\/wp-json\/wp\/v2\/product_cat?post=581"},{"taxonomy":"product_tag","embeddable":true,"href":"https:\/\/ezoco.eu\/ilumacabinet\/wp-json\/wp\/v2\/product_tag?post=581"}],"curies":[{"name":"wp","href":"https:\/\/api.w.org\/{rel}","templated":true}]}}