{"id":857,"date":"2026-01-21T16:29:35","date_gmt":"2026-01-21T15:29:35","guid":{"rendered":"https:\/\/ezoco.eu\/ilumacabinet\/?post_type=product&#038;p=857"},"modified":"2026-02-26T21:44:29","modified_gmt":"2026-02-26T20:44:29","slug":"armario-vesta-ai","status":"publish","type":"product","link":"https:\/\/ezoco.eu\/ilumacabinet\/producto\/armario-vesta-ai\/","title":{"rendered":"Armario-Vesta AI"},"content":{"rendered":"<p data-path-to-node=\"1\">Este armario te va a ayudar a proyectar tu mejor versi\u00f3n cada ma\u00f1ana. Con su acabado en negro profundo y pantalla hologr\u00e1fica, te permite elegir el conjunto ideal sin esfuerzo, haciendo que vestirte se convierta en una experiencia m\u00e1gica y personal.<\/p>\n","protected":false},"excerpt":{"rendered":"<p>Este armario te va a ayudar a proyectar tu mejor versi\u00f3n cada ma\u00f1ana. Con su acabado en negro profundo y pantalla hologr\u00e1fica, te permite elegir el conjunto ideal sin esfuerzo, haciendo que vestirte se convierta en una experiencia m\u00e1gica y personal.<\/p>\n","protected":false},"featured_media":858,"comment_status":"open","ping_status":"closed","template":"","meta":{"inline_featured_image":false,"_genesis_hide_title":false,"_genesis_hide_breadcrumbs":false,"_genesis_hide_singular_image":false,"_genesis_hide_footer_widgets":false,"_genesis_custom_body_class":"","_genesis_custom_post_class":"","_genesis_layout":""},"product_brand":[],"product_cat":[19],"product_tag":[],"class_list":{"0":"post-857","1":"product","2":"type-product","3":"status-publish","4":"has-post-thumbnail","6":"product_cat-ilumacabinet","7":"product_shipping_class-pesado","8":"entry","10":"first","11":"instock","12":"taxable","13":"shipping-taxable","14":"purchasable","15":"product-type-simple"},"yoast_head":"<!-- This site is optimized with the Yoast SEO plugin v27.2 - https:\/\/yoast.com\/product\/yoast-seo-wordpress\/ -->\n<title>Armario-Vesta AI - ilumacabinet<\/title>\n<meta name=\"robots\" content=\"index, follow, max-snippet:-1, max-image-preview:large, max-video-preview:-1\" \/>\n<link rel=\"canonical\" href=\"https:\/\/ezoco.eu\/ilumacabinet\/producto\/armario-vesta-ai\/\" \/>\n<meta property=\"og:locale\" content=\"es_ES\" \/>\n<meta property=\"og:type\" content=\"article\" \/>\n<meta property=\"og:title\" content=\"Armario-Vesta AI - ilumacabinet\" \/>\n<meta property=\"og:description\" content=\"Este armario te va a ayudar a proyectar tu mejor versi\u00f3n cada ma\u00f1ana. Con su acabado en negro profundo y pantalla hologr\u00e1fica, te permite elegir el conjunto ideal sin esfuerzo, haciendo que vestirte se convierta en una experiencia m\u00e1gica y personal.\" \/>\n<meta property=\"og:url\" content=\"https:\/\/ezoco.eu\/ilumacabinet\/producto\/armario-vesta-ai\/\" \/>\n<meta property=\"og:site_name\" content=\"ilumacabinet\" \/>\n<meta property=\"article:modified_time\" content=\"2026-02-26T20:44:29+00:00\" \/>\n<meta property=\"og:image\" content=\"http:\/\/ezoco.eu\/ilumacabinet\/wp-content\/uploads\/sites\/12\/2026\/01\/mytd.png\" \/>\n\t<meta property=\"og:image:width\" content=\"1124\" \/>\n\t<meta property=\"og:image:height\" content=\"776\" \/>\n\t<meta property=\"og:image:type\" content=\"image\/png\" \/>\n<meta name=\"twitter:card\" content=\"summary_large_image\" \/>\n<meta name=\"twitter:label1\" content=\"Tiempo de lectura\" \/>\n\t<meta name=\"twitter:data1\" content=\"1 minuto\" \/>\n<script type=\"application\/ld+json\" class=\"yoast-schema-graph\">{\"@context\":\"https:\/\/schema.org\",\"@graph\":[{\"@type\":\"WebPage\",\"@id\":\"https:\/\/ezoco.eu\/ilumacabinet\/producto\/armario-vesta-ai\/\",\"url\":\"https:\/\/ezoco.eu\/ilumacabinet\/producto\/armario-vesta-ai\/\",\"name\":\"Armario-Vesta AI - ilumacabinet\",\"isPartOf\":{\"@id\":\"https:\/\/ezoco.eu\/ilumacabinet\/#website\"},\"primaryImageOfPage\":{\"@id\":\"https:\/\/ezoco.eu\/ilumacabinet\/producto\/armario-vesta-ai\/#primaryimage\"},\"image\":{\"@id\":\"https:\/\/ezoco.eu\/ilumacabinet\/producto\/armario-vesta-ai\/#primaryimage\"},\"thumbnailUrl\":\"https:\/\/ezoco.eu\/ilumacabinet\/wp-content\/uploads\/sites\/12\/2026\/01\/mytd.png\",\"datePublished\":\"2026-01-21T15:29:35+00:00\",\"dateModified\":\"2026-02-26T20:44:29+00:00\",\"breadcrumb\":{\"@id\":\"https:\/\/ezoco.eu\/ilumacabinet\/producto\/armario-vesta-ai\/#breadcrumb\"},\"inLanguage\":\"es\",\"potentialAction\":[{\"@type\":\"ReadAction\",\"target\":[\"https:\/\/ezoco.eu\/ilumacabinet\/producto\/armario-vesta-ai\/\"]}]},{\"@type\":\"ImageObject\",\"inLanguage\":\"es\",\"@id\":\"https:\/\/ezoco.eu\/ilumacabinet\/producto\/armario-vesta-ai\/#primaryimage\",\"url\":\"https:\/\/ezoco.eu\/ilumacabinet\/wp-content\/uploads\/sites\/12\/2026\/01\/mytd.png\",\"contentUrl\":\"https:\/\/ezoco.eu\/ilumacabinet\/wp-content\/uploads\/sites\/12\/2026\/01\/mytd.png\",\"width\":1124,\"height\":776},{\"@type\":\"BreadcrumbList\",\"@id\":\"https:\/\/ezoco.eu\/ilumacabinet\/producto\/armario-vesta-ai\/#breadcrumb\",\"itemListElement\":[{\"@type\":\"ListItem\",\"position\":1,\"name\":\"Portada\",\"item\":\"https:\/\/ezoco.eu\/ilumacabinet\/\"},{\"@type\":\"ListItem\",\"position\":2,\"name\":\"Tienda\",\"item\":\"https:\/\/ezoco.eu\/ilumacabinet\/tienda\/\"},{\"@type\":\"ListItem\",\"position\":3,\"name\":\"Armario-Vesta AI\"}]},{\"@type\":\"WebSite\",\"@id\":\"https:\/\/ezoco.eu\/ilumacabinet\/#website\",\"url\":\"https:\/\/ezoco.eu\/ilumacabinet\/\",\"name\":\"ilumacabinet\",\"description\":\"\",\"potentialAction\":[{\"@type\":\"SearchAction\",\"target\":{\"@type\":\"EntryPoint\",\"urlTemplate\":\"https:\/\/ezoco.eu\/ilumacabinet\/?s={search_term_string}\"},\"query-input\":{\"@type\":\"PropertyValueSpecification\",\"valueRequired\":true,\"valueName\":\"search_term_string\"}}],\"inLanguage\":\"es\"}]}<\/script>\n<!-- \/ Yoast SEO plugin. -->","yoast_head_json":{"title":"Armario-Vesta AI - ilumacabinet","robots":{"index":"index","follow":"follow","max-snippet":"max-snippet:-1","max-image-preview":"max-image-preview:large","max-video-preview":"max-video-preview:-1"},"canonical":"https:\/\/ezoco.eu\/ilumacabinet\/producto\/armario-vesta-ai\/","og_locale":"es_ES","og_type":"article","og_title":"Armario-Vesta AI - ilumacabinet","og_description":"Este armario te va a ayudar a proyectar tu mejor versi\u00f3n cada ma\u00f1ana. Con su acabado en negro profundo y pantalla hologr\u00e1fica, te permite elegir el conjunto ideal sin esfuerzo, haciendo que vestirte se convierta en una experiencia m\u00e1gica y personal.","og_url":"https:\/\/ezoco.eu\/ilumacabinet\/producto\/armario-vesta-ai\/","og_site_name":"ilumacabinet","article_modified_time":"2026-02-26T20:44:29+00:00","og_image":[{"width":1124,"height":776,"url":"http:\/\/ezoco.eu\/ilumacabinet\/wp-content\/uploads\/sites\/12\/2026\/01\/mytd.png","type":"image\/png"}],"twitter_card":"summary_large_image","twitter_misc":{"Tiempo de lectura":"1 minuto"},"schema":{"@context":"https:\/\/schema.org","@graph":[{"@type":"WebPage","@id":"https:\/\/ezoco.eu\/ilumacabinet\/producto\/armario-vesta-ai\/","url":"https:\/\/ezoco.eu\/ilumacabinet\/producto\/armario-vesta-ai\/","name":"Armario-Vesta AI - ilumacabinet","isPartOf":{"@id":"https:\/\/ezoco.eu\/ilumacabinet\/#website"},"primaryImageOfPage":{"@id":"https:\/\/ezoco.eu\/ilumacabinet\/producto\/armario-vesta-ai\/#primaryimage"},"image":{"@id":"https:\/\/ezoco.eu\/ilumacabinet\/producto\/armario-vesta-ai\/#primaryimage"},"thumbnailUrl":"https:\/\/ezoco.eu\/ilumacabinet\/wp-content\/uploads\/sites\/12\/2026\/01\/mytd.png","datePublished":"2026-01-21T15:29:35+00:00","dateModified":"2026-02-26T20:44:29+00:00","breadcrumb":{"@id":"https:\/\/ezoco.eu\/ilumacabinet\/producto\/armario-vesta-ai\/#breadcrumb"},"inLanguage":"es","potentialAction":[{"@type":"ReadAction","target":["https:\/\/ezoco.eu\/ilumacabinet\/producto\/armario-vesta-ai\/"]}]},{"@type":"ImageObject","inLanguage":"es","@id":"https:\/\/ezoco.eu\/ilumacabinet\/producto\/armario-vesta-ai\/#primaryimage","url":"https:\/\/ezoco.eu\/ilumacabinet\/wp-content\/uploads\/sites\/12\/2026\/01\/mytd.png","contentUrl":"https:\/\/ezoco.eu\/ilumacabinet\/wp-content\/uploads\/sites\/12\/2026\/01\/mytd.png","width":1124,"height":776},{"@type":"BreadcrumbList","@id":"https:\/\/ezoco.eu\/ilumacabinet\/producto\/armario-vesta-ai\/#breadcrumb","itemListElement":[{"@type":"ListItem","position":1,"name":"Portada","item":"https:\/\/ezoco.eu\/ilumacabinet\/"},{"@type":"ListItem","position":2,"name":"Tienda","item":"https:\/\/ezoco.eu\/ilumacabinet\/tienda\/"},{"@type":"ListItem","position":3,"name":"Armario-Vesta AI"}]},{"@type":"WebSite","@id":"https:\/\/ezoco.eu\/ilumacabinet\/#website","url":"https:\/\/ezoco.eu\/ilumacabinet\/","name":"ilumacabinet","description":"","potentialAction":[{"@type":"SearchAction","target":{"@type":"EntryPoint","urlTemplate":"https:\/\/ezoco.eu\/ilumacabinet\/?s={search_term_string}"},"query-input":{"@type":"PropertyValueSpecification","valueRequired":true,"valueName":"search_term_string"}}],"inLanguage":"es"}]}},"_links":{"self":[{"href":"https:\/\/ezoco.eu\/ilumacabinet\/wp-json\/wp\/v2\/product\/857","targetHints":{"allow":["GET"]}}],"collection":[{"href":"https:\/\/ezoco.eu\/ilumacabinet\/wp-json\/wp\/v2\/product"}],"about":[{"href":"https:\/\/ezoco.eu\/ilumacabinet\/wp-json\/wp\/v2\/types\/product"}],"replies":[{"embeddable":true,"href":"https:\/\/ezoco.eu\/ilumacabinet\/wp-json\/wp\/v2\/comments?post=857"}],"wp:featuredmedia":[{"embeddable":true,"href":"https:\/\/ezoco.eu\/ilumacabinet\/wp-json\/wp\/v2\/media\/858"}],"wp:attachment":[{"href":"https:\/\/ezoco.eu\/ilumacabinet\/wp-json\/wp\/v2\/media?parent=857"}],"wp:term":[{"taxonomy":"product_brand","embeddable":true,"href":"https:\/\/ezoco.eu\/ilumacabinet\/wp-json\/wp\/v2\/product_brand?post=857"},{"taxonomy":"product_cat","embeddable":true,"href":"https:\/\/ezoco.eu\/ilumacabinet\/wp-json\/wp\/v2\/product_cat?post=857"},{"taxonomy":"product_tag","embeddable":true,"href":"https:\/\/ezoco.eu\/ilumacabinet\/wp-json\/wp\/v2\/product_tag?post=857"}],"curies":[{"name":"wp","href":"https:\/\/api.w.org\/{rel}","templated":true}]}}