{"id":186,"date":"2026-02-05T17:36:27","date_gmt":"2026-02-05T16:36:27","guid":{"rendered":"https:\/\/ezoco.eu\/laguachintona\/?post_type=product&#038;p=186"},"modified":"2026-02-05T17:36:27","modified_gmt":"2026-02-05T16:36:27","slug":"la-guachintona-lata-33cl","status":"publish","type":"product","link":"https:\/\/ezoco.eu\/laguachintona\/producto\/la-guachintona-lata-33cl\/","title":{"rendered":"La Guachintona Lata 33cl"},"content":{"rendered":"<p data-path-to-node=\"5\"><b data-path-to-node=\"5\" data-index-in-node=\"0\">La Guachintona 33cl: Tu cerveza artesanal con naranja, donde quieras.<\/b><\/p>\n<p data-path-to-node=\"6,0,1\"><span data-path-to-node=\"6,0,1,0\"><b data-path-to-node=\"6,0,1,0\" data-index-in-node=\"0\"><span class=\"citation-191\">Sabor e Ingredientes Naturales:<\/span><\/b><span class=\"citation-191\"> Este producto mantiene la esencia de nuestra receta original, utilizando <\/span><b data-path-to-node=\"6,0,1,0\" data-index-in-node=\"105\"><span class=\"citation-191\">naranja Washington<\/span><\/b><span class=\"citation-191\"> para lograr un perfil de sabor c\u00edtrico, dulce y equilibrado que supera a la Radler tradicional<\/span><\/span><span data-path-to-node=\"6,0,1,2\">. <\/span><span data-path-to-node=\"6,0,1,4\"><span class=\"citation-190\">Est\u00e1 elaborada con m\u00e9todos artesanales e ingredientes naturales de alta calidad, como las espigas de cebada que le dan su cuerpo caracter\u00edstico<\/span><\/span><span data-path-to-node=\"6,0,1,6\">.<\/span><\/p>\n<p data-path-to-node=\"6,1,1\"><span data-path-to-node=\"6,1,1,0\"><b data-path-to-node=\"6,1,1,0\" data-index-in-node=\"0\"><span class=\"citation-189\">Experiencia Ligera:<\/span><\/b><span class=\"citation-189\"> Con una graduaci\u00f3n de <\/span><b data-path-to-node=\"6,1,1,0\" data-index-in-node=\"42\"><span class=\"citation-189\">2,8% vol.<\/span><\/b><span class=\"citation-189\">, es la opci\u00f3n ideal para un consumo social y responsable, ofreciendo una bebida muy refrescante y f\u00e1cil de beber en cualquier momento del d\u00eda<\/span><\/span><span data-path-to-node=\"6,1,1,2\">.<\/span><\/p>\n<p><span data-path-to-node=\"6,2,0,0\"><b data-path-to-node=\"6,2,0,0\" data-index-in-node=\"0\">Ventajas del Formato Lata:<\/b> El envase de 33cl en lata es perfecto para quienes buscan comodidad sin renunciar a la calidad. <\/span><span data-path-to-node=\"6,2,0,2\"><span class=\"citation-188\">La lata protege el l\u00edquido de la luz solar, preservando intactos el aroma y el frescor de la naranja<\/span><\/span><span data-path-to-node=\"6,2,0,4\">. Adem\u00e1s, es un formato ligero, resistente y de enfriado r\u00e1pido, ideal para llevar a la playa, excursiones o reuniones al aire libre.<\/span><\/p>\n<p data-path-to-node=\"6,3,1\"><span data-path-to-node=\"6,3,1,0\"><b data-path-to-node=\"6,3,1,0\" data-index-in-node=\"0\"><span class=\"citation-187\">Identidad Visual:<\/span><\/b><span class=\"citation-187\"> El dise\u00f1o de la lata refleja nuestra identidad con tonos <\/span><b data-path-to-node=\"6,3,1,0\" data-index-in-node=\"75\"><span class=\"citation-187\">naranja intenso y marr\u00f3n dorado<\/span><\/b><span class=\"citation-187\">, evocando tanto la fruta protagonista como la malta artesanal, manteniendo ese toque vintage que nos define<\/span><\/span><\/p>\n","protected":false},"excerpt":{"rendered":"<p><span data-path-to-node=\"2,0\"><b data-path-to-node=\"2,0\" data-index-in-node=\"0\">La Guachintona: El frescor de la naranja Washington, ahora en lata.<\/b> <\/span><span data-path-to-node=\"2,2\"><span class=\"citation-194\">Disfruta de nuestra cerveza artesanal m\u00e1s refrescante en un formato ligero y f\u00e1cil de transportar<\/span><\/span><span data-path-to-node=\"2,4\">. <\/span><span data-path-to-node=\"2,6\"><span class=\"citation-193\">Con solo 2,8% vol., es la combinaci\u00f3n perfecta de malta de cebada y el aroma dulce y c\u00edtrico de la naranja<\/span><\/span><span data-path-to-node=\"2,8\">. <\/span><span data-path-to-node=\"2,10\"><span class=\"citation-192\">Calidad artesanal lista para abrir y disfrutar en cualquier lugar<\/span><\/span><span data-path-to-node=\"2,12\">.<\/span><\/p>\n","protected":false},"featured_media":187,"comment_status":"open","ping_status":"closed","template":"","meta":{"inline_featured_image":false,"_genesis_hide_title":false,"_genesis_hide_breadcrumbs":false,"_genesis_hide_singular_image":false,"_genesis_hide_footer_widgets":false,"_genesis_custom_body_class":"","_genesis_custom_post_class":"","_genesis_layout":""},"product_brand":[],"product_cat":[18],"product_tag":[],"class_list":{"0":"post-186","1":"product","2":"type-product","3":"status-publish","4":"has-post-thumbnail","6":"product_cat-cerveza","7":"entry","9":"first","10":"instock","11":"taxable","12":"shipping-taxable","13":"purchasable","14":"product-type-simple"},"yoast_head":"<!-- This site is optimized with the Yoast SEO plugin v27.2 - https:\/\/yoast.com\/product\/yoast-seo-wordpress\/ -->\n<title>La Guachintona Lata 33cl - La Guachintona<\/title>\n<meta name=\"description\" content=\"Prueba La Guachintona en lata de 33cl: cerveza artesanal con naranja Washington, ligera (2,8% vol.) y 100% natural. El sabor c\u00edtrico m\u00e1s refrescante.\" \/>\n<meta name=\"robots\" content=\"index, follow, max-snippet:-1, max-image-preview:large, max-video-preview:-1\" \/>\n<link rel=\"canonical\" href=\"https:\/\/ezoco.eu\/laguachintona\/producto\/la-guachintona-lata-33cl\/\" \/>\n<meta property=\"og:locale\" content=\"es_ES\" \/>\n<meta property=\"og:type\" content=\"article\" \/>\n<meta property=\"og:title\" content=\"La Guachintona Lata 33cl - La Guachintona\" \/>\n<meta property=\"og:description\" content=\"Prueba La Guachintona en lata de 33cl: cerveza artesanal con naranja Washington, ligera (2,8% vol.) y 100% natural. El sabor c\u00edtrico m\u00e1s refrescante.\" \/>\n<meta property=\"og:url\" content=\"https:\/\/ezoco.eu\/laguachintona\/producto\/la-guachintona-lata-33cl\/\" \/>\n<meta property=\"og:site_name\" content=\"La Guachintona\" \/>\n<meta property=\"og:image\" content=\"http:\/\/ezoco.eu\/laguachintona\/wp-content\/uploads\/sites\/88\/2026\/02\/LATA.png\" \/>\n\t<meta property=\"og:image:width\" content=\"1024\" \/>\n\t<meta property=\"og:image:height\" content=\"1024\" \/>\n\t<meta property=\"og:image:type\" content=\"image\/png\" \/>\n<meta name=\"twitter:card\" content=\"summary_large_image\" \/>\n<meta name=\"twitter:label1\" content=\"Tiempo de lectura\" \/>\n\t<meta name=\"twitter:data1\" content=\"2 minutos\" \/>\n<script type=\"application\/ld+json\" class=\"yoast-schema-graph\">{\"@context\":\"https:\/\/schema.org\",\"@graph\":[{\"@type\":\"WebPage\",\"@id\":\"https:\/\/ezoco.eu\/laguachintona\/producto\/la-guachintona-lata-33cl\/\",\"url\":\"https:\/\/ezoco.eu\/laguachintona\/producto\/la-guachintona-lata-33cl\/\",\"name\":\"La Guachintona Lata 33cl - La Guachintona\",\"isPartOf\":{\"@id\":\"https:\/\/ezoco.eu\/laguachintona\/#website\"},\"primaryImageOfPage\":{\"@id\":\"https:\/\/ezoco.eu\/laguachintona\/producto\/la-guachintona-lata-33cl\/#primaryimage\"},\"image\":{\"@id\":\"https:\/\/ezoco.eu\/laguachintona\/producto\/la-guachintona-lata-33cl\/#primaryimage\"},\"thumbnailUrl\":\"https:\/\/ezoco.eu\/laguachintona\/wp-content\/uploads\/sites\/88\/2026\/02\/LATA.png\",\"datePublished\":\"2026-02-05T16:36:27+00:00\",\"description\":\"Prueba La Guachintona en lata de 33cl: cerveza artesanal con naranja Washington, ligera (2,8% vol.) y 100% natural. El sabor c\u00edtrico m\u00e1s refrescante.\",\"breadcrumb\":{\"@id\":\"https:\/\/ezoco.eu\/laguachintona\/producto\/la-guachintona-lata-33cl\/#breadcrumb\"},\"inLanguage\":\"es\",\"potentialAction\":[{\"@type\":\"ReadAction\",\"target\":[\"https:\/\/ezoco.eu\/laguachintona\/producto\/la-guachintona-lata-33cl\/\"]}]},{\"@type\":\"ImageObject\",\"inLanguage\":\"es\",\"@id\":\"https:\/\/ezoco.eu\/laguachintona\/producto\/la-guachintona-lata-33cl\/#primaryimage\",\"url\":\"https:\/\/ezoco.eu\/laguachintona\/wp-content\/uploads\/sites\/88\/2026\/02\/LATA.png\",\"contentUrl\":\"https:\/\/ezoco.eu\/laguachintona\/wp-content\/uploads\/sites\/88\/2026\/02\/LATA.png\",\"width\":1024,\"height\":1024,\"caption\":\"lata 33cl\"},{\"@type\":\"BreadcrumbList\",\"@id\":\"https:\/\/ezoco.eu\/laguachintona\/producto\/la-guachintona-lata-33cl\/#breadcrumb\",\"itemListElement\":[{\"@type\":\"ListItem\",\"position\":1,\"name\":\"Portada\",\"item\":\"https:\/\/ezoco.eu\/laguachintona\/\"},{\"@type\":\"ListItem\",\"position\":2,\"name\":\"Tienda\",\"item\":\"https:\/\/ezoco.eu\/laguachintona\/tienda\/\"},{\"@type\":\"ListItem\",\"position\":3,\"name\":\"La Guachintona Lata 33cl\"}]},{\"@type\":\"WebSite\",\"@id\":\"https:\/\/ezoco.eu\/laguachintona\/#website\",\"url\":\"https:\/\/ezoco.eu\/laguachintona\/\",\"name\":\"La Guachintona\",\"description\":\"\",\"potentialAction\":[{\"@type\":\"SearchAction\",\"target\":{\"@type\":\"EntryPoint\",\"urlTemplate\":\"https:\/\/ezoco.eu\/laguachintona\/?s={search_term_string}\"},\"query-input\":{\"@type\":\"PropertyValueSpecification\",\"valueRequired\":true,\"valueName\":\"search_term_string\"}}],\"inLanguage\":\"es\"}]}<\/script>\n<!-- \/ Yoast SEO plugin. -->","yoast_head_json":{"title":"La Guachintona Lata 33cl - La Guachintona","description":"Prueba La Guachintona en lata de 33cl: cerveza artesanal con naranja Washington, ligera (2,8% vol.) y 100% natural. El sabor c\u00edtrico m\u00e1s refrescante.","robots":{"index":"index","follow":"follow","max-snippet":"max-snippet:-1","max-image-preview":"max-image-preview:large","max-video-preview":"max-video-preview:-1"},"canonical":"https:\/\/ezoco.eu\/laguachintona\/producto\/la-guachintona-lata-33cl\/","og_locale":"es_ES","og_type":"article","og_title":"La Guachintona Lata 33cl - La Guachintona","og_description":"Prueba La Guachintona en lata de 33cl: cerveza artesanal con naranja Washington, ligera (2,8% vol.) y 100% natural. El sabor c\u00edtrico m\u00e1s refrescante.","og_url":"https:\/\/ezoco.eu\/laguachintona\/producto\/la-guachintona-lata-33cl\/","og_site_name":"La Guachintona","og_image":[{"width":1024,"height":1024,"url":"http:\/\/ezoco.eu\/laguachintona\/wp-content\/uploads\/sites\/88\/2026\/02\/LATA.png","type":"image\/png"}],"twitter_card":"summary_large_image","twitter_misc":{"Tiempo de lectura":"2 minutos"},"schema":{"@context":"https:\/\/schema.org","@graph":[{"@type":"WebPage","@id":"https:\/\/ezoco.eu\/laguachintona\/producto\/la-guachintona-lata-33cl\/","url":"https:\/\/ezoco.eu\/laguachintona\/producto\/la-guachintona-lata-33cl\/","name":"La Guachintona Lata 33cl - La Guachintona","isPartOf":{"@id":"https:\/\/ezoco.eu\/laguachintona\/#website"},"primaryImageOfPage":{"@id":"https:\/\/ezoco.eu\/laguachintona\/producto\/la-guachintona-lata-33cl\/#primaryimage"},"image":{"@id":"https:\/\/ezoco.eu\/laguachintona\/producto\/la-guachintona-lata-33cl\/#primaryimage"},"thumbnailUrl":"https:\/\/ezoco.eu\/laguachintona\/wp-content\/uploads\/sites\/88\/2026\/02\/LATA.png","datePublished":"2026-02-05T16:36:27+00:00","description":"Prueba La Guachintona en lata de 33cl: cerveza artesanal con naranja Washington, ligera (2,8% vol.) y 100% natural. El sabor c\u00edtrico m\u00e1s refrescante.","breadcrumb":{"@id":"https:\/\/ezoco.eu\/laguachintona\/producto\/la-guachintona-lata-33cl\/#breadcrumb"},"inLanguage":"es","potentialAction":[{"@type":"ReadAction","target":["https:\/\/ezoco.eu\/laguachintona\/producto\/la-guachintona-lata-33cl\/"]}]},{"@type":"ImageObject","inLanguage":"es","@id":"https:\/\/ezoco.eu\/laguachintona\/producto\/la-guachintona-lata-33cl\/#primaryimage","url":"https:\/\/ezoco.eu\/laguachintona\/wp-content\/uploads\/sites\/88\/2026\/02\/LATA.png","contentUrl":"https:\/\/ezoco.eu\/laguachintona\/wp-content\/uploads\/sites\/88\/2026\/02\/LATA.png","width":1024,"height":1024,"caption":"lata 33cl"},{"@type":"BreadcrumbList","@id":"https:\/\/ezoco.eu\/laguachintona\/producto\/la-guachintona-lata-33cl\/#breadcrumb","itemListElement":[{"@type":"ListItem","position":1,"name":"Portada","item":"https:\/\/ezoco.eu\/laguachintona\/"},{"@type":"ListItem","position":2,"name":"Tienda","item":"https:\/\/ezoco.eu\/laguachintona\/tienda\/"},{"@type":"ListItem","position":3,"name":"La Guachintona Lata 33cl"}]},{"@type":"WebSite","@id":"https:\/\/ezoco.eu\/laguachintona\/#website","url":"https:\/\/ezoco.eu\/laguachintona\/","name":"La Guachintona","description":"","potentialAction":[{"@type":"SearchAction","target":{"@type":"EntryPoint","urlTemplate":"https:\/\/ezoco.eu\/laguachintona\/?s={search_term_string}"},"query-input":{"@type":"PropertyValueSpecification","valueRequired":true,"valueName":"search_term_string"}}],"inLanguage":"es"}]}},"_links":{"self":[{"href":"https:\/\/ezoco.eu\/laguachintona\/wp-json\/wp\/v2\/product\/186","targetHints":{"allow":["GET"]}}],"collection":[{"href":"https:\/\/ezoco.eu\/laguachintona\/wp-json\/wp\/v2\/product"}],"about":[{"href":"https:\/\/ezoco.eu\/laguachintona\/wp-json\/wp\/v2\/types\/product"}],"replies":[{"embeddable":true,"href":"https:\/\/ezoco.eu\/laguachintona\/wp-json\/wp\/v2\/comments?post=186"}],"wp:featuredmedia":[{"embeddable":true,"href":"https:\/\/ezoco.eu\/laguachintona\/wp-json\/wp\/v2\/media\/187"}],"wp:attachment":[{"href":"https:\/\/ezoco.eu\/laguachintona\/wp-json\/wp\/v2\/media?parent=186"}],"wp:term":[{"taxonomy":"product_brand","embeddable":true,"href":"https:\/\/ezoco.eu\/laguachintona\/wp-json\/wp\/v2\/product_brand?post=186"},{"taxonomy":"product_cat","embeddable":true,"href":"https:\/\/ezoco.eu\/laguachintona\/wp-json\/wp\/v2\/product_cat?post=186"},{"taxonomy":"product_tag","embeddable":true,"href":"https:\/\/ezoco.eu\/laguachintona\/wp-json\/wp\/v2\/product_tag?post=186"}],"curies":[{"name":"wp","href":"https:\/\/api.w.org\/{rel}","templated":true}]}}