{"id":237,"date":"2026-02-06T17:06:49","date_gmt":"2026-02-06T16:06:49","guid":{"rendered":"https:\/\/ezoco.eu\/laguachintona\/?post_type=product&#038;p=237"},"modified":"2026-02-06T17:08:07","modified_gmt":"2026-02-06T16:08:07","slug":"abrebotellas-con-recogedor-de-chapas-abridor-de-botellas-con-palanca-regalo-hombre-practico-para-papa-esposo-y-amigos-ideal-para-cocina-bar-y-exteriores","status":"publish","type":"product","link":"https:\/\/ezoco.eu\/laguachintona\/producto\/abrebotellas-con-recogedor-de-chapas-abridor-de-botellas-con-palanca-regalo-hombre-practico-para-papa-esposo-y-amigos-ideal-para-cocina-bar-y-exteriores\/","title":{"rendered":"Abrebotellas con Recogedor de Chapas, Abridor de Botellas con Palanca, Regalo Hombre Pr\u00e1ctico para Pap\u00e1, Esposo y Amigos, Ideal para Cocina, Bar y Exteriores"},"content":{"rendered":"<h1 class=\"a-size-base-plus a-text-bold\">Acerca de este producto<\/h1>\n<p><span class=\"a-list-item\">\u3010Abrebotellas con palanca\u3011Este abrebotellas abre chapas de cerveza con facilidad gracias a su sistema de palanca. Perfecto para cervezas y refrescos &#8211; sin esfuerzo.<\/span><\/p>\n<p><span class=\"a-list-item\">\u3010Recolector de chapas integrado\u3011El dep\u00f3sito integrado recoge autom\u00e1ticamente todas las chapas. Se acabaron las chapas esparcidas &#8211; para m\u00e1s orden y limpieza.<\/span><\/p>\n<p><span class=\"a-list-item\">\u3010Robusto y duradero\u3011Fabricado en pl\u00e1stico de alta calidad con base de silicona antideslizante. Estable y sin \u00f3xido, perfecto para uso diario.<\/span><\/p>\n<p><span class=\"a-list-item\">\u3010Para toda ocasi\u00f3n\u3011Ya sea en casa, en el jard\u00edn, en fiestas o camping &#8211; este abrebotellas compacto siempre es el compa\u00f1ero ideal.<\/span><\/p>\n<p><span class=\"a-list-item\">\u3010Regalo perfecto\u3011El regalo perfecto para padres, esposos y amigos. Muy apreciado en Navidad, cumplea\u00f1os o como detalle.<\/span><\/p>\n","protected":false},"excerpt":{"rendered":"<p>Acerca de este producto \u3010Abrebotellas con palanca\u3011Este abrebotellas abre chapas de cerveza con facilidad gracias a su sistema de palanca. Perfecto para cervezas y refrescos &#8211; sin esfuerzo. \u3010Recolector de chapas integrado\u3011El dep\u00f3sito integrado recoge autom\u00e1ticamente todas las chapas. Se acabaron las chapas esparcidas &#8211; para m\u00e1s orden y limpieza. \u3010Robusto y duradero\u3011Fabricado en pl\u00e1stico [&hellip;]<\/p>\n","protected":false},"featured_media":239,"comment_status":"open","ping_status":"closed","template":"","meta":{"inline_featured_image":false,"_genesis_hide_title":false,"_genesis_hide_breadcrumbs":false,"_genesis_hide_singular_image":false,"_genesis_hide_footer_widgets":false,"_genesis_custom_body_class":"","_genesis_custom_post_class":"","_genesis_layout":""},"product_brand":[],"product_cat":[18],"product_tag":[],"class_list":{"0":"post-237","1":"product","2":"type-product","3":"status-publish","4":"has-post-thumbnail","6":"product_cat-cerveza","7":"entry","9":"first","10":"instock","11":"shipping-taxable","12":"product-type-external"},"yoast_head":"<!-- This site is optimized with the Yoast SEO plugin v27.2 - https:\/\/yoast.com\/product\/yoast-seo-wordpress\/ -->\n<title>Abrebotellas con Recogedor de Chapas, Abridor de Botellas con Palanca, Regalo Hombre Pr\u00e1ctico para Pap\u00e1, Esposo y Amigos, Ideal para Cocina, Bar y Exteriores - La Guachintona<\/title>\n<meta name=\"description\" content=\"Abrebotellas con Recogedor de Chapas, Abridor de Botellas con Palanca, Regalo Hombre Pr\u00e1ctico para Pap\u00e1, Esposo y Amigos, Ideal para Cocina.\" \/>\n<meta name=\"robots\" content=\"index, follow, max-snippet:-1, max-image-preview:large, max-video-preview:-1\" \/>\n<link rel=\"canonical\" href=\"https:\/\/ezoco.eu\/laguachintona\/producto\/abrebotellas-con-recogedor-de-chapas-abridor-de-botellas-con-palanca-regalo-hombre-practico-para-papa-esposo-y-amigos-ideal-para-cocina-bar-y-exteriores\/\" \/>\n<meta property=\"og:locale\" content=\"es_ES\" \/>\n<meta property=\"og:type\" content=\"article\" \/>\n<meta property=\"og:title\" content=\"Abrebotellas con Recogedor de Chapas, Abridor de Botellas con Palanca, Regalo Hombre Pr\u00e1ctico para Pap\u00e1, Esposo y Amigos, Ideal para Cocina, Bar y Exteriores - La Guachintona\" \/>\n<meta property=\"og:description\" content=\"Abrebotellas con Recogedor de Chapas, Abridor de Botellas con Palanca, Regalo Hombre Pr\u00e1ctico para Pap\u00e1, Esposo y Amigos, Ideal para Cocina.\" \/>\n<meta property=\"og:url\" content=\"https:\/\/ezoco.eu\/laguachintona\/producto\/abrebotellas-con-recogedor-de-chapas-abridor-de-botellas-con-palanca-regalo-hombre-practico-para-papa-esposo-y-amigos-ideal-para-cocina-bar-y-exteriores\/\" \/>\n<meta property=\"og:site_name\" content=\"La Guachintona\" \/>\n<meta property=\"article:modified_time\" content=\"2026-02-06T16:08:07+00:00\" \/>\n<meta property=\"og:image\" content=\"http:\/\/ezoco.eu\/laguachintona\/wp-content\/uploads\/sites\/88\/2026\/02\/chapa3.jpg\" \/>\n\t<meta property=\"og:image:width\" content=\"1500\" \/>\n\t<meta property=\"og:image:height\" content=\"1500\" \/>\n\t<meta property=\"og:image:type\" content=\"image\/jpeg\" \/>\n<meta name=\"twitter:card\" content=\"summary_large_image\" \/>\n<meta name=\"twitter:label1\" content=\"Tiempo de lectura\" \/>\n\t<meta name=\"twitter:data1\" content=\"1 minuto\" \/>\n<script type=\"application\/ld+json\" class=\"yoast-schema-graph\">{\"@context\":\"https:\/\/schema.org\",\"@graph\":[{\"@type\":\"WebPage\",\"@id\":\"https:\/\/ezoco.eu\/laguachintona\/producto\/abrebotellas-con-recogedor-de-chapas-abridor-de-botellas-con-palanca-regalo-hombre-practico-para-papa-esposo-y-amigos-ideal-para-cocina-bar-y-exteriores\/\",\"url\":\"https:\/\/ezoco.eu\/laguachintona\/producto\/abrebotellas-con-recogedor-de-chapas-abridor-de-botellas-con-palanca-regalo-hombre-practico-para-papa-esposo-y-amigos-ideal-para-cocina-bar-y-exteriores\/\",\"name\":\"Abrebotellas con Recogedor de Chapas, Abridor de Botellas con Palanca, Regalo Hombre Pr\u00e1ctico para Pap\u00e1, Esposo y Amigos, Ideal para Cocina, Bar y Exteriores - La Guachintona\",\"isPartOf\":{\"@id\":\"https:\/\/ezoco.eu\/laguachintona\/#website\"},\"primaryImageOfPage\":{\"@id\":\"https:\/\/ezoco.eu\/laguachintona\/producto\/abrebotellas-con-recogedor-de-chapas-abridor-de-botellas-con-palanca-regalo-hombre-practico-para-papa-esposo-y-amigos-ideal-para-cocina-bar-y-exteriores\/#primaryimage\"},\"image\":{\"@id\":\"https:\/\/ezoco.eu\/laguachintona\/producto\/abrebotellas-con-recogedor-de-chapas-abridor-de-botellas-con-palanca-regalo-hombre-practico-para-papa-esposo-y-amigos-ideal-para-cocina-bar-y-exteriores\/#primaryimage\"},\"thumbnailUrl\":\"https:\/\/ezoco.eu\/laguachintona\/wp-content\/uploads\/sites\/88\/2026\/02\/chapa3.jpg\",\"datePublished\":\"2026-02-06T16:06:49+00:00\",\"dateModified\":\"2026-02-06T16:08:07+00:00\",\"description\":\"Abrebotellas con Recogedor de Chapas, Abridor de Botellas con Palanca, Regalo Hombre Pr\u00e1ctico para Pap\u00e1, Esposo y Amigos, Ideal para Cocina.\",\"breadcrumb\":{\"@id\":\"https:\/\/ezoco.eu\/laguachintona\/producto\/abrebotellas-con-recogedor-de-chapas-abridor-de-botellas-con-palanca-regalo-hombre-practico-para-papa-esposo-y-amigos-ideal-para-cocina-bar-y-exteriores\/#breadcrumb\"},\"inLanguage\":\"es\",\"potentialAction\":[{\"@type\":\"ReadAction\",\"target\":[\"https:\/\/ezoco.eu\/laguachintona\/producto\/abrebotellas-con-recogedor-de-chapas-abridor-de-botellas-con-palanca-regalo-hombre-practico-para-papa-esposo-y-amigos-ideal-para-cocina-bar-y-exteriores\/\"]}]},{\"@type\":\"ImageObject\",\"inLanguage\":\"es\",\"@id\":\"https:\/\/ezoco.eu\/laguachintona\/producto\/abrebotellas-con-recogedor-de-chapas-abridor-de-botellas-con-palanca-regalo-hombre-practico-para-papa-esposo-y-amigos-ideal-para-cocina-bar-y-exteriores\/#primaryimage\",\"url\":\"https:\/\/ezoco.eu\/laguachintona\/wp-content\/uploads\/sites\/88\/2026\/02\/chapa3.jpg\",\"contentUrl\":\"https:\/\/ezoco.eu\/laguachintona\/wp-content\/uploads\/sites\/88\/2026\/02\/chapa3.jpg\",\"width\":1500,\"height\":1500},{\"@type\":\"BreadcrumbList\",\"@id\":\"https:\/\/ezoco.eu\/laguachintona\/producto\/abrebotellas-con-recogedor-de-chapas-abridor-de-botellas-con-palanca-regalo-hombre-practico-para-papa-esposo-y-amigos-ideal-para-cocina-bar-y-exteriores\/#breadcrumb\",\"itemListElement\":[{\"@type\":\"ListItem\",\"position\":1,\"name\":\"Portada\",\"item\":\"https:\/\/ezoco.eu\/laguachintona\/\"},{\"@type\":\"ListItem\",\"position\":2,\"name\":\"Tienda\",\"item\":\"https:\/\/ezoco.eu\/laguachintona\/tienda\/\"},{\"@type\":\"ListItem\",\"position\":3,\"name\":\"Abrebotellas con Recogedor de Chapas, Abridor de Botellas con Palanca, Regalo Hombre Pr\u00e1ctico para Pap\u00e1, Esposo y Amigos, Ideal para Cocina, Bar y Exteriores\"}]},{\"@type\":\"WebSite\",\"@id\":\"https:\/\/ezoco.eu\/laguachintona\/#website\",\"url\":\"https:\/\/ezoco.eu\/laguachintona\/\",\"name\":\"La Guachintona\",\"description\":\"\",\"potentialAction\":[{\"@type\":\"SearchAction\",\"target\":{\"@type\":\"EntryPoint\",\"urlTemplate\":\"https:\/\/ezoco.eu\/laguachintona\/?s={search_term_string}\"},\"query-input\":{\"@type\":\"PropertyValueSpecification\",\"valueRequired\":true,\"valueName\":\"search_term_string\"}}],\"inLanguage\":\"es\"}]}<\/script>\n<!-- \/ Yoast SEO plugin. -->","yoast_head_json":{"title":"Abrebotellas con Recogedor de Chapas, Abridor de Botellas con Palanca, Regalo Hombre Pr\u00e1ctico para Pap\u00e1, Esposo y Amigos, Ideal para Cocina, Bar y Exteriores - La Guachintona","description":"Abrebotellas con Recogedor de Chapas, Abridor de Botellas con Palanca, Regalo Hombre Pr\u00e1ctico para Pap\u00e1, Esposo y Amigos, Ideal para Cocina.","robots":{"index":"index","follow":"follow","max-snippet":"max-snippet:-1","max-image-preview":"max-image-preview:large","max-video-preview":"max-video-preview:-1"},"canonical":"https:\/\/ezoco.eu\/laguachintona\/producto\/abrebotellas-con-recogedor-de-chapas-abridor-de-botellas-con-palanca-regalo-hombre-practico-para-papa-esposo-y-amigos-ideal-para-cocina-bar-y-exteriores\/","og_locale":"es_ES","og_type":"article","og_title":"Abrebotellas con Recogedor de Chapas, Abridor de Botellas con Palanca, Regalo Hombre Pr\u00e1ctico para Pap\u00e1, Esposo y Amigos, Ideal para Cocina, Bar y Exteriores - La Guachintona","og_description":"Abrebotellas con Recogedor de Chapas, Abridor de Botellas con Palanca, Regalo Hombre Pr\u00e1ctico para Pap\u00e1, Esposo y Amigos, Ideal para Cocina.","og_url":"https:\/\/ezoco.eu\/laguachintona\/producto\/abrebotellas-con-recogedor-de-chapas-abridor-de-botellas-con-palanca-regalo-hombre-practico-para-papa-esposo-y-amigos-ideal-para-cocina-bar-y-exteriores\/","og_site_name":"La Guachintona","article_modified_time":"2026-02-06T16:08:07+00:00","og_image":[{"width":1500,"height":1500,"url":"http:\/\/ezoco.eu\/laguachintona\/wp-content\/uploads\/sites\/88\/2026\/02\/chapa3.jpg","type":"image\/jpeg"}],"twitter_card":"summary_large_image","twitter_misc":{"Tiempo de lectura":"1 minuto"},"schema":{"@context":"https:\/\/schema.org","@graph":[{"@type":"WebPage","@id":"https:\/\/ezoco.eu\/laguachintona\/producto\/abrebotellas-con-recogedor-de-chapas-abridor-de-botellas-con-palanca-regalo-hombre-practico-para-papa-esposo-y-amigos-ideal-para-cocina-bar-y-exteriores\/","url":"https:\/\/ezoco.eu\/laguachintona\/producto\/abrebotellas-con-recogedor-de-chapas-abridor-de-botellas-con-palanca-regalo-hombre-practico-para-papa-esposo-y-amigos-ideal-para-cocina-bar-y-exteriores\/","name":"Abrebotellas con Recogedor de Chapas, Abridor de Botellas con Palanca, Regalo Hombre Pr\u00e1ctico para Pap\u00e1, Esposo y Amigos, Ideal para Cocina, Bar y Exteriores - La Guachintona","isPartOf":{"@id":"https:\/\/ezoco.eu\/laguachintona\/#website"},"primaryImageOfPage":{"@id":"https:\/\/ezoco.eu\/laguachintona\/producto\/abrebotellas-con-recogedor-de-chapas-abridor-de-botellas-con-palanca-regalo-hombre-practico-para-papa-esposo-y-amigos-ideal-para-cocina-bar-y-exteriores\/#primaryimage"},"image":{"@id":"https:\/\/ezoco.eu\/laguachintona\/producto\/abrebotellas-con-recogedor-de-chapas-abridor-de-botellas-con-palanca-regalo-hombre-practico-para-papa-esposo-y-amigos-ideal-para-cocina-bar-y-exteriores\/#primaryimage"},"thumbnailUrl":"https:\/\/ezoco.eu\/laguachintona\/wp-content\/uploads\/sites\/88\/2026\/02\/chapa3.jpg","datePublished":"2026-02-06T16:06:49+00:00","dateModified":"2026-02-06T16:08:07+00:00","description":"Abrebotellas con Recogedor de Chapas, Abridor de Botellas con Palanca, Regalo Hombre Pr\u00e1ctico para Pap\u00e1, Esposo y Amigos, Ideal para Cocina.","breadcrumb":{"@id":"https:\/\/ezoco.eu\/laguachintona\/producto\/abrebotellas-con-recogedor-de-chapas-abridor-de-botellas-con-palanca-regalo-hombre-practico-para-papa-esposo-y-amigos-ideal-para-cocina-bar-y-exteriores\/#breadcrumb"},"inLanguage":"es","potentialAction":[{"@type":"ReadAction","target":["https:\/\/ezoco.eu\/laguachintona\/producto\/abrebotellas-con-recogedor-de-chapas-abridor-de-botellas-con-palanca-regalo-hombre-practico-para-papa-esposo-y-amigos-ideal-para-cocina-bar-y-exteriores\/"]}]},{"@type":"ImageObject","inLanguage":"es","@id":"https:\/\/ezoco.eu\/laguachintona\/producto\/abrebotellas-con-recogedor-de-chapas-abridor-de-botellas-con-palanca-regalo-hombre-practico-para-papa-esposo-y-amigos-ideal-para-cocina-bar-y-exteriores\/#primaryimage","url":"https:\/\/ezoco.eu\/laguachintona\/wp-content\/uploads\/sites\/88\/2026\/02\/chapa3.jpg","contentUrl":"https:\/\/ezoco.eu\/laguachintona\/wp-content\/uploads\/sites\/88\/2026\/02\/chapa3.jpg","width":1500,"height":1500},{"@type":"BreadcrumbList","@id":"https:\/\/ezoco.eu\/laguachintona\/producto\/abrebotellas-con-recogedor-de-chapas-abridor-de-botellas-con-palanca-regalo-hombre-practico-para-papa-esposo-y-amigos-ideal-para-cocina-bar-y-exteriores\/#breadcrumb","itemListElement":[{"@type":"ListItem","position":1,"name":"Portada","item":"https:\/\/ezoco.eu\/laguachintona\/"},{"@type":"ListItem","position":2,"name":"Tienda","item":"https:\/\/ezoco.eu\/laguachintona\/tienda\/"},{"@type":"ListItem","position":3,"name":"Abrebotellas con Recogedor de Chapas, Abridor de Botellas con Palanca, Regalo Hombre Pr\u00e1ctico para Pap\u00e1, Esposo y Amigos, Ideal para Cocina, Bar y Exteriores"}]},{"@type":"WebSite","@id":"https:\/\/ezoco.eu\/laguachintona\/#website","url":"https:\/\/ezoco.eu\/laguachintona\/","name":"La Guachintona","description":"","potentialAction":[{"@type":"SearchAction","target":{"@type":"EntryPoint","urlTemplate":"https:\/\/ezoco.eu\/laguachintona\/?s={search_term_string}"},"query-input":{"@type":"PropertyValueSpecification","valueRequired":true,"valueName":"search_term_string"}}],"inLanguage":"es"}]}},"_links":{"self":[{"href":"https:\/\/ezoco.eu\/laguachintona\/wp-json\/wp\/v2\/product\/237","targetHints":{"allow":["GET"]}}],"collection":[{"href":"https:\/\/ezoco.eu\/laguachintona\/wp-json\/wp\/v2\/product"}],"about":[{"href":"https:\/\/ezoco.eu\/laguachintona\/wp-json\/wp\/v2\/types\/product"}],"replies":[{"embeddable":true,"href":"https:\/\/ezoco.eu\/laguachintona\/wp-json\/wp\/v2\/comments?post=237"}],"wp:featuredmedia":[{"embeddable":true,"href":"https:\/\/ezoco.eu\/laguachintona\/wp-json\/wp\/v2\/media\/239"}],"wp:attachment":[{"href":"https:\/\/ezoco.eu\/laguachintona\/wp-json\/wp\/v2\/media?parent=237"}],"wp:term":[{"taxonomy":"product_brand","embeddable":true,"href":"https:\/\/ezoco.eu\/laguachintona\/wp-json\/wp\/v2\/product_brand?post=237"},{"taxonomy":"product_cat","embeddable":true,"href":"https:\/\/ezoco.eu\/laguachintona\/wp-json\/wp\/v2\/product_cat?post=237"},{"taxonomy":"product_tag","embeddable":true,"href":"https:\/\/ezoco.eu\/laguachintona\/wp-json\/wp\/v2\/product_tag?post=237"}],"curies":[{"name":"wp","href":"https:\/\/api.w.org\/{rel}","templated":true}]}}