{"id":37,"date":"2026-01-14T19:58:15","date_gmt":"2026-01-14T18:58:15","guid":{"rendered":"https:\/\/ezoco.eu\/laguachintona\/?post_type=product&#038;p=37"},"modified":"2026-02-06T18:13:49","modified_gmt":"2026-02-06T17:13:49","slug":"cerveza","status":"publish","type":"product","link":"https:\/\/ezoco.eu\/laguachintona\/producto\/cerveza\/","title":{"rendered":"La Guachintona Botella 33cl"},"content":{"rendered":"<p data-path-to-node=\"5\"><b data-path-to-node=\"5\" data-index-in-node=\"0\">Ficha del producto: La Guachintona 33cl<\/b><\/p>\n<p data-path-to-node=\"6,0,1\"><span data-path-to-node=\"6,0,1,0\"><b data-path-to-node=\"6,0,1,0\" data-index-in-node=\"0\"><span class=\"citation-105\">Ingredientes y Base:<\/span><\/b><span class=\"citation-105\"> Se trata de una cerveza de elaboraci\u00f3n <\/span><b data-path-to-node=\"6,0,1,0\" data-index-in-node=\"60\"><span class=\"citation-105\">100% artesanal<\/span><\/b><\/span><span data-path-to-node=\"6,0,1,2\">. <\/span><span data-path-to-node=\"6,0,1,4\"><span class=\"citation-104\">Su receta utiliza ingredientes naturales seleccionados, donde destacan las espigas de cebada que le aportan su estructura y <\/span><\/span><\/p>\n<p data-path-to-node=\"6,1,1\"><span data-path-to-node=\"6,1,1,0\"><b data-path-to-node=\"6,1,1,0\" data-index-in-node=\"0\"><span class=\"citation-103\">Perfil C\u00edtrico (Naranja Washington):<\/span><\/b><span class=\"citation-103\"> El elemento diferencial es la incorporaci\u00f3n de la <\/span><b data-path-to-node=\"6,1,1,0\" data-index-in-node=\"87\"><span class=\"citation-103\">naranja Washington<\/span><\/b><span class=\"citation-103\">, una variedad reconocida por su intenso aroma y frescura<\/span><\/span><span data-path-to-node=\"6,1,1,2\">. <\/span><span data-path-to-node=\"6,1,1,4\"><span class=\"citation-102\">A diferencia de las Radler industriales que suelen ser \u00e1cidas por el lim\u00f3n, este producto ofrece un sabor m\u00e1s <\/span><b data-path-to-node=\"6,1,1,4\" data-index-in-node=\"110\"><span class=\"citation-102\">dulce, c\u00edtrico y equilibrado<\/span><\/b><\/span><span data-path-to-node=\"6,1,1,6\">.<\/span><\/p>\n<p data-path-to-node=\"6,2,1\"><span data-path-to-node=\"6,2,1,0\"><b data-path-to-node=\"6,2,1,0\" data-index-in-node=\"0\"><span class=\"citation-101\">Notas de Cata:<\/span><\/b><span class=\"citation-101\"> Al servirla, presenta una paleta de colores que oscila entre el <\/span><b data-path-to-node=\"6,2,1,0\" data-index-in-node=\"79\"><span class=\"citation-101\">marr\u00f3n dorado<\/span><\/b><span class=\"citation-101\"> de la malta y los reflejos brillantes del <\/span><b data-path-to-node=\"6,2,1,0\" data-index-in-node=\"135\"><span class=\"citation-101\">naranja intenso<\/span><\/b><\/span><span data-path-to-node=\"6,2,1,2\">. <\/span><span data-path-to-node=\"6,2,1,4\"><span class=\"citation-100\">En nariz, destaca inmediatamente el frescor de la fruta reci\u00e9n cortada<\/span><\/span><span data-path-to-node=\"6,2,1,6\">. <\/span><span data-path-to-node=\"6,2,1,8\"><span class=\"citation-99\">En boca es ligera, de trago f\u00e1cil y muy refrescante<\/span><\/span><span data-path-to-node=\"6,2,1,10\">.<\/span><\/p>\n<p data-path-to-node=\"6,3,1\"><span data-path-to-node=\"6,3,1,0\"><b data-path-to-node=\"6,3,1,0\" data-index-in-node=\"0\"><span class=\"citation-98\">Graduaci\u00f3n y Estilo:<\/span><\/b><span class=\"citation-98\"> Es una cerveza de <\/span><b data-path-to-node=\"6,3,1,0\" data-index-in-node=\"39\"><span class=\"citation-98\">baja graduaci\u00f3n alcoh\u00f3lica (2,8%)<\/span><\/b><\/span><span data-path-to-node=\"6,3,1,2\">. <\/span><span data-path-to-node=\"6,3,1,4\"><span class=\"citation-97\">Esto la posiciona como una bebida funcional para cualquier momento del d\u00eda, permitiendo disfrutar de todo el sabor de una artesanal sin la pesadez de una graduaci\u00f3n elevada<\/span><\/span><span data-path-to-node=\"6,3,1,6\">.<\/span><\/p>\n<p data-path-to-node=\"6,4,1\"><span data-path-to-node=\"6,4,1,0\"><b data-path-to-node=\"6,4,1,0\" data-index-in-node=\"0\"><span class=\"citation-96\">Presentaci\u00f3n:<\/span><\/b><span class=\"citation-96\"> Se comercializa en formato de 33cl, el tama\u00f1o est\u00e1ndar que garantiza que la cerveza mantenga su temperatura y carbonataci\u00f3n \u00f3ptimas desde el primer hasta el \u00faltimo sorbo.<\/span><\/span><\/p>\n","protected":false},"excerpt":{"rendered":"<p><span data-path-to-node=\"3,0\"><b data-path-to-node=\"3,0\" data-index-in-node=\"0\"><span class=\"citation-71\">La Guachintona (33cl): Autenticidad artesanal con \u00abacento andaluz\u00bb.<\/span><\/b> <\/span><span data-path-to-node=\"3,3\"><span class=\"citation-70\">Descubre una cerveza ligera y refrescante, elaborada artesanalmente con toques naturales de <\/span><b data-path-to-node=\"3,3\" data-index-in-node=\"92\"><span class=\"citation-70\">naranja Washington<\/span><\/b><span class=\"citation-70\">. <\/span><\/span><span data-path-to-node=\"3,6\"><span class=\"citation-69\">Con solo 2,8% de graduaci\u00f3n, es la alternativa perfecta a la Radler tradicional: m\u00e1s fresca, m\u00e1s c\u00edtrica y con una historia \u00fanica en cada sorbo.<\/span><\/span><\/p>\n","protected":false},"featured_media":95,"comment_status":"open","ping_status":"closed","template":"","meta":{"inline_featured_image":false,"_genesis_hide_title":false,"_genesis_hide_breadcrumbs":false,"_genesis_hide_singular_image":false,"_genesis_hide_footer_widgets":false,"_genesis_custom_body_class":"","_genesis_custom_post_class":"","_genesis_layout":""},"product_brand":[],"product_cat":[18],"product_tag":[],"class_list":{"0":"post-37","1":"product","2":"type-product","3":"status-publish","4":"has-post-thumbnail","6":"product_cat-cerveza","7":"entry","9":"first","10":"instock","11":"taxable","12":"shipping-taxable","13":"purchasable","14":"product-type-simple"},"yoast_head":"<!-- This site is optimized with the Yoast SEO plugin v27.2 - https:\/\/yoast.com\/product\/yoast-seo-wordpress\/ -->\n<title>La Guachintona Botella 33cl - La Guachintona<\/title>\n<meta name=\"description\" content=\"Descubre La Guachintona, una cerveza artesanal de 33cl con toques naturales de naranja Washington. Refrescante, ligera (2,8% vol.)\" \/>\n<meta name=\"robots\" content=\"index, follow, max-snippet:-1, max-image-preview:large, max-video-preview:-1\" \/>\n<link rel=\"canonical\" href=\"https:\/\/ezoco.eu\/laguachintona\/producto\/cerveza\/\" \/>\n<meta property=\"og:locale\" content=\"es_ES\" \/>\n<meta property=\"og:type\" content=\"article\" \/>\n<meta property=\"og:title\" content=\"La Guachintona Botella 33cl - La Guachintona\" \/>\n<meta property=\"og:description\" content=\"Descubre La Guachintona, una cerveza artesanal de 33cl con toques naturales de naranja Washington. Refrescante, ligera (2,8% vol.)\" \/>\n<meta property=\"og:url\" content=\"https:\/\/ezoco.eu\/laguachintona\/producto\/cerveza\/\" \/>\n<meta property=\"og:site_name\" content=\"La Guachintona\" \/>\n<meta property=\"article:modified_time\" content=\"2026-02-06T17:13:49+00:00\" \/>\n<meta property=\"og:image\" content=\"http:\/\/ezoco.eu\/laguachintona\/wp-content\/uploads\/sites\/88\/2026\/01\/Gemini_Generated_Image_30w58830w58830w5-1.png\" \/>\n\t<meta property=\"og:image:width\" content=\"1024\" \/>\n\t<meta property=\"og:image:height\" content=\"1024\" \/>\n\t<meta property=\"og:image:type\" content=\"image\/png\" \/>\n<meta name=\"twitter:card\" content=\"summary_large_image\" \/>\n<meta name=\"twitter:label1\" content=\"Tiempo de lectura\" \/>\n\t<meta name=\"twitter:data1\" content=\"2 minutos\" \/>\n<script type=\"application\/ld+json\" class=\"yoast-schema-graph\">{\"@context\":\"https:\/\/schema.org\",\"@graph\":[{\"@type\":\"WebPage\",\"@id\":\"https:\/\/ezoco.eu\/laguachintona\/producto\/cerveza\/\",\"url\":\"https:\/\/ezoco.eu\/laguachintona\/producto\/cerveza\/\",\"name\":\"La Guachintona Botella 33cl - La Guachintona\",\"isPartOf\":{\"@id\":\"https:\/\/ezoco.eu\/laguachintona\/#website\"},\"primaryImageOfPage\":{\"@id\":\"https:\/\/ezoco.eu\/laguachintona\/producto\/cerveza\/#primaryimage\"},\"image\":{\"@id\":\"https:\/\/ezoco.eu\/laguachintona\/producto\/cerveza\/#primaryimage\"},\"thumbnailUrl\":\"https:\/\/ezoco.eu\/laguachintona\/wp-content\/uploads\/sites\/88\/2026\/01\/Gemini_Generated_Image_30w58830w58830w5-1.png\",\"datePublished\":\"2026-01-14T18:58:15+00:00\",\"dateModified\":\"2026-02-06T17:13:49+00:00\",\"description\":\"Descubre La Guachintona, una cerveza artesanal de 33cl con toques naturales de naranja Washington. Refrescante, ligera (2,8% vol.)\",\"breadcrumb\":{\"@id\":\"https:\/\/ezoco.eu\/laguachintona\/producto\/cerveza\/#breadcrumb\"},\"inLanguage\":\"es\",\"potentialAction\":[{\"@type\":\"ReadAction\",\"target\":[\"https:\/\/ezoco.eu\/laguachintona\/producto\/cerveza\/\"]}]},{\"@type\":\"ImageObject\",\"inLanguage\":\"es\",\"@id\":\"https:\/\/ezoco.eu\/laguachintona\/producto\/cerveza\/#primaryimage\",\"url\":\"https:\/\/ezoco.eu\/laguachintona\/wp-content\/uploads\/sites\/88\/2026\/01\/Gemini_Generated_Image_30w58830w58830w5-1.png\",\"contentUrl\":\"https:\/\/ezoco.eu\/laguachintona\/wp-content\/uploads\/sites\/88\/2026\/01\/Gemini_Generated_Image_30w58830w58830w5-1.png\",\"width\":1024,\"height\":1024,\"caption\":\"La Guachintona\"},{\"@type\":\"BreadcrumbList\",\"@id\":\"https:\/\/ezoco.eu\/laguachintona\/producto\/cerveza\/#breadcrumb\",\"itemListElement\":[{\"@type\":\"ListItem\",\"position\":1,\"name\":\"Portada\",\"item\":\"https:\/\/ezoco.eu\/laguachintona\/\"},{\"@type\":\"ListItem\",\"position\":2,\"name\":\"Tienda\",\"item\":\"https:\/\/ezoco.eu\/laguachintona\/tienda\/\"},{\"@type\":\"ListItem\",\"position\":3,\"name\":\"La Guachintona Botella 33cl\"}]},{\"@type\":\"WebSite\",\"@id\":\"https:\/\/ezoco.eu\/laguachintona\/#website\",\"url\":\"https:\/\/ezoco.eu\/laguachintona\/\",\"name\":\"La Guachintona\",\"description\":\"\",\"potentialAction\":[{\"@type\":\"SearchAction\",\"target\":{\"@type\":\"EntryPoint\",\"urlTemplate\":\"https:\/\/ezoco.eu\/laguachintona\/?s={search_term_string}\"},\"query-input\":{\"@type\":\"PropertyValueSpecification\",\"valueRequired\":true,\"valueName\":\"search_term_string\"}}],\"inLanguage\":\"es\"}]}<\/script>\n<!-- \/ Yoast SEO plugin. -->","yoast_head_json":{"title":"La Guachintona Botella 33cl - La Guachintona","description":"Descubre La Guachintona, una cerveza artesanal de 33cl con toques naturales de naranja Washington. Refrescante, ligera (2,8% vol.)","robots":{"index":"index","follow":"follow","max-snippet":"max-snippet:-1","max-image-preview":"max-image-preview:large","max-video-preview":"max-video-preview:-1"},"canonical":"https:\/\/ezoco.eu\/laguachintona\/producto\/cerveza\/","og_locale":"es_ES","og_type":"article","og_title":"La Guachintona Botella 33cl - La Guachintona","og_description":"Descubre La Guachintona, una cerveza artesanal de 33cl con toques naturales de naranja Washington. Refrescante, ligera (2,8% vol.)","og_url":"https:\/\/ezoco.eu\/laguachintona\/producto\/cerveza\/","og_site_name":"La Guachintona","article_modified_time":"2026-02-06T17:13:49+00:00","og_image":[{"width":1024,"height":1024,"url":"http:\/\/ezoco.eu\/laguachintona\/wp-content\/uploads\/sites\/88\/2026\/01\/Gemini_Generated_Image_30w58830w58830w5-1.png","type":"image\/png"}],"twitter_card":"summary_large_image","twitter_misc":{"Tiempo de lectura":"2 minutos"},"schema":{"@context":"https:\/\/schema.org","@graph":[{"@type":"WebPage","@id":"https:\/\/ezoco.eu\/laguachintona\/producto\/cerveza\/","url":"https:\/\/ezoco.eu\/laguachintona\/producto\/cerveza\/","name":"La Guachintona Botella 33cl - La Guachintona","isPartOf":{"@id":"https:\/\/ezoco.eu\/laguachintona\/#website"},"primaryImageOfPage":{"@id":"https:\/\/ezoco.eu\/laguachintona\/producto\/cerveza\/#primaryimage"},"image":{"@id":"https:\/\/ezoco.eu\/laguachintona\/producto\/cerveza\/#primaryimage"},"thumbnailUrl":"https:\/\/ezoco.eu\/laguachintona\/wp-content\/uploads\/sites\/88\/2026\/01\/Gemini_Generated_Image_30w58830w58830w5-1.png","datePublished":"2026-01-14T18:58:15+00:00","dateModified":"2026-02-06T17:13:49+00:00","description":"Descubre La Guachintona, una cerveza artesanal de 33cl con toques naturales de naranja Washington. Refrescante, ligera (2,8% vol.)","breadcrumb":{"@id":"https:\/\/ezoco.eu\/laguachintona\/producto\/cerveza\/#breadcrumb"},"inLanguage":"es","potentialAction":[{"@type":"ReadAction","target":["https:\/\/ezoco.eu\/laguachintona\/producto\/cerveza\/"]}]},{"@type":"ImageObject","inLanguage":"es","@id":"https:\/\/ezoco.eu\/laguachintona\/producto\/cerveza\/#primaryimage","url":"https:\/\/ezoco.eu\/laguachintona\/wp-content\/uploads\/sites\/88\/2026\/01\/Gemini_Generated_Image_30w58830w58830w5-1.png","contentUrl":"https:\/\/ezoco.eu\/laguachintona\/wp-content\/uploads\/sites\/88\/2026\/01\/Gemini_Generated_Image_30w58830w58830w5-1.png","width":1024,"height":1024,"caption":"La Guachintona"},{"@type":"BreadcrumbList","@id":"https:\/\/ezoco.eu\/laguachintona\/producto\/cerveza\/#breadcrumb","itemListElement":[{"@type":"ListItem","position":1,"name":"Portada","item":"https:\/\/ezoco.eu\/laguachintona\/"},{"@type":"ListItem","position":2,"name":"Tienda","item":"https:\/\/ezoco.eu\/laguachintona\/tienda\/"},{"@type":"ListItem","position":3,"name":"La Guachintona Botella 33cl"}]},{"@type":"WebSite","@id":"https:\/\/ezoco.eu\/laguachintona\/#website","url":"https:\/\/ezoco.eu\/laguachintona\/","name":"La Guachintona","description":"","potentialAction":[{"@type":"SearchAction","target":{"@type":"EntryPoint","urlTemplate":"https:\/\/ezoco.eu\/laguachintona\/?s={search_term_string}"},"query-input":{"@type":"PropertyValueSpecification","valueRequired":true,"valueName":"search_term_string"}}],"inLanguage":"es"}]}},"_links":{"self":[{"href":"https:\/\/ezoco.eu\/laguachintona\/wp-json\/wp\/v2\/product\/37","targetHints":{"allow":["GET"]}}],"collection":[{"href":"https:\/\/ezoco.eu\/laguachintona\/wp-json\/wp\/v2\/product"}],"about":[{"href":"https:\/\/ezoco.eu\/laguachintona\/wp-json\/wp\/v2\/types\/product"}],"replies":[{"embeddable":true,"href":"https:\/\/ezoco.eu\/laguachintona\/wp-json\/wp\/v2\/comments?post=37"}],"wp:featuredmedia":[{"embeddable":true,"href":"https:\/\/ezoco.eu\/laguachintona\/wp-json\/wp\/v2\/media\/95"}],"wp:attachment":[{"href":"https:\/\/ezoco.eu\/laguachintona\/wp-json\/wp\/v2\/media?parent=37"}],"wp:term":[{"taxonomy":"product_brand","embeddable":true,"href":"https:\/\/ezoco.eu\/laguachintona\/wp-json\/wp\/v2\/product_brand?post=37"},{"taxonomy":"product_cat","embeddable":true,"href":"https:\/\/ezoco.eu\/laguachintona\/wp-json\/wp\/v2\/product_cat?post=37"},{"taxonomy":"product_tag","embeddable":true,"href":"https:\/\/ezoco.eu\/laguachintona\/wp-json\/wp\/v2\/product_tag?post=37"}],"curies":[{"name":"wp","href":"https:\/\/api.w.org\/{rel}","templated":true}]}}