{"id":256,"date":"2026-01-26T16:44:45","date_gmt":"2026-01-26T15:44:45","guid":{"rendered":"https:\/\/ezoco.eu\/mocka\/?post_type=product&#038;p=256"},"modified":"2026-01-26T17:16:54","modified_gmt":"2026-01-26T16:16:54","slug":"mocka-elora","status":"publish","type":"product","link":"https:\/\/ezoco.eu\/mocka\/producto\/mocka-elora\/","title":{"rendered":"M\u00d6CKA Elora"},"content":{"rendered":"<p>M\u00f6cka Elora redefine la sofisticaci\u00f3n en el hogar como una pieza de dise\u00f1o inteligente y premium que transforma cada preparaci\u00f3n en un ritual sensorial inolvidable. Esta innovadora soluci\u00f3n para los amantes del buen gusto incorpora un sistema de doble dispensador totalmente independiente, permitiendo disfrutar de la intensidad del caf\u00e9 y la pureza del matcha de forma precisa y sin ninguna mezcla de sabores. Su elegante silueta alberga un dep\u00f3sito superior para leche en polvo que garantiza elaboraciones completas, c\u00f3modas y limpias, gestionadas a trav\u00e9s de una pantalla t\u00e1ctil intuitiva o desde su aplicaci\u00f3n m\u00f3vil exclusiva gracias a la conectividad Bluetooth. Con M\u00f6cka Elora, tienes el control total para personalizar desde la temperatura de tu bebida hasta la atm\u00f3sfera de tu espacio, sincronizando sus altavoces integrados y sus luces LED personalizables para adaptar cada sorbo a tu estilo y estado de \u00e1nimo, confirmando que es mucho m\u00e1s que una cafetera: es tu momento de gloria diaria.<\/p>\n","protected":false},"excerpt":{"rendered":"<p>M\u00f6cka Elora es la cafetera inteligente premium que combina dise\u00f1o y tecnolog\u00eda avanzada. Con un doble dispensador independiente para caf\u00e9 y matcha, dep\u00f3sito de leche en polvo y control total v\u00eda Bluetooth, te permite personalizar cada detalle: desde la intensidad de la bebida hasta las luces LED y la m\u00fasica de sus altavoces integrados. Es la soluci\u00f3n definitiva para una experiencia sensorial \u00fanica y moderna en casa.<\/p>\n","protected":false},"featured_media":263,"comment_status":"open","ping_status":"closed","template":"","meta":{"inline_featured_image":false,"_genesis_hide_title":false,"_genesis_hide_breadcrumbs":false,"_genesis_hide_singular_image":false,"_genesis_hide_footer_widgets":false,"_genesis_custom_body_class":"","_genesis_custom_post_class":"","_genesis_layout":""},"product_brand":[],"product_cat":[18],"product_tag":[],"class_list":{"0":"post-256","1":"product","2":"type-product","3":"status-publish","4":"has-post-thumbnail","6":"product_cat-cafeteras-inteligentes","7":"entry","9":"first","10":"instock","11":"taxable","12":"shipping-taxable","13":"purchasable","14":"product-type-variable"},"yoast_head":"<!-- This site is optimized with the Yoast SEO plugin v27.2 - https:\/\/yoast.com\/product\/yoast-seo-wordpress\/ -->\n<title>M\u00d6CKA Elora -<\/title>\n<meta name=\"robots\" content=\"index, follow, max-snippet:-1, max-image-preview:large, max-video-preview:-1\" \/>\n<link rel=\"canonical\" href=\"https:\/\/ezoco.eu\/mocka\/producto\/mocka-elora\/\" \/>\n<meta property=\"og:locale\" content=\"es_ES\" \/>\n<meta property=\"og:type\" content=\"article\" \/>\n<meta property=\"og:title\" content=\"M\u00d6CKA Elora -\" \/>\n<meta property=\"og:description\" content=\"M\u00f6cka Elora es la cafetera inteligente premium que combina dise\u00f1o y tecnolog\u00eda avanzada. Con un doble dispensador independiente para caf\u00e9 y matcha, dep\u00f3sito de leche en polvo y control total v\u00eda Bluetooth, te permite personalizar cada detalle: desde la intensidad de la bebida hasta las luces LED y la m\u00fasica de sus altavoces integrados. Es la soluci\u00f3n definitiva para una experiencia sensorial \u00fanica y moderna en casa.\" \/>\n<meta property=\"og:url\" content=\"https:\/\/ezoco.eu\/mocka\/producto\/mocka-elora\/\" \/>\n<meta property=\"article:modified_time\" content=\"2026-01-26T16:16:54+00:00\" \/>\n<meta property=\"og:image\" content=\"http:\/\/ezoco.eu\/mocka\/wp-content\/uploads\/sites\/10\/2026\/01\/CAFETERA-PLATA.jpg\" \/>\n\t<meta property=\"og:image:width\" content=\"716\" \/>\n\t<meta property=\"og:image:height\" content=\"716\" \/>\n\t<meta property=\"og:image:type\" content=\"image\/jpeg\" \/>\n<meta name=\"twitter:card\" content=\"summary_large_image\" \/>\n<meta name=\"twitter:label1\" content=\"Tiempo de lectura\" \/>\n\t<meta name=\"twitter:data1\" content=\"1 minuto\" \/>\n<script type=\"application\/ld+json\" class=\"yoast-schema-graph\">{\"@context\":\"https:\/\/schema.org\",\"@graph\":[{\"@type\":\"WebPage\",\"@id\":\"https:\/\/ezoco.eu\/mocka\/producto\/mocka-elora\/\",\"url\":\"https:\/\/ezoco.eu\/mocka\/producto\/mocka-elora\/\",\"name\":\"M\u00d6CKA Elora -\",\"isPartOf\":{\"@id\":\"https:\/\/ezoco.eu\/mocka\/#website\"},\"primaryImageOfPage\":{\"@id\":\"https:\/\/ezoco.eu\/mocka\/producto\/mocka-elora\/#primaryimage\"},\"image\":{\"@id\":\"https:\/\/ezoco.eu\/mocka\/producto\/mocka-elora\/#primaryimage\"},\"thumbnailUrl\":\"https:\/\/ezoco.eu\/mocka\/wp-content\/uploads\/sites\/10\/2026\/01\/CAFETERA-PLATA.jpg\",\"datePublished\":\"2026-01-26T15:44:45+00:00\",\"dateModified\":\"2026-01-26T16:16:54+00:00\",\"breadcrumb\":{\"@id\":\"https:\/\/ezoco.eu\/mocka\/producto\/mocka-elora\/#breadcrumb\"},\"inLanguage\":\"es\",\"potentialAction\":[{\"@type\":\"ReadAction\",\"target\":[\"https:\/\/ezoco.eu\/mocka\/producto\/mocka-elora\/\"]}]},{\"@type\":\"ImageObject\",\"inLanguage\":\"es\",\"@id\":\"https:\/\/ezoco.eu\/mocka\/producto\/mocka-elora\/#primaryimage\",\"url\":\"https:\/\/ezoco.eu\/mocka\/wp-content\/uploads\/sites\/10\/2026\/01\/CAFETERA-PLATA.jpg\",\"contentUrl\":\"https:\/\/ezoco.eu\/mocka\/wp-content\/uploads\/sites\/10\/2026\/01\/CAFETERA-PLATA.jpg\",\"width\":716,\"height\":716},{\"@type\":\"BreadcrumbList\",\"@id\":\"https:\/\/ezoco.eu\/mocka\/producto\/mocka-elora\/#breadcrumb\",\"itemListElement\":[{\"@type\":\"ListItem\",\"position\":1,\"name\":\"Portada\",\"item\":\"https:\/\/ezoco.eu\/mocka\/\"},{\"@type\":\"ListItem\",\"position\":2,\"name\":\"Tienda\",\"item\":\"https:\/\/ezoco.eu\/mocka\/tienda\/\"},{\"@type\":\"ListItem\",\"position\":3,\"name\":\"M\u00d6CKA Elora\"}]},{\"@type\":\"WebSite\",\"@id\":\"https:\/\/ezoco.eu\/mocka\/#website\",\"url\":\"https:\/\/ezoco.eu\/mocka\/\",\"name\":\"\",\"description\":\"\",\"potentialAction\":[{\"@type\":\"SearchAction\",\"target\":{\"@type\":\"EntryPoint\",\"urlTemplate\":\"https:\/\/ezoco.eu\/mocka\/?s={search_term_string}\"},\"query-input\":{\"@type\":\"PropertyValueSpecification\",\"valueRequired\":true,\"valueName\":\"search_term_string\"}}],\"inLanguage\":\"es\"}]}<\/script>\n<!-- \/ Yoast SEO plugin. -->","yoast_head_json":{"title":"M\u00d6CKA Elora -","robots":{"index":"index","follow":"follow","max-snippet":"max-snippet:-1","max-image-preview":"max-image-preview:large","max-video-preview":"max-video-preview:-1"},"canonical":"https:\/\/ezoco.eu\/mocka\/producto\/mocka-elora\/","og_locale":"es_ES","og_type":"article","og_title":"M\u00d6CKA Elora -","og_description":"M\u00f6cka Elora es la cafetera inteligente premium que combina dise\u00f1o y tecnolog\u00eda avanzada. Con un doble dispensador independiente para caf\u00e9 y matcha, dep\u00f3sito de leche en polvo y control total v\u00eda Bluetooth, te permite personalizar cada detalle: desde la intensidad de la bebida hasta las luces LED y la m\u00fasica de sus altavoces integrados. Es la soluci\u00f3n definitiva para una experiencia sensorial \u00fanica y moderna en casa.","og_url":"https:\/\/ezoco.eu\/mocka\/producto\/mocka-elora\/","article_modified_time":"2026-01-26T16:16:54+00:00","og_image":[{"width":716,"height":716,"url":"http:\/\/ezoco.eu\/mocka\/wp-content\/uploads\/sites\/10\/2026\/01\/CAFETERA-PLATA.jpg","type":"image\/jpeg"}],"twitter_card":"summary_large_image","twitter_misc":{"Tiempo de lectura":"1 minuto"},"schema":{"@context":"https:\/\/schema.org","@graph":[{"@type":"WebPage","@id":"https:\/\/ezoco.eu\/mocka\/producto\/mocka-elora\/","url":"https:\/\/ezoco.eu\/mocka\/producto\/mocka-elora\/","name":"M\u00d6CKA Elora -","isPartOf":{"@id":"https:\/\/ezoco.eu\/mocka\/#website"},"primaryImageOfPage":{"@id":"https:\/\/ezoco.eu\/mocka\/producto\/mocka-elora\/#primaryimage"},"image":{"@id":"https:\/\/ezoco.eu\/mocka\/producto\/mocka-elora\/#primaryimage"},"thumbnailUrl":"https:\/\/ezoco.eu\/mocka\/wp-content\/uploads\/sites\/10\/2026\/01\/CAFETERA-PLATA.jpg","datePublished":"2026-01-26T15:44:45+00:00","dateModified":"2026-01-26T16:16:54+00:00","breadcrumb":{"@id":"https:\/\/ezoco.eu\/mocka\/producto\/mocka-elora\/#breadcrumb"},"inLanguage":"es","potentialAction":[{"@type":"ReadAction","target":["https:\/\/ezoco.eu\/mocka\/producto\/mocka-elora\/"]}]},{"@type":"ImageObject","inLanguage":"es","@id":"https:\/\/ezoco.eu\/mocka\/producto\/mocka-elora\/#primaryimage","url":"https:\/\/ezoco.eu\/mocka\/wp-content\/uploads\/sites\/10\/2026\/01\/CAFETERA-PLATA.jpg","contentUrl":"https:\/\/ezoco.eu\/mocka\/wp-content\/uploads\/sites\/10\/2026\/01\/CAFETERA-PLATA.jpg","width":716,"height":716},{"@type":"BreadcrumbList","@id":"https:\/\/ezoco.eu\/mocka\/producto\/mocka-elora\/#breadcrumb","itemListElement":[{"@type":"ListItem","position":1,"name":"Portada","item":"https:\/\/ezoco.eu\/mocka\/"},{"@type":"ListItem","position":2,"name":"Tienda","item":"https:\/\/ezoco.eu\/mocka\/tienda\/"},{"@type":"ListItem","position":3,"name":"M\u00d6CKA Elora"}]},{"@type":"WebSite","@id":"https:\/\/ezoco.eu\/mocka\/#website","url":"https:\/\/ezoco.eu\/mocka\/","name":"","description":"","potentialAction":[{"@type":"SearchAction","target":{"@type":"EntryPoint","urlTemplate":"https:\/\/ezoco.eu\/mocka\/?s={search_term_string}"},"query-input":{"@type":"PropertyValueSpecification","valueRequired":true,"valueName":"search_term_string"}}],"inLanguage":"es"}]}},"_links":{"self":[{"href":"https:\/\/ezoco.eu\/mocka\/wp-json\/wp\/v2\/product\/256","targetHints":{"allow":["GET"]}}],"collection":[{"href":"https:\/\/ezoco.eu\/mocka\/wp-json\/wp\/v2\/product"}],"about":[{"href":"https:\/\/ezoco.eu\/mocka\/wp-json\/wp\/v2\/types\/product"}],"replies":[{"embeddable":true,"href":"https:\/\/ezoco.eu\/mocka\/wp-json\/wp\/v2\/comments?post=256"}],"wp:featuredmedia":[{"embeddable":true,"href":"https:\/\/ezoco.eu\/mocka\/wp-json\/wp\/v2\/media\/263"}],"wp:attachment":[{"href":"https:\/\/ezoco.eu\/mocka\/wp-json\/wp\/v2\/media?parent=256"}],"wp:term":[{"taxonomy":"product_brand","embeddable":true,"href":"https:\/\/ezoco.eu\/mocka\/wp-json\/wp\/v2\/product_brand?post=256"},{"taxonomy":"product_cat","embeddable":true,"href":"https:\/\/ezoco.eu\/mocka\/wp-json\/wp\/v2\/product_cat?post=256"},{"taxonomy":"product_tag","embeddable":true,"href":"https:\/\/ezoco.eu\/mocka\/wp-json\/wp\/v2\/product_tag?post=256"}],"curies":[{"name":"wp","href":"https:\/\/api.w.org\/{rel}","templated":true}]}}