{"id":381,"date":"2026-01-30T16:56:42","date_gmt":"2026-01-30T15:56:42","guid":{"rendered":"https:\/\/ezoco.eu\/mocka\/?post_type=product&#038;p=381"},"modified":"2026-04-28T13:12:08","modified_gmt":"2026-04-28T11:12:08","slug":"aurea","status":"publish","type":"product","link":"https:\/\/ezoco.eu\/mocka\/producto\/aurea\/","title":{"rendered":"Aur\u00e9a"},"content":{"rendered":"<p>Rosa cuando est\u00e1 fr\u00edo, azul cuando est\u00e1 caliente. Un toque de magia y estilo en cada sorbo<\/p>\n","protected":false},"excerpt":{"rendered":"<p>Rosa cuando est\u00e1 fr\u00edo, azul cuando est\u00e1 caliente. Un toque de magia y estilo en cada sorbo<\/p>\n","protected":false},"featured_media":382,"comment_status":"open","ping_status":"closed","template":"","meta":{"inline_featured_image":false,"_genesis_hide_title":false,"_genesis_hide_breadcrumbs":false,"_genesis_hide_singular_image":false,"_genesis_hide_footer_widgets":false,"_genesis_custom_body_class":"","_genesis_custom_post_class":"","_genesis_layout":""},"product_brand":[],"product_cat":[20],"product_tag":[],"class_list":{"0":"post-381","1":"product","2":"type-product","3":"status-publish","4":"has-post-thumbnail","6":"product_cat-accesorios","7":"entry","9":"first","10":"instock","11":"taxable","12":"shipping-taxable","13":"purchasable","14":"product-type-simple"},"yoast_head":"<!-- This site is optimized with the Yoast SEO plugin v27.2 - https:\/\/yoast.com\/product\/yoast-seo-wordpress\/ -->\n<title>Aur\u00e9a -<\/title>\n<meta name=\"robots\" content=\"index, follow, max-snippet:-1, max-image-preview:large, max-video-preview:-1\" \/>\n<link rel=\"canonical\" href=\"https:\/\/ezoco.eu\/mocka\/producto\/aurea\/\" \/>\n<meta property=\"og:locale\" content=\"es_ES\" \/>\n<meta property=\"og:type\" content=\"article\" \/>\n<meta property=\"og:title\" content=\"Aur\u00e9a -\" \/>\n<meta property=\"og:description\" content=\"Rosa cuando est\u00e1 fr\u00edo, azul cuando est\u00e1 caliente. Un toque de magia y estilo en cada sorbo\" \/>\n<meta property=\"og:url\" content=\"https:\/\/ezoco.eu\/mocka\/producto\/aurea\/\" \/>\n<meta property=\"article:modified_time\" content=\"2026-04-28T11:12:08+00:00\" \/>\n<meta property=\"og:image\" content=\"http:\/\/ezoco.eu\/mocka\/wp-content\/uploads\/sites\/10\/2026\/01\/Gemini_Generated_Image_yrcbz2yrcbz2yrcb.png\" \/>\n\t<meta property=\"og:image:width\" content=\"1152\" \/>\n\t<meta property=\"og:image:height\" content=\"896\" \/>\n\t<meta property=\"og:image:type\" content=\"image\/png\" \/>\n<meta name=\"twitter:card\" content=\"summary_large_image\" \/>\n<meta name=\"twitter:label1\" content=\"Tiempo de lectura\" \/>\n\t<meta name=\"twitter:data1\" content=\"1 minuto\" \/>\n<script type=\"application\/ld+json\" class=\"yoast-schema-graph\">{\"@context\":\"https:\/\/schema.org\",\"@graph\":[{\"@type\":\"WebPage\",\"@id\":\"https:\/\/ezoco.eu\/mocka\/producto\/aurea\/\",\"url\":\"https:\/\/ezoco.eu\/mocka\/producto\/aurea\/\",\"name\":\"Aur\u00e9a -\",\"isPartOf\":{\"@id\":\"https:\/\/ezoco.eu\/mocka\/#website\"},\"primaryImageOfPage\":{\"@id\":\"https:\/\/ezoco.eu\/mocka\/producto\/aurea\/#primaryimage\"},\"image\":{\"@id\":\"https:\/\/ezoco.eu\/mocka\/producto\/aurea\/#primaryimage\"},\"thumbnailUrl\":\"https:\/\/ezoco.eu\/mocka\/wp-content\/uploads\/sites\/10\/2026\/01\/Gemini_Generated_Image_yrcbz2yrcbz2yrcb.png\",\"datePublished\":\"2026-01-30T15:56:42+00:00\",\"dateModified\":\"2026-04-28T11:12:08+00:00\",\"breadcrumb\":{\"@id\":\"https:\/\/ezoco.eu\/mocka\/producto\/aurea\/#breadcrumb\"},\"inLanguage\":\"es\",\"potentialAction\":[{\"@type\":\"ReadAction\",\"target\":[\"https:\/\/ezoco.eu\/mocka\/producto\/aurea\/\"]}]},{\"@type\":\"ImageObject\",\"inLanguage\":\"es\",\"@id\":\"https:\/\/ezoco.eu\/mocka\/producto\/aurea\/#primaryimage\",\"url\":\"https:\/\/ezoco.eu\/mocka\/wp-content\/uploads\/sites\/10\/2026\/01\/Gemini_Generated_Image_yrcbz2yrcbz2yrcb.png\",\"contentUrl\":\"https:\/\/ezoco.eu\/mocka\/wp-content\/uploads\/sites\/10\/2026\/01\/Gemini_Generated_Image_yrcbz2yrcbz2yrcb.png\",\"width\":1152,\"height\":896},{\"@type\":\"BreadcrumbList\",\"@id\":\"https:\/\/ezoco.eu\/mocka\/producto\/aurea\/#breadcrumb\",\"itemListElement\":[{\"@type\":\"ListItem\",\"position\":1,\"name\":\"Portada\",\"item\":\"https:\/\/ezoco.eu\/mocka\/\"},{\"@type\":\"ListItem\",\"position\":2,\"name\":\"Tienda\",\"item\":\"https:\/\/ezoco.eu\/mocka\/tienda\/\"},{\"@type\":\"ListItem\",\"position\":3,\"name\":\"Aur\u00e9a\"}]},{\"@type\":\"WebSite\",\"@id\":\"https:\/\/ezoco.eu\/mocka\/#website\",\"url\":\"https:\/\/ezoco.eu\/mocka\/\",\"name\":\"\",\"description\":\"\",\"potentialAction\":[{\"@type\":\"SearchAction\",\"target\":{\"@type\":\"EntryPoint\",\"urlTemplate\":\"https:\/\/ezoco.eu\/mocka\/?s={search_term_string}\"},\"query-input\":{\"@type\":\"PropertyValueSpecification\",\"valueRequired\":true,\"valueName\":\"search_term_string\"}}],\"inLanguage\":\"es\"}]}<\/script>\n<!-- \/ Yoast SEO plugin. -->","yoast_head_json":{"title":"Aur\u00e9a -","robots":{"index":"index","follow":"follow","max-snippet":"max-snippet:-1","max-image-preview":"max-image-preview:large","max-video-preview":"max-video-preview:-1"},"canonical":"https:\/\/ezoco.eu\/mocka\/producto\/aurea\/","og_locale":"es_ES","og_type":"article","og_title":"Aur\u00e9a -","og_description":"Rosa cuando est\u00e1 fr\u00edo, azul cuando est\u00e1 caliente. Un toque de magia y estilo en cada sorbo","og_url":"https:\/\/ezoco.eu\/mocka\/producto\/aurea\/","article_modified_time":"2026-04-28T11:12:08+00:00","og_image":[{"width":1152,"height":896,"url":"http:\/\/ezoco.eu\/mocka\/wp-content\/uploads\/sites\/10\/2026\/01\/Gemini_Generated_Image_yrcbz2yrcbz2yrcb.png","type":"image\/png"}],"twitter_card":"summary_large_image","twitter_misc":{"Tiempo de lectura":"1 minuto"},"schema":{"@context":"https:\/\/schema.org","@graph":[{"@type":"WebPage","@id":"https:\/\/ezoco.eu\/mocka\/producto\/aurea\/","url":"https:\/\/ezoco.eu\/mocka\/producto\/aurea\/","name":"Aur\u00e9a -","isPartOf":{"@id":"https:\/\/ezoco.eu\/mocka\/#website"},"primaryImageOfPage":{"@id":"https:\/\/ezoco.eu\/mocka\/producto\/aurea\/#primaryimage"},"image":{"@id":"https:\/\/ezoco.eu\/mocka\/producto\/aurea\/#primaryimage"},"thumbnailUrl":"https:\/\/ezoco.eu\/mocka\/wp-content\/uploads\/sites\/10\/2026\/01\/Gemini_Generated_Image_yrcbz2yrcbz2yrcb.png","datePublished":"2026-01-30T15:56:42+00:00","dateModified":"2026-04-28T11:12:08+00:00","breadcrumb":{"@id":"https:\/\/ezoco.eu\/mocka\/producto\/aurea\/#breadcrumb"},"inLanguage":"es","potentialAction":[{"@type":"ReadAction","target":["https:\/\/ezoco.eu\/mocka\/producto\/aurea\/"]}]},{"@type":"ImageObject","inLanguage":"es","@id":"https:\/\/ezoco.eu\/mocka\/producto\/aurea\/#primaryimage","url":"https:\/\/ezoco.eu\/mocka\/wp-content\/uploads\/sites\/10\/2026\/01\/Gemini_Generated_Image_yrcbz2yrcbz2yrcb.png","contentUrl":"https:\/\/ezoco.eu\/mocka\/wp-content\/uploads\/sites\/10\/2026\/01\/Gemini_Generated_Image_yrcbz2yrcbz2yrcb.png","width":1152,"height":896},{"@type":"BreadcrumbList","@id":"https:\/\/ezoco.eu\/mocka\/producto\/aurea\/#breadcrumb","itemListElement":[{"@type":"ListItem","position":1,"name":"Portada","item":"https:\/\/ezoco.eu\/mocka\/"},{"@type":"ListItem","position":2,"name":"Tienda","item":"https:\/\/ezoco.eu\/mocka\/tienda\/"},{"@type":"ListItem","position":3,"name":"Aur\u00e9a"}]},{"@type":"WebSite","@id":"https:\/\/ezoco.eu\/mocka\/#website","url":"https:\/\/ezoco.eu\/mocka\/","name":"","description":"","potentialAction":[{"@type":"SearchAction","target":{"@type":"EntryPoint","urlTemplate":"https:\/\/ezoco.eu\/mocka\/?s={search_term_string}"},"query-input":{"@type":"PropertyValueSpecification","valueRequired":true,"valueName":"search_term_string"}}],"inLanguage":"es"}]}},"_links":{"self":[{"href":"https:\/\/ezoco.eu\/mocka\/wp-json\/wp\/v2\/product\/381","targetHints":{"allow":["GET"]}}],"collection":[{"href":"https:\/\/ezoco.eu\/mocka\/wp-json\/wp\/v2\/product"}],"about":[{"href":"https:\/\/ezoco.eu\/mocka\/wp-json\/wp\/v2\/types\/product"}],"replies":[{"embeddable":true,"href":"https:\/\/ezoco.eu\/mocka\/wp-json\/wp\/v2\/comments?post=381"}],"wp:featuredmedia":[{"embeddable":true,"href":"https:\/\/ezoco.eu\/mocka\/wp-json\/wp\/v2\/media\/382"}],"wp:attachment":[{"href":"https:\/\/ezoco.eu\/mocka\/wp-json\/wp\/v2\/media?parent=381"}],"wp:term":[{"taxonomy":"product_brand","embeddable":true,"href":"https:\/\/ezoco.eu\/mocka\/wp-json\/wp\/v2\/product_brand?post=381"},{"taxonomy":"product_cat","embeddable":true,"href":"https:\/\/ezoco.eu\/mocka\/wp-json\/wp\/v2\/product_cat?post=381"},{"taxonomy":"product_tag","embeddable":true,"href":"https:\/\/ezoco.eu\/mocka\/wp-json\/wp\/v2\/product_tag?post=381"}],"curies":[{"name":"wp","href":"https:\/\/api.w.org\/{rel}","templated":true}]}}