{"id":99,"date":"2026-01-09T17:11:58","date_gmt":"2026-01-09T16:11:58","guid":{"rendered":"https:\/\/ezoco.eu\/mocka\/?post_type=product&#038;p=99"},"modified":"2026-01-29T21:24:43","modified_gmt":"2026-01-29T20:24:43","slug":"cafetera-inteligente","status":"publish","type":"product","link":"https:\/\/ezoco.eu\/mocka\/producto\/cafetera-inteligente\/","title":{"rendered":"M\u00d6CKA \u00c9clat"},"content":{"rendered":"<p>La cafetera inteligente M\u00f6cka redefine la forma de disfrutar el caf\u00e9 y el matcha en casa. Incorpora una pantalla t\u00e1ctil intuitiva desde la que puedes seleccionar f\u00e1cilmente tu bebida, con un sistema de doble dispensador independiente para caf\u00e9 y matcha que garantiza una preparaci\u00f3n precisa y sin mezclas. En la parte superior cuenta con un dep\u00f3sito para leche en polvo, permitiendo elaborar bebidas completas de manera c\u00f3moda y limpia.<br \/>\nGracias a su conectividad Bluetooth, M\u00f6cka se controla desde la aplicaci\u00f3n m\u00f3vil, donde puedes personalizar las luces LED y adaptar la cafetera a tu estilo y ambiente. Adem\u00e1s, incluye altavoces integrados, convirtiendo cada preparaci\u00f3n en una experiencia sensorial \u00fanica. M\u00f6cka no es solo una cafetera: es una soluci\u00f3n inteligente, moderna y premium para los amantes del caf\u00e9 y el matcha.<\/p>\n","protected":false},"excerpt":{"rendered":"<p>La cafetera inteligente M\u00f6cka redefine la forma de disfrutar el caf\u00e9 y el matcha en casa. Incorpora una pantalla t\u00e1ctil intuitiva desde la que puedes seleccionar f\u00e1cilmente tu bebida, con un sistema de doble dispensador independiente para caf\u00e9 y matcha que garantiza una preparaci\u00f3n precisa y sin mezclas. En la parte superior cuenta con un [&hellip;]<\/p>\n","protected":false},"featured_media":270,"comment_status":"open","ping_status":"closed","template":"","meta":{"inline_featured_image":false,"_genesis_hide_title":false,"_genesis_hide_breadcrumbs":false,"_genesis_hide_singular_image":false,"_genesis_hide_footer_widgets":false,"_genesis_custom_body_class":"","_genesis_custom_post_class":"","_genesis_layout":""},"product_brand":[],"product_cat":[18],"product_tag":[],"class_list":{"0":"post-99","1":"product","2":"type-product","3":"status-publish","4":"has-post-thumbnail","6":"product_cat-cafeteras-inteligentes","7":"entry","9":"first","10":"instock","11":"taxable","12":"shipping-taxable","13":"purchasable","14":"product-type-simple"},"yoast_head":"<!-- This site is optimized with the Yoast SEO plugin v27.2 - https:\/\/yoast.com\/product\/yoast-seo-wordpress\/ -->\n<title>M\u00d6CKA \u00c9clat -<\/title>\n<meta name=\"robots\" content=\"index, follow, max-snippet:-1, max-image-preview:large, max-video-preview:-1\" \/>\n<link rel=\"canonical\" href=\"https:\/\/ezoco.eu\/mocka\/producto\/cafetera-inteligente\/\" \/>\n<meta property=\"og:locale\" content=\"es_ES\" \/>\n<meta property=\"og:type\" content=\"article\" \/>\n<meta property=\"og:title\" content=\"M\u00d6CKA \u00c9clat -\" \/>\n<meta property=\"og:description\" content=\"La cafetera inteligente M\u00f6cka redefine la forma de disfrutar el caf\u00e9 y el matcha en casa. Incorpora una pantalla t\u00e1ctil intuitiva desde la que puedes seleccionar f\u00e1cilmente tu bebida, con un sistema de doble dispensador independiente para caf\u00e9 y matcha que garantiza una preparaci\u00f3n precisa y sin mezclas. En la parte superior cuenta con un [&hellip;]\" \/>\n<meta property=\"og:url\" content=\"https:\/\/ezoco.eu\/mocka\/producto\/cafetera-inteligente\/\" \/>\n<meta property=\"article:modified_time\" content=\"2026-01-29T20:24:43+00:00\" \/>\n<meta property=\"og:image\" content=\"http:\/\/ezoco.eu\/mocka\/wp-content\/uploads\/sites\/10\/2026\/01\/Gemini_Generated_Image_kwkhc1kwkhc1kwkh.png\" \/>\n\t<meta property=\"og:image:width\" content=\"832\" \/>\n\t<meta property=\"og:image:height\" content=\"1248\" \/>\n\t<meta property=\"og:image:type\" content=\"image\/png\" \/>\n<meta name=\"twitter:card\" content=\"summary_large_image\" \/>\n<meta name=\"twitter:label1\" content=\"Tiempo de lectura\" \/>\n\t<meta name=\"twitter:data1\" content=\"1 minuto\" \/>\n<script type=\"application\/ld+json\" class=\"yoast-schema-graph\">{\"@context\":\"https:\/\/schema.org\",\"@graph\":[{\"@type\":\"WebPage\",\"@id\":\"https:\/\/ezoco.eu\/mocka\/producto\/cafetera-inteligente\/\",\"url\":\"https:\/\/ezoco.eu\/mocka\/producto\/cafetera-inteligente\/\",\"name\":\"M\u00d6CKA \u00c9clat -\",\"isPartOf\":{\"@id\":\"https:\/\/ezoco.eu\/mocka\/#website\"},\"primaryImageOfPage\":{\"@id\":\"https:\/\/ezoco.eu\/mocka\/producto\/cafetera-inteligente\/#primaryimage\"},\"image\":{\"@id\":\"https:\/\/ezoco.eu\/mocka\/producto\/cafetera-inteligente\/#primaryimage\"},\"thumbnailUrl\":\"https:\/\/ezoco.eu\/mocka\/wp-content\/uploads\/sites\/10\/2026\/01\/Gemini_Generated_Image_kwkhc1kwkhc1kwkh-e1771256287707.png\",\"datePublished\":\"2026-01-09T16:11:58+00:00\",\"dateModified\":\"2026-01-29T20:24:43+00:00\",\"breadcrumb\":{\"@id\":\"https:\/\/ezoco.eu\/mocka\/producto\/cafetera-inteligente\/#breadcrumb\"},\"inLanguage\":\"es\",\"potentialAction\":[{\"@type\":\"ReadAction\",\"target\":[\"https:\/\/ezoco.eu\/mocka\/producto\/cafetera-inteligente\/\"]}]},{\"@type\":\"ImageObject\",\"inLanguage\":\"es\",\"@id\":\"https:\/\/ezoco.eu\/mocka\/producto\/cafetera-inteligente\/#primaryimage\",\"url\":\"https:\/\/ezoco.eu\/mocka\/wp-content\/uploads\/sites\/10\/2026\/01\/Gemini_Generated_Image_kwkhc1kwkhc1kwkh-e1771256287707.png\",\"contentUrl\":\"https:\/\/ezoco.eu\/mocka\/wp-content\/uploads\/sites\/10\/2026\/01\/Gemini_Generated_Image_kwkhc1kwkhc1kwkh-e1771256287707.png\",\"width\":705,\"height\":894},{\"@type\":\"BreadcrumbList\",\"@id\":\"https:\/\/ezoco.eu\/mocka\/producto\/cafetera-inteligente\/#breadcrumb\",\"itemListElement\":[{\"@type\":\"ListItem\",\"position\":1,\"name\":\"Portada\",\"item\":\"https:\/\/ezoco.eu\/mocka\/\"},{\"@type\":\"ListItem\",\"position\":2,\"name\":\"Tienda\",\"item\":\"https:\/\/ezoco.eu\/mocka\/tienda\/\"},{\"@type\":\"ListItem\",\"position\":3,\"name\":\"M\u00d6CKA \u00c9clat\"}]},{\"@type\":\"WebSite\",\"@id\":\"https:\/\/ezoco.eu\/mocka\/#website\",\"url\":\"https:\/\/ezoco.eu\/mocka\/\",\"name\":\"\",\"description\":\"\",\"potentialAction\":[{\"@type\":\"SearchAction\",\"target\":{\"@type\":\"EntryPoint\",\"urlTemplate\":\"https:\/\/ezoco.eu\/mocka\/?s={search_term_string}\"},\"query-input\":{\"@type\":\"PropertyValueSpecification\",\"valueRequired\":true,\"valueName\":\"search_term_string\"}}],\"inLanguage\":\"es\"}]}<\/script>\n<!-- \/ Yoast SEO plugin. -->","yoast_head_json":{"title":"M\u00d6CKA \u00c9clat -","robots":{"index":"index","follow":"follow","max-snippet":"max-snippet:-1","max-image-preview":"max-image-preview:large","max-video-preview":"max-video-preview:-1"},"canonical":"https:\/\/ezoco.eu\/mocka\/producto\/cafetera-inteligente\/","og_locale":"es_ES","og_type":"article","og_title":"M\u00d6CKA \u00c9clat -","og_description":"La cafetera inteligente M\u00f6cka redefine la forma de disfrutar el caf\u00e9 y el matcha en casa. Incorpora una pantalla t\u00e1ctil intuitiva desde la que puedes seleccionar f\u00e1cilmente tu bebida, con un sistema de doble dispensador independiente para caf\u00e9 y matcha que garantiza una preparaci\u00f3n precisa y sin mezclas. En la parte superior cuenta con un [&hellip;]","og_url":"https:\/\/ezoco.eu\/mocka\/producto\/cafetera-inteligente\/","article_modified_time":"2026-01-29T20:24:43+00:00","og_image":[{"width":832,"height":1248,"url":"http:\/\/ezoco.eu\/mocka\/wp-content\/uploads\/sites\/10\/2026\/01\/Gemini_Generated_Image_kwkhc1kwkhc1kwkh.png","type":"image\/png"}],"twitter_card":"summary_large_image","twitter_misc":{"Tiempo de lectura":"1 minuto"},"schema":{"@context":"https:\/\/schema.org","@graph":[{"@type":"WebPage","@id":"https:\/\/ezoco.eu\/mocka\/producto\/cafetera-inteligente\/","url":"https:\/\/ezoco.eu\/mocka\/producto\/cafetera-inteligente\/","name":"M\u00d6CKA \u00c9clat -","isPartOf":{"@id":"https:\/\/ezoco.eu\/mocka\/#website"},"primaryImageOfPage":{"@id":"https:\/\/ezoco.eu\/mocka\/producto\/cafetera-inteligente\/#primaryimage"},"image":{"@id":"https:\/\/ezoco.eu\/mocka\/producto\/cafetera-inteligente\/#primaryimage"},"thumbnailUrl":"https:\/\/ezoco.eu\/mocka\/wp-content\/uploads\/sites\/10\/2026\/01\/Gemini_Generated_Image_kwkhc1kwkhc1kwkh-e1771256287707.png","datePublished":"2026-01-09T16:11:58+00:00","dateModified":"2026-01-29T20:24:43+00:00","breadcrumb":{"@id":"https:\/\/ezoco.eu\/mocka\/producto\/cafetera-inteligente\/#breadcrumb"},"inLanguage":"es","potentialAction":[{"@type":"ReadAction","target":["https:\/\/ezoco.eu\/mocka\/producto\/cafetera-inteligente\/"]}]},{"@type":"ImageObject","inLanguage":"es","@id":"https:\/\/ezoco.eu\/mocka\/producto\/cafetera-inteligente\/#primaryimage","url":"https:\/\/ezoco.eu\/mocka\/wp-content\/uploads\/sites\/10\/2026\/01\/Gemini_Generated_Image_kwkhc1kwkhc1kwkh-e1771256287707.png","contentUrl":"https:\/\/ezoco.eu\/mocka\/wp-content\/uploads\/sites\/10\/2026\/01\/Gemini_Generated_Image_kwkhc1kwkhc1kwkh-e1771256287707.png","width":705,"height":894},{"@type":"BreadcrumbList","@id":"https:\/\/ezoco.eu\/mocka\/producto\/cafetera-inteligente\/#breadcrumb","itemListElement":[{"@type":"ListItem","position":1,"name":"Portada","item":"https:\/\/ezoco.eu\/mocka\/"},{"@type":"ListItem","position":2,"name":"Tienda","item":"https:\/\/ezoco.eu\/mocka\/tienda\/"},{"@type":"ListItem","position":3,"name":"M\u00d6CKA \u00c9clat"}]},{"@type":"WebSite","@id":"https:\/\/ezoco.eu\/mocka\/#website","url":"https:\/\/ezoco.eu\/mocka\/","name":"","description":"","potentialAction":[{"@type":"SearchAction","target":{"@type":"EntryPoint","urlTemplate":"https:\/\/ezoco.eu\/mocka\/?s={search_term_string}"},"query-input":{"@type":"PropertyValueSpecification","valueRequired":true,"valueName":"search_term_string"}}],"inLanguage":"es"}]}},"_links":{"self":[{"href":"https:\/\/ezoco.eu\/mocka\/wp-json\/wp\/v2\/product\/99","targetHints":{"allow":["GET"]}}],"collection":[{"href":"https:\/\/ezoco.eu\/mocka\/wp-json\/wp\/v2\/product"}],"about":[{"href":"https:\/\/ezoco.eu\/mocka\/wp-json\/wp\/v2\/types\/product"}],"replies":[{"embeddable":true,"href":"https:\/\/ezoco.eu\/mocka\/wp-json\/wp\/v2\/comments?post=99"}],"wp:featuredmedia":[{"embeddable":true,"href":"https:\/\/ezoco.eu\/mocka\/wp-json\/wp\/v2\/media\/270"}],"wp:attachment":[{"href":"https:\/\/ezoco.eu\/mocka\/wp-json\/wp\/v2\/media?parent=99"}],"wp:term":[{"taxonomy":"product_brand","embeddable":true,"href":"https:\/\/ezoco.eu\/mocka\/wp-json\/wp\/v2\/product_brand?post=99"},{"taxonomy":"product_cat","embeddable":true,"href":"https:\/\/ezoco.eu\/mocka\/wp-json\/wp\/v2\/product_cat?post=99"},{"taxonomy":"product_tag","embeddable":true,"href":"https:\/\/ezoco.eu\/mocka\/wp-json\/wp\/v2\/product_tag?post=99"}],"curies":[{"name":"wp","href":"https:\/\/api.w.org\/{rel}","templated":true}]}}