{"id":326,"date":"2026-03-13T11:03:31","date_gmt":"2026-03-13T10:03:31","guid":{"rendered":"https:\/\/ezoco.eu\/newstart\/?post_type=product&#038;p=326"},"modified":"2026-03-18T14:26:36","modified_gmt":"2026-03-18T13:26:36","slug":"mando-gamer","status":"publish","type":"product","link":"https:\/\/ezoco.eu\/newstart\/producto\/mando-gamer\/","title":{"rendered":"Mando gamer"},"content":{"rendered":"<div class=\"flex flex-col text-sm pb-25\">\n<article class=\"text-token-text-primary w-full focus:outline-none [--shadow-height:45px] has-data-writing-block:pointer-events-none has-data-writing-block:-mt-(--shadow-height) has-data-writing-block:pt-(--shadow-height) [&amp;:has([data-writing-block])&gt;*]:pointer-events-auto scroll-mt-[calc(var(--header-height)+min(200px,max(70px,20svh)))]\" dir=\"auto\" data-turn-id=\"request-WEB:a11c7864-f489-4afe-bd04-0d271bf730cc-2\" data-testid=\"conversation-turn-6\" data-scroll-anchor=\"true\" data-turn=\"assistant\">\n<div class=\"text-base my-auto mx-auto pb-10 [--thread-content-margin:var(--thread-content-margin-xs,calc(var(--spacing)*4))] @w-sm\/main:[--thread-content-margin:var(--thread-content-margin-sm,calc(var(--spacing)*6))] @w-lg\/main:[--thread-content-margin:var(--thread-content-margin-lg,calc(var(--spacing)*16))] px-(--thread-content-margin)\">\n<div class=\"[--thread-content-max-width:40rem] @w-lg\/main:[--thread-content-max-width:48rem] mx-auto max-w-(--thread-content-max-width) flex-1 group\/turn-messages focus-visible:outline-hidden relative flex w-full min-w-0 flex-col agent-turn\">\n<div class=\"flex max-w-full flex-col gap-4 grow\">\n<div class=\"min-h-8 text-message relative flex w-full flex-col items-end gap-2 text-start break-words whitespace-normal [.text-message+&amp;]:mt-1\" dir=\"auto\" data-message-author-role=\"assistant\" data-message-id=\"ea620fbd-31bd-4314-8b1e-b49a60da6a1e\" data-message-model-slug=\"gpt-5-3\">\n<div class=\"flex w-full flex-col gap-1 empty:hidden\">\n<div class=\"markdown prose dark:prose-invert w-full wrap-break-word light markdown-new-styling\">\n<p data-start=\"71\" data-end=\"486\">Lleva tu experiencia de juego al m\u00e1ximo nivel con nuestro mando gamer con iluminaci\u00f3n RGB, dise\u00f1ado para brindar control absoluto, comodidad excepcional y un estilo que destaca en cualquier setup gaming. Sus luces LED multicolor permiten personalizar la iluminaci\u00f3n a tu gusto, creando un ambiente \u00fanico que intensifica cada partida y transforma tu espacio de juego en una aut\u00e9ntica experiencia inmersiva.<\/p>\n<p data-start=\"488\" data-end=\"985\">Este mando est\u00e1 pensado para ofrecer precisi\u00f3n y rapidez en cada acci\u00f3n. Sus botones de alta respuesta y joysticks sensibles garantizan que cada movimiento se ejecute al instante, lo que resulta ideal para juegos de acci\u00f3n r\u00e1pida, deportes electr\u00f3nicos o cualquier t\u00edtulo que requiera reflejos y estrategias r\u00e1pidas. La combinaci\u00f3n de sensibilidad y control asegura que siempre tengas ventaja sobre tus rivales, mejorando tu rendimiento y aumentando tu disfrute durante cada sesi\u00f3n de juego.<\/p>\n<p data-start=\"987\" data-end=\"1381\">El dise\u00f1o del mando no solo se centra en el rendimiento, sino tambi\u00e9n en la comodidad. Su estructura ergon\u00f3mica permite adaptarse perfectamente a la forma de tus manos, evitando la fatiga durante largas horas de juego. Fabricado con materiales resistentes y de alta calidad, este mando asegura durabilidad y confiabilidad, soportando el uso intensivo sin perder funcionalidad ni est\u00e9tica.<\/p>\n<p data-start=\"1383\" data-end=\"1746\">Adem\u00e1s, es un dispositivo vers\u00e1til y compatible con PC y consolas, lo que lo convierte en una herramienta ideal tanto para jugadores casuales como para entusiastas y profesionales que buscan un rendimiento superior sin comprometer el estilo ni la comodidad. Cada detalle ha sido pensado para que tu experiencia de juego sea m\u00e1s fluida, precisa y envolvente.<\/p>\n<p data-start=\"1748\" data-end=\"1781\">Caracter\u00edsticas destacadas:<\/p>\n<ul data-start=\"1783\" data-end=\"2036\">\n<li data-section-id=\"1snrz8a\" data-start=\"1783\" data-end=\"1841\">\n<p data-start=\"1785\" data-end=\"1841\">Iluminaci\u00f3n RGB multicolor con efectos personalizables<\/p>\n<\/li>\n<li data-section-id=\"13b6v7l\" data-start=\"1842\" data-end=\"1890\">\n<p data-start=\"1844\" data-end=\"1890\">Botones de alta precisi\u00f3n y respuesta r\u00e1pida<\/p>\n<\/li>\n<li data-section-id=\"1m09ocg\" data-start=\"1891\" data-end=\"1925\">\n<p data-start=\"1893\" data-end=\"1925\">Joysticks sensibles y precisos<\/p>\n<\/li>\n<li data-section-id=\"4g07gv\" data-start=\"1926\" data-end=\"1968\">\n<p data-start=\"1928\" data-end=\"1968\">Dise\u00f1o ergon\u00f3mico para mayor comodidad<\/p>\n<\/li>\n<li data-section-id=\"igsml0\" data-start=\"1969\" data-end=\"2003\">\n<p data-start=\"1971\" data-end=\"2003\">Material resistente y duradero<\/p>\n<\/li>\n<li data-section-id=\"ed9r9i\" data-start=\"2004\" data-end=\"2036\">\n<p data-start=\"2006\" data-end=\"2036\">Compatible con PC y consolas<\/p>\n<\/li>\n<\/ul>\n<p data-start=\"2038\" data-end=\"2222\" data-is-last-node=\"\" data-is-only-node=\"\">Este mando gamer RGB es la elecci\u00f3n perfecta para quienes buscan rendimiento, estilo y confort, asegurando que cada partida sea intensa, divertida y visualmente impactante.<\/p>\n<\/div>\n<\/div>\n<\/div>\n<\/div>\n<div class=\"z-0 flex min-h-[46px] justify-start\"><\/div>\n<div class=\"mt-3 w-full empty:hidden\">\n<div class=\"text-center\"><\/div>\n<\/div>\n<\/div>\n<\/div>\n<\/article>\n<\/div>\n<div class=\"pointer-events-none h-px w-px absolute bottom-0\" aria-hidden=\"true\" data-edge=\"true\"><\/div>\n","protected":false},"excerpt":{"rendered":"<p>Disfruta de un mayor control en tus partidas con este mando gamer con iluminaci\u00f3n RGB. Sus luces multicolor le dan un estilo \u00fanico mientras juegas, y sus joysticks precisos y botones de respuesta r\u00e1pida garantizan una experiencia c\u00f3moda y fluida. Su dise\u00f1o ergon\u00f3mico y resistente lo hace perfecto para largas sesiones de juego.<\/p>\n","protected":false},"featured_media":275,"comment_status":"open","ping_status":"closed","template":"","meta":{"inline_featured_image":false,"site-sidebar-layout":"default","site-content-layout":"","ast-site-content-layout":"default","site-content-style":"default","site-sidebar-style":"default","ast-global-header-display":"","ast-banner-title-visibility":"","ast-main-header-display":"","ast-hfb-above-header-display":"","ast-hfb-below-header-display":"","ast-hfb-mobile-header-display":"","site-post-title":"","ast-breadcrumbs-content":"","ast-featured-img":"","footer-sml-layout":"","ast-disable-related-posts":"","theme-transparent-header-meta":"default","adv-header-id-meta":"","stick-header-meta":"","header-above-stick-meta":"","header-main-stick-meta":"","header-below-stick-meta":"","astra-migrate-meta-layouts":"set","ast-page-background-enabled":"default","ast-page-background-meta":{"desktop":{"background-color":"var(--ast-global-color-5)","background-image":"","background-repeat":"repeat","background-position":"center center","background-size":"auto","background-attachment":"scroll","background-type":"","background-media":"","overlay-type":"","overlay-color":"","overlay-opacity":"","overlay-gradient":""},"tablet":{"background-color":"","background-image":"","background-repeat":"repeat","background-position":"center center","background-size":"auto","background-attachment":"scroll","background-type":"","background-media":"","overlay-type":"","overlay-color":"","overlay-opacity":"","overlay-gradient":""},"mobile":{"background-color":"","background-image":"","background-repeat":"repeat","background-position":"center center","background-size":"auto","background-attachment":"scroll","background-type":"","background-media":"","overlay-type":"","overlay-color":"","overlay-opacity":"","overlay-gradient":""}},"ast-content-background-meta":{"desktop":{"background-color":"var(--ast-global-color-4)","background-image":"","background-repeat":"repeat","background-position":"center center","background-size":"auto","background-attachment":"scroll","background-type":"","background-media":"","overlay-type":"","overlay-color":"","overlay-opacity":"","overlay-gradient":""},"tablet":{"background-color":"var(--ast-global-color-4)","background-image":"","background-repeat":"repeat","background-position":"center center","background-size":"auto","background-attachment":"scroll","background-type":"","background-media":"","overlay-type":"","overlay-color":"","overlay-opacity":"","overlay-gradient":""},"mobile":{"background-color":"var(--ast-global-color-4)","background-image":"","background-repeat":"repeat","background-position":"center center","background-size":"auto","background-attachment":"scroll","background-type":"","background-media":"","overlay-type":"","overlay-color":"","overlay-opacity":"","overlay-gradient":""}}},"product_brand":[],"product_cat":[23,36,33,35,32,34],"product_tag":[41,40,37,38,39],"class_list":{"0":"post-326","1":"product","2":"type-product","3":"status-publish","4":"has-post-thumbnail","6":"product_cat-gamer","7":"product_cat-mando-con-luces","8":"product_cat-mando-consola","9":"product_cat-mando-gamer","10":"product_cat-mando-pc","11":"product_cat-mando-play","12":"product_tag-mando-con-luces","13":"product_tag-mando-consola","14":"product_tag-mando-gamer","15":"product_tag-mando-pc","16":"product_tag-mando-play","17":"desktop-align-left","18":"tablet-align-left","19":"mobile-align-left","21":"first","22":"instock","23":"sale","24":"shipping-taxable","25":"purchasable","26":"product-type-simple"},"yoast_head":"<!-- This site is optimized with the Yoast SEO plugin v27.2 - https:\/\/yoast.com\/product\/yoast-seo-wordpress\/ -->\n<title>Mando gamer - Nextstart<\/title>\n<meta name=\"description\" content=\"Mando gamer -\" \/>\n<meta name=\"robots\" content=\"index, follow, max-snippet:-1, max-image-preview:large, max-video-preview:-1\" \/>\n<link rel=\"canonical\" href=\"https:\/\/ezoco.eu\/newstart\/producto\/mando-gamer\/\" \/>\n<meta property=\"og:locale\" content=\"es_ES\" \/>\n<meta property=\"og:type\" content=\"article\" \/>\n<meta property=\"og:title\" content=\"Mando gamer - Nextstart\" \/>\n<meta property=\"og:description\" content=\"Mando gamer -\" \/>\n<meta property=\"og:url\" content=\"https:\/\/ezoco.eu\/newstart\/producto\/mando-gamer\/\" \/>\n<meta property=\"og:site_name\" content=\"Nextstart\" \/>\n<meta property=\"article:modified_time\" content=\"2026-03-18T13:26:36+00:00\" \/>\n<meta property=\"og:image\" content=\"http:\/\/ezoco.eu\/newstart\/wp-content\/uploads\/sites\/189\/2025\/12\/Captura-10.png\" \/>\n\t<meta property=\"og:image:width\" content=\"493\" \/>\n\t<meta property=\"og:image:height\" content=\"358\" \/>\n\t<meta property=\"og:image:type\" content=\"image\/png\" \/>\n<meta name=\"twitter:card\" content=\"summary_large_image\" \/>\n<meta name=\"twitter:label1\" content=\"Tiempo de lectura\" \/>\n\t<meta name=\"twitter:data1\" content=\"2 minutos\" \/>\n<script type=\"application\/ld+json\" class=\"yoast-schema-graph\">{\"@context\":\"https:\/\/schema.org\",\"@graph\":[{\"@type\":\"WebPage\",\"@id\":\"https:\/\/ezoco.eu\/newstart\/producto\/mando-gamer\/\",\"url\":\"https:\/\/ezoco.eu\/newstart\/producto\/mando-gamer\/\",\"name\":\"Mando gamer - Nextstart\",\"isPartOf\":{\"@id\":\"https:\/\/ezoco.eu\/newstart\/#website\"},\"primaryImageOfPage\":{\"@id\":\"https:\/\/ezoco.eu\/newstart\/producto\/mando-gamer\/#primaryimage\"},\"image\":{\"@id\":\"https:\/\/ezoco.eu\/newstart\/producto\/mando-gamer\/#primaryimage\"},\"thumbnailUrl\":\"https:\/\/ezoco.eu\/newstart\/wp-content\/uploads\/sites\/189\/2025\/12\/Captura-10.png\",\"datePublished\":\"2026-03-13T10:03:31+00:00\",\"dateModified\":\"2026-03-18T13:26:36+00:00\",\"description\":\"Mando gamer -\",\"breadcrumb\":{\"@id\":\"https:\/\/ezoco.eu\/newstart\/producto\/mando-gamer\/#breadcrumb\"},\"inLanguage\":\"es\",\"potentialAction\":[{\"@type\":\"ReadAction\",\"target\":[\"https:\/\/ezoco.eu\/newstart\/producto\/mando-gamer\/\"]}]},{\"@type\":\"ImageObject\",\"inLanguage\":\"es\",\"@id\":\"https:\/\/ezoco.eu\/newstart\/producto\/mando-gamer\/#primaryimage\",\"url\":\"https:\/\/ezoco.eu\/newstart\/wp-content\/uploads\/sites\/189\/2025\/12\/Captura-10.png\",\"contentUrl\":\"https:\/\/ezoco.eu\/newstart\/wp-content\/uploads\/sites\/189\/2025\/12\/Captura-10.png\",\"width\":493,\"height\":358},{\"@type\":\"BreadcrumbList\",\"@id\":\"https:\/\/ezoco.eu\/newstart\/producto\/mando-gamer\/#breadcrumb\",\"itemListElement\":[{\"@type\":\"ListItem\",\"position\":1,\"name\":\"Portada\",\"item\":\"https:\/\/ezoco.eu\/newstart\/\"},{\"@type\":\"ListItem\",\"position\":2,\"name\":\"Tienda\",\"item\":\"https:\/\/ezoco.eu\/newstart\/tienda\/\"},{\"@type\":\"ListItem\",\"position\":3,\"name\":\"Mando gamer\"}]},{\"@type\":\"WebSite\",\"@id\":\"https:\/\/ezoco.eu\/newstart\/#website\",\"url\":\"https:\/\/ezoco.eu\/newstart\/\",\"name\":\"Nextstart\",\"description\":\"\",\"publisher\":{\"@id\":\"https:\/\/ezoco.eu\/newstart\/#organization\"},\"potentialAction\":[{\"@type\":\"SearchAction\",\"target\":{\"@type\":\"EntryPoint\",\"urlTemplate\":\"https:\/\/ezoco.eu\/newstart\/?s={search_term_string}\"},\"query-input\":{\"@type\":\"PropertyValueSpecification\",\"valueRequired\":true,\"valueName\":\"search_term_string\"}}],\"inLanguage\":\"es\"},{\"@type\":\"Organization\",\"@id\":\"https:\/\/ezoco.eu\/newstart\/#organization\",\"name\":\"Nextstart\",\"url\":\"https:\/\/ezoco.eu\/newstart\/\",\"logo\":{\"@type\":\"ImageObject\",\"inLanguage\":\"es\",\"@id\":\"https:\/\/ezoco.eu\/newstart\/#\/schema\/logo\/image\/\",\"url\":\"https:\/\/ezoco.eu\/newstart\/wp-content\/uploads\/sites\/189\/2025\/11\/cropped-Diseno_sin_titulo__1_-removebg-preview.png\",\"contentUrl\":\"https:\/\/ezoco.eu\/newstart\/wp-content\/uploads\/sites\/189\/2025\/11\/cropped-Diseno_sin_titulo__1_-removebg-preview.png\",\"width\":281,\"height\":198,\"caption\":\"Nextstart\"},\"image\":{\"@id\":\"https:\/\/ezoco.eu\/newstart\/#\/schema\/logo\/image\/\"}}]}<\/script>\n<!-- \/ Yoast SEO plugin. -->","yoast_head_json":{"title":"Mando gamer - Nextstart","description":"Mando gamer -","robots":{"index":"index","follow":"follow","max-snippet":"max-snippet:-1","max-image-preview":"max-image-preview:large","max-video-preview":"max-video-preview:-1"},"canonical":"https:\/\/ezoco.eu\/newstart\/producto\/mando-gamer\/","og_locale":"es_ES","og_type":"article","og_title":"Mando gamer - Nextstart","og_description":"Mando gamer -","og_url":"https:\/\/ezoco.eu\/newstart\/producto\/mando-gamer\/","og_site_name":"Nextstart","article_modified_time":"2026-03-18T13:26:36+00:00","og_image":[{"width":493,"height":358,"url":"http:\/\/ezoco.eu\/newstart\/wp-content\/uploads\/sites\/189\/2025\/12\/Captura-10.png","type":"image\/png"}],"twitter_card":"summary_large_image","twitter_misc":{"Tiempo de lectura":"2 minutos"},"schema":{"@context":"https:\/\/schema.org","@graph":[{"@type":"WebPage","@id":"https:\/\/ezoco.eu\/newstart\/producto\/mando-gamer\/","url":"https:\/\/ezoco.eu\/newstart\/producto\/mando-gamer\/","name":"Mando gamer - Nextstart","isPartOf":{"@id":"https:\/\/ezoco.eu\/newstart\/#website"},"primaryImageOfPage":{"@id":"https:\/\/ezoco.eu\/newstart\/producto\/mando-gamer\/#primaryimage"},"image":{"@id":"https:\/\/ezoco.eu\/newstart\/producto\/mando-gamer\/#primaryimage"},"thumbnailUrl":"https:\/\/ezoco.eu\/newstart\/wp-content\/uploads\/sites\/189\/2025\/12\/Captura-10.png","datePublished":"2026-03-13T10:03:31+00:00","dateModified":"2026-03-18T13:26:36+00:00","description":"Mando gamer -","breadcrumb":{"@id":"https:\/\/ezoco.eu\/newstart\/producto\/mando-gamer\/#breadcrumb"},"inLanguage":"es","potentialAction":[{"@type":"ReadAction","target":["https:\/\/ezoco.eu\/newstart\/producto\/mando-gamer\/"]}]},{"@type":"ImageObject","inLanguage":"es","@id":"https:\/\/ezoco.eu\/newstart\/producto\/mando-gamer\/#primaryimage","url":"https:\/\/ezoco.eu\/newstart\/wp-content\/uploads\/sites\/189\/2025\/12\/Captura-10.png","contentUrl":"https:\/\/ezoco.eu\/newstart\/wp-content\/uploads\/sites\/189\/2025\/12\/Captura-10.png","width":493,"height":358},{"@type":"BreadcrumbList","@id":"https:\/\/ezoco.eu\/newstart\/producto\/mando-gamer\/#breadcrumb","itemListElement":[{"@type":"ListItem","position":1,"name":"Portada","item":"https:\/\/ezoco.eu\/newstart\/"},{"@type":"ListItem","position":2,"name":"Tienda","item":"https:\/\/ezoco.eu\/newstart\/tienda\/"},{"@type":"ListItem","position":3,"name":"Mando gamer"}]},{"@type":"WebSite","@id":"https:\/\/ezoco.eu\/newstart\/#website","url":"https:\/\/ezoco.eu\/newstart\/","name":"Nextstart","description":"","publisher":{"@id":"https:\/\/ezoco.eu\/newstart\/#organization"},"potentialAction":[{"@type":"SearchAction","target":{"@type":"EntryPoint","urlTemplate":"https:\/\/ezoco.eu\/newstart\/?s={search_term_string}"},"query-input":{"@type":"PropertyValueSpecification","valueRequired":true,"valueName":"search_term_string"}}],"inLanguage":"es"},{"@type":"Organization","@id":"https:\/\/ezoco.eu\/newstart\/#organization","name":"Nextstart","url":"https:\/\/ezoco.eu\/newstart\/","logo":{"@type":"ImageObject","inLanguage":"es","@id":"https:\/\/ezoco.eu\/newstart\/#\/schema\/logo\/image\/","url":"https:\/\/ezoco.eu\/newstart\/wp-content\/uploads\/sites\/189\/2025\/11\/cropped-Diseno_sin_titulo__1_-removebg-preview.png","contentUrl":"https:\/\/ezoco.eu\/newstart\/wp-content\/uploads\/sites\/189\/2025\/11\/cropped-Diseno_sin_titulo__1_-removebg-preview.png","width":281,"height":198,"caption":"Nextstart"},"image":{"@id":"https:\/\/ezoco.eu\/newstart\/#\/schema\/logo\/image\/"}}]}},"_links":{"self":[{"href":"https:\/\/ezoco.eu\/newstart\/wp-json\/wp\/v2\/product\/326","targetHints":{"allow":["GET"]}}],"collection":[{"href":"https:\/\/ezoco.eu\/newstart\/wp-json\/wp\/v2\/product"}],"about":[{"href":"https:\/\/ezoco.eu\/newstart\/wp-json\/wp\/v2\/types\/product"}],"replies":[{"embeddable":true,"href":"https:\/\/ezoco.eu\/newstart\/wp-json\/wp\/v2\/comments?post=326"}],"wp:featuredmedia":[{"embeddable":true,"href":"https:\/\/ezoco.eu\/newstart\/wp-json\/wp\/v2\/media\/275"}],"wp:attachment":[{"href":"https:\/\/ezoco.eu\/newstart\/wp-json\/wp\/v2\/media?parent=326"}],"wp:term":[{"taxonomy":"product_brand","embeddable":true,"href":"https:\/\/ezoco.eu\/newstart\/wp-json\/wp\/v2\/product_brand?post=326"},{"taxonomy":"product_cat","embeddable":true,"href":"https:\/\/ezoco.eu\/newstart\/wp-json\/wp\/v2\/product_cat?post=326"},{"taxonomy":"product_tag","embeddable":true,"href":"https:\/\/ezoco.eu\/newstart\/wp-json\/wp\/v2\/product_tag?post=326"}],"curies":[{"name":"wp","href":"https:\/\/api.w.org\/{rel}","templated":true}]}}