{"id":327,"date":"2026-03-13T11:10:33","date_gmt":"2026-03-13T10:10:33","guid":{"rendered":"https:\/\/ezoco.eu\/newstart\/?post_type=product&#038;p=327"},"modified":"2026-03-18T14:26:15","modified_gmt":"2026-03-18T13:26:15","slug":"zona-retro-de-juego","status":"publish","type":"product","link":"https:\/\/ezoco.eu\/newstart\/producto\/zona-retro-de-juego\/","title":{"rendered":"Zona retro de juego"},"content":{"rendered":"<p data-start=\"45\" data-end=\"449\">Descubre la magia de la Zonas retro para jugar de siempre en nuestra <a href=\"https:\/\/honorat79.wordpress.com\/2021\/11\/18\/retro-juegos-de-recreativas-que-hicieron-historia-y-sus-nostalgicos-gameplays\/\">zona retro gaming<\/a>, un espacio creado especialmente para quienes quieren volver a disfrutar de los t\u00edtulos que marcaron generaciones. Aqu\u00ed podr\u00e1s sumergirte en un ambiente lleno de nostalgia, donde las consolas y los juegos cl\u00e1sicos vuelven a cobrar vida para ofrecer la misma emoci\u00f3n y diversi\u00f3n que hicieron historia en el mundo del gaming.<\/p>\n<p data-start=\"451\" data-end=\"793\">Nuestra <a href=\"https:\/\/honorat79.wordpress.com\/2021\/11\/18\/retro-juegos-de-recreativas-que-hicieron-historia-y-sus-nostalgicos-gameplays\/\">zona retro<\/a> est\u00e1 pensada para que tanto los jugadores veteranos como las nuevas generaciones puedan disfrutar de una experiencia \u00fanica. Podr\u00e1s recordar aquellos momentos inolvidables frente a la pantalla, superar niveles m\u00edticos y compartir partidas con amigos o familiares, tal y como se hac\u00eda en los primeros a\u00f1os de los videojuegos.<\/p>\n<p data-start=\"795\" data-end=\"1097\">El ambiente est\u00e1 dise\u00f1ado para transportar a los <a href=\"https:\/\/ezoco.eu\/newstart\/wp-admin\/post.php?post=24&amp;action=edit\">jugadores<\/a> a la \u00e9poca dorada del gaming, con una est\u00e9tica inspirada en los a\u00f1os cl\u00e1sicos de las consolas y los arcades. Es el lugar perfecto para desconectar, divertirse y descubrir o redescubrir algunos de los juegos m\u00e1s emblem\u00e1ticos de la historia.<\/p>\n<p data-start=\"1099\" data-end=\"1466\">Adem\u00e1s, es una experiencia ideal para todas las edades. Los m\u00e1s mayores podr\u00e1n revivir recuerdos de su infancia, mientras que los m\u00e1s j\u00f3venes tendr\u00e1n la oportunidad de conocer c\u00f3mo eran los videojuegos antes de la era moderna. La zona retro gaming combina diversi\u00f3n, historia y entretenimiento, creando un espacio donde el pasado y el presente del gaming se unen.<\/p>\n<p data-start=\"1468\" data-end=\"1709\">Si te gustan los videojuegos cl\u00e1sicos, la nostalgia y las experiencias diferentes, nuestra zona retro gaming es el lugar perfecto para ti. Aqu\u00ed la diversi\u00f3n no tiene l\u00edmites y cada partida se convierte en un viaje al pasado lleno de emoci\u00f3n.<\/p>\n<p data-start=\"1711\" data-end=\"1742\">Caracter\u00edsticas destacadas:<\/p>\n<ul data-start=\"1744\" data-end=\"2066\" data-is-last-node=\"\" data-is-only-node=\"\">\n<li data-section-id=\"5m7yg5\" data-start=\"1744\" data-end=\"1780\">\n<p data-start=\"1746\" data-end=\"1780\">Consolas y juegos cl\u00e1sicos retro<\/p>\n<\/li>\n<li data-section-id=\"c0vvcj\" data-start=\"1781\" data-end=\"1816\">\n<p data-start=\"1783\" data-end=\"1816\">Ambiente nost\u00e1lgico y aut\u00e9ntico<\/p>\n<\/li>\n<li data-section-id=\"gjl55j\" data-start=\"1817\" data-end=\"1851\">\n<p data-start=\"1819\" data-end=\"1851\">Perfecto para todas las edades<\/p>\n<\/li>\n<li data-section-id=\"1i4jfi3\" data-start=\"1852\" data-end=\"1896\">\n<p data-start=\"1854\" data-end=\"1896\">Experiencia gaming divertida y diferente<\/p>\n<\/li>\n<li data-section-id=\"c4ce8d\" data-start=\"1897\" data-end=\"1953\">\n<p data-start=\"1899\" data-end=\"1953\">Ideal para revivir los mejores juegos de la historia<\/p>\n<\/li>\n<li data-section-id=\"is8irp\" data-start=\"1954\" data-end=\"2009\">\n<p data-start=\"1956\" data-end=\"2009\">Espacio pensado para compartir con amigos y familia<\/p>\n<\/li>\n<li data-section-id=\"1gghvu4\" data-start=\"2010\" data-end=\"2066\" data-is-last-node=\"\">\n<p data-start=\"2012\" data-end=\"2066\" data-is-last-node=\"\">Una forma \u00fanica de disfrutar del gaming cl\u00e1sico<\/p>\n<\/li>\n<li data-section-id=\"1gghvu4\" data-start=\"2010\" data-end=\"2066\" data-is-last-node=\"\">Zonas retro para jugar<\/li>\n<\/ul>\n","protected":false},"excerpt":{"rendered":"<p>Disfruta de nuestra zona retro gaming, un espacio dedicado a los videojuegos cl\u00e1sicos que marcaron generaciones. Revive la nostalgia con consolas y juegos legendarios en un ambiente divertido y aut\u00e9ntico, perfecto para compartir y volver a sentir la emoci\u00f3n del gaming de siempre<\/p>\n","protected":false},"featured_media":216,"comment_status":"open","ping_status":"closed","template":"","meta":{"inline_featured_image":false,"site-sidebar-layout":"default","site-content-layout":"","ast-site-content-layout":"default","site-content-style":"default","site-sidebar-style":"default","ast-global-header-display":"","ast-banner-title-visibility":"","ast-main-header-display":"","ast-hfb-above-header-display":"","ast-hfb-below-header-display":"","ast-hfb-mobile-header-display":"","site-post-title":"","ast-breadcrumbs-content":"","ast-featured-img":"","footer-sml-layout":"","ast-disable-related-posts":"","theme-transparent-header-meta":"default","adv-header-id-meta":"","stick-header-meta":"","header-above-stick-meta":"","header-main-stick-meta":"","header-below-stick-meta":"","astra-migrate-meta-layouts":"set","ast-page-background-enabled":"default","ast-page-background-meta":{"desktop":{"background-color":"var(--ast-global-color-5)","background-image":"","background-repeat":"repeat","background-position":"center center","background-size":"auto","background-attachment":"scroll","background-type":"","background-media":"","overlay-type":"","overlay-color":"","overlay-opacity":"","overlay-gradient":""},"tablet":{"background-color":"","background-image":"","background-repeat":"repeat","background-position":"center center","background-size":"auto","background-attachment":"scroll","background-type":"","background-media":"","overlay-type":"","overlay-color":"","overlay-opacity":"","overlay-gradient":""},"mobile":{"background-color":"","background-image":"","background-repeat":"repeat","background-position":"center center","background-size":"auto","background-attachment":"scroll","background-type":"","background-media":"","overlay-type":"","overlay-color":"","overlay-opacity":"","overlay-gradient":""}},"ast-content-background-meta":{"desktop":{"background-color":"var(--ast-global-color-4)","background-image":"","background-repeat":"repeat","background-position":"center center","background-size":"auto","background-attachment":"scroll","background-type":"","background-media":"","overlay-type":"","overlay-color":"","overlay-opacity":"","overlay-gradient":""},"tablet":{"background-color":"var(--ast-global-color-4)","background-image":"","background-repeat":"repeat","background-position":"center center","background-size":"auto","background-attachment":"scroll","background-type":"","background-media":"","overlay-type":"","overlay-color":"","overlay-opacity":"","overlay-gradient":""},"mobile":{"background-color":"var(--ast-global-color-4)","background-image":"","background-repeat":"repeat","background-position":"center center","background-size":"auto","background-attachment":"scroll","background-type":"","background-media":"","overlay-type":"","overlay-color":"","overlay-opacity":"","overlay-gradient":""}}},"product_brand":[],"product_cat":[44,43,23,42],"product_tag":[45,28,46],"class_list":{"0":"post-327","1":"product","2":"type-product","3":"status-publish","4":"has-post-thumbnail","6":"product_cat-experencia-de-juegos-antiguos","7":"product_cat-experiencia-gmer","8":"product_cat-gamer","9":"product_cat-zona-retro","10":"product_tag-experencia-retro","11":"product_tag-gamer","12":"product_tag-juegos-retros","13":"desktop-align-left","14":"tablet-align-left","15":"mobile-align-left","17":"first","18":"instock","19":"sale","20":"shipping-taxable","21":"purchasable","22":"product-type-simple"},"yoast_head":"<!-- This site is optimized with the Yoast SEO plugin v27.2 - https:\/\/yoast.com\/product\/yoast-seo-wordpress\/ -->\n<title>Zona retro de juego - Nextstart<\/title>\n<meta name=\"description\" content=\"% - Zona retro de juegoNextstart Zona retro de juego - Zona retro de juego Nextstart Zonas retro para jugarZona retro de juego\" \/>\n<meta name=\"robots\" content=\"index, follow, max-snippet:-1, max-image-preview:large, max-video-preview:-1\" \/>\n<link rel=\"canonical\" href=\"https:\/\/ezoco.eu\/newstart\/producto\/zona-retro-de-juego\/\" \/>\n<meta property=\"og:locale\" content=\"es_ES\" \/>\n<meta property=\"og:type\" content=\"article\" \/>\n<meta property=\"og:title\" content=\"Zona retro de juego - Nextstart\" \/>\n<meta property=\"og:description\" content=\"% - Zona retro de juegoNextstart Zona retro de juego - Zona retro de juego Nextstart Zonas retro para jugarZona retro de juego\" \/>\n<meta property=\"og:url\" content=\"https:\/\/ezoco.eu\/newstart\/producto\/zona-retro-de-juego\/\" \/>\n<meta property=\"og:site_name\" content=\"Nextstart\" \/>\n<meta property=\"article:modified_time\" content=\"2026-03-18T13:26:15+00:00\" \/>\n<meta property=\"og:image\" content=\"http:\/\/ezoco.eu\/newstart\/wp-content\/uploads\/sites\/189\/2025\/12\/Captura-4.png\" \/>\n\t<meta property=\"og:image:width\" content=\"484\" \/>\n\t<meta property=\"og:image:height\" content=\"473\" \/>\n\t<meta property=\"og:image:type\" content=\"image\/png\" \/>\n<meta name=\"twitter:card\" content=\"summary_large_image\" \/>\n<meta name=\"twitter:label1\" content=\"Tiempo de lectura\" \/>\n\t<meta name=\"twitter:data1\" content=\"2 minutos\" \/>\n<script type=\"application\/ld+json\" class=\"yoast-schema-graph\">{\"@context\":\"https:\/\/schema.org\",\"@graph\":[{\"@type\":\"WebPage\",\"@id\":\"https:\/\/ezoco.eu\/newstart\/producto\/zona-retro-de-juego\/\",\"url\":\"https:\/\/ezoco.eu\/newstart\/producto\/zona-retro-de-juego\/\",\"name\":\"Zona retro de juego - Nextstart\",\"isPartOf\":{\"@id\":\"https:\/\/ezoco.eu\/newstart\/#website\"},\"primaryImageOfPage\":{\"@id\":\"https:\/\/ezoco.eu\/newstart\/producto\/zona-retro-de-juego\/#primaryimage\"},\"image\":{\"@id\":\"https:\/\/ezoco.eu\/newstart\/producto\/zona-retro-de-juego\/#primaryimage\"},\"thumbnailUrl\":\"https:\/\/ezoco.eu\/newstart\/wp-content\/uploads\/sites\/189\/2025\/12\/Captura-4.png\",\"datePublished\":\"2026-03-13T10:10:33+00:00\",\"dateModified\":\"2026-03-18T13:26:15+00:00\",\"description\":\"% - Zona retro de juegoNextstart Zona retro de juego - Zona retro de juego Nextstart Zonas retro para jugarZona retro de juego\",\"breadcrumb\":{\"@id\":\"https:\/\/ezoco.eu\/newstart\/producto\/zona-retro-de-juego\/#breadcrumb\"},\"inLanguage\":\"es\",\"potentialAction\":[{\"@type\":\"ReadAction\",\"target\":[\"https:\/\/ezoco.eu\/newstart\/producto\/zona-retro-de-juego\/\"]}]},{\"@type\":\"ImageObject\",\"inLanguage\":\"es\",\"@id\":\"https:\/\/ezoco.eu\/newstart\/producto\/zona-retro-de-juego\/#primaryimage\",\"url\":\"https:\/\/ezoco.eu\/newstart\/wp-content\/uploads\/sites\/189\/2025\/12\/Captura-4.png\",\"contentUrl\":\"https:\/\/ezoco.eu\/newstart\/wp-content\/uploads\/sites\/189\/2025\/12\/Captura-4.png\",\"width\":484,\"height\":473,\"caption\":\"Zona retro de juego\"},{\"@type\":\"BreadcrumbList\",\"@id\":\"https:\/\/ezoco.eu\/newstart\/producto\/zona-retro-de-juego\/#breadcrumb\",\"itemListElement\":[{\"@type\":\"ListItem\",\"position\":1,\"name\":\"Portada\",\"item\":\"https:\/\/ezoco.eu\/newstart\/\"},{\"@type\":\"ListItem\",\"position\":2,\"name\":\"Tienda\",\"item\":\"https:\/\/ezoco.eu\/newstart\/tienda\/\"},{\"@type\":\"ListItem\",\"position\":3,\"name\":\"Zona retro de juego\"}]},{\"@type\":\"WebSite\",\"@id\":\"https:\/\/ezoco.eu\/newstart\/#website\",\"url\":\"https:\/\/ezoco.eu\/newstart\/\",\"name\":\"Nextstart\",\"description\":\"\",\"publisher\":{\"@id\":\"https:\/\/ezoco.eu\/newstart\/#organization\"},\"potentialAction\":[{\"@type\":\"SearchAction\",\"target\":{\"@type\":\"EntryPoint\",\"urlTemplate\":\"https:\/\/ezoco.eu\/newstart\/?s={search_term_string}\"},\"query-input\":{\"@type\":\"PropertyValueSpecification\",\"valueRequired\":true,\"valueName\":\"search_term_string\"}}],\"inLanguage\":\"es\"},{\"@type\":\"Organization\",\"@id\":\"https:\/\/ezoco.eu\/newstart\/#organization\",\"name\":\"Nextstart\",\"url\":\"https:\/\/ezoco.eu\/newstart\/\",\"logo\":{\"@type\":\"ImageObject\",\"inLanguage\":\"es\",\"@id\":\"https:\/\/ezoco.eu\/newstart\/#\/schema\/logo\/image\/\",\"url\":\"https:\/\/ezoco.eu\/newstart\/wp-content\/uploads\/sites\/189\/2025\/11\/cropped-Diseno_sin_titulo__1_-removebg-preview.png\",\"contentUrl\":\"https:\/\/ezoco.eu\/newstart\/wp-content\/uploads\/sites\/189\/2025\/11\/cropped-Diseno_sin_titulo__1_-removebg-preview.png\",\"width\":281,\"height\":198,\"caption\":\"Nextstart\"},\"image\":{\"@id\":\"https:\/\/ezoco.eu\/newstart\/#\/schema\/logo\/image\/\"}}]}<\/script>\n<!-- \/ Yoast SEO plugin. -->","yoast_head_json":{"title":"Zona retro de juego - Nextstart","description":"% - Zona retro de juegoNextstart Zona retro de juego - Zona retro de juego Nextstart Zonas retro para jugarZona retro de juego","robots":{"index":"index","follow":"follow","max-snippet":"max-snippet:-1","max-image-preview":"max-image-preview:large","max-video-preview":"max-video-preview:-1"},"canonical":"https:\/\/ezoco.eu\/newstart\/producto\/zona-retro-de-juego\/","og_locale":"es_ES","og_type":"article","og_title":"Zona retro de juego - Nextstart","og_description":"% - Zona retro de juegoNextstart Zona retro de juego - Zona retro de juego Nextstart Zonas retro para jugarZona retro de juego","og_url":"https:\/\/ezoco.eu\/newstart\/producto\/zona-retro-de-juego\/","og_site_name":"Nextstart","article_modified_time":"2026-03-18T13:26:15+00:00","og_image":[{"width":484,"height":473,"url":"http:\/\/ezoco.eu\/newstart\/wp-content\/uploads\/sites\/189\/2025\/12\/Captura-4.png","type":"image\/png"}],"twitter_card":"summary_large_image","twitter_misc":{"Tiempo de lectura":"2 minutos"},"schema":{"@context":"https:\/\/schema.org","@graph":[{"@type":"WebPage","@id":"https:\/\/ezoco.eu\/newstart\/producto\/zona-retro-de-juego\/","url":"https:\/\/ezoco.eu\/newstart\/producto\/zona-retro-de-juego\/","name":"Zona retro de juego - Nextstart","isPartOf":{"@id":"https:\/\/ezoco.eu\/newstart\/#website"},"primaryImageOfPage":{"@id":"https:\/\/ezoco.eu\/newstart\/producto\/zona-retro-de-juego\/#primaryimage"},"image":{"@id":"https:\/\/ezoco.eu\/newstart\/producto\/zona-retro-de-juego\/#primaryimage"},"thumbnailUrl":"https:\/\/ezoco.eu\/newstart\/wp-content\/uploads\/sites\/189\/2025\/12\/Captura-4.png","datePublished":"2026-03-13T10:10:33+00:00","dateModified":"2026-03-18T13:26:15+00:00","description":"% - Zona retro de juegoNextstart Zona retro de juego - Zona retro de juego Nextstart Zonas retro para jugarZona retro de juego","breadcrumb":{"@id":"https:\/\/ezoco.eu\/newstart\/producto\/zona-retro-de-juego\/#breadcrumb"},"inLanguage":"es","potentialAction":[{"@type":"ReadAction","target":["https:\/\/ezoco.eu\/newstart\/producto\/zona-retro-de-juego\/"]}]},{"@type":"ImageObject","inLanguage":"es","@id":"https:\/\/ezoco.eu\/newstart\/producto\/zona-retro-de-juego\/#primaryimage","url":"https:\/\/ezoco.eu\/newstart\/wp-content\/uploads\/sites\/189\/2025\/12\/Captura-4.png","contentUrl":"https:\/\/ezoco.eu\/newstart\/wp-content\/uploads\/sites\/189\/2025\/12\/Captura-4.png","width":484,"height":473,"caption":"Zona retro de juego"},{"@type":"BreadcrumbList","@id":"https:\/\/ezoco.eu\/newstart\/producto\/zona-retro-de-juego\/#breadcrumb","itemListElement":[{"@type":"ListItem","position":1,"name":"Portada","item":"https:\/\/ezoco.eu\/newstart\/"},{"@type":"ListItem","position":2,"name":"Tienda","item":"https:\/\/ezoco.eu\/newstart\/tienda\/"},{"@type":"ListItem","position":3,"name":"Zona retro de juego"}]},{"@type":"WebSite","@id":"https:\/\/ezoco.eu\/newstart\/#website","url":"https:\/\/ezoco.eu\/newstart\/","name":"Nextstart","description":"","publisher":{"@id":"https:\/\/ezoco.eu\/newstart\/#organization"},"potentialAction":[{"@type":"SearchAction","target":{"@type":"EntryPoint","urlTemplate":"https:\/\/ezoco.eu\/newstart\/?s={search_term_string}"},"query-input":{"@type":"PropertyValueSpecification","valueRequired":true,"valueName":"search_term_string"}}],"inLanguage":"es"},{"@type":"Organization","@id":"https:\/\/ezoco.eu\/newstart\/#organization","name":"Nextstart","url":"https:\/\/ezoco.eu\/newstart\/","logo":{"@type":"ImageObject","inLanguage":"es","@id":"https:\/\/ezoco.eu\/newstart\/#\/schema\/logo\/image\/","url":"https:\/\/ezoco.eu\/newstart\/wp-content\/uploads\/sites\/189\/2025\/11\/cropped-Diseno_sin_titulo__1_-removebg-preview.png","contentUrl":"https:\/\/ezoco.eu\/newstart\/wp-content\/uploads\/sites\/189\/2025\/11\/cropped-Diseno_sin_titulo__1_-removebg-preview.png","width":281,"height":198,"caption":"Nextstart"},"image":{"@id":"https:\/\/ezoco.eu\/newstart\/#\/schema\/logo\/image\/"}}]}},"_links":{"self":[{"href":"https:\/\/ezoco.eu\/newstart\/wp-json\/wp\/v2\/product\/327","targetHints":{"allow":["GET"]}}],"collection":[{"href":"https:\/\/ezoco.eu\/newstart\/wp-json\/wp\/v2\/product"}],"about":[{"href":"https:\/\/ezoco.eu\/newstart\/wp-json\/wp\/v2\/types\/product"}],"replies":[{"embeddable":true,"href":"https:\/\/ezoco.eu\/newstart\/wp-json\/wp\/v2\/comments?post=327"}],"wp:featuredmedia":[{"embeddable":true,"href":"https:\/\/ezoco.eu\/newstart\/wp-json\/wp\/v2\/media\/216"}],"wp:attachment":[{"href":"https:\/\/ezoco.eu\/newstart\/wp-json\/wp\/v2\/media?parent=327"}],"wp:term":[{"taxonomy":"product_brand","embeddable":true,"href":"https:\/\/ezoco.eu\/newstart\/wp-json\/wp\/v2\/product_brand?post=327"},{"taxonomy":"product_cat","embeddable":true,"href":"https:\/\/ezoco.eu\/newstart\/wp-json\/wp\/v2\/product_cat?post=327"},{"taxonomy":"product_tag","embeddable":true,"href":"https:\/\/ezoco.eu\/newstart\/wp-json\/wp\/v2\/product_tag?post=327"}],"curies":[{"name":"wp","href":"https:\/\/api.w.org\/{rel}","templated":true}]}}