{"id":1016,"date":"2026-03-06T12:38:12","date_gmt":"2026-03-06T11:38:12","guid":{"rendered":"https:\/\/ezoco.eu\/pecadosdelorca\/?post_type=product&#038;p=1016"},"modified":"2026-03-06T18:07:05","modified_gmt":"2026-03-06T17:07:05","slug":"libres-de-pecado","status":"publish","type":"product","link":"https:\/\/ezoco.eu\/pecadosdelorca\/producto\/libres-de-pecado\/","title":{"rendered":"Libres de pecado"},"content":{"rendered":"<p data-start=\"18\" data-end=\"314\">Disfruta del aut\u00e9ntico placer del chocolate con nuestra <strong data-start=\"74\" data-end=\"105\">caja de bombones sin az\u00facar<\/strong>, creada para quienes quieren cuidarse sin renunciar al sabor. Elige tus combinaciones favoritas y comp\u00f3n una selecci\u00f3n \u00fanica de bombones elaborados con ingredientes de calidad y todo el aroma del mejor cacao.<\/p>\n<p data-start=\"316\" data-end=\"415\">Una opci\u00f3n perfecta para darte un capricho m\u00e1s ligero o sorprender con un regalo dulce y diferente.<\/p>\n<p data-start=\"417\" data-end=\"516\" data-is-last-node=\"\" data-is-only-node=\"\"><br data-start=\"425\" data-end=\"428\" \/>\u00a0<strong data-start=\"431\" data-end=\"516\" data-is-last-node=\"\">Comp\u00f3n ahora tu caja de bombones sin az\u00facar y disfruta del chocolate a tu manera.<\/strong><\/p>\n","protected":false},"excerpt":{"rendered":"<p>Disfruta del aut\u00e9ntico placer del chocolate con nuestra caja de bombones sin az\u00facar, creada para quienes quieren cuidarse sin renunciar al sabor. Elige tus combinaciones favoritas y comp\u00f3n una selecci\u00f3n \u00fanica de bombones elaborados con ingredientes de calidad y todo el aroma del mejor cacao. Una opci\u00f3n perfecta para darte un capricho m\u00e1s ligero o [&hellip;]<\/p>\n","protected":false},"featured_media":265,"comment_status":"open","ping_status":"closed","template":"","meta":{"inline_featured_image":false,"_genesis_hide_title":false,"_genesis_hide_breadcrumbs":false,"_genesis_hide_singular_image":false,"_genesis_hide_footer_widgets":false,"_genesis_custom_body_class":"","_genesis_custom_post_class":"","_genesis_layout":""},"product_brand":[],"product_cat":[24,18,26,25,23],"product_tag":[],"class_list":{"0":"post-1016","1":"product","2":"type-product","3":"status-publish","4":"has-post-thumbnail","6":"product_cat-bocados-con-alma","7":"product_cat-cremosos","8":"product_cat-edicionespecial","9":"product_cat-libresdepecado","10":"product_cat-otros","11":"entry","13":"first","14":"instock","15":"featured","16":"taxable","17":"shipping-taxable","18":"purchasable","19":"product-type-variable"},"yoast_head":"<!-- This site is optimized with the Yoast SEO plugin v27.2 - https:\/\/yoast.com\/product\/yoast-seo-wordpress\/ -->\n<title>Libres de pecado - Pecados de Lorca<\/title>\n<meta name=\"robots\" content=\"index, follow, max-snippet:-1, max-image-preview:large, max-video-preview:-1\" \/>\n<link rel=\"canonical\" href=\"https:\/\/ezoco.eu\/pecadosdelorca\/producto\/libres-de-pecado\/\" \/>\n<meta property=\"og:locale\" content=\"es_ES\" \/>\n<meta property=\"og:type\" content=\"article\" \/>\n<meta property=\"og:title\" content=\"Libres de pecado - Pecados de Lorca\" \/>\n<meta property=\"og:description\" content=\"Disfruta del aut\u00e9ntico placer del chocolate con nuestra caja de bombones sin az\u00facar, creada para quienes quieren cuidarse sin renunciar al sabor. Elige tus combinaciones favoritas y comp\u00f3n una selecci\u00f3n \u00fanica de bombones elaborados con ingredientes de calidad y todo el aroma del mejor cacao. Una opci\u00f3n perfecta para darte un capricho m\u00e1s ligero o [&hellip;]\" \/>\n<meta property=\"og:url\" content=\"https:\/\/ezoco.eu\/pecadosdelorca\/producto\/libres-de-pecado\/\" \/>\n<meta property=\"og:site_name\" content=\"Pecados de Lorca\" \/>\n<meta property=\"article:modified_time\" content=\"2026-03-06T17:07:05+00:00\" \/>\n<meta property=\"og:image\" content=\"http:\/\/ezoco.eu\/pecadosdelorca\/wp-content\/uploads\/sites\/162\/2026\/02\/Captura-de-pantalla-de-2026-02-05-18-04-34.png\" \/>\n\t<meta property=\"og:image:width\" content=\"352\" \/>\n\t<meta property=\"og:image:height\" content=\"449\" \/>\n\t<meta property=\"og:image:type\" content=\"image\/png\" \/>\n<meta name=\"twitter:card\" content=\"summary_large_image\" \/>\n<meta name=\"twitter:label1\" content=\"Tiempo de lectura\" \/>\n\t<meta name=\"twitter:data1\" content=\"1 minuto\" \/>\n<script type=\"application\/ld+json\" class=\"yoast-schema-graph\">{\"@context\":\"https:\/\/schema.org\",\"@graph\":[{\"@type\":\"WebPage\",\"@id\":\"https:\/\/ezoco.eu\/pecadosdelorca\/producto\/libres-de-pecado\/\",\"url\":\"https:\/\/ezoco.eu\/pecadosdelorca\/producto\/libres-de-pecado\/\",\"name\":\"Libres de pecado - Pecados de Lorca\",\"isPartOf\":{\"@id\":\"https:\/\/ezoco.eu\/pecadosdelorca\/#website\"},\"primaryImageOfPage\":{\"@id\":\"https:\/\/ezoco.eu\/pecadosdelorca\/producto\/libres-de-pecado\/#primaryimage\"},\"image\":{\"@id\":\"https:\/\/ezoco.eu\/pecadosdelorca\/producto\/libres-de-pecado\/#primaryimage\"},\"thumbnailUrl\":\"https:\/\/ezoco.eu\/pecadosdelorca\/wp-content\/uploads\/sites\/162\/2026\/02\/Captura-de-pantalla-de-2026-02-05-18-04-34.png\",\"datePublished\":\"2026-03-06T11:38:12+00:00\",\"dateModified\":\"2026-03-06T17:07:05+00:00\",\"breadcrumb\":{\"@id\":\"https:\/\/ezoco.eu\/pecadosdelorca\/producto\/libres-de-pecado\/#breadcrumb\"},\"inLanguage\":\"es\",\"potentialAction\":[{\"@type\":\"ReadAction\",\"target\":[\"https:\/\/ezoco.eu\/pecadosdelorca\/producto\/libres-de-pecado\/\"]}]},{\"@type\":\"ImageObject\",\"inLanguage\":\"es\",\"@id\":\"https:\/\/ezoco.eu\/pecadosdelorca\/producto\/libres-de-pecado\/#primaryimage\",\"url\":\"https:\/\/ezoco.eu\/pecadosdelorca\/wp-content\/uploads\/sites\/162\/2026\/02\/Captura-de-pantalla-de-2026-02-05-18-04-34.png\",\"contentUrl\":\"https:\/\/ezoco.eu\/pecadosdelorca\/wp-content\/uploads\/sites\/162\/2026\/02\/Captura-de-pantalla-de-2026-02-05-18-04-34.png\",\"width\":352,\"height\":449},{\"@type\":\"BreadcrumbList\",\"@id\":\"https:\/\/ezoco.eu\/pecadosdelorca\/producto\/libres-de-pecado\/#breadcrumb\",\"itemListElement\":[{\"@type\":\"ListItem\",\"position\":1,\"name\":\"Portada\",\"item\":\"https:\/\/ezoco.eu\/pecadosdelorca\/\"},{\"@type\":\"ListItem\",\"position\":2,\"name\":\"Tienda\",\"item\":\"https:\/\/ezoco.eu\/pecadosdelorca\/tienda\/\"},{\"@type\":\"ListItem\",\"position\":3,\"name\":\"Libres de pecado\"}]},{\"@type\":\"WebSite\",\"@id\":\"https:\/\/ezoco.eu\/pecadosdelorca\/#website\",\"url\":\"https:\/\/ezoco.eu\/pecadosdelorca\/\",\"name\":\"Pecados de Lorca\",\"description\":\"Obrador artesanal de bomboner\u00eda gourmet con inspiraci\u00f3n literaria\",\"publisher\":{\"@id\":\"https:\/\/ezoco.eu\/pecadosdelorca\/#organization\"},\"potentialAction\":[{\"@type\":\"SearchAction\",\"target\":{\"@type\":\"EntryPoint\",\"urlTemplate\":\"https:\/\/ezoco.eu\/pecadosdelorca\/?s={search_term_string}\"},\"query-input\":{\"@type\":\"PropertyValueSpecification\",\"valueRequired\":true,\"valueName\":\"search_term_string\"}}],\"inLanguage\":\"es\"},{\"@type\":\"Organization\",\"@id\":\"https:\/\/ezoco.eu\/pecadosdelorca\/#organization\",\"name\":\"Pecados de Lorca\",\"url\":\"https:\/\/ezoco.eu\/pecadosdelorca\/\",\"logo\":{\"@type\":\"ImageObject\",\"inLanguage\":\"es\",\"@id\":\"https:\/\/ezoco.eu\/pecadosdelorca\/#\/schema\/logo\/image\/\",\"url\":\"https:\/\/ezoco.eu\/pecadosdelorca\/wp-content\/uploads\/sites\/162\/2026\/02\/cropped-Captura-de-pantalla-de-2026-02-15-09-49-02.png\",\"contentUrl\":\"https:\/\/ezoco.eu\/pecadosdelorca\/wp-content\/uploads\/sites\/162\/2026\/02\/cropped-Captura-de-pantalla-de-2026-02-15-09-49-02.png\",\"width\":512,\"height\":512,\"caption\":\"Pecados de Lorca\"},\"image\":{\"@id\":\"https:\/\/ezoco.eu\/pecadosdelorca\/#\/schema\/logo\/image\/\"}}]}<\/script>\n<!-- \/ Yoast SEO plugin. -->","yoast_head_json":{"title":"Libres de pecado - Pecados de Lorca","robots":{"index":"index","follow":"follow","max-snippet":"max-snippet:-1","max-image-preview":"max-image-preview:large","max-video-preview":"max-video-preview:-1"},"canonical":"https:\/\/ezoco.eu\/pecadosdelorca\/producto\/libres-de-pecado\/","og_locale":"es_ES","og_type":"article","og_title":"Libres de pecado - Pecados de Lorca","og_description":"Disfruta del aut\u00e9ntico placer del chocolate con nuestra caja de bombones sin az\u00facar, creada para quienes quieren cuidarse sin renunciar al sabor. Elige tus combinaciones favoritas y comp\u00f3n una selecci\u00f3n \u00fanica de bombones elaborados con ingredientes de calidad y todo el aroma del mejor cacao. Una opci\u00f3n perfecta para darte un capricho m\u00e1s ligero o [&hellip;]","og_url":"https:\/\/ezoco.eu\/pecadosdelorca\/producto\/libres-de-pecado\/","og_site_name":"Pecados de Lorca","article_modified_time":"2026-03-06T17:07:05+00:00","og_image":[{"width":352,"height":449,"url":"http:\/\/ezoco.eu\/pecadosdelorca\/wp-content\/uploads\/sites\/162\/2026\/02\/Captura-de-pantalla-de-2026-02-05-18-04-34.png","type":"image\/png"}],"twitter_card":"summary_large_image","twitter_misc":{"Tiempo de lectura":"1 minuto"},"schema":{"@context":"https:\/\/schema.org","@graph":[{"@type":"WebPage","@id":"https:\/\/ezoco.eu\/pecadosdelorca\/producto\/libres-de-pecado\/","url":"https:\/\/ezoco.eu\/pecadosdelorca\/producto\/libres-de-pecado\/","name":"Libres de pecado - Pecados de Lorca","isPartOf":{"@id":"https:\/\/ezoco.eu\/pecadosdelorca\/#website"},"primaryImageOfPage":{"@id":"https:\/\/ezoco.eu\/pecadosdelorca\/producto\/libres-de-pecado\/#primaryimage"},"image":{"@id":"https:\/\/ezoco.eu\/pecadosdelorca\/producto\/libres-de-pecado\/#primaryimage"},"thumbnailUrl":"https:\/\/ezoco.eu\/pecadosdelorca\/wp-content\/uploads\/sites\/162\/2026\/02\/Captura-de-pantalla-de-2026-02-05-18-04-34.png","datePublished":"2026-03-06T11:38:12+00:00","dateModified":"2026-03-06T17:07:05+00:00","breadcrumb":{"@id":"https:\/\/ezoco.eu\/pecadosdelorca\/producto\/libres-de-pecado\/#breadcrumb"},"inLanguage":"es","potentialAction":[{"@type":"ReadAction","target":["https:\/\/ezoco.eu\/pecadosdelorca\/producto\/libres-de-pecado\/"]}]},{"@type":"ImageObject","inLanguage":"es","@id":"https:\/\/ezoco.eu\/pecadosdelorca\/producto\/libres-de-pecado\/#primaryimage","url":"https:\/\/ezoco.eu\/pecadosdelorca\/wp-content\/uploads\/sites\/162\/2026\/02\/Captura-de-pantalla-de-2026-02-05-18-04-34.png","contentUrl":"https:\/\/ezoco.eu\/pecadosdelorca\/wp-content\/uploads\/sites\/162\/2026\/02\/Captura-de-pantalla-de-2026-02-05-18-04-34.png","width":352,"height":449},{"@type":"BreadcrumbList","@id":"https:\/\/ezoco.eu\/pecadosdelorca\/producto\/libres-de-pecado\/#breadcrumb","itemListElement":[{"@type":"ListItem","position":1,"name":"Portada","item":"https:\/\/ezoco.eu\/pecadosdelorca\/"},{"@type":"ListItem","position":2,"name":"Tienda","item":"https:\/\/ezoco.eu\/pecadosdelorca\/tienda\/"},{"@type":"ListItem","position":3,"name":"Libres de pecado"}]},{"@type":"WebSite","@id":"https:\/\/ezoco.eu\/pecadosdelorca\/#website","url":"https:\/\/ezoco.eu\/pecadosdelorca\/","name":"Pecados de Lorca","description":"Obrador artesanal de bomboner\u00eda gourmet con inspiraci\u00f3n literaria","publisher":{"@id":"https:\/\/ezoco.eu\/pecadosdelorca\/#organization"},"potentialAction":[{"@type":"SearchAction","target":{"@type":"EntryPoint","urlTemplate":"https:\/\/ezoco.eu\/pecadosdelorca\/?s={search_term_string}"},"query-input":{"@type":"PropertyValueSpecification","valueRequired":true,"valueName":"search_term_string"}}],"inLanguage":"es"},{"@type":"Organization","@id":"https:\/\/ezoco.eu\/pecadosdelorca\/#organization","name":"Pecados de Lorca","url":"https:\/\/ezoco.eu\/pecadosdelorca\/","logo":{"@type":"ImageObject","inLanguage":"es","@id":"https:\/\/ezoco.eu\/pecadosdelorca\/#\/schema\/logo\/image\/","url":"https:\/\/ezoco.eu\/pecadosdelorca\/wp-content\/uploads\/sites\/162\/2026\/02\/cropped-Captura-de-pantalla-de-2026-02-15-09-49-02.png","contentUrl":"https:\/\/ezoco.eu\/pecadosdelorca\/wp-content\/uploads\/sites\/162\/2026\/02\/cropped-Captura-de-pantalla-de-2026-02-15-09-49-02.png","width":512,"height":512,"caption":"Pecados de Lorca"},"image":{"@id":"https:\/\/ezoco.eu\/pecadosdelorca\/#\/schema\/logo\/image\/"}}]}},"_links":{"self":[{"href":"https:\/\/ezoco.eu\/pecadosdelorca\/wp-json\/wp\/v2\/product\/1016","targetHints":{"allow":["GET"]}}],"collection":[{"href":"https:\/\/ezoco.eu\/pecadosdelorca\/wp-json\/wp\/v2\/product"}],"about":[{"href":"https:\/\/ezoco.eu\/pecadosdelorca\/wp-json\/wp\/v2\/types\/product"}],"replies":[{"embeddable":true,"href":"https:\/\/ezoco.eu\/pecadosdelorca\/wp-json\/wp\/v2\/comments?post=1016"}],"version-history":[{"count":2,"href":"https:\/\/ezoco.eu\/pecadosdelorca\/wp-json\/wp\/v2\/product\/1016\/revisions"}],"predecessor-version":[{"id":1018,"href":"https:\/\/ezoco.eu\/pecadosdelorca\/wp-json\/wp\/v2\/product\/1016\/revisions\/1018"}],"wp:featuredmedia":[{"embeddable":true,"href":"https:\/\/ezoco.eu\/pecadosdelorca\/wp-json\/wp\/v2\/media\/265"}],"wp:attachment":[{"href":"https:\/\/ezoco.eu\/pecadosdelorca\/wp-json\/wp\/v2\/media?parent=1016"}],"wp:term":[{"taxonomy":"product_brand","embeddable":true,"href":"https:\/\/ezoco.eu\/pecadosdelorca\/wp-json\/wp\/v2\/product_brand?post=1016"},{"taxonomy":"product_cat","embeddable":true,"href":"https:\/\/ezoco.eu\/pecadosdelorca\/wp-json\/wp\/v2\/product_cat?post=1016"},{"taxonomy":"product_tag","embeddable":true,"href":"https:\/\/ezoco.eu\/pecadosdelorca\/wp-json\/wp\/v2\/product_tag?post=1016"}],"curies":[{"name":"wp","href":"https:\/\/api.w.org\/{rel}","templated":true}]}}